{"id":9319,"date":"2020-10-19T08:00:59","date_gmt":"2020-10-19T08:00:59","guid":{"rendered":"https:\/\/www.planbwagen.de\/?page_id=9319"},"modified":"2023-03-05T13:06:21","modified_gmt":"2023-03-05T11:06:21","slug":"italien","status":"publish","type":"page","link":"https:\/\/www.planbwagen.de\/nl\/italie\/","title":{"rendered":"Itali\u00eb"},"content":{"rendered":"<p>[et_pb_section fb_built=&#8220;1&#8243; fullwidth=&#8220;on&#8220; admin_label=&#8220;Header&#8220; _builder_version=&#8220;4.5.1&#8243; background_enable_color=&#8220;off&#8220; background_image=&#8220;https:\/\/www.planbwagen.de\/wp-content\/uploads\/2020\/10\/IMG_0158-2.jpg&#8220; custom_padding=&#8220;0px|0|0px|0px|false|false&#8220; locked=&#8220;off&#8220;][et_pb_fullwidth_header title=&#8220;Italien&#8220; text_orientation=&#8220;right&#8220; header_fullscreen=&#8220;on&#8220; background_overlay_color=&#8220;rgba(0,0,0,0)&#8220; logo_image_url=&#8220;https:\/\/www.planbwagen.de\/wp-content\/uploads\/2020\/10\/Italien-Italy-Leaning-Tower-of-Pisa-Camouflage.png&#8220; content_max_width=&#8220;18%&#8220; content_max_width_tablet=&#8220;&#8220; content_max_width_phone=&#8220;55%&#8220; content_max_width_last_edited=&#8220;on|phone&#8220; _builder_version=&#8220;4.5.1&#8243; title_font=&#8220;DCC Ash|700|||||||&#8220; title_text_align=&#8220;center&#8220; title_font_size=&#8220;80px&#8220; title_line_height=&#8220;1.1em&#8220; content_font=&#8220;Noto Sans||||||||&#8220; content_line_height=&#8220;2em&#8220; subhead_font=&#8220;Ash||||||||&#8220; subhead_text_align=&#8220;center&#8220; subhead_font_size=&#8220;40px&#8220; subhead_line_height=&#8220;2em&#8220; background_enable_color=&#8220;off&#8220; background_enable_image=&#8220;off&#8220; parallax=&#8220;on&#8220; parallax_method=&#8220;on&#8220; custom_button_one=&#8220;on&#8220; button_one_text_size=&#8220;17px&#8220; button_one_text_color=&#8220;#ffffff&#8220; button_one_bg_color=&#8220;#ff6b5a&#8220; button_one_border_width=&#8220;7px&#8220; button_one_border_color=&#8220;#ff6b5a&#8220; button_one_border_radius=&#8220;100px&#8220; button_one_font=&#8220;Noto Sans|700||on|||||&#8220; button_one_use_icon=&#8220;off&#8220; module_alignment=&#8220;center&#8220; custom_margin=&#8220;|||&#8220; custom_padding=&#8220;0px||0px||true|&#8220; custom_padding_tablet=&#8220;100px|||&#8220; custom_padding_phone=&#8220;||20%||false|false&#8220; custom_padding_last_edited=&#8220;on|phone&#8220; animation_style=&#8220;slide&#8220; animation_direction=&#8220;top&#8220; hover_enabled=&#8220;0&#8243; title_font_size_tablet=&#8220;40px&#8220; title_font_size_phone=&#8220;&#8220; title_font_size_last_edited=&#8220;on|tablet&#8220; subhead_font_size_tablet=&#8220;&#8220; subhead_font_size_phone=&#8220;20px&#8220; subhead_font_size_last_edited=&#8220;on|desktop&#8220; subhead_line_height_tablet=&#8220;&#8220; subhead_line_height_phone=&#8220;1.5em&#8220; subhead_line_height_last_edited=&#8220;on|phone&#8220; title_text_shadow_style=&#8220;preset2&#8243; subhead_text_shadow_style=&#8220;preset2&#8243; border_color_all_image=&#8220;#000000&#8243; button_one_text_color_hover=&#8220;#ffffff&#8220; button_one_border_color_hover=&#8220;#ff9e59&#8243; button_one_border_radius_hover=&#8220;100px&#8220; button_one_bg_color_hover=&#8220;#ff9e59&#8243; button_one_text_size__hover_enabled=&#8220;off&#8220; button_two_text_size__hover_enabled=&#8220;off&#8220; button_one_text_color__hover_enabled=&#8220;on&#8220; button_one_text_color__hover=&#8220;#ffffff&#8220; button_two_text_color__hover_enabled=&#8220;off&#8220; button_one_border_width__hover_enabled=&#8220;off&#8220; button_two_border_width__hover_enabled=&#8220;off&#8220; button_one_border_color__hover_enabled=&#8220;on&#8220; button_one_border_color__hover=&#8220;#ff9e59&#8243; button_two_border_color__hover_enabled=&#8220;off&#8220; button_one_border_radius__hover_enabled=&#8220;on&#8220; button_one_border_radius__hover=&#8220;100px&#8220; button_two_border_radius__hover_enabled=&#8220;off&#8220; button_one_letter_spacing__hover_enabled=&#8220;off&#8220; button_two_letter_spacing__hover_enabled=&#8220;off&#8220; button_one_bg_color__hover_enabled=&#8220;on&#8220; button_one_bg_color__hover=&#8220;#ff9e59&#8243; button_two_bg_color__hover_enabled=&#8220;off&#8220;][\/et_pb_fullwidth_header][\/et_pb_section][et_pb_section fb_built=&#8220;1&#8243; admin_label=&#8220;Tour CTA &#038; Information Section&#8220; _builder_version=&#8220;4.5.1&#8243; background_color=&#8220;#949292&#8243; custom_padding=&#8220;100px|0px|54px|0px|false|false&#8220;][et_pb_row _builder_version=&#8220;4.5.1&#8243; _module_preset=&#8220;default&#8220; custom_margin=&#8220;||||false|false&#8220; animation_style=&#8220;slide&#8220; animation_direction=&#8220;top&#8220;][et_pb_column type=&#8220;4_4&#8243; _builder_version=&#8220;4.5.1&#8243; _module_preset=&#8220;default&#8220;][et_pb_blog fullwidth=&#8220;off&#8220; posts_number=&#8220;1000&#8243; include_categories=&#8220;32&#8243; masonry_tile_background_color=&#8220;#273037&#8243; _builder_version=&#8220;4.5.1&#8243; _module_preset=&#8220;default&#8220; header_font=&#8220;Montserrat|700|||||||&#8220; header_text_align=&#8220;center&#8220; header_text_color=&#8220;#ffffff&#8220; header_font_size=&#8220;24px&#8220; header_line_height=&#8220;1.5em&#8220; body_font=&#8220;Montserrat||||||||&#8220; body_text_align=&#8220;center&#8220; body_text_color=&#8220;#ffffff&#8220; body_font_size=&#8220;17px&#8220; body_line_height=&#8220;1.9em&#8220; meta_font=&#8220;Montserrat|700|||||||&#8220; meta_text_align=&#8220;center&#8220; meta_text_color=&#8220;#949292&#8243; read_more_font=&#8220;Montserrat||||||||&#8220; pagination_font=&#8220;Montserrat||||||||&#8220; transform_scale=&#8220;97%|97%&#8220; text_orientation=&#8220;center&#8220; custom_margin=&#8220;||||false|false&#8220; border_radii=&#8220;on|7px|7px|7px|7px&#8220; border_width_all=&#8220;0px&#8220; box_shadow_style=&#8220;preset1&#8243;][\/et_pb_blog][\/et_pb_column][\/et_pb_row][et_pb_row _builder_version=&#8220;4.5.1&#8243; _module_preset=&#8220;default&#8220;][et_pb_column type=&#8220;4_4&#8243; _builder_version=&#8220;4.5.1&#8243; _module_preset=&#8220;default&#8220;][et_pb_divider color=&#8220;#ffffff&#8220; _builder_version=&#8220;4.5.1&#8243; _module_preset=&#8220;default&#8220; min_height=&#8220;140px&#8220;][\/et_pb_divider][et_pb_text _builder_version=&#8220;4.5.1&#8243; _module_preset=&#8220;default&#8220; text_text_color=&#8220;#ffffff&#8220; header_text_color=&#8220;#ffffff&#8220; header_2_text_color=&#8220;#ffffff&#8220; header_3_text_color=&#8220;#ffffff&#8220;]<\/p>\n<h1>Een busreis door Itali\u00eb<\/h1>\n<p>&nbsp;<\/p>\n<h2>Een reis langs de mooiste plekjes van Itali\u00eb<\/h2>\n<p>Er zijn veel mooie landen in Europa, maar Itali\u00eb is de ideale bestemming, en niet alleen als je uitzonderlijke pizza of pasta wilt eten. Itali\u00eb is de perfecte plek als je houdt van adembenemende uitzichten, lange wandelingen en interessante busreizen.<\/p>\n<p>&nbsp;<\/p>\n<h3>Op naar Itali\u00eb<\/h3>\n<p>Nadat onze camper was gerepareerd bij Space Camper in Duitsland en we wat tips hadden gekregen voor onze reis, gingen we op weg naar Itali\u00eb. We zagen prachtige plaatsen zoals Milaan, Pisa, Sardini\u00eb, Sicili\u00eb en nog veel meer. Maar bovenal zagen we ook de zee nadat we met de veerboot van Sardini\u00eb naar Sicili\u00eb waren gereisd. Als je in Itali\u00eb op vakantie wilt, moet je deze plaatsen zeker bezoeken. Zelfs als je geen Italiaans spreekt, kun je in dit land goed uit de voeten. Er zijn eigenlijk best veel inwoners die Duits spreken en met Engels kun je er ook heel ver komen. Omdat we vrienden in Itali\u00eb hebben, konden zij ons ook vertellen wat de beste plekken zijn om te bezoeken in Itali\u00eb en ons uitleggen welke regio's bijzonder mooi zijn. We reisden een heel eind van Milaan naar Pisa, richting Sardini\u00eb en namen toen de veerboot naar Sicili\u00eb. We hebben veel spannende avonturen beleefd in deze plaatsen, waar we je graag over vertellen.<\/p>\n<p>&nbsp;<\/p>\n<h2>Een ritje in Milaan<\/h2>\n<p>In Milaan bezochten we onze vrienden, verkenden we de Dom van Milaan en genoten we van wandelingen door prachtige parken. We gingen ook naar de Tram Ristorante ATMosfera, een restaurant in een historische stadstrein. Je kunt er dus heerlijk eten en tegelijkertijd de mooiste plekjes van Milaan verkennen. Zelfs de vriendelijke rozenverkoper bij de uitgang was in een goede bui - hoe kan het ook anders als je in zo'n mooie stad als Milaan woont?<\/p>\n<p>&nbsp;<\/p>\n<h2>Reis naar Pisa<\/h2>\n<p>Nadat we door Bologna en Carrara waren gereden, kwamen we aan in het regenachtige Pisa en parkeerden we vlakbij de Scheve Toren van Pisa. Toen het weer op een andere dag wat beter werd, maakten we een wandeling door het historische centrum en passeerden we de Porta Nuova, de stadsmuur op het Piazza del Duomo. We liepen verder naar het Piazza dei Miracoli, waar nauwelijks mensen te zien waren. Daarna ontdekten we andere bezienswaardigheden en verkenden we onder andere het Museo del Sinopie en het Museo Opera del Duomo. We vonden het \"Standbeeld van de Gevallen Engel\" ook het mooist. Pisa is zeker een bezoek waard.<\/p>\n<p>&nbsp;<\/p>\n<h2>Met de veerboot naar Sardini\u00eb<\/h2>\n<p>Toen we met de veerboot in Olbia aankwamen, was het eerste wat we deden genieten van het prachtige weer en de milde temperaturen. Net aangekomen bij de eerste kademuur, vonden we gratis parkeergelegenheid met een adembenemend uitzicht op de zee en de haven. Nadat we langs de oostkust waren gereden, reden we naar Porto Taverna, wandelden langs het strand en ontspanden in een caf\u00e9-restaurant met een nootachtige witte wijn. Net ten noorden van Baia Sant'Anna vonden we een beschutte plek om te overnachten.<\/p>\n<p>&nbsp;<\/p>\n<h2>Reis naar Sicili\u00eb<\/h2>\n<p>Nadat we Sardini\u00eb uitgebreid hadden verkend, reisden we met de veerboot door naar Sicili\u00eb. Omdat we daar een paar jaar geleden al eens op vakantie waren geweest, kenden we de weg een beetje en reden we langs de kust. Nadat we wat eten hadden gehaald bij een bakker, reden we richting de zee en genoten we van het prachtige uitzicht vanaf verschillende uitkijkpunten. Daarna besteedden we veel tijd aan het vinden van een parkeerplaats voor de nacht, wat niet gemakkelijk was. Uiteindelijk reden we terug naar de baai van Macari en relaxten we met een heerlijk diner en een prachtige zonsondergang.<\/p>\n<p>Als je wilt weten welke avonturen we nog meer hebben beleefd tijdens onze busreis door Itali\u00eb met onze SpaceCamper, bekijk dan zeker onze blogposts.<\/p>\n<p>[\/et_pb_text][\/et_pb_column][\/et_pb_row][\/et_pb_section]<\/p>","protected":false},"excerpt":{"rendered":"<p>[et_pb_section fb_built=&#8220;1&#8243; fullwidth=&#8220;on&#8220; admin_label=&#8220;Header&#8220; _builder_version=&#8220;4.5.1&#8243; background_enable_color=&#8220;off&#8220; background_image=&#8220;https:\/\/www.planbwagen.de\/wp-content\/uploads\/2020\/10\/IMG_0158-2.jpg&#8220; custom_padding=&#8220;0px|0|0px|0px|false|false&#8220; locked=&#8220;off&#8220;][et_pb_fullwidth_header title=&#8220;Italien&#8220; text_orientation=&#8220;right&#8220; header_fullscreen=&#8220;on&#8220; background_overlay_color=&#8220;rgba(0,0,0,0)&#8220; logo_image_url=&#8220;https:\/\/www.planbwagen.de\/wp-content\/uploads\/2020\/10\/Italien-Italy-Leaning-Tower-of-Pisa-Camouflage.png&#8220; content_max_width=&#8220;18%&#8220; content_max_width_tablet=&#8220;&#8220; content_max_width_phone=&#8220;55%&#8220; content_max_width_last_edited=&#8220;on|phone&#8220; _builder_version=&#8220;4.5.1&#8243; title_font=&#8220;DCC Ash|700|||||||&#8220; title_text_align=&#8220;center&#8220; title_font_size=&#8220;80px&#8220; title_line_height=&#8220;1.1em&#8220; content_font=&#8220;Noto Sans||||||||&#8220; content_line_height=&#8220;2em&#8220; subhead_font=&#8220;Ash||||||||&#8220; subhead_text_align=&#8220;center&#8220; subhead_font_size=&#8220;40px&#8220; subhead_line_height=&#8220;2em&#8220; background_enable_color=&#8220;off&#8220; background_enable_image=&#8220;off&#8220; parallax=&#8220;on&#8220; parallax_method=&#8220;on&#8220; custom_button_one=&#8220;on&#8220; button_one_text_size=&#8220;17px&#8220; button_one_text_color=&#8220;#ffffff&#8220; button_one_bg_color=&#8220;#ff6b5a&#8220; button_one_border_width=&#8220;7px&#8220; button_one_border_color=&#8220;#ff6b5a&#8220; button_one_border_radius=&#8220;100px&#8220; button_one_font=&#8220;Noto Sans|700||on|||||&#8220; button_one_use_icon=&#8220;off&#8220; module_alignment=&#8220;center&#8220; custom_margin=&#8220;|||&#8220; custom_padding=&#8220;0px||0px||true|&#8220; custom_padding_tablet=&#8220;100px|||&#8220; custom_padding_phone=&#8220;||20%||false|false&#8220; custom_padding_last_edited=&#8220;on|phone&#8220; animation_style=&#8220;slide&#8220; animation_direction=&#8220;top&#8220; hover_enabled=&#8220;0&#8243; title_font_size_tablet=&#8220;40px&#8220; [&hellip;]<\/p>","protected":false},"author":1,"featured_media":0,"parent":0,"menu_order":0,"comment_status":"closed","ping_status":"closed","template":"","meta":{"_et_pb_use_builder":"on","_et_pb_old_content":"","_et_gb_content_width":"","footnotes":""},"class_list":["post-9319","page","type-page","status-publish","hentry"],"_links":{"self":[{"href":"https:\/\/www.planbwagen.de\/nl\/wp-json\/wp\/v2\/pages\/9319","targetHints":{"allow":["GET"]}}],"collection":[{"href":"https:\/\/www.planbwagen.de\/nl\/wp-json\/wp\/v2\/pages"}],"about":[{"href":"https:\/\/www.planbwagen.de\/nl\/wp-json\/wp\/v2\/types\/page"}],"author":[{"embeddable":true,"href":"https:\/\/www.planbwagen.de\/nl\/wp-json\/wp\/v2\/users\/1"}],"replies":[{"embeddable":true,"href":"https:\/\/www.planbwagen.de\/nl\/wp-json\/wp\/v2\/comments?post=9319"}],"version-history":[{"count":16,"href":"https:\/\/www.planbwagen.de\/nl\/wp-json\/wp\/v2\/pages\/9319\/revisions"}],"predecessor-version":[{"id":14367,"href":"https:\/\/www.planbwagen.de\/nl\/wp-json\/wp\/v2\/pages\/9319\/revisions\/14367"}],"wp:attachment":[{"href":"https:\/\/www.planbwagen.de\/nl\/wp-json\/wp\/v2\/media?parent=9319"}],"curies":[{"name":"wp","href":"https:\/\/api.w.org\/{rel}","templated":true}]}}