{"id":2349,"date":"2020-07-30T10:36:25","date_gmt":"2020-07-30T10:36:25","guid":{"rendered":"https:\/\/planbwagen.de\/?page_id=2349"},"modified":"2021-07-10T13:41:35","modified_gmt":"2021-07-10T11:41:35","slug":"kroatien-croatia","status":"publish","type":"page","link":"https:\/\/www.planbwagen.de\/nl\/kroatie-kroatie\/","title":{"rendered":"Kroati\u00eb"},"content":{"rendered":"<p>[et_pb_section fb_built=&#8220;1&#8243; fullwidth=&#8220;on&#8220; admin_label=&#8220;Header&#8220; _builder_version=&#8220;4.5.1&#8243; background_enable_color=&#8220;off&#8220; background_image=&#8220;https:\/\/planbwagen.de\/wp-content\/uploads\/2020\/08\/Kroatien-1.jpg&#8220; custom_padding=&#8220;0px|0|0px|0px|false|false&#8220; locked=&#8220;off&#8220;][et_pb_fullwidth_header title=&#8220;Kroatien&#8220; text_orientation=&#8220;right&#8220; header_fullscreen=&#8220;on&#8220; background_overlay_color=&#8220;rgba(0,0,0,0)&#8220; logo_image_url=&#8220;https:\/\/planbwagen.de\/wp-content\/uploads\/2020\/08\/ertzu.png&#8220; _builder_version=&#8220;4.5.1&#8243; title_font=&#8220;DCC Ash|700|||||||&#8220; title_text_align=&#8220;center&#8220; title_font_size=&#8220;80px&#8220; title_line_height=&#8220;1.1em&#8220; content_font=&#8220;Montserrat||||||||&#8220; content_line_height=&#8220;2em&#8220; subhead_font=&#8220;Ash||||||||&#8220; subhead_text_align=&#8220;center&#8220; subhead_font_size=&#8220;40px&#8220; subhead_line_height=&#8220;2em&#8220; background_enable_color=&#8220;off&#8220; background_enable_image=&#8220;off&#8220; parallax=&#8220;on&#8220; parallax_method=&#8220;on&#8220; custom_button_one=&#8220;on&#8220; button_one_text_size=&#8220;17px&#8220; button_one_text_color=&#8220;#ffffff&#8220; button_one_bg_color=&#8220;#ff6b5a&#8220; button_one_border_width=&#8220;7px&#8220; button_one_border_color=&#8220;#ff6b5a&#8220; button_one_border_radius=&#8220;100px&#8220; button_one_font=&#8220;Noto Sans|700||on|||||&#8220; button_one_use_icon=&#8220;off&#8220; module_alignment=&#8220;center&#8220; custom_margin=&#8220;|||&#8220; custom_padding=&#8220;0px||0px||true|&#8220; custom_padding_tablet=&#8220;100px|||&#8220; custom_padding_phone=&#8220;||20%||false|false&#8220; custom_padding_last_edited=&#8220;on|phone&#8220; animation_style=&#8220;slide&#8220; animation_direction=&#8220;top&#8220; title_font_size_tablet=&#8220;40px&#8220; title_font_size_phone=&#8220;&#8220; title_font_size_last_edited=&#8220;on|tablet&#8220; subhead_font_size_tablet=&#8220;&#8220; subhead_font_size_phone=&#8220;20px&#8220; subhead_font_size_last_edited=&#8220;on|desktop&#8220; subhead_line_height_tablet=&#8220;&#8220; subhead_line_height_phone=&#8220;1.5em&#8220; subhead_line_height_last_edited=&#8220;on|phone&#8220; title_text_shadow_style=&#8220;preset2&#8243; subhead_text_shadow_style=&#8220;preset2&#8243; button_one_text_color_hover=&#8220;#ffffff&#8220; button_one_border_color_hover=&#8220;#ff9e59&#8243; button_one_border_radius_hover=&#8220;100px&#8220; button_one_bg_color_hover=&#8220;#ff9e59&#8243; button_one_text_size__hover_enabled=&#8220;off&#8220; button_two_text_size__hover_enabled=&#8220;off&#8220; button_one_text_color__hover_enabled=&#8220;on&#8220; button_one_text_color__hover=&#8220;#ffffff&#8220; button_two_text_color__hover_enabled=&#8220;off&#8220; button_one_border_width__hover_enabled=&#8220;off&#8220; button_two_border_width__hover_enabled=&#8220;off&#8220; button_one_border_color__hover_enabled=&#8220;on&#8220; button_one_border_color__hover=&#8220;#ff9e59&#8243; button_two_border_color__hover_enabled=&#8220;off&#8220; button_one_border_radius__hover_enabled=&#8220;on&#8220; button_one_border_radius__hover=&#8220;100px&#8220; button_two_border_radius__hover_enabled=&#8220;off&#8220; button_one_letter_spacing__hover_enabled=&#8220;off&#8220; button_two_letter_spacing__hover_enabled=&#8220;off&#8220; button_one_bg_color__hover_enabled=&#8220;on&#8220; button_one_bg_color__hover=&#8220;#ff9e59&#8243; button_two_bg_color__hover_enabled=&#8220;off&#8220;][\/et_pb_fullwidth_header][\/et_pb_section][et_pb_section fb_built=&#8220;1&#8243; admin_label=&#8220;Tour CTA &#038; Information Section&#8220; _builder_version=&#8220;4.5.1&#8243; background_color=&#8220;#949292&#8243; custom_padding=&#8220;100px|0px|54px|0px|false|false&#8220;][et_pb_row _builder_version=&#8220;4.5.1&#8243; _module_preset=&#8220;default&#8220; animation_style=&#8220;slide&#8220; animation_direction=&#8220;top&#8220;][et_pb_column type=&#8220;4_4&#8243; _builder_version=&#8220;4.5.1&#8243; _module_preset=&#8220;default&#8220;][et_pb_blog fullwidth=&#8220;off&#8220; posts_number=&#8220;1000&#8243; include_categories=&#8220;11&#8243; masonry_tile_background_color=&#8220;#273037&#8243; _builder_version=&#8220;4.5.1&#8243; _module_preset=&#8220;default&#8220; header_font=&#8220;Montserrat|700|||||||&#8220; header_text_align=&#8220;center&#8220; header_text_color=&#8220;#ffffff&#8220; header_font_size=&#8220;24px&#8220; header_line_height=&#8220;1.5em&#8220; body_font=&#8220;Montserrat||||||||&#8220; body_text_align=&#8220;center&#8220; body_text_color=&#8220;#ffffff&#8220; body_font_size=&#8220;17px&#8220; body_line_height=&#8220;1.9em&#8220; meta_font=&#8220;Montserrat|700|||||||&#8220; meta_text_align=&#8220;center&#8220; meta_text_color=&#8220;#949292&#8243; read_more_font=&#8220;Montserrat||||||||&#8220; pagination_font=&#8220;Montserrat||||||||&#8220; transform_scale=&#8220;97%|97%&#8220; text_orientation=&#8220;center&#8220; border_radii=&#8220;on|7px|7px|7px|7px&#8220; border_width_all=&#8220;0px&#8220; box_shadow_style=&#8220;preset1&#8243;][\/et_pb_blog][\/et_pb_column][\/et_pb_row][et_pb_row _builder_version=&#8220;4.5.1&#8243; _module_preset=&#8220;default&#8220;][et_pb_column type=&#8220;4_4&#8243; _builder_version=&#8220;4.5.1&#8243; _module_preset=&#8220;default&#8220;][et_pb_divider color=&#8220;#ffffff&#8220; _builder_version=&#8220;4.5.1&#8243; _module_preset=&#8220;default&#8220; min_height=&#8220;140px&#8220;][\/et_pb_divider][et_pb_text _builder_version=&#8220;4.5.1&#8243; _module_preset=&#8220;default&#8220; text_text_color=&#8220;#ffffff&#8220; header_text_color=&#8220;#ffffff&#8220; header_2_text_color=&#8220;#ffffff&#8220;]<\/p>\n<h1>Kroati\u00eb - Het begin van een lange reis<\/h1>\n<p>&nbsp;<\/p>\n<p>Iedereen kan op vakantie gaan in Kroati\u00eb. Maar Torgit en ik wilden meer. Vooral meer zee. De kust zit net zo in ons hart verankerd als de Dom van Keulen - en dat is precies waarom we zo aangetrokken waren tot Kroati\u00eb. Aangemoedigd door een aanbeveling van een collega wilden we zelf een indruk krijgen van de regio's en stranden van Kroati\u00eb en besloten we onze reis hier te beginnen. Maar natuurlijk niet zoals normale toeristen - we begonnen onze reis vanuit Keulen in onze VW California \"Hector\". Natuurlijk hebben we in ons busje overnacht - en omdat we zo van reizen en kamperen houden, willen we dit graag met jullie delen. We doen verslag van onze ervaringen op campings, onze ervaringen met de service en wat we doen als we geen plekje kunnen vinden. Trouwens - \"Hector\" wordt nu erg gemist, want hij is de voorganger van Space Camper \"Butch\" - een SpaceCamper VW T6.1, die ons sinds juni 2020 vergezelt en is omgebouwd door het bedrijf Terranger. Aangezien we ook veel off-road rijden en onze reis ons vaak voert over verschillende steile beklimmingen en afdalingen, glooiend terrein, bronstige wegen en vooral door enorme hoeveelheden vuil, was ook in dit opzicht een upgrade nodig. We willen tenslotte dat onze Butch lang bij ons blijft!<\/p>\n<p>Je kunt ook meer details over de twee busjes vinden in de categorie Vanlife. Daar staat ook precieze informatie over welke conversies we hebben uitgevoerd.<\/p>\n<p>&nbsp;<\/p>\n<h2>De artistieke stad Zadar<\/h2>\n<p>Onze verdere reis brengt ons naar Zadar en zijn prachtige oude stad. Een van de bezienswaardigheden van Zadar die hier indruk op ons heeft gemaakt is het zeeorgel van de architect Nikola Ba\u0161i\u0107. We konden ook een tentoonstelling van Salvador Dal\u00ed bewonderen. En ook al hebben we Dubrovnik niet bezocht, de schilderachtige zonsondergang in Zadar maakte veel goed.<\/p>\n<p>&nbsp;<\/p>\n<h2>Het toerisme omzeilen bij de Krka watervallen<\/h2>\n<p>Het Kroatische eiland Krk staat niet alleen bekend om het kleine vliegveld in het nationale park, maar ook om de droomachtige Krka watervallen. We besluiten de watervallen op eigen houtje te verkennen en zo de toeristen te vermijden. Wie de oude Winnetou-films kent, weet waarom we een overeenkomstig enthousiasme voelen voor de Krka-watervallen. Trouwens, \"The Treasure in Silver Lake\" werd gefilmd bij de Plitvicemeren. Sc\u00e8nes voor de Winnetou-films \"Old Shatterhand\", \"Among Vultures\", \"The Oil Prince\" en \"Winnetou and Shatterhand in the Valley of the Dead\" werden opgenomen bij de Krka watervallen. Als dat nog geen reden genoeg is om erheen te gaan!<\/p>\n<p>&nbsp;<\/p>\n<h2>De eilanden Pag en Rab<\/h2>\n<p>Onze verdere reis bracht ons naar het eiland Pag, waar we een beetje rust vonden van alle drukte. Het charmante eiland begroette ons ook met prachtig weer, dus kamperen op Pag bracht echt ontspanning. Maar degenen die ons kennen, weten dat geen enkel weer ons echt kan verwennen.<\/p>\n<p>Het eiland Rab ligt ten noorden van Pag en is, ondanks de korte afstand, heel anders. Dichtbevolkt, veel natuur en een prachtige oude stad maken Rab bijzonder en we besluiten er een stop te maken. We kunnen het daar echt aanraden. Door de geschiedenis van Rab is ook deze stad vol bezienswaardigheden.<\/p>\n<p>&nbsp;<\/p>\n<h2>Kamperen op Krk<\/h2>\n<p>Aan het einde van ons verblijf in Kroati\u00eb gaan we weer naar het eiland Krk. Hier verkennen we de stad Vrbnik en ook Krk zelf nog een keer. We proeven er lokale lekkernijen, maar hebben aanvankelijk moeite om een camping op Krk te vinden - althans, laat op de avond. Maar dat neemt onze vreugde niet weg. E\u00e9n ding waar je in Kroati\u00eb altijd van kunt genieten, naast heerlijke wandelingen bij mooi weer langs de kust, zijn de adembenemende zonsondergangen.<\/p>\n<p>&nbsp;<\/p>\n<p>Maar we weten ook dat teksten alleen de schoonheid van Kroati\u00eb niet kunnen beschrijven, dus je vindt natuurlijk foto's van onze ervaringen in onze blogposts.<\/p>\n<p>[\/et_pb_text][\/et_pb_column][\/et_pb_row][\/et_pb_section]<\/p>","protected":false},"excerpt":{"rendered":"<p>[et_pb_section fb_built=&#8220;1&#8243; fullwidth=&#8220;on&#8220; admin_label=&#8220;Header&#8220; _builder_version=&#8220;4.5.1&#8243; background_enable_color=&#8220;off&#8220; background_image=&#8220;https:\/\/planbwagen.de\/wp-content\/uploads\/2020\/08\/Kroatien-1.jpg&#8220; custom_padding=&#8220;0px|0|0px|0px|false|false&#8220; locked=&#8220;off&#8220;][et_pb_fullwidth_header title=&#8220;Kroatien&#8220; text_orientation=&#8220;right&#8220; header_fullscreen=&#8220;on&#8220; background_overlay_color=&#8220;rgba(0,0,0,0)&#8220; logo_image_url=&#8220;https:\/\/planbwagen.de\/wp-content\/uploads\/2020\/08\/ertzu.png&#8220; _builder_version=&#8220;4.5.1&#8243; title_font=&#8220;DCC Ash|700|||||||&#8220; title_text_align=&#8220;center&#8220; title_font_size=&#8220;80px&#8220; title_line_height=&#8220;1.1em&#8220; content_font=&#8220;Montserrat||||||||&#8220; content_line_height=&#8220;2em&#8220; subhead_font=&#8220;Ash||||||||&#8220; subhead_text_align=&#8220;center&#8220; subhead_font_size=&#8220;40px&#8220; subhead_line_height=&#8220;2em&#8220; background_enable_color=&#8220;off&#8220; background_enable_image=&#8220;off&#8220; parallax=&#8220;on&#8220; parallax_method=&#8220;on&#8220; custom_button_one=&#8220;on&#8220; button_one_text_size=&#8220;17px&#8220; button_one_text_color=&#8220;#ffffff&#8220; button_one_bg_color=&#8220;#ff6b5a&#8220; button_one_border_width=&#8220;7px&#8220; button_one_border_color=&#8220;#ff6b5a&#8220; button_one_border_radius=&#8220;100px&#8220; button_one_font=&#8220;Noto Sans|700||on|||||&#8220; button_one_use_icon=&#8220;off&#8220; module_alignment=&#8220;center&#8220; custom_margin=&#8220;|||&#8220; custom_padding=&#8220;0px||0px||true|&#8220; custom_padding_tablet=&#8220;100px|||&#8220; custom_padding_phone=&#8220;||20%||false|false&#8220; custom_padding_last_edited=&#8220;on|phone&#8220; animation_style=&#8220;slide&#8220; animation_direction=&#8220;top&#8220; title_font_size_tablet=&#8220;40px&#8220; title_font_size_phone=&#8220;&#8220; title_font_size_last_edited=&#8220;on|tablet&#8220; subhead_font_size_tablet=&#8220;&#8220; subhead_font_size_phone=&#8220;20px&#8220; subhead_font_size_last_edited=&#8220;on|desktop&#8220; subhead_line_height_tablet=&#8220;&#8220; [&hellip;]<\/p>","protected":false},"author":1,"featured_media":0,"parent":0,"menu_order":0,"comment_status":"closed","ping_status":"closed","template":"","meta":{"_et_pb_use_builder":"on","_et_pb_old_content":"","_et_gb_content_width":"","footnotes":""},"class_list":["post-2349","page","type-page","status-publish","hentry"],"_links":{"self":[{"href":"https:\/\/www.planbwagen.de\/nl\/wp-json\/wp\/v2\/pages\/2349","targetHints":{"allow":["GET"]}}],"collection":[{"href":"https:\/\/www.planbwagen.de\/nl\/wp-json\/wp\/v2\/pages"}],"about":[{"href":"https:\/\/www.planbwagen.de\/nl\/wp-json\/wp\/v2\/types\/page"}],"author":[{"embeddable":true,"href":"https:\/\/www.planbwagen.de\/nl\/wp-json\/wp\/v2\/users\/1"}],"replies":[{"embeddable":true,"href":"https:\/\/www.planbwagen.de\/nl\/wp-json\/wp\/v2\/comments?post=2349"}],"version-history":[{"count":24,"href":"https:\/\/www.planbwagen.de\/nl\/wp-json\/wp\/v2\/pages\/2349\/revisions"}],"predecessor-version":[{"id":13710,"href":"https:\/\/www.planbwagen.de\/nl\/wp-json\/wp\/v2\/pages\/2349\/revisions\/13710"}],"wp:attachment":[{"href":"https:\/\/www.planbwagen.de\/nl\/wp-json\/wp\/v2\/media?parent=2349"}],"curies":[{"name":"wp","href":"https:\/\/api.w.org\/{rel}","templated":true}]}}