{"id":14374,"date":"2023-03-23T14:53:30","date_gmt":"2023-03-23T12:53:30","guid":{"rendered":"https:\/\/www.planbwagen.de\/?page_id=14374"},"modified":"2023-11-06T15:32:04","modified_gmt":"2023-11-06T13:32:04","slug":"sizilien","status":"publish","type":"page","link":"https:\/\/www.planbwagen.de\/nl\/sicilie\/","title":{"rendered":"Sicili\u00eb"},"content":{"rendered":"<p>[et_pb_section fb_built=&#8220;1&#8243; fullwidth=&#8220;on&#8220; admin_label=&#8220;Header&#8220; _builder_version=&#8220;4.5.1&#8243; background_enable_color=&#8220;off&#8220; background_image=&#8220;https:\/\/www.planbwagen.de\/wp-content\/uploads\/2021\/04\/Frame-9.jpg&#8220; custom_padding=&#8220;0px|0|0px|0px|false|false&#8220; locked=&#8220;off&#8220;][et_pb_fullwidth_header title=&#8220;Sizilien&#8220; text_orientation=&#8220;right&#8220; header_fullscreen=&#8220;on&#8220; background_overlay_color=&#8220;rgba(0,0,0,0)&#8220; logo_image_url=&#8220;https:\/\/www.planbwagen.de\/wp-content\/uploads\/2023\/03\/Sizilien-1.png&#8220; content_max_width=&#8220;18%&#8220; content_max_width_tablet=&#8220;&#8220; content_max_width_phone=&#8220;55%&#8220; content_max_width_last_edited=&#8220;on|phone&#8220; _builder_version=&#8220;4.5.1&#8243; title_font=&#8220;DCC Ash|700|||||||&#8220; title_text_align=&#8220;center&#8220; title_font_size=&#8220;80px&#8220; title_line_height=&#8220;1.1em&#8220; content_font=&#8220;Noto Sans||||||||&#8220; content_line_height=&#8220;2em&#8220; subhead_font=&#8220;Ash||||||||&#8220; subhead_text_align=&#8220;center&#8220; subhead_font_size=&#8220;40px&#8220; subhead_line_height=&#8220;2em&#8220; background_enable_color=&#8220;off&#8220; background_enable_image=&#8220;off&#8220; parallax=&#8220;on&#8220; parallax_method=&#8220;on&#8220; custom_button_one=&#8220;on&#8220; button_one_text_size=&#8220;17px&#8220; button_one_text_color=&#8220;#ffffff&#8220; button_one_bg_color=&#8220;#ff6b5a&#8220; button_one_border_width=&#8220;7px&#8220; button_one_border_color=&#8220;#ff6b5a&#8220; button_one_border_radius=&#8220;100px&#8220; button_one_font=&#8220;Noto Sans|700||on|||||&#8220; button_one_use_icon=&#8220;off&#8220; module_alignment=&#8220;center&#8220; custom_margin=&#8220;|||&#8220; custom_padding=&#8220;0px||0px||true|&#8220; custom_padding_tablet=&#8220;100px|||&#8220; custom_padding_phone=&#8220;||20%||false|false&#8220; custom_padding_last_edited=&#8220;on|phone&#8220; animation_style=&#8220;slide&#8220; animation_direction=&#8220;top&#8220; title_font_size_tablet=&#8220;40px&#8220; title_font_size_phone=&#8220;&#8220; title_font_size_last_edited=&#8220;on|tablet&#8220; subhead_font_size_tablet=&#8220;&#8220; subhead_font_size_phone=&#8220;20px&#8220; subhead_font_size_last_edited=&#8220;on|desktop&#8220; subhead_line_height_tablet=&#8220;&#8220; subhead_line_height_phone=&#8220;1.5em&#8220; subhead_line_height_last_edited=&#8220;on|phone&#8220; title_text_shadow_style=&#8220;preset2&#8243; subhead_text_shadow_style=&#8220;preset2&#8243; border_color_all_image=&#8220;#000000&#8243; button_one_text_color_hover=&#8220;#ffffff&#8220; button_one_border_color_hover=&#8220;#ff9e59&#8243; button_one_border_radius_hover=&#8220;100px&#8220; button_one_bg_color_hover=&#8220;#ff9e59&#8243; button_one_text_size__hover_enabled=&#8220;off&#8220; button_two_text_size__hover_enabled=&#8220;off&#8220; button_one_text_color__hover_enabled=&#8220;on&#8220; button_one_text_color__hover=&#8220;#ffffff&#8220; button_two_text_color__hover_enabled=&#8220;off&#8220; button_one_border_width__hover_enabled=&#8220;off&#8220; button_two_border_width__hover_enabled=&#8220;off&#8220; button_one_border_color__hover_enabled=&#8220;on&#8220; button_one_border_color__hover=&#8220;#ff9e59&#8243; button_two_border_color__hover_enabled=&#8220;off&#8220; button_one_border_radius__hover_enabled=&#8220;on&#8220; button_one_border_radius__hover=&#8220;100px&#8220; button_two_border_radius__hover_enabled=&#8220;off&#8220; button_one_letter_spacing__hover_enabled=&#8220;off&#8220; button_two_letter_spacing__hover_enabled=&#8220;off&#8220; button_one_bg_color__hover_enabled=&#8220;on&#8220; button_one_bg_color__hover=&#8220;#ff9e59&#8243; button_two_bg_color__hover_enabled=&#8220;off&#8220;][\/et_pb_fullwidth_header][\/et_pb_section][et_pb_section fb_built=&#8220;1&#8243; admin_label=&#8220;Tour CTA &#038; Information Section&#8220; _builder_version=&#8220;4.5.1&#8243; background_color=&#8220;#949292&#8243; custom_padding=&#8220;100px|0px|54px|0px|false|false&#8220;][et_pb_row _builder_version=&#8220;4.5.1&#8243; _module_preset=&#8220;default&#8220; custom_margin=&#8220;||||false|false&#8220; animation_style=&#8220;slide&#8220; animation_direction=&#8220;top&#8220;][et_pb_column type=&#8220;4_4&#8243; _builder_version=&#8220;4.5.1&#8243; _module_preset=&#8220;default&#8220;][et_pb_blog fullwidth=&#8220;off&#8220; posts_number=&#8220;1000&#8243; include_categories=&#8220;39&#8243; masonry_tile_background_color=&#8220;#273037&#8243; _builder_version=&#8220;4.5.1&#8243; _module_preset=&#8220;default&#8220; header_font=&#8220;Montserrat|700|||||||&#8220; header_text_align=&#8220;center&#8220; header_text_color=&#8220;#ffffff&#8220; header_font_size=&#8220;24px&#8220; header_line_height=&#8220;1.5em&#8220; body_font=&#8220;Montserrat||||||||&#8220; body_text_align=&#8220;center&#8220; body_text_color=&#8220;#ffffff&#8220; body_font_size=&#8220;17px&#8220; body_line_height=&#8220;1.9em&#8220; meta_font=&#8220;Montserrat|700|||||||&#8220; meta_text_align=&#8220;center&#8220; meta_text_color=&#8220;#949292&#8243; read_more_font=&#8220;Montserrat||||||||&#8220; pagination_font=&#8220;Montserrat||||||||&#8220; transform_scale=&#8220;97%|97%&#8220; text_orientation=&#8220;center&#8220; custom_margin=&#8220;||||false|false&#8220; border_radii=&#8220;on|7px|7px|7px|7px&#8220; border_width_all=&#8220;0px&#8220; box_shadow_style=&#8220;preset1&#8243;][\/et_pb_blog][\/et_pb_column][\/et_pb_row][et_pb_row _builder_version=&#8220;4.5.1&#8243; _module_preset=&#8220;default&#8220;][et_pb_column type=&#8220;4_4&#8243; _builder_version=&#8220;4.5.1&#8243; _module_preset=&#8220;default&#8220;][et_pb_divider color=&#8220;#ffffff&#8220; _builder_version=&#8220;4.5.1&#8243; _module_preset=&#8220;default&#8220; min_height=&#8220;140px&#8220;][\/et_pb_divider][et_pb_text _builder_version=&#8220;4.5.1&#8243; _module_preset=&#8220;default&#8220; text_text_color=&#8220;#ffffff&#8220; header_text_color=&#8220;#ffffff&#8220; header_2_text_color=&#8220;#ffffff&#8220; header_3_text_color=&#8220;#ffffff&#8220; hover_enabled=&#8220;0&#8243;]<\/p>\n<h2><span style=\"font-size: xx-large;\">Sicili\u00eb van dichtbij - uw toegangspoort tot dit prachtige eiland<\/span><\/h2>\n<p>Welkom op onze overzichtspagina van Sicili\u00eb, de toegangspoort tot een adembenemend juweel in het hart van de Middellandse Zee. Al meer dan drie jaar reizen Torgit en Marc naar verschillende Europese landen en eilanden. Altijd bij ons was onze trouwe metgezel, een SpaceCamper VW bus.<\/p>\n<p>&nbsp;<\/p>\n<p>Maar nergens hebben we zoveel tijd genomen als hier op Sicili\u00eb. Eerst hebben we zeven maanden lang het eiland doorkruist. Onze reis was een gepassioneerde ontdekking van de cultuur, geschiedenis, keuken en onge\u00ebvenaarde charme van het eiland.<\/p>\n<p>&nbsp;<\/p>\n<p>We waren zo gefascineerd door Sicili\u00eb dat we besloten ons hier te vestigen. Onze blog wordt gekenmerkt door een diepe verbondenheid met het eiland en zijn levensstijl. We willen ons onderscheiden van de gebruikelijke reizigers die het eiland misschien een week hebben bezocht en denken dat ze het helemaal hebben verkend. Omdat we nu weten dat Sicili\u00eb altijd een bezoek waard is.<\/p>\n<p>&nbsp;<\/p>\n<p>Duik met ons in de fascinerende wereld van Sicili\u00eb. Hier vind je alles wat je moet weten in onze artikelen, van de verborgen schatten van Palermo tot de adembenemende avonturen van de Targa Florio. Onze artikelen bieden inzicht in de spannende straatkunstscene van Palermo, de heerlijke geheimen van straateten in Palermo en aanbevelingen voor eersteklas hotels en gezellige vakantiewoningen in Palermo.<\/p>\n<p>&nbsp;<\/p>\n<p>Maar dat is niet alles. Veiligheid in Palermo is een belangrijke zorg voor ons. We delen onze waardevolle ervaring en adviezen om je verblijf zo aangenaam en zorgeloos mogelijk te maken.<\/p>\n<p>&nbsp;<\/p>\n<p>Laten we samen de wonderen van Sicili\u00eb ontdekken en haar geheimen onthullen. Welkom op onze site, ga met ons mee op deze onvergetelijke reis en dompel jezelf onder in het authentieke Sicili\u00eb!<\/p>\n<p>&nbsp;<\/p>\n<p>De volgende onderwerpen staan op je te wachten:<\/p>\n<h3>Siciliaanse keuken - een culinaire ervaring:<\/h3>\n<p>De Siciliaanse keuken is onvergelijkbaar en wordt gekenmerkt door smaken en tradities. Laten we samen de Siciliaanse keuken verkennen en genieten van de culinaire hoogtepunten van dit eiland. Onze artikelen bieden inzicht in authentieke gerechten en de beste plekken voor een culinaire ervaring op Sicili\u00eb.<\/p>\n<p><strong>\u00a0<\/strong><\/p>\n<h3>Siciliaanse bezienswaardigheden en historische schatten:<\/h3>\n<p>Sicili\u00eb is een waar paradijs voor wie ge\u00efnteresseerd is in geschiedenis en cultuur. We nemen je mee op een tour langs de historische plaatsen Palermo, Syracuse, Taormina en Agrigento. Kom meer te weten over de topbezienswaardigheden van Sicili\u00eb en de fascinerende geschiedenis van dit eiland.<\/p>\n<p><strong>\u00a0<\/strong><\/p>\n<h3>Fantastische stranden en pittoreske kustplaatsjes:<\/h3>\n<p>De kusten van Sicili\u00eb bieden onvergetelijke strandervaringen. Duik in kristalhelder water in plaatsen als San Vito Lo Capo, Cefal\u00f9 en Taormina.<\/p>\n<h3><strong>\u00a0<\/strong><\/h3>\n<h3>Siciliaanse cultuur en haar levende tradities:<\/h3>\n<p>Ervaar de unieke Siciliaanse tradities, of het nu tijdens festivals, processies of op de lokale markten is. We leiden je door het levendige culturele erfgoed van dit eiland en laten je zien hoe je er deel van kunt uitmaken.<\/p>\n<h3>Avonturen in de natuur - buitenactiviteiten:<\/h3>\n<p>Sicili\u00eb is een paradijs voor outdoorliefhebbers. Onze avonturen in de natuur omvatten wandelen in de adembenemende landschappen van de Madonie, watersporten in het heldere water en nog veel meer. Ontdek het brede scala aan buitenactiviteiten dat Sicili\u00eb te bieden heeft.<\/p>\n<p><strong>\u00a0<\/strong><\/p>\n<h3>Sicili\u00eb op elk moment van het jaar:<\/h3>\n<p>Of je Sicili\u00eb nu bezoekt in de lente, zomer, herfst of winter, onze blogberichten passen zich aan de seizoenen aan. Ontdek welke activiteiten en evenementen er in elk seizoen op je wachten.<\/p>\n<p><strong>\u00a0<\/strong><\/p>\n<h3>De adembenemende geografie van Sicili\u00eb:<\/h3>\n<p>De landschappen van Sicili\u00eb zijn van een onge\u00ebvenaarde schoonheid, van de pittoreske heuvels van de Madonie tot de majestueuze vulkaan Etna. We nemen je mee op een reis door de unieke geografie van dit eiland.<\/p>\n<p><strong>\u00a0<\/strong><\/p>\n<h3>Wijnbouw en olijventeelt op Sicili\u00eb:<\/h3>\n<p>Sicili\u00eb is trots op zijn eersteklas wijn- en olijventeelt. Ontdek de geheimen van Siciliaanse wijn en bezoek gerenommeerde wijnmakerijen. Leer meer over de olijfgaarden die de kostbare Siciliaanse olijfolie produceren.<\/p>\n<p><strong>\u00a0<\/strong><\/p>\n<h3>Ontdek Sicili\u00eb op eigen houtje:<\/h3>\n<p>Als je op zoek bent naar avontuur en de vrijheid prefereert om Sicili\u00eb op eigen houtje te verkennen, geven we je waardevolle tips voor autohuur, routeplanning en zelfstandig reizen.<\/p>\n<p><strong>\u00a0<\/strong><\/p>\n<h3>Insidertips en geheimen:<\/h3>\n<p>We delen ook goed bewaarde geheimen en insidertips die we in de loop van onze zeven maanden durende reis hebben verzameld. Deze schatten buiten de gebaande paden zullen je reis naar Sicili\u00eb uniek maken.<\/p>\n<p><strong>\u00a0<\/strong><\/p>\n<h3>Kunst en ambachten op Sicili\u00eb:<\/h3>\n<p>Sicili\u00eb is rijk aan traditionele kunsten en ambachten. Leer meer over keramiek uit Caltagirone, mandenvlechten uit Palermo en andere lokale ambachten. We laten je zien waar je deze kunstwerken kunt bewonderen en kopen.<\/p>\n<p><strong>\u00a0<\/strong><\/p>\n<h3>Duurzaam reizen op Sicili\u00eb:<\/h3>\n<p>We zetten ons in voor duurzaam reizen en laten je zien hoe je op een milieuvriendelijke en verantwoorde manier door Sicili\u00eb kunt reizen. Dit omvat milieuvriendelijke accommodatie, lokaal eten en tips om afval te vermijden.<\/p>\n<p>&nbsp;<\/p>\n<p>Onze missie is niet alleen om je kennis te laten maken met de schoonheid en cultuur van Sicili\u00eb, maar ook om praktisch advies en inspiratie te bieden voor een reis op maat. We nodigen je uit om ons Sicili\u00eb avontuur met ons te delen en dit adembenemende eiland in al zijn facetten te ervaren. Welkom op onze Sicili\u00eb overzichtspagina!<\/p>\n<p>[\/et_pb_text][\/et_pb_column][\/et_pb_row][\/et_pb_section]<\/p>","protected":false},"excerpt":{"rendered":"<p>[et_pb_section fb_built=&#8220;1&#8243; fullwidth=&#8220;on&#8220; admin_label=&#8220;Header&#8220; _builder_version=&#8220;4.5.1&#8243; background_enable_color=&#8220;off&#8220; background_image=&#8220;https:\/\/www.planbwagen.de\/wp-content\/uploads\/2021\/04\/Frame-9.jpg&#8220; custom_padding=&#8220;0px|0|0px|0px|false|false&#8220; locked=&#8220;off&#8220;][et_pb_fullwidth_header title=&#8220;Sizilien&#8220; text_orientation=&#8220;right&#8220; header_fullscreen=&#8220;on&#8220; background_overlay_color=&#8220;rgba(0,0,0,0)&#8220; logo_image_url=&#8220;https:\/\/www.planbwagen.de\/wp-content\/uploads\/2023\/03\/Sizilien-1.png&#8220; content_max_width=&#8220;18%&#8220; content_max_width_tablet=&#8220;&#8220; content_max_width_phone=&#8220;55%&#8220; content_max_width_last_edited=&#8220;on|phone&#8220; _builder_version=&#8220;4.5.1&#8243; title_font=&#8220;DCC Ash|700|||||||&#8220; title_text_align=&#8220;center&#8220; title_font_size=&#8220;80px&#8220; title_line_height=&#8220;1.1em&#8220; content_font=&#8220;Noto Sans||||||||&#8220; content_line_height=&#8220;2em&#8220; subhead_font=&#8220;Ash||||||||&#8220; subhead_text_align=&#8220;center&#8220; subhead_font_size=&#8220;40px&#8220; subhead_line_height=&#8220;2em&#8220; background_enable_color=&#8220;off&#8220; background_enable_image=&#8220;off&#8220; parallax=&#8220;on&#8220; parallax_method=&#8220;on&#8220; custom_button_one=&#8220;on&#8220; button_one_text_size=&#8220;17px&#8220; button_one_text_color=&#8220;#ffffff&#8220; button_one_bg_color=&#8220;#ff6b5a&#8220; button_one_border_width=&#8220;7px&#8220; button_one_border_color=&#8220;#ff6b5a&#8220; button_one_border_radius=&#8220;100px&#8220; button_one_font=&#8220;Noto Sans|700||on|||||&#8220; button_one_use_icon=&#8220;off&#8220; module_alignment=&#8220;center&#8220; custom_margin=&#8220;|||&#8220; custom_padding=&#8220;0px||0px||true|&#8220; custom_padding_tablet=&#8220;100px|||&#8220; custom_padding_phone=&#8220;||20%||false|false&#8220; custom_padding_last_edited=&#8220;on|phone&#8220; animation_style=&#8220;slide&#8220; animation_direction=&#8220;top&#8220; title_font_size_tablet=&#8220;40px&#8220; title_font_size_phone=&#8220;&#8220; [&hellip;]<\/p>","protected":false},"author":1,"featured_media":0,"parent":0,"menu_order":0,"comment_status":"closed","ping_status":"closed","template":"","meta":{"_et_pb_use_builder":"on","_et_pb_old_content":"","_et_gb_content_width":"","footnotes":""},"class_list":["post-14374","page","type-page","status-publish","hentry"],"_links":{"self":[{"href":"https:\/\/www.planbwagen.de\/nl\/wp-json\/wp\/v2\/pages\/14374","targetHints":{"allow":["GET"]}}],"collection":[{"href":"https:\/\/www.planbwagen.de\/nl\/wp-json\/wp\/v2\/pages"}],"about":[{"href":"https:\/\/www.planbwagen.de\/nl\/wp-json\/wp\/v2\/types\/page"}],"author":[{"embeddable":true,"href":"https:\/\/www.planbwagen.de\/nl\/wp-json\/wp\/v2\/users\/1"}],"replies":[{"embeddable":true,"href":"https:\/\/www.planbwagen.de\/nl\/wp-json\/wp\/v2\/comments?post=14374"}],"version-history":[{"count":9,"href":"https:\/\/www.planbwagen.de\/nl\/wp-json\/wp\/v2\/pages\/14374\/revisions"}],"predecessor-version":[{"id":16902,"href":"https:\/\/www.planbwagen.de\/nl\/wp-json\/wp\/v2\/pages\/14374\/revisions\/16902"}],"wp:attachment":[{"href":"https:\/\/www.planbwagen.de\/nl\/wp-json\/wp\/v2\/media?parent=14374"}],"curies":[{"name":"wp","href":"https:\/\/api.w.org\/{rel}","templated":true}]}}