{"id":9728,"date":"2020-11-17T14:33:11","date_gmt":"2020-11-17T14:33:11","guid":{"rendered":"https:\/\/www.planbwagen.de\/?page_id=9728"},"modified":"2020-12-04T18:19:42","modified_gmt":"2020-12-04T18:19:42","slug":"packliste","status":"publish","type":"page","link":"https:\/\/www.planbwagen.de\/it\/elenco-degli-imballaggi\/","title":{"rendered":"Elenco degli imballaggi"},"content":{"rendered":"<p>[et_pb_section fb_built=&#8220;1&#8243; custom_padding_last_edited=&#8220;on|desktop&#8220; next_background_color=&#8220;#949292&#8243; admin_label=&#8220;Header&#8220; _builder_version=&#8220;4.5.1&#8243; background_color=&#8220;#4c4c50&#8243; background_image=&#8220;https:\/\/planbwagen.de\/wp-content\/uploads\/2020\/08\/sight-seeing-49.png&#8220; background_size=&#8220;contain&#8220; background_position=&#8220;bottom_center&#8220; custom_padding=&#8220;||225px|||&#8220; custom_padding_tablet=&#8220;0px||5vw&#8220; custom_padding_phone=&#8220;&#8220; bottom_divider_style=&#8220;asymmetric&#8220; box_shadow_vertical_tablet=&#8220;&#8220; box_shadow_vertical_phone=&#8220;&#8220; box_shadow_vertical_last_edited=&#8220;on|tablet&#8220; locked=&#8220;off&#8220;][et_pb_row column_structure=&#8220;1_2,1_2&#8243; _builder_version=&#8220;4.5.1&#8243; module_alignment=&#8220;center&#8220; animation_style=&#8220;slide&#8220; animation_direction=&#8220;top&#8220; locked=&#8220;off&#8220;][et_pb_column type=&#8220;1_2&#8243; _builder_version=&#8220;3.25&#8243; custom_padding=&#8220;|||&#8220; custom_padding__hover=&#8220;|||&#8220;][et_pb_text _builder_version=&#8220;4.5.1&#8243; text_font=&#8220;Lato||||||||&#8220; text_font_size=&#8220;22px&#8220; text_line_height=&#8220;1.8em&#8220; header_font=&#8220;DCC Ash|700|||||||&#8220; header_font_size=&#8220;80px&#8220; header_line_height=&#8220;1.2em&#8220; background_layout=&#8220;dark&#8220; text_font_size_tablet=&#8220;&#8220; text_font_size_phone=&#8220;18px&#8220; text_font_size_last_edited=&#8220;on|phone&#8220; header_font_size_tablet=&#8220;60px&#8220; header_font_size_phone=&#8220;60px&#8220; header_font_size_last_edited=&#8220;on|phone&#8220;]<\/p>\n<h1 style=\"text-align: left;\">Elenco degli imballaggi<\/h1>\n<p>[\/et_pb_text][et_pb_divider color=&#8220;#ffffff&#8220; divider_weight=&#8220;5px&#8220; _builder_version=&#8220;3.23.3&#8243; max_width=&#8220;100px&#8220; locked=&#8220;off&#8220;][\/et_pb_divider][\/et_pb_column][et_pb_column type=&#8220;1_2&#8243; _builder_version=&#8220;3.25&#8243; custom_padding=&#8220;|||&#8220; custom_padding__hover=&#8220;|||&#8220;][\/et_pb_column][\/et_pb_row][\/et_pb_section][et_pb_section fb_built=&#8220;1&#8243; custom_padding_last_edited=&#8220;off|desktop&#8220; admin_label=&#8220;Blog&#8220; _builder_version=&#8220;4.5.1&#8243; background_color=&#8220;#949292&#8243; min_height=&#8220;1560px&#8220; custom_padding=&#8220;100px||2px|||&#8220; custom_padding_phone=&#8220;0px||&#8220;][et_pb_row _builder_version=&#8220;4.5.1&#8243; background_color=&#8220;#949292&#8243; animation_style=&#8220;slide&#8220; animation_direction=&#8220;top&#8220;][et_pb_column type=&#8220;4_4&#8243; _builder_version=&#8220;3.25&#8243; custom_padding=&#8220;|||&#8220; custom_padding__hover=&#8220;|||&#8220;][et_pb_blog fullwidth=&#8220;off&#8220; posts_number=&#8220;10000&#8243; include_categories=&#8220;36&#8243; show_author=&#8220;off&#8220; show_date=&#8220;off&#8220; masonry_tile_background_color=&#8220;#273037&#8243; _builder_version=&#8220;4.5.1&#8243; header_font=&#8220;Montserrat|700|||||||&#8220; header_text_color=&#8220;#ffffff&#8220; header_font_size=&#8220;16px&#8220; header_line_height=&#8220;1.6em&#8220; body_text_color=&#8220;#ffffff&#8220; meta_font=&#8220;Lato|700||on|||||&#8220; meta_text_color=&#8220;#949292&#8243; meta_font_size=&#8220;12px&#8220; meta_letter_spacing=&#8220;1px&#8220; meta_line_height=&#8220;1.8em&#8220; pagination_font=&#8220;PT Serif|700|||||||&#8220; pagination_text_color=&#8220;#ff3314&#8243; pagination_font_size=&#8220;16px&#8220; background_color=&#8220;#949292&#8243; border_width_all=&#8220;0px&#8220; box_shadow_style=&#8220;preset1&#8243;][\/et_pb_blog][\/et_pb_column][\/et_pb_row][et_pb_row _builder_version=&#8220;4.5.1&#8243; _module_preset=&#8220;default&#8220;][et_pb_column type=&#8220;4_4&#8243; _builder_version=&#8220;4.5.1&#8243; _module_preset=&#8220;default&#8220;][et_pb_divider color=&#8220;#ffffff&#8220; _builder_version=&#8220;4.5.1&#8243; _module_preset=&#8220;default&#8220; min_height=&#8220;140px&#8220;][\/et_pb_divider][et_pb_text _builder_version=&#8220;4.5.1&#8243; _module_preset=&#8220;default&#8220; text_text_color=&#8220;#ffffff&#8220; header_text_color=&#8220;#ffffff&#8220; header_2_text_color=&#8220;#ffffff&#8220; header_3_text_color=&#8220;#ffffff&#8220;]<\/p>\n<h1>Lista dei bagagli per viaggiare in furgone<\/h1>\n<p>&nbsp;<\/p>\n<p>Il <strong>Elenco degli imballaggi<\/strong> per un <strong>Viaggio<\/strong> in un furgone \u00e8 diverso dal viaggiare in un hotel. Per i pi\u00f9 diversi <strong>Le cose<\/strong> deve essere considerato. Poich\u00e9 il <strong>Spazio di archiviazione<\/strong> \u00e8 limitato, solo il <strong>pi\u00f9 necessario<\/strong> che si possono trasportare. Oltre allo spazio per riporre le cose, un peso maggiore significa anche un peso maggiore. <strong>Consumo di carburante<\/strong>. Nella maggior parte dei casi, l'obiettivo \u00e8 spendere il meno possibile. Cosa succede alla prima <strong>Tour <\/strong>Il primo \u00e8 un po' difficile, il secondo \u00e8 molto pi\u00f9 facile. Quindi ognuno fa il suo <strong>Esperienza<\/strong> quali articoli sono veramente necessari e quali sono un lusso per voi. Una volta che avete <strong>sulla strada <\/strong>\u00e8 tornare indietro a qualcosa <strong>dimenticato<\/strong> molto fastidioso. Per questo motivo consigliamo: Anche se il <strong>Percorso<\/strong> non \u00e8 completamente pianificato, un <strong>Elenco degli imballaggi <\/strong>ha sempre senso.<\/p>\n<p>Molti capi di abbigliamento di solito non sono <strong>necessario<\/strong>sulla maggior parte <strong>Campeggi <\/strong>sono disponibili lavatrici. Se avete bisogno di qualcosa di veloce, potete anche utilizzare un <strong>Viaggio <\/strong>un detergente che si pu\u00f2 usare semplicemente in una bacinella d'acqua.<\/p>\n<p><strong>In viaggio <\/strong>per esempio, con il vostro <strong>Cane<\/strong>\u00e8 necessario un piccolo elenco aggiuntivo in modo che il <strong>Animale <\/strong>\u00e8 ben soddisfatta nel furgone.<\/p>\n<p>&nbsp;<\/p>\n<h2>Elenco degli imballaggi degli apparecchi elettrici<\/h2>\n<p>I dispositivi tecnici dovrebbero essere ridotti il pi\u00f9 possibile. Non sempre \u00e8 possibile <strong>Elettricit\u00e0<\/strong>. Inoltre <strong>Tecnica <\/strong>Dispositivi a <strong>Oggetto di valore <\/strong>e potrebbero essere rubati.<\/p>\n<p>Da quando <strong>Foto <\/strong>naturalmente appartengono ad ogni viaggio, si dovrebbe avere una <strong>USB<\/strong>&#8211;<strong>Imballaggio del tappo<\/strong>che pu\u00f2 essere collegato alla presa di corrente. (Se la base mobile non dispone di prese regolari). <strong>Macchina fotografica <\/strong>o <strong>Telefono cellulare <\/strong>possono essere caricati durante la guida. Tuttavia, un dispositivo elettronico importante \u00e8 il <strong>Sistema di navigazione<\/strong>. Per gli articoli elettronici, il <strong>Caricatori, <\/strong>cos\u00ec come <strong>Batterie <\/strong>e <strong>Schede di memoria<\/strong>. Tuttavia, per essere sicuri <strong>Atlante <\/strong>e un <strong>Mappa stradale <\/strong>confezione. In caso di emergenza, \u00e8 possibile ricavarlo da uno o da un altro <strong>Ripartizione <\/strong>aiuto. Anche un <strong>Taccuino <\/strong>e <strong>Penne <\/strong>non dovrebbero mancare, sono necessari pi\u00f9 spesso del previsto.<\/p>\n<p>A <strong>Suggerimento <\/strong>\u00e8 quello di fare cose importanti, sempre allo stesso <strong>Luogo <\/strong>stivare.<br \/> Nel <strong>Emergenza <\/strong>si sa sempre direttamente dove si trova il <strong>Emergenza<\/strong>&#8211;<strong>Set <\/strong>o il <strong>Cassetta di pronto soccorso <\/strong>e non deve cercare a lungo.<\/p>\n<p>&nbsp;<\/p>\n<h2>Lista di imballaggio per l'esterno<\/h2>\n<p>Su <strong>Obiettivo <\/strong>Una volta arrivati, \u00e8 bene mettersi subito a proprio agio. Per un <strong>Posti a sedere <\/strong>dovrebbe essere <strong>Sedie<\/strong>, <strong>Tabella <\/strong>e possibilmente <strong>Amaca <\/strong>essere pensato. Per il <strong>Stato d'animo <\/strong>\u00e8 fornita da una lampada che pu\u00f2 essere posizionata sul tavolo. A <strong>Soffitto <\/strong>e <strong>Candele <\/strong>incl. <strong>Abbinamenti <\/strong>sono anch'essi utili. Un termoventilatore \u00e8 ideale per visitare i luoghi pi\u00f9 freddi. Vi terr\u00e0 al caldo anche nelle serate pi\u00f9 fresche. A seconda <strong>Destinazione <\/strong>richiede quindi un'attrezzatura diversa. Questo \u00e8 anche <strong>persona-dipendente<\/strong>. Ad alcune persone piace trascorrere il tempo fuori dal furgone, mettendosi comode e accoglienti. Per altri, invece, il <strong>Posti a sedere <\/strong>nel furgone.<\/p>\n<p>&nbsp;<\/p>\n<h2>Spazio e organizzazione nel furgone<\/h2>\n<p>Se avete un <strong>camper completamente attrezzato <\/strong>di solito si ha la possibilit\u00e0 di <strong>stivare <\/strong>e, allo stesso tempo, un bellissimo <strong>atmosfera di vita progettata <\/strong>per divertirsi. Senza molti <strong>Casse <\/strong>e <strong>Borse<\/strong>sdraiato nel furgone, \u00e8 subito pi\u00f9 accogliente. Con un'estensione <strong>Spazio Camper <\/strong>avete la fortuna <strong>Spazio di archiviazione <\/strong>e allo stesso tempo <strong>Ordine <\/strong>avere.<\/p>\n<p>Inoltre, il <strong>Borse Delta <\/strong>un'opportunit\u00e0 per <strong>Bagagli <\/strong>a <strong>stivare <\/strong>e ancora un <strong>ordinario <\/strong>furgone. Ci sono anche <strong>Coprisedili <\/strong>da <strong>Delta <\/strong>che per <strong>Spazio extra <\/strong>ai posti a sedere.<\/p>\n<p>&nbsp;<\/p>\n<h2>Lista di imballaggio delle attrezzature da cucina<\/h2>\n<p>La cucina \u00e8 anche un importante <strong>Campeggio <\/strong>un argomento importante. In modo che il <strong>buon umore <\/strong>un pasto delizioso \u00e8 d'obbligo. Con uno o l'altro <strong>Utensili da cucina <\/strong>un buon pasto subito <strong>evocare<\/strong>al posto dei ravioli in scatola. La splendida piazzola in riva al mare pu\u00f2 essere apprezzata meglio con un pasto gustoso. Un modo meraviglioso per concludere la serata <strong>dissolvenza<\/strong>. Ma anche in questo caso il <strong>Esigenze <\/strong>diverso.<\/p>\n<p>&nbsp;<\/p>\n<h2>Lista di imballaggio - Vacanza escursionistica \/ viaggio in citt\u00e0 \/ vacanza estiva \/ viaggio lungo<\/h2>\n<p>Uno <strong>Elenco degli imballaggi<\/strong>che sia adatto a ogni viaggio probabilmente non esiste. Ogni viaggio ha il suo <strong>richieste diverse<\/strong>. Ciononostante, cerchiamo di creare un elenco che renda pi\u00f9 facile l'accesso alla maggior parte delle informazioni. <strong>Bagagli <\/strong>pensare. Anche il <strong>Lunghezza <\/strong>del viaggio e la possibilit\u00e0 di lavare gli oggetti, siano essi vestiti o stoviglie, gioca un ruolo fondamentale.<br \/> Il <strong>Resistenza agli agenti atmosferici <\/strong>o <strong>Funzionalit\u00e0 <\/strong>dell'abbigliamento e dei materiali per un <strong>Vacanza a piedi <\/strong>sono molto diversi rispetto a quelli di un <strong>Viaggio in citt\u00e0<\/strong>. Proprio come il <strong>Stagione <\/strong>del <strong>Viaggi su strada <\/strong>fa una notevole differenza. In inverno, i vestiti sono molto pi\u00f9 ingombranti di quelli estivi.<\/p>\n<p>&nbsp;<\/p>\n<h2>Lista delle valigie da viaggio in formato PDF da stampare<\/h2>\n<p>Ci sono molti <strong>Elenchi di viaggio <\/strong>come <strong>PDF <\/strong>per la stampa. Questo \u00e8 sempre da <strong>raccomandare<\/strong>In questo modo \u00e8 possibile verificare ancora una volta se \u00e8 stato messo tutto in valigia e se non \u00e8 stato dimenticato nulla.<br \/> Ci sono molte cose a cui pensare, per cui vale la pena di avere un <strong>Elenco di stampa <\/strong>e non appena si \u00e8 riposto l'oggetto, lo si spunta. In questo modo <strong>salvataggi <\/strong>molti acquisti di emergenza per ottenere qualcosa <strong>Mancante <\/strong>per sostituirlo. Il <strong>Elenco <\/strong>dovrebbe essere sempre scritto in anticipo e in <strong>Raggiungere <\/strong>in modo da poter aggiungere sempre qualcosa se vi viene in mente qualcosa.<\/p>\n<p>Quindi nulla ostacola il vostro viaggio.<\/p>\n<p>[\/et_pb_text][\/et_pb_column][\/et_pb_row][\/et_pb_section]<\/p>","protected":false},"excerpt":{"rendered":"<p>[et_pb_section fb_built=&#8220;1&#8243; custom_padding_last_edited=&#8220;on|desktop&#8220; next_background_color=&#8220;#949292&#8243; admin_label=&#8220;Header&#8220; _builder_version=&#8220;4.5.1&#8243; background_color=&#8220;#4c4c50&#8243; background_image=&#8220;https:\/\/planbwagen.de\/wp-content\/uploads\/2020\/08\/sight-seeing-49.png&#8220; background_size=&#8220;contain&#8220; background_position=&#8220;bottom_center&#8220; custom_padding=&#8220;||225px|||&#8220; custom_padding_tablet=&#8220;0px||5vw&#8220; custom_padding_phone=&#8220;&#8220; bottom_divider_style=&#8220;asymmetric&#8220; box_shadow_vertical_tablet=&#8220;&#8220; box_shadow_vertical_phone=&#8220;&#8220; box_shadow_vertical_last_edited=&#8220;on|tablet&#8220; locked=&#8220;off&#8220;][et_pb_row column_structure=&#8220;1_2,1_2&#8243; _builder_version=&#8220;4.5.1&#8243; module_alignment=&#8220;center&#8220; animation_style=&#8220;slide&#8220; animation_direction=&#8220;top&#8220; locked=&#8220;off&#8220;][et_pb_column type=&#8220;1_2&#8243; _builder_version=&#8220;3.25&#8243; custom_padding=&#8220;|||&#8220; custom_padding__hover=&#8220;|||&#8220;][et_pb_text _builder_version=&#8220;4.5.1&#8243; text_font=&#8220;Lato||||||||&#8220; text_font_size=&#8220;22px&#8220; text_line_height=&#8220;1.8em&#8220; header_font=&#8220;DCC Ash|700|||||||&#8220; header_font_size=&#8220;80px&#8220; header_line_height=&#8220;1.2em&#8220; background_layout=&#8220;dark&#8220; text_font_size_tablet=&#8220;&#8220; text_font_size_phone=&#8220;18px&#8220; text_font_size_last_edited=&#8220;on|phone&#8220; header_font_size_tablet=&#8220;60px&#8220; header_font_size_phone=&#8220;60px&#8220; header_font_size_last_edited=&#8220;on|phone&#8220;] Packliste [\/et_pb_text][et_pb_divider color=&#8220;#ffffff&#8220; divider_weight=&#8220;5px&#8220; _builder_version=&#8220;3.23.3&#8243; max_width=&#8220;100px&#8220; locked=&#8220;off&#8220;][\/et_pb_divider][\/et_pb_column][et_pb_column type=&#8220;1_2&#8243; _builder_version=&#8220;3.25&#8243; custom_padding=&#8220;|||&#8220; custom_padding__hover=&#8220;|||&#8220;][\/et_pb_column][\/et_pb_row][\/et_pb_section][et_pb_section fb_built=&#8220;1&#8243; [&hellip;]<\/p>","protected":false},"author":1,"featured_media":0,"parent":0,"menu_order":0,"comment_status":"closed","ping_status":"closed","template":"","meta":{"_et_pb_use_builder":"on","_et_pb_old_content":"","_et_gb_content_width":"","footnotes":""},"class_list":["post-9728","page","type-page","status-publish","hentry"],"_links":{"self":[{"href":"https:\/\/www.planbwagen.de\/it\/wp-json\/wp\/v2\/pages\/9728","targetHints":{"allow":["GET"]}}],"collection":[{"href":"https:\/\/www.planbwagen.de\/it\/wp-json\/wp\/v2\/pages"}],"about":[{"href":"https:\/\/www.planbwagen.de\/it\/wp-json\/wp\/v2\/types\/page"}],"author":[{"embeddable":true,"href":"https:\/\/www.planbwagen.de\/it\/wp-json\/wp\/v2\/users\/1"}],"replies":[{"embeddable":true,"href":"https:\/\/www.planbwagen.de\/it\/wp-json\/wp\/v2\/comments?post=9728"}],"version-history":[{"count":10,"href":"https:\/\/www.planbwagen.de\/it\/wp-json\/wp\/v2\/pages\/9728\/revisions"}],"predecessor-version":[{"id":10065,"href":"https:\/\/www.planbwagen.de\/it\/wp-json\/wp\/v2\/pages\/9728\/revisions\/10065"}],"wp:attachment":[{"href":"https:\/\/www.planbwagen.de\/it\/wp-json\/wp\/v2\/media?parent=9728"}],"curies":[{"name":"wp","href":"https:\/\/api.w.org\/{rel}","templated":true}]}}