{"id":3157,"date":"2020-08-12T11:40:41","date_gmt":"2020-08-12T11:40:41","guid":{"rendered":"https:\/\/planbwagen.de\/?page_id=3157"},"modified":"2023-04-14T09:52:03","modified_gmt":"2023-04-14T07:52:03","slug":"datenschutzerklaerung","status":"publish","type":"page","link":"https:\/\/www.planbwagen.de\/it\/dichiarazione-sulla-protezione-dei-dati\/","title":{"rendered":"Informativa sulla privacy"},"content":{"rendered":"<h2 class=\"wp-block-heading\">1. La protezione dei dati in sintesi<\/h2>\r\n\r\n\r\n\r\n<h3 class=\"wp-block-heading\">Informazioni generali<\/h3>\r\n\r\n\r\n\r\n<p>Le seguenti informazioni forniscono una semplice panoramica di ci\u00f2 che accade ai vostri dati personali quando visitate il nostro sito web. Per dati personali si intendono tutti i dati che possono essere utilizzati per identificarvi personalmente. Informazioni dettagliate sul tema della protezione dei dati sono disponibili nella nostra dichiarazione sulla protezione dei dati riportata sotto questo testo.<\/p>\r\n\r\n\r\n\r\n<h3 class=\"wp-block-heading\">Raccolta di dati sul nostro sito web<\/h3>\r\n\r\n\r\n\r\n<p><strong>Chi \u00e8 responsabile della raccolta dei dati su questo sito?<\/strong><\/p>\r\n\r\n\r\n\r\n<p>Il trattamento dei dati su questo sito web viene effettuato dal gestore del sito. I dati di contatto del gestore sono riportati nelle note legali di questo sito.<\/p>\r\n\r\n\r\n\r\n<p><strong>Come raccogliamo i vostri dati?<\/strong><\/p>\r\n\r\n\r\n\r\n<p>Da un lato, i vostri dati vengono raccolti quando ce li fornite.<\/p>\r\n\r\n\r\n\r\n<p>Altri dati vengono raccolti automaticamente dai nostri sistemi informatici quando visitate il sito web. Si tratta principalmente di dati tecnici (ad es. browser Internet, sistema operativo o tempo di visualizzazione della pagina). Questi dati vengono raccolti automaticamente non appena si accede al nostro sito web.<\/p>\r\n\r\n\r\n\r\n<p><strong>Per cosa utilizziamo i vostri dati?<\/strong><\/p>\r\n\r\n\r\n\r\n<p>Alcuni dati vengono raccolti per garantire che il sito web venga fornito senza errori. Altri dati possono essere utilizzati per analizzare il comportamento degli utenti.<\/p>\r\n\r\n\r\n\r\n<p><strong>Quali diritti avete sui vostri dati?<\/strong><\/p>\r\n\r\n\r\n\r\n<p>Avete il diritto di ricevere gratuitamente in qualsiasi momento informazioni sull'origine, il destinatario e lo scopo dei vostri dati personali memorizzati. Avete inoltre il diritto di richiedere la correzione, il blocco o la cancellazione di tali dati. Per ulteriori domande sulla protezione dei dati, potete contattarci in qualsiasi momento all'indirizzo indicato nella nota legale. Avete inoltre il diritto di presentare un reclamo all'autorit\u00e0 di controllo competente.<\/p>\r\n\r\n\r\n\r\n<h3 class=\"wp-block-heading\">Strumenti di analisi e strumenti di fornitori terzi<\/h3>\r\n\r\n\r\n\r\n<p>Quando visitate il nostro sito web, il vostro comportamento di navigazione pu\u00f2 essere valutato statisticamente. Ci\u00f2 avviene principalmente attraverso i cookie e i cosiddetti programmi di analisi. L'analisi del vostro comportamento di navigazione \u00e8 generalmente anonima; il comportamento di navigazione non pu\u00f2 essere ricondotto a voi. Potete opporvi a questa analisi o impedirla non utilizzando determinati strumenti. Informazioni dettagliate al riguardo sono contenute nella seguente informativa sulla privacy.<\/p>\r\n\r\n\r\n\r\n<p>Potete opporvi a questa analisi. Vi informeremo sulle opzioni di opposizione in questa informativa sulla privacy.<\/p>\r\n\r\n\r\n\r\n<h2 class=\"wp-block-heading\">2 Note generali e informazioni obbligatorie<\/h2>\r\n\r\n\r\n\r\n<h3 class=\"wp-block-heading\">Protezione dei dati<\/h3>\r\n\r\n\r\n\r\n<p>I gestori di queste pagine prendono molto sul serio la protezione dei vostri dati personali. Trattiamo i vostri dati personali in modo confidenziale e in conformit\u00e0 alle norme di legge sulla protezione dei dati e alla presente informativa sulla privacy.<\/p>\r\n\r\n\r\n\r\n<p>Quando si utilizza questo sito web, vengono raccolti diversi dati personali. I dati personali sono dati che possono essere utilizzati per identificarvi personalmente. La presente informativa sulla privacy spiega quali dati raccogliamo e per quali scopi li utilizziamo. Spiega inoltre come e per quale scopo vengono raccolti.<\/p>\r\n\r\n\r\n\r\n<p>Desideriamo sottolineare che la trasmissione di dati su Internet (ad esempio, la comunicazione via e-mail) pu\u00f2 presentare lacune nella sicurezza. Non \u00e8 possibile proteggere completamente i dati dall'accesso di terzi.<\/p>\r\n\r\n\r\n\r\n<h3 class=\"wp-block-heading\">Nota sull'organismo responsabile<\/h3>\r\n\r\n\r\n\r\n<p>Il responsabile del trattamento dei dati su questo sito web \u00e8<\/p>\r\n\r\n\r\n\r\n<p><br \/>Marc H\u00e4usgen<br \/>Jagowstrasse 4<br \/>10555 Berlino<br \/><br \/>Telefono: +49 (173) 20 20 810<br \/>Email: marc@haeusgen.net<\/p>\r\n\r\n\r\n\r\n<p>Il responsabile del trattamento \u00e8 la persona fisica o giuridica che, da sola o insieme ad altri, determina le finalit\u00e0 e i mezzi del trattamento dei dati personali (ad esempio, nomi, indirizzi e-mail, ecc.).<\/p>\r\n\r\n\r\n\r\n<h3 class=\"wp-block-heading\">Revoca del consenso al trattamento dei dati<\/h3>\r\n\r\n\r\n\r\n<p>Molte operazioni di trattamento dei dati sono possibili solo con il vostro consenso esplicito. Potete revocare in qualsiasi momento il consenso che avete gi\u00e0 dato. \u00c8 sufficiente inviare un'e-mail informale. La legalit\u00e0 del trattamento dei dati effettuato fino alla revoca rimane inalterata.<\/p>\r\n\r\n\r\n\r\n<h3 class=\"wp-block-heading\">Diritto di presentare un reclamo all'autorit\u00e0 di vigilanza competente<\/h3>\r\n\r\n\r\n\r\n<p>In caso di violazione della legge sulla protezione dei dati, l'interessato ha il diritto di presentare un reclamo all'autorit\u00e0 di controllo competente. L'autorit\u00e0 di controllo competente per le questioni relative alla protezione dei dati \u00e8 il responsabile della protezione dei dati dello Stato federale in cui ha sede la nostra azienda. L'elenco dei responsabili della protezione dei dati e i loro dati di contatto sono disponibili al seguente link: <a href=\"https:\/\/www.bfdi.bund.de\/DE\/Infothek\/Anschriften_Links\/anschriften_links-node.html\" target=\"_blank\" rel=\"noreferrer noopener\">https:\/\/www.bfdi.bund.de\/DE\/Infothek\/Anschriften_Links\/anschriften_links-node.html<\/a>.<\/p>\r\n\r\n\r\n\r\n<h3 class=\"wp-block-heading\">Diritto alla portabilit\u00e0 dei dati<\/h3>\r\n\r\n\r\n\r\n<p>Avete il diritto di ottenere che i dati da noi trattati automaticamente sulla base del vostro consenso o in adempimento di un contratto siano consegnati a voi o a terzi in un formato comunemente utilizzato e leggibile da una macchina. Se richiedete il trasferimento diretto dei dati a un altro titolare del trattamento, questo avverr\u00e0 solo se tecnicamente fattibile.<\/p>\r\n\r\n\r\n\r\n<h3 class=\"wp-block-heading\">Crittografia SSL o TLS<\/h3>\r\n\r\n\r\n\r\n<p>Questo sito utilizza la crittografia SSL o TLS per motivi di sicurezza e per proteggere la trasmissione di contenuti riservati, come gli ordini o le richieste di informazioni che ci inviate in qualit\u00e0 di gestore del sito. \u00c8 possibile riconoscere una connessione crittografata dal fatto che la riga dell'indirizzo del browser passa da \"http:\/\/\" a \"https:\/\/\" e dal simbolo del lucchetto nella riga del browser.<\/p>\r\n\r\n\r\n\r\n<p>Se la crittografia SSL o TLS \u00e8 attivata, i dati che ci trasmettete non possono essere letti da terzi.<\/p>\r\n\r\n\r\n\r\n<h3 class=\"wp-block-heading\">Informazioni, blocco, cancellazione<\/h3>\r\n\r\n\r\n\r\n<p>Nell'ambito delle disposizioni di legge applicabili, avete il diritto di ottenere in qualsiasi momento informazioni gratuite sui vostri dati personali memorizzati, sulla loro origine e sul loro destinatario e sullo scopo del trattamento dei dati e, se necessario, il diritto alla correzione, al blocco o alla cancellazione di tali dati. Per ulteriori domande sul tema dei dati personali, potete contattarci in qualsiasi momento all'indirizzo indicato nella nota legale.<\/p>\r\n\r\n\r\n\r\n<h3 class=\"wp-block-heading\">Obiezione alle e-mail pubblicitarie<\/h3>\r\n\r\n\r\n\r\n<p>Con la presente ci opponiamo all'utilizzo dei dati di contatto pubblicati nell'ambito dell'obbligo di notifica legale per l'invio di materiale pubblicitario e informativo non richiesto. I gestori di questo sito web si riservano espressamente il diritto di intraprendere azioni legali in caso di invio non richiesto di informazioni pubblicitarie, come ad esempio le e-mail di spam.<\/p>\r\n\r\n\r\n\r\n<h2 class=\"wp-block-heading\">3. raccolta di dati sul nostro sito web<\/h2>\r\n\r\n\r\n\r\n<h3 class=\"wp-block-heading\">Biscotti<\/h3>\r\n\r\n\r\n\r\n<p>Alcune pagine Internet utilizzano i cosiddetti cookie. I cookie non danneggiano il computer e non contengono virus. I cookie vengono utilizzati per rendere il nostro sito web pi\u00f9 facile da usare, efficace e sicuro. I cookie sono piccoli file di testo che vengono memorizzati sul vostro computer e salvati dal vostro browser.<\/p>\r\n\r\n\r\n\r\n<p>La maggior parte dei cookie che utilizziamo sono i cosiddetti \"cookie di sessione\". Vengono cancellati automaticamente al termine della visita. Altri cookie rimangono memorizzati sul vostro dispositivo finale finch\u00e9 non li cancellate. Questi cookie ci permettono di riconoscere il vostro browser alla vostra prossima visita.<\/p>\r\n\r\n\r\n\r\n<p>Potete impostare il vostro browser in modo da essere informati sull'impostazione dei cookie e consentire i cookie solo in singoli casi, escludere l'accettazione dei cookie per determinati casi o in generale e attivare la cancellazione automatica dei cookie alla chiusura del browser. Se i cookie vengono disattivati, la funzionalit\u00e0 di questo sito web potrebbe essere limitata.<\/p>\r\n\r\n\r\n\r\n<p>I cookie necessari per eseguire il processo di comunicazione elettronica o per fornire determinate funzioni richieste dall'utente (ad es. la funzione carrello) vengono memorizzati sulla base dell'art. 6 par. 1 lett. f GDPR. Il gestore del sito web ha un interesse legittimo alla memorizzazione dei cookie per la fornitura tecnicamente priva di errori e ottimizzata dei propri servizi. Nella misura in cui vengono memorizzati altri cookie (ad es. cookie per l'analisi del comportamento di navigazione), questi vengono trattati separatamente nella presente informativa sulla privacy.<\/p>\r\n\r\n\r\n\r\n<h3 class=\"wp-block-heading\">File di log del server<\/h3>\r\n\r\n\r\n\r\n<p>Il fornitore delle pagine raccoglie e memorizza automaticamente le informazioni nei cosiddetti file di log del server, che il vostro browser ci trasmette automaticamente. Questi sono<\/p>\r\n\r\n\r\n\r\n<ul class=\"wp-block-list\">\r\n<li>Tipo e versione del browser<\/li>\r\n<li>Sistema operativo utilizzato<\/li>\r\n<li>URL di riferimento<\/li>\r\n<li>Nome host del computer di accesso<\/li>\r\n<li>Ora della richiesta del server<\/li>\r\n<li>Indirizzo IP<\/li>\r\n<\/ul>\r\n\r\n\r\n\r\n<p>Questi dati non vengono uniti ad altre fonti di dati.<\/p>\r\n\r\n\r\n\r\n<p>La base per il trattamento dei dati \u00e8 l'art. 6 comma 1 lett. f GDPR, che consente il trattamento dei dati per l'adempimento di un contratto o di misure precontrattuali.<\/p>\r\n\r\n\r\n\r\n<h3 class=\"wp-block-heading\">Modulo di contatto<\/h3>\r\n\r\n\r\n\r\n<p>Se ci inviate richieste di informazioni tramite il modulo di contatto, i vostri dati del modulo di richiesta, compresi i dati di contatto che ci avete fornito, saranno memorizzati da noi allo scopo di elaborare la richiesta e in caso di domande successive. Non trasmetteremo questi dati senza il vostro consenso. I dati inseriti nel modulo di contatto vengono pertanto elaborati esclusivamente sulla base del vostro consenso (art. 6 cpv. 1 lett. a GDPR). Potete revocare questo consenso in qualsiasi momento. \u00c8 sufficiente inviare un'e-mail informale. La legalit\u00e0 delle operazioni di trattamento dei dati effettuate fino alla revoca rimane inalterata. Conserveremo i dati forniti dall'utente nel modulo di contatto fino a quando l'utente non ne richieder\u00e0 la cancellazione, non revocher\u00e0 il consenso alla conservazione o non verr\u00e0 meno lo scopo della conservazione (ad esempio, dopo aver soddisfatto la richiesta). Le disposizioni di legge obbligatorie, in particolare i periodi di conservazione, rimangono inalterate.<\/p>\r\n\r\n\r\n\r\n<h2 class=\"wp-block-heading\">4. plugin e strumenti<\/h2>\r\n\r\n\r\n\r\n<h3 class=\"wp-block-heading\">Google Web Fonts<\/h3>\r\n\r\n\r\n\r\n<p>Questo sito utilizza i cosiddetti web font forniti da Google per la visualizzazione standardizzata dei caratteri. Quando si richiama una pagina, il browser carica i web font necessari nella cache del browser per visualizzare correttamente testi e caratteri.<\/p>\r\n\r\n\r\n\r\n<p>A tal fine, il browser utilizzato deve collegarsi ai server di Google. In questo modo Google viene informato che il nostro sito web \u00e8 stato visitato tramite il vostro indirizzo IP. L'utilizzo di Google Web Fonts avviene nell'interesse di una presentazione uniforme e accattivante delle nostre offerte online. Ci\u00f2 costituisce un interesse legittimo ai sensi dell'art. 6 comma 1 lett. f GDPR.<\/p>\r\n\r\n\r\n\r\n<p>Se il browser non supporta i font web, il computer utilizzer\u00e0 un font standard.<\/p>\r\n\r\n\r\n\r\n<p>Ulteriori informazioni su Google Web Fonts sono disponibili all'indirizzo <a href=\"https:\/\/developers.google.com\/fonts\/faq\" target=\"_blank\" rel=\"noreferrer noopener\">https:\/\/developers.google.com\/fonts\/faq<\/a> e nell'informativa sulla privacy di Google: <a href=\"https:\/\/www.google.com\/policies\/privacy\/\" target=\"_blank\" rel=\"noreferrer noopener\">https:\/\/www.google.com\/policies\/privacy\/<\/a>.<\/p>\r\n\r\n\r\n\r\n<h2 class=\"wp-block-heading\">Informazioni sul trattamento dei dati in relazione a Google Analytics<\/h2>\r\n\r\n\r\n\r\n<p>Diese Website benutzt Google Analytics, einen Webanalysedienst der Google Ireland Limited. Wenn der Verantwortlicher f\u00fcr die Datenverarbeitung auf dieser Website au\u00dferhalb des Europ\u00e4ischen Wirtschaftsraumes oder der Schweiz sitzt, dann erfolgt die Google Analytics Datenverarbeitung durch Google LLC. Google LLC und Google Ireland Limited werden nachfolgend &#8222;Google&#8220; genannt.<br \/><br \/>Google Analytics verwendet sog. &#8222;Cookies&#8220;, Textdateien, die auf dem Computer des Seitenbesuchers gespeichert werden und die eine Analyse der Benutzung der Website durch den Seitenbesucher erm\u00f6glichen. Die durch das Cookie erzeugten Informationen \u00fcber die Benutzung dieser Website durch den Seitenbesucher (einschlie\u00dflich der gek\u00fcrzten IP-Adresse) werden in der Regel an einen Server von Google \u00fcbertragen und dort gespeichert.<br \/><br \/>Google Analytics wird ausschlie\u00dflich mit der Erweiterung &#8222;_anonymizeIp()&#8220; auf dieser Website verwendet. Diese Erweiterung stellt eine Anonymisierung der IP-Adresse durch K\u00fcrzung sicher und schlie\u00dft eine direkte Personenbeziehbarkeit aus. Durch die Erweiterung wird die IP-Adresse von Google innerhalb von Mitgliedstaaten der Europ\u00e4ischen Union oder in anderen Vertragsstaaten des Abkommens \u00fcber den Europ\u00e4ischen Wirtschaftsraum zuvor gek\u00fcrzt. Nur in Ausnahmef\u00e4llen wird die volle IP-Adresse an einen Server von Google in den USA \u00fcbertragen und dort gek\u00fcrzt. Die im Rahmen von Google Analytics von dem entsprechenden Browser \u00fcbermittelte IP-Adresse wird nicht mit anderen Daten von Google zusammengef\u00fchrt.<br \/><br \/>Su incarico del gestore del sito web, Google utilizzer\u00e0 le informazioni raccolte per analizzare l'utilizzo del sito web, per redigere rapporti sulle attivit\u00e0 del sito web e per fornire al gestore del sito web altri servizi relativi alle attivit\u00e0 del sito web e all'utilizzo di Internet (art. 6 par. 1 lett. f GDPR). Il legittimo interesse all'elaborazione dei dati risiede nell'ottimizzazione di questo sito web, nell'analisi dell'utilizzo del sito web e nell'adattamento dei contenuti. Gli interessi degli utenti sono adeguatamente protetti dalla pseudonimizzazione.<br \/><br \/>Google LLC. \u00e8 certificata in base al cosiddetto Privacy Shield (voce di elenco <a href=\"https:\/\/www.privacyshield.gov\/participant?id=a2zt000000001L5AAI\" target=\"_blank\" rel=\"noreferrer noopener\">qui<\/a>) e garantisce su questa base un livello adeguato di protezione dei dati. I dati inviati e collegati ai cookie, agli identificatori dell'utente (ad es. ID utente) o agli ID pubblicitari vengono cancellati automaticamente dopo 50 mesi. I dati che hanno raggiunto il termine del periodo di conservazione vengono cancellati automaticamente una volta al mese.<br \/><br \/>Il rilevamento da parte di Google Analytics pu\u00f2 essere impedito dal visitatore del sito regolando le impostazioni dei cookie per questo sito web. La raccolta e la memorizzazione dell'indirizzo IP e dei dati generati dai cookie pu\u00f2 essere annullata in qualsiasi momento con effetto per il futuro. Il relativo plugin del browser pu\u00f2 essere scaricato e installato al seguente link: <a href=\"http:\/\/tools.google.com\/dlpage\/gaoptout\" target=\"_blank\" rel=\"noreferrer noopener\">https:\/\/tools.google.com\/dlpage\/gaoptout<\/a>.<br \/><br \/>Il visitatore del sito web pu\u00f2 impedire a Google Analytics di raccogliere dati su questo sito web cliccando sul seguente link <a>Collegamento<\/a> click. Viene impostato un cookie di opt-out che impedisce la futura raccolta di dati quando si visita questo sito web.<br \/><br \/>Ulteriori informazioni sull'utilizzo dei dati da parte di Google, sulle possibilit\u00e0 di impostazione e di opposizione, sono disponibili nell'informativa sulla privacy di Google (<a href=\"https:\/\/policies.google.com\/privacy\" target=\"_blank\" rel=\"noreferrer noopener\">https:\/\/policies.google.com\/privacy<\/a>) e nelle impostazioni per la visualizzazione di annunci pubblicitari da parte di Google (<a href=\"https:\/\/adssettings.google.com\/authenticated\" target=\"_blank\" rel=\"noreferrer noopener\">https:\/\/adssettings.google.com\/authenticated<\/a>).<\/p>\r\n\r\n\r\n\r\n<h2 class=\"wp-block-heading\">reCAPTCHA<\/h2>\r\n\r\n\r\n\r\n<p>Utilizziamo il servizio reCAPTCHA di Google LLC (Google) per proteggere le vostre richieste tramite il modulo Internet. L'interrogazione serve a distinguere se l'input \u00e8 stato effettuato da un essere umano o in modo abusivo da un'elaborazione automatica. L'interrogazione comprende l'invio a Google dell'indirizzo IP e di tutti gli altri dati richiesti da Google per il servizio reCAPTCHA. A tal fine, il vostro input viene trasmesso a Google e utilizzato. Tuttavia, il vostro indirizzo IP viene preventivamente abbreviato da Google all'interno degli Stati membri dell'Unione Europea o in altri Stati contraenti dell'Accordo sullo Spazio Economico Europeo. Solo in casi eccezionali l'indirizzo IP completo verr\u00e0 trasmesso a un server di Google negli Stati Uniti e l\u00ec troncato. Google utilizzer\u00e0 queste informazioni per conto del gestore di questo sito web per analizzare l'utilizzo di questo servizio da parte dell'utente. L'indirizzo IP trasmesso dal vostro browser nell'ambito di reCaptcha non verr\u00e0 unito ad altri dati di Google. A questi dati si applicano le disposizioni di Google in materia di protezione dei dati personali. Ulteriori informazioni sull'informativa sulla privacy di Google sono disponibili all'indirizzo <a href=\"https:\/\/policies.google.com\/privacy?hl=de\" target=\"_blank\" rel=\"noreferrer noopener\">https:\/\/policies.google.com\/privacy?hl=de<\/a><\/p>","protected":false},"excerpt":{"rendered":"<p>1. Datenschutz auf einen Blick Allgemeine Hinweise Die folgenden Hinweise geben einen einfachen \u00dcberblick dar\u00fcber, was mit Ihren personenbezogenen Daten passiert, wenn Sie unsere Website besuchen. Personenbezogene Daten sind alle Daten, mit denen Sie pers\u00f6nlich identifiziert werden k\u00f6nnen. Ausf\u00fchrliche Informationen zum Thema Datenschutz entnehmen Sie unserer unter diesem Text aufgef\u00fchrten Datenschutzerkl\u00e4rung. Datenerfassung auf unserer Website [&hellip;]<\/p>","protected":false},"author":1,"featured_media":0,"parent":0,"menu_order":0,"comment_status":"closed","ping_status":"closed","template":"","meta":{"_et_pb_use_builder":"off","_et_pb_old_content":"","_et_gb_content_width":"","footnotes":""},"class_list":["post-3157","page","type-page","status-publish","hentry"],"_links":{"self":[{"href":"https:\/\/www.planbwagen.de\/it\/wp-json\/wp\/v2\/pages\/3157","targetHints":{"allow":["GET"]}}],"collection":[{"href":"https:\/\/www.planbwagen.de\/it\/wp-json\/wp\/v2\/pages"}],"about":[{"href":"https:\/\/www.planbwagen.de\/it\/wp-json\/wp\/v2\/types\/page"}],"author":[{"embeddable":true,"href":"https:\/\/www.planbwagen.de\/it\/wp-json\/wp\/v2\/users\/1"}],"replies":[{"embeddable":true,"href":"https:\/\/www.planbwagen.de\/it\/wp-json\/wp\/v2\/comments?post=3157"}],"version-history":[{"count":4,"href":"https:\/\/www.planbwagen.de\/it\/wp-json\/wp\/v2\/pages\/3157\/revisions"}],"predecessor-version":[{"id":15001,"href":"https:\/\/www.planbwagen.de\/it\/wp-json\/wp\/v2\/pages\/3157\/revisions\/15001"}],"wp:attachment":[{"href":"https:\/\/www.planbwagen.de\/it\/wp-json\/wp\/v2\/media?parent=3157"}],"curies":[{"name":"wp","href":"https:\/\/api.w.org\/{rel}","templated":true}]}}