{"id":2356,"date":"2020-07-30T10:43:14","date_gmt":"2020-07-30T10:43:14","guid":{"rendered":"https:\/\/planbwagen.de\/?page_id=2356"},"modified":"2021-07-10T13:40:54","modified_gmt":"2021-07-10T11:40:54","slug":"holland-netherlands","status":"publish","type":"page","link":"https:\/\/www.planbwagen.de\/it\/olanda-paesi-bassi\/","title":{"rendered":"Olanda"},"content":{"rendered":"<p>[et_pb_section fb_built=&#8220;1&#8243; fullwidth=&#8220;on&#8220; admin_label=&#8220;Header&#8220; _builder_version=&#8220;4.5.1&#8243; background_enable_color=&#8220;off&#8220; background_image=&#8220;https:\/\/planbwagen.de\/wp-content\/uploads\/2020\/08\/Holland-1.jpg&#8220; custom_padding=&#8220;0px|0|0px|0px|false|false&#8220; locked=&#8220;off&#8220;][et_pb_fullwidth_header title=&#8220;Holland&#8220; text_orientation=&#8220;right&#8220; header_fullscreen=&#8220;on&#8220; background_overlay_color=&#8220;rgba(0,0,0,0)&#8220; logo_image_url=&#8220;https:\/\/planbwagen.de\/wp-content\/uploads\/2020\/08\/Holland-Windmill-Camouflagetzhjukl.png&#8220; _builder_version=&#8220;4.5.1&#8243; title_font=&#8220;DCC Ash|700|||||||&#8220; title_text_align=&#8220;center&#8220; title_font_size=&#8220;80px&#8220; title_line_height=&#8220;1.1em&#8220; content_font=&#8220;Noto Sans||||||||&#8220; content_line_height=&#8220;2em&#8220; subhead_font=&#8220;Montserrat||||||||&#8220; subhead_text_align=&#8220;center&#8220; subhead_font_size=&#8220;40px&#8220; subhead_line_height=&#8220;2em&#8220; background_enable_color=&#8220;off&#8220; background_enable_image=&#8220;off&#8220; parallax=&#8220;on&#8220; parallax_method=&#8220;on&#8220; custom_button_one=&#8220;on&#8220; button_one_text_size=&#8220;17px&#8220; button_one_text_color=&#8220;#ffffff&#8220; button_one_bg_color=&#8220;#ff6b5a&#8220; button_one_border_width=&#8220;7px&#8220; button_one_border_color=&#8220;#ff6b5a&#8220; button_one_border_radius=&#8220;100px&#8220; button_one_font=&#8220;Noto Sans|700||on|||||&#8220; button_one_use_icon=&#8220;off&#8220; module_alignment=&#8220;center&#8220; custom_margin=&#8220;|||&#8220; custom_padding=&#8220;0px||0px||true|&#8220; custom_padding_tablet=&#8220;100px|||&#8220; custom_padding_phone=&#8220;||20%||false|false&#8220; custom_padding_last_edited=&#8220;on|phone&#8220; animation_style=&#8220;slide&#8220; animation_direction=&#8220;top&#8220; title_font_size_tablet=&#8220;40px&#8220; title_font_size_phone=&#8220;&#8220; title_font_size_last_edited=&#8220;on|tablet&#8220; subhead_font_size_tablet=&#8220;&#8220; subhead_font_size_phone=&#8220;20px&#8220; subhead_font_size_last_edited=&#8220;on|desktop&#8220; subhead_line_height_tablet=&#8220;&#8220; subhead_line_height_phone=&#8220;1.5em&#8220; subhead_line_height_last_edited=&#8220;on|phone&#8220; title_text_shadow_style=&#8220;preset2&#8243; subhead_text_shadow_style=&#8220;preset2&#8243; button_one_text_color_hover=&#8220;#ffffff&#8220; button_one_border_color_hover=&#8220;#ff9e59&#8243; button_one_border_radius_hover=&#8220;100px&#8220; button_one_bg_color_hover=&#8220;#ff9e59&#8243; button_one_text_size__hover_enabled=&#8220;off&#8220; button_two_text_size__hover_enabled=&#8220;off&#8220; button_one_text_color__hover_enabled=&#8220;on&#8220; button_one_text_color__hover=&#8220;#ffffff&#8220; button_two_text_color__hover_enabled=&#8220;off&#8220; button_one_border_width__hover_enabled=&#8220;off&#8220; button_two_border_width__hover_enabled=&#8220;off&#8220; button_one_border_color__hover_enabled=&#8220;on&#8220; button_one_border_color__hover=&#8220;#ff9e59&#8243; button_two_border_color__hover_enabled=&#8220;off&#8220; button_one_border_radius__hover_enabled=&#8220;on&#8220; button_one_border_radius__hover=&#8220;100px&#8220; button_two_border_radius__hover_enabled=&#8220;off&#8220; button_one_letter_spacing__hover_enabled=&#8220;off&#8220; button_two_letter_spacing__hover_enabled=&#8220;off&#8220; button_one_bg_color__hover_enabled=&#8220;on&#8220; button_one_bg_color__hover=&#8220;#ff9e59&#8243; button_two_bg_color__hover_enabled=&#8220;off&#8220;][\/et_pb_fullwidth_header][\/et_pb_section][et_pb_section fb_built=&#8220;1&#8243; admin_label=&#8220;Tour CTA &#038; Information Section&#8220; _builder_version=&#8220;4.5.1&#8243; background_color=&#8220;#949292&#8243; custom_padding=&#8220;100px|0px|54px|0px|false|false&#8220;][et_pb_row _builder_version=&#8220;4.5.1&#8243; _module_preset=&#8220;default&#8220; animation_style=&#8220;slide&#8220; animation_direction=&#8220;top&#8220;][et_pb_column type=&#8220;4_4&#8243; _builder_version=&#8220;4.5.1&#8243; _module_preset=&#8220;default&#8220;][et_pb_blog fullwidth=&#8220;off&#8220; posts_number=&#8220;1000&#8243; include_categories=&#8220;7&#8243; masonry_tile_background_color=&#8220;#273037&#8243; _builder_version=&#8220;4.5.1&#8243; _module_preset=&#8220;default&#8220; header_font=&#8220;Montserrat|700|||||||&#8220; header_text_align=&#8220;center&#8220; header_text_color=&#8220;#ffffff&#8220; header_font_size=&#8220;24px&#8220; header_line_height=&#8220;1.5em&#8220; body_font=&#8220;Montserrat||||||||&#8220; body_text_align=&#8220;center&#8220; body_text_color=&#8220;#ffffff&#8220; body_font_size=&#8220;17px&#8220; body_line_height=&#8220;1.9em&#8220; meta_font=&#8220;Montserrat|700|||||||&#8220; meta_text_align=&#8220;center&#8220; meta_text_color=&#8220;#949292&#8243; read_more_font=&#8220;Montserrat||||||||&#8220; pagination_font=&#8220;Montserrat||||||||&#8220; transform_scale=&#8220;97%|97%&#8220; text_orientation=&#8220;center&#8220; border_radii=&#8220;on|7px|7px|7px|7px&#8220; border_width_all=&#8220;0px&#8220; box_shadow_style=&#8220;preset1&#8243;][\/et_pb_blog][\/et_pb_column][\/et_pb_row][et_pb_row _builder_version=&#8220;4.5.1&#8243; _module_preset=&#8220;default&#8220;][et_pb_column type=&#8220;4_4&#8243; _builder_version=&#8220;4.5.1&#8243; _module_preset=&#8220;default&#8220;][et_pb_divider color=&#8220;#ffffff&#8220; _builder_version=&#8220;4.5.1&#8243; _module_preset=&#8220;default&#8220; min_height=&#8220;140px&#8220;][\/et_pb_divider][et_pb_text _builder_version=&#8220;4.5.1&#8243; _module_preset=&#8220;default&#8220; text_text_color=&#8220;#ffffff&#8220; header_text_color=&#8220;#ffffff&#8220; header_2_text_color=&#8220;#ffffff&#8220; header_3_text_color=&#8220;#ffffff&#8220;]<\/p>\n<h1><strong>Con la VW California in Olanda<\/strong><\/h1>\n<p><strong><\/strong><\/p>\n<h2><strong>L'Olanda \u00e8 la citt\u00e0 pi\u00f9 cool del mondo<\/strong><\/h2>\n<p>Olanda o Paesi Bassi - quale? In realt\u00e0, non importa: l'importante \u00e8 la bellezza e l'importante \u00e8 il mare. Mentiremmo se dicessimo che per me e Torgit \u00e8 diverso. L'Olanda, infatti, combina molto di ci\u00f2 che amiamo: Coste, spiagge, mare, campeggio e... libert\u00e0.<\/p>\n<p>In Olanda \u00e8 tutto formaggio, non \u00e8 vero? Beh, non tutto. Lo sviluppo delle piste ciclabili in Olanda \u00e8 particolarmente impressionante - la citt\u00e0 di Colonia potrebbe davvero prendere esempio. Ma ci\u00f2 che abbiamo in comune con gli olandesi \u00e8 il campeggio. Li si vede regolarmente sulle autostrade tedesche con i loro camper, facilmente riconoscibili dalle targhe gialle. A volte Torgit e io abbiamo la sensazione che 50% dei 17,28 milioni di abitanti dell'Olanda siano in vacanza nello stesso momento, quando siamo in viaggio verso casa.<\/p>\n<p>La cosa migliore del campeggio con il proprio furgone? Devi solo preoccuparti di trovare un campeggio e del cibo, tutto il resto \u00e8 sempre con te. Il nostro VW California T5.1 \"Hector\" \u00e8 stato con noi fin dall'inizio, anche se poi ci siamo separati. Cos\u00ec abbiamo vissuto insieme l'avventura Olanda, che \u00e8 stata anche la prima del tour pi\u00f9 grande.<\/p>\n<p>&nbsp;<\/p>\n<h2><strong>I luoghi pi\u00f9 belli del mare<\/strong><\/h2>\n<p><strong><\/strong><\/p>\n<h3><strong>L'Aia<\/strong><\/h3>\n<p>L'Aia - Durante questa visita, Torgit e io non siamo riusciti a vedere il centro storico e i musei dell'Aia - dove sono esposte anche opere di Rembrandt, Vermeer e Mondrian - e - con nostro grande rammarico - non abbiamo avuto abbastanza tempo per conoscere altri campeggi a Scheveningen. Anche se ci sarebbe piaciuto molto, visto che entrambi abbiamo un debole per la bella architettura. Forse la prossima volta, perch\u00e9 questa non sar\u00e0 di certo la nostra ultima vacanza nel rinfrescante Mare del Nord. Il molo di Scheveningen ci \u00e8 stato consigliato come \"must see\" dell'Aia - ci siamo fermati anche qui e ci siamo goduti la tranquillit\u00e0 della costa del Mare del Nord.<\/p>\n<p>&nbsp;<\/p>\n<h3><strong>Zelanda<\/strong><\/h3>\n<p>La Zelanda, tra l'altro, non ha nulla a che fare con la Nuova Zelanda: \u00e8 una provincia dell'Olanda che ho visitato l'ultima volta qualche decennio fa. Sono cambiate molte cose dalla mia ultima visita. Alcuni di voi conosceranno la citt\u00e0 di Renesse, che \u00e8 diventata un punto di riferimento per i turisti e i fotografi. Tuttavia, noi non volevamo andarci - dopo tutto, non siamo interessati ad andarci.<\/p>\n<p>Curiosit\u00e0: la distanza tra Amsterdam e Zeeland \u00e8 di <span>132 km. <\/span><\/p>\n<p>&nbsp;<\/p>\n<h3><strong>Sulla spiaggia di Breskens <\/strong><\/h3>\n<p>Dove si trova Breskens in Olanda? Breskens si trova nella provincia di Zeeland ed \u00e8 la citt\u00e0 pi\u00f9 importante dell'Olanda. <span>distretto pi\u00f9 settentrionale del comune di Sluis, nello Zeeuws Vlaanderen. Il nostro posto preferito? La Beachhouse 25. Inizialmente volevamo visitare anche Caf\u00e9 Aan Zee, ma poi siamo stati attratti relativamente presto dal sud, per conoscere meglio il mare. Ecco perch\u00e9 Breskens \u00e8 stata la nostra ultima tappa in Olanda prima di attraversare il confine con la Normandia. Qui abbiamo anche un buon consiglio per chi sta pensando a Breskens come meta di vacanza - potete leggerlo nel relativo post. La cittadina ha spiagge davvero belle, un grazioso faro e, se volete, potete anche prendere il traghetto da Breskens a Vlissingen al porto. <\/span><\/p>\n<p>Sapevate che la bandiera dell'Olanda \u00e8 la pi\u00f9 antica delle bandiere tricolori? La sua origine pu\u00f2 essere fatta risalire alla bandiera del principe arancione-bianco-blu. Questa fu utilizzata per il Watergeusen durante la ribellione olandese contro gli assedianti spagnoli, ribellione che diede inizio alla Guerra degli 80 anni.<\/p>\n<p>Torgit e io ci recheremo sicuramente di nuovo nei Paesi Bassi in futuro e poi esploreremo anche altre citt\u00e0 olandesi. Ma non importa dove andremo: Speriamo che vi unirete di nuovo a noi!<\/p>\n<p>[\/et_pb_text][\/et_pb_column][\/et_pb_row][\/et_pb_section]<\/p>","protected":false},"excerpt":{"rendered":"<p>[et_pb_section fb_built=&#8220;1&#8243; fullwidth=&#8220;on&#8220; admin_label=&#8220;Header&#8220; _builder_version=&#8220;4.5.1&#8243; background_enable_color=&#8220;off&#8220; background_image=&#8220;https:\/\/planbwagen.de\/wp-content\/uploads\/2020\/08\/Holland-1.jpg&#8220; custom_padding=&#8220;0px|0|0px|0px|false|false&#8220; locked=&#8220;off&#8220;][et_pb_fullwidth_header title=&#8220;Holland&#8220; text_orientation=&#8220;right&#8220; header_fullscreen=&#8220;on&#8220; background_overlay_color=&#8220;rgba(0,0,0,0)&#8220; logo_image_url=&#8220;https:\/\/planbwagen.de\/wp-content\/uploads\/2020\/08\/Holland-Windmill-Camouflagetzhjukl.png&#8220; _builder_version=&#8220;4.5.1&#8243; title_font=&#8220;DCC Ash|700|||||||&#8220; title_text_align=&#8220;center&#8220; title_font_size=&#8220;80px&#8220; title_line_height=&#8220;1.1em&#8220; content_font=&#8220;Noto Sans||||||||&#8220; content_line_height=&#8220;2em&#8220; subhead_font=&#8220;Montserrat||||||||&#8220; subhead_text_align=&#8220;center&#8220; subhead_font_size=&#8220;40px&#8220; subhead_line_height=&#8220;2em&#8220; background_enable_color=&#8220;off&#8220; background_enable_image=&#8220;off&#8220; parallax=&#8220;on&#8220; parallax_method=&#8220;on&#8220; custom_button_one=&#8220;on&#8220; button_one_text_size=&#8220;17px&#8220; button_one_text_color=&#8220;#ffffff&#8220; button_one_bg_color=&#8220;#ff6b5a&#8220; button_one_border_width=&#8220;7px&#8220; button_one_border_color=&#8220;#ff6b5a&#8220; button_one_border_radius=&#8220;100px&#8220; button_one_font=&#8220;Noto Sans|700||on|||||&#8220; button_one_use_icon=&#8220;off&#8220; module_alignment=&#8220;center&#8220; custom_margin=&#8220;|||&#8220; custom_padding=&#8220;0px||0px||true|&#8220; custom_padding_tablet=&#8220;100px|||&#8220; custom_padding_phone=&#8220;||20%||false|false&#8220; custom_padding_last_edited=&#8220;on|phone&#8220; animation_style=&#8220;slide&#8220; animation_direction=&#8220;top&#8220; title_font_size_tablet=&#8220;40px&#8220; title_font_size_phone=&#8220;&#8220; title_font_size_last_edited=&#8220;on|tablet&#8220; subhead_font_size_tablet=&#8220;&#8220; subhead_font_size_phone=&#8220;20px&#8220; subhead_font_size_last_edited=&#8220;on|desktop&#8220; [&hellip;]<\/p>","protected":false},"author":1,"featured_media":0,"parent":0,"menu_order":0,"comment_status":"closed","ping_status":"closed","template":"","meta":{"_et_pb_use_builder":"on","_et_pb_old_content":"","_et_gb_content_width":"","footnotes":""},"class_list":["post-2356","page","type-page","status-publish","hentry"],"_links":{"self":[{"href":"https:\/\/www.planbwagen.de\/it\/wp-json\/wp\/v2\/pages\/2356","targetHints":{"allow":["GET"]}}],"collection":[{"href":"https:\/\/www.planbwagen.de\/it\/wp-json\/wp\/v2\/pages"}],"about":[{"href":"https:\/\/www.planbwagen.de\/it\/wp-json\/wp\/v2\/types\/page"}],"author":[{"embeddable":true,"href":"https:\/\/www.planbwagen.de\/it\/wp-json\/wp\/v2\/users\/1"}],"replies":[{"embeddable":true,"href":"https:\/\/www.planbwagen.de\/it\/wp-json\/wp\/v2\/comments?post=2356"}],"version-history":[{"count":30,"href":"https:\/\/www.planbwagen.de\/it\/wp-json\/wp\/v2\/pages\/2356\/revisions"}],"predecessor-version":[{"id":13709,"href":"https:\/\/www.planbwagen.de\/it\/wp-json\/wp\/v2\/pages\/2356\/revisions\/13709"}],"wp:attachment":[{"href":"https:\/\/www.planbwagen.de\/it\/wp-json\/wp\/v2\/media?parent=2356"}],"curies":[{"name":"wp","href":"https:\/\/api.w.org\/{rel}","templated":true}]}}