{"id":2344,"date":"2020-07-30T10:32:37","date_gmt":"2020-07-30T10:32:37","guid":{"rendered":"https:\/\/planbwagen.de\/?page_id=2344"},"modified":"2021-07-10T13:37:03","modified_gmt":"2021-07-10T11:37:03","slug":"frankreich-france","status":"publish","type":"page","link":"https:\/\/www.planbwagen.de\/it\/francia-francia\/","title":{"rendered":"Francia"},"content":{"rendered":"<p>[et_pb_section fb_built=&#8220;1&#8243; fullwidth=&#8220;on&#8220; admin_label=&#8220;Header&#8220; _builder_version=&#8220;4.5.1&#8243; background_enable_color=&#8220;off&#8220; background_image=&#8220;https:\/\/planbwagen.de\/wp-content\/uploads\/2020\/08\/Frankreich-1.jpg&#8220; custom_padding=&#8220;0px|0|0px|0px|false|false&#8220; locked=&#8220;off&#8220;][et_pb_fullwidth_header title=&#8220;Frankreich&#8220; text_orientation=&#8220;right&#8220; header_fullscreen=&#8220;on&#8220; background_overlay_color=&#8220;rgba(0,0,0,0)&#8220; logo_image_url=&#8220;https:\/\/planbwagen.de\/wp-content\/uploads\/2020\/08\/Frankreich-France-Eiffel-Tower-Cadfghjmouflage.png&#8220; _builder_version=&#8220;4.5.1&#8243; title_font=&#8220;DCC Ash|700|||||||&#8220; title_text_align=&#8220;center&#8220; title_font_size=&#8220;80px&#8220; title_line_height=&#8220;1.1em&#8220; content_font=&#8220;Montserrat||||||||&#8220; content_line_height=&#8220;2em&#8220; subhead_font=&#8220;Ash||||||||&#8220; subhead_text_align=&#8220;center&#8220; subhead_font_size=&#8220;40px&#8220; subhead_line_height=&#8220;2em&#8220; background_enable_color=&#8220;off&#8220; background_enable_image=&#8220;off&#8220; parallax=&#8220;on&#8220; parallax_method=&#8220;on&#8220; custom_button_one=&#8220;on&#8220; button_one_text_size=&#8220;17px&#8220; button_one_text_color=&#8220;#ffffff&#8220; button_one_bg_color=&#8220;#ff6b5a&#8220; button_one_border_width=&#8220;7px&#8220; button_one_border_color=&#8220;#ff6b5a&#8220; button_one_border_radius=&#8220;100px&#8220; button_one_font=&#8220;Noto Sans|700||on|||||&#8220; button_one_use_icon=&#8220;off&#8220; module_alignment=&#8220;center&#8220; custom_margin=&#8220;|||&#8220; custom_padding=&#8220;0px||0px||true|&#8220; custom_padding_tablet=&#8220;100px|||&#8220; custom_padding_phone=&#8220;||20%||false|false&#8220; custom_padding_last_edited=&#8220;on|phone&#8220; animation_style=&#8220;slide&#8220; animation_direction=&#8220;top&#8220; title_font_size_tablet=&#8220;40px&#8220; title_font_size_phone=&#8220;&#8220; title_font_size_last_edited=&#8220;on|tablet&#8220; subhead_font_size_tablet=&#8220;&#8220; subhead_font_size_phone=&#8220;20px&#8220; subhead_font_size_last_edited=&#8220;on|desktop&#8220; subhead_line_height_tablet=&#8220;&#8220; subhead_line_height_phone=&#8220;1.5em&#8220; subhead_line_height_last_edited=&#8220;on|phone&#8220; title_text_shadow_style=&#8220;preset2&#8243; subhead_text_shadow_style=&#8220;preset2&#8243; button_one_text_color_hover=&#8220;#ffffff&#8220; button_one_border_color_hover=&#8220;#ff9e59&#8243; button_one_border_radius_hover=&#8220;100px&#8220; button_one_bg_color_hover=&#8220;#ff9e59&#8243; button_one_text_size__hover_enabled=&#8220;off&#8220; button_two_text_size__hover_enabled=&#8220;off&#8220; button_one_text_color__hover_enabled=&#8220;on&#8220; button_one_text_color__hover=&#8220;#ffffff&#8220; button_two_text_color__hover_enabled=&#8220;off&#8220; button_one_border_width__hover_enabled=&#8220;off&#8220; button_two_border_width__hover_enabled=&#8220;off&#8220; button_one_border_color__hover_enabled=&#8220;on&#8220; button_one_border_color__hover=&#8220;#ff9e59&#8243; button_two_border_color__hover_enabled=&#8220;off&#8220; button_one_border_radius__hover_enabled=&#8220;on&#8220; button_one_border_radius__hover=&#8220;100px&#8220; button_two_border_radius__hover_enabled=&#8220;off&#8220; button_one_letter_spacing__hover_enabled=&#8220;off&#8220; button_two_letter_spacing__hover_enabled=&#8220;off&#8220; button_one_bg_color__hover_enabled=&#8220;on&#8220; button_one_bg_color__hover=&#8220;#ff9e59&#8243; button_two_bg_color__hover_enabled=&#8220;off&#8220;][\/et_pb_fullwidth_header][\/et_pb_section][et_pb_section fb_built=&#8220;1&#8243; admin_label=&#8220;Tour CTA &#038; Information Section&#8220; _builder_version=&#8220;4.5.1&#8243; background_color=&#8220;#949292&#8243; custom_padding=&#8220;100px|0px|54px|0px|false|false&#8220;][et_pb_row _builder_version=&#8220;4.5.1&#8243; _module_preset=&#8220;default&#8220; animation_style=&#8220;slide&#8220; animation_direction=&#8220;top&#8220;][et_pb_column type=&#8220;4_4&#8243; _builder_version=&#8220;4.5.1&#8243; _module_preset=&#8220;default&#8220;][et_pb_blog fullwidth=&#8220;off&#8220; posts_number=&#8220;1000&#8243; include_categories=&#8220;10&#8243; masonry_tile_background_color=&#8220;#273037&#8243; _builder_version=&#8220;4.5.1&#8243; _module_preset=&#8220;default&#8220; header_font=&#8220;Montserrat|700|||||||&#8220; header_text_align=&#8220;center&#8220; header_text_color=&#8220;#ffffff&#8220; header_font_size=&#8220;24px&#8220; header_line_height=&#8220;1.5em&#8220; body_font=&#8220;Montserrat||||||||&#8220; body_text_align=&#8220;center&#8220; body_text_color=&#8220;#ffffff&#8220; body_font_size=&#8220;17px&#8220; body_line_height=&#8220;1.9em&#8220; meta_font=&#8220;Montserrat|700|||||||&#8220; meta_text_align=&#8220;center&#8220; meta_text_color=&#8220;#949292&#8243; read_more_font=&#8220;Montserrat||||||||&#8220; pagination_font=&#8220;Montserrat||||||||&#8220; transform_scale=&#8220;97%|97%&#8220; text_orientation=&#8220;center&#8220; border_radii=&#8220;on|7px|7px|7px|7px&#8220; border_width_all=&#8220;0px&#8220; box_shadow_style=&#8220;preset1&#8243;][\/et_pb_blog][\/et_pb_column][\/et_pb_row][et_pb_row _builder_version=&#8220;4.5.1&#8243; _module_preset=&#8220;default&#8220;][et_pb_column type=&#8220;4_4&#8243; _builder_version=&#8220;4.5.1&#8243; _module_preset=&#8220;default&#8220;][et_pb_divider color=&#8220;#ffffff&#8220; _builder_version=&#8220;4.5.1&#8243; _module_preset=&#8220;default&#8220; min_height=&#8220;140px&#8220;][\/et_pb_divider][et_pb_text _builder_version=&#8220;4.5.1&#8243; _module_preset=&#8220;default&#8220; text_text_color=&#8220;#ffffff&#8220; header_text_color=&#8220;#ffffff&#8220; header_2_text_color=&#8220;#ffffff&#8220; header_3_text_color=&#8220;#ffffff&#8220;]<\/p>\n<h1><strong>Con il camper attraverso la Francia<\/strong><\/h1>\n<p><strong><\/strong><\/p>\n<h2><strong>Hector parte con un furgone da campeggio in Francia<\/strong><\/h2>\n<p>Nel settembre 2019 abbiamo viaggiato in Francia con la nostra VW California \"Hector\". Abbiamo esplorato la Francia settentrionale e quella occidentale in particolare. In totale, siamo stati in viaggio per oltre 3 settimane, 22 notti per l'esattezza. Abbiamo scelto vari luoghi e attrazioni in Normandia e Bretagna come destinazioni del nostro viaggio.<\/p>\n<p>Abbiamo guidato lungo la costa e visitato, ad esempio, la famosa Omaha Beach, Le Mont-Saint-Michel e la citt\u00e0 portuale di Nantes.<\/p>\n<p>L'Aremorica, l'antico nome delle regioni della Normandia e della Bretagna, ci ha entusiasmato molto. Ma anche le zone occidentali della Francia, al di fuori di queste due regioni, ci hanno riservato avventure e nuove esperienze. Ho trovato particolarmente suggestiva la Dune du Pilat, situata nel dipartimento della Gironda.<\/p>\n<p>&nbsp;<\/p>\n<h2><strong>Un furgone da campeggio - La cosa giusta per noi e per la nostra vacanza<\/strong><\/h2>\n<p>Ancora una volta, il viaggio ci ha dimostrato che la migliore sistemazione per noi in vacanza non \u00e8 un hotel o un appartamento, ma una casa mobile. Con il nostro furgone da campeggio abbiamo solo una \"stanza\" a disposizione, ma l'indipendenza locale del campeggio compensa tutto questo. Dopotutto, con quale hotel o appartamento per le vacanze si pu\u00f2 guidare direttamente lungo la costa e organizzare il proprio soggiorno in modo assolutamente personalizzato secondo i propri desideri? - Un bus da campeggio pu\u00f2 farlo con facilit\u00e0!  Inoltre, le piazzole sono variabili, quindi non c'\u00e8 possibilit\u00e0 di annoiarsi e nulla ostacola la stesura di interessanti resoconti di viaggio.<\/p>\n<p>Se state pensando di acquistare un camper, dovreste dare un'occhiata pi\u00f9 da vicino allo Space Camper. Abbiamo immatricolato il nostro \"Butch\" nel luglio di quest'anno. Per noi \u00e8 il successore del VW California \"Hector\", con cui abbiamo viaggiato in Francia.<\/p>\n<p><strong><em>\u00a0<\/em><\/strong><\/p>\n<h2><strong>Scopriamo la Normandia con il nostro camper<\/strong><\/h2>\n<p><strong><\/strong><\/p>\n<h3><strong>Le Mont Saint Michel - anch'esso in Normandia: \"Piccolo ma potente\".<\/strong><\/h3>\n<p>Con i suoi 30 abitanti, ci si potrebbe aspettare uno di quei villaggi poco spettacolari che probabilmente esistono ovunque nel mondo. Ma come abbiamo scoperto durante il nostro viaggio, non \u00e8 cos\u00ec. Al contrario, la vacanza ci ha insegnato che un soggiorno a \"Le Mont Saint Michel\" vale sicuramente la pena. Oltre alla parte del paese che si trova sulla terraferma, ci sono parti del paese che si trovano su una piccola isola rocciosa - decisamente molto speciale!<\/p>\n<p><strong>\u00a0<\/strong><\/p>\n<h3><strong>Omaha Beach - La Normandia come scenario della Seconda Guerra Mondiale<\/strong><\/h3>\n<p>Alcuni di voi probabilmente conoscono ancora Omaha Beach dalle lezioni di storia. Abbiamo deciso di visitare questo luogo storicamente significativo con il nostro bus da campeggio durante il nostro viaggio di andata e ritorno attraverso la Francia. \u00c8 proprio qui che le truppe statunitensi sbarcarono in Normandia il 6 giugno 1945, il cosiddetto D-Day.  Contrariamente agli eventi drammatici di quel periodo, abbiamo trascorso una giornata piacevole, rilassata ma comunque contemplativa sulla spiaggia e abbiamo potuto godere della natura.<\/p>\n<p><strong>\u00a0<\/strong><\/p>\n<h2><strong>Punti di forza nell'ovest della Francia -<\/strong><\/h2>\n<h2><strong>Tutto ci\u00f2 che serve per essere felici \u00e8 un camper<\/strong><\/h2>\n<p><strong><\/strong><\/p>\n<h3><strong>La regione vinicola del M\u00e9doc e la Dune Du Pilat<\/strong><\/h3>\n<p>Situata nella parte occidentale della Francia, la Dune Du Pilat \u00e8 la pi\u00f9 grande duna di sabbia mobile d'Europa e un luogo che ci fa capire la potenza e la bellezza della natura. Per raggiungere la duna, abbiamo attraversato la regione del M\u00e9doc, una delle zone pi\u00f9 famose per la coltivazione del vino in Francia.  Il nostro campeggio si trovava nelle immediate vicinanze della Dune Du Pilat, quindi la mattina \u00e8 stato possibile salire sulla duna, una delle mie attivit\u00e0 preferite di tutta la vacanza in campeggio, senza grossi disagi. Sulla duna stessa si gode di una vista indimenticabile. Da un lato c'\u00e8 il mare, dall'altro le cime degli alberi di una foresta proprio accanto alla duna.<\/p>\n<p>Una visione che si \u00e8 impressa nel mio intimo e che dimostra che chi si mette sulla strada della felicit\u00e0 pu\u00f2 anche trovarla. Per me, il nostro bus da campeggio \u00e8 il veicolo che mi porta a molti dei momenti pi\u00f9 felici della mia vita. \u00c8, per cos\u00ec dire, uno strumento di allenamento per il mio muscolo della felicit\u00e0.<\/p>\n<p>[\/et_pb_text][\/et_pb_column][\/et_pb_row][\/et_pb_section]<\/p>","protected":false},"excerpt":{"rendered":"<p>[et_pb_section fb_built=&#8220;1&#8243; fullwidth=&#8220;on&#8220; admin_label=&#8220;Header&#8220; _builder_version=&#8220;4.5.1&#8243; background_enable_color=&#8220;off&#8220; background_image=&#8220;https:\/\/planbwagen.de\/wp-content\/uploads\/2020\/08\/Frankreich-1.jpg&#8220; custom_padding=&#8220;0px|0|0px|0px|false|false&#8220; locked=&#8220;off&#8220;][et_pb_fullwidth_header title=&#8220;Frankreich&#8220; text_orientation=&#8220;right&#8220; header_fullscreen=&#8220;on&#8220; background_overlay_color=&#8220;rgba(0,0,0,0)&#8220; logo_image_url=&#8220;https:\/\/planbwagen.de\/wp-content\/uploads\/2020\/08\/Frankreich-France-Eiffel-Tower-Cadfghjmouflage.png&#8220; _builder_version=&#8220;4.5.1&#8243; title_font=&#8220;DCC Ash|700|||||||&#8220; title_text_align=&#8220;center&#8220; title_font_size=&#8220;80px&#8220; title_line_height=&#8220;1.1em&#8220; content_font=&#8220;Montserrat||||||||&#8220; content_line_height=&#8220;2em&#8220; subhead_font=&#8220;Ash||||||||&#8220; subhead_text_align=&#8220;center&#8220; subhead_font_size=&#8220;40px&#8220; subhead_line_height=&#8220;2em&#8220; background_enable_color=&#8220;off&#8220; background_enable_image=&#8220;off&#8220; parallax=&#8220;on&#8220; parallax_method=&#8220;on&#8220; custom_button_one=&#8220;on&#8220; button_one_text_size=&#8220;17px&#8220; button_one_text_color=&#8220;#ffffff&#8220; button_one_bg_color=&#8220;#ff6b5a&#8220; button_one_border_width=&#8220;7px&#8220; button_one_border_color=&#8220;#ff6b5a&#8220; button_one_border_radius=&#8220;100px&#8220; button_one_font=&#8220;Noto Sans|700||on|||||&#8220; button_one_use_icon=&#8220;off&#8220; module_alignment=&#8220;center&#8220; custom_margin=&#8220;|||&#8220; custom_padding=&#8220;0px||0px||true|&#8220; custom_padding_tablet=&#8220;100px|||&#8220; custom_padding_phone=&#8220;||20%||false|false&#8220; custom_padding_last_edited=&#8220;on|phone&#8220; animation_style=&#8220;slide&#8220; animation_direction=&#8220;top&#8220; title_font_size_tablet=&#8220;40px&#8220; title_font_size_phone=&#8220;&#8220; title_font_size_last_edited=&#8220;on|tablet&#8220; subhead_font_size_tablet=&#8220;&#8220; subhead_font_size_phone=&#8220;20px&#8220; subhead_font_size_last_edited=&#8220;on|desktop&#8220; subhead_line_height_tablet=&#8220;&#8220; [&hellip;]<\/p>","protected":false},"author":1,"featured_media":0,"parent":0,"menu_order":0,"comment_status":"closed","ping_status":"closed","template":"","meta":{"_et_pb_use_builder":"on","_et_pb_old_content":"","_et_gb_content_width":"","footnotes":""},"class_list":["post-2344","page","type-page","status-publish","hentry"],"_links":{"self":[{"href":"https:\/\/www.planbwagen.de\/it\/wp-json\/wp\/v2\/pages\/2344","targetHints":{"allow":["GET"]}}],"collection":[{"href":"https:\/\/www.planbwagen.de\/it\/wp-json\/wp\/v2\/pages"}],"about":[{"href":"https:\/\/www.planbwagen.de\/it\/wp-json\/wp\/v2\/types\/page"}],"author":[{"embeddable":true,"href":"https:\/\/www.planbwagen.de\/it\/wp-json\/wp\/v2\/users\/1"}],"replies":[{"embeddable":true,"href":"https:\/\/www.planbwagen.de\/it\/wp-json\/wp\/v2\/comments?post=2344"}],"version-history":[{"count":24,"href":"https:\/\/www.planbwagen.de\/it\/wp-json\/wp\/v2\/pages\/2344\/revisions"}],"predecessor-version":[{"id":13705,"href":"https:\/\/www.planbwagen.de\/it\/wp-json\/wp\/v2\/pages\/2344\/revisions\/13705"}],"wp:attachment":[{"href":"https:\/\/www.planbwagen.de\/it\/wp-json\/wp\/v2\/media?parent=2344"}],"curies":[{"name":"wp","href":"https:\/\/api.w.org\/{rel}","templated":true}]}}