{"id":2336,"date":"2020-07-30T10:24:31","date_gmt":"2020-07-30T10:24:31","guid":{"rendered":"https:\/\/planbwagen.de\/?page_id=2336"},"modified":"2020-12-04T10:26:29","modified_gmt":"2020-12-04T10:26:29","slug":"deutschland-germany","status":"publish","type":"page","link":"https:\/\/www.planbwagen.de\/it\/germania-germania\/","title":{"rendered":"Germania"},"content":{"rendered":"<p>[et_pb_section fb_built=&#8220;1&#8243; fullwidth=&#8220;on&#8220; admin_label=&#8220;Header&#8220; _builder_version=&#8220;4.5.1&#8243; background_enable_color=&#8220;off&#8220; background_image=&#8220;https:\/\/planbwagen.de\/wp-content\/uploads\/2020\/08\/Deutschland-1.jpg&#8220; custom_padding=&#8220;0px|0|0px|0px|false|false&#8220; locked=&#8220;off&#8220;][et_pb_fullwidth_header title=&#8220;Deutschland&#8220; text_orientation=&#8220;right&#8220; header_fullscreen=&#8220;on&#8220; background_overlay_color=&#8220;rgba(0,0,0,0)&#8220; logo_image_url=&#8220;https:\/\/www.planbwagen.de\/wp-content\/uploads\/2020\/09\/Germany-Brandenburg-Gate-Camouflage-Kopie.png&#8220; content_max_width_tablet=&#8220;&#8220; content_max_width_phone=&#8220;&#8220; content_max_width_last_edited=&#8220;on|phone&#8220; _builder_version=&#8220;4.5.1&#8243; title_font=&#8220;DCC Ash|700|||||||&#8220; title_text_align=&#8220;center&#8220; title_font_size=&#8220;80px&#8220; title_line_height=&#8220;1.1em&#8220; content_font=&#8220;Noto Sans||||||||&#8220; content_line_height=&#8220;2em&#8220; subhead_font=&#8220;Ash||||||||&#8220; subhead_text_align=&#8220;center&#8220; subhead_font_size=&#8220;40px&#8220; subhead_line_height=&#8220;2em&#8220; background_enable_color=&#8220;off&#8220; background_enable_image=&#8220;off&#8220; parallax=&#8220;on&#8220; parallax_method=&#8220;on&#8220; custom_button_one=&#8220;on&#8220; button_one_text_size=&#8220;17px&#8220; button_one_text_color=&#8220;#ffffff&#8220; button_one_bg_color=&#8220;#ff6b5a&#8220; button_one_border_width=&#8220;7px&#8220; button_one_border_color=&#8220;#ff6b5a&#8220; button_one_border_radius=&#8220;100px&#8220; button_one_font=&#8220;Noto Sans|700||on|||||&#8220; button_one_use_icon=&#8220;off&#8220; module_alignment=&#8220;center&#8220; custom_margin=&#8220;|||&#8220; custom_padding=&#8220;0px||0px||true|&#8220; custom_padding_tablet=&#8220;100px|||&#8220; custom_padding_phone=&#8220;||20%||false|false&#8220; custom_padding_last_edited=&#8220;on|phone&#8220; animation_style=&#8220;slide&#8220; animation_direction=&#8220;top&#8220; title_font_size_tablet=&#8220;40px&#8220; title_font_size_phone=&#8220;&#8220; title_font_size_last_edited=&#8220;on|tablet&#8220; subhead_font_size_tablet=&#8220;&#8220; subhead_font_size_phone=&#8220;20px&#8220; subhead_font_size_last_edited=&#8220;on|desktop&#8220; subhead_line_height_tablet=&#8220;&#8220; subhead_line_height_phone=&#8220;1.5em&#8220; subhead_line_height_last_edited=&#8220;on|phone&#8220; title_text_shadow_style=&#8220;preset2&#8243; subhead_text_shadow_style=&#8220;preset2&#8243; border_color_all_image=&#8220;#000000&#8243; button_one_text_color_hover=&#8220;#ffffff&#8220; button_one_border_color_hover=&#8220;#ff9e59&#8243; button_one_border_radius_hover=&#8220;100px&#8220; button_one_bg_color_hover=&#8220;#ff9e59&#8243; button_one_text_size__hover_enabled=&#8220;off&#8220; button_two_text_size__hover_enabled=&#8220;off&#8220; button_one_text_color__hover_enabled=&#8220;on&#8220; button_one_text_color__hover=&#8220;#ffffff&#8220; button_two_text_color__hover_enabled=&#8220;off&#8220; button_one_border_width__hover_enabled=&#8220;off&#8220; button_two_border_width__hover_enabled=&#8220;off&#8220; button_one_border_color__hover_enabled=&#8220;on&#8220; button_one_border_color__hover=&#8220;#ff9e59&#8243; button_two_border_color__hover_enabled=&#8220;off&#8220; button_one_border_radius__hover_enabled=&#8220;on&#8220; button_one_border_radius__hover=&#8220;100px&#8220; button_two_border_radius__hover_enabled=&#8220;off&#8220; button_one_letter_spacing__hover_enabled=&#8220;off&#8220; button_two_letter_spacing__hover_enabled=&#8220;off&#8220; button_one_bg_color__hover_enabled=&#8220;on&#8220; button_one_bg_color__hover=&#8220;#ff9e59&#8243; button_two_bg_color__hover_enabled=&#8220;off&#8220;][\/et_pb_fullwidth_header][\/et_pb_section][et_pb_section fb_built=&#8220;1&#8243; admin_label=&#8220;Tour CTA &#038; Information Section&#8220; _builder_version=&#8220;4.5.1&#8243; background_color=&#8220;#949292&#8243; custom_padding=&#8220;100px|0px|54px|0px|false|false&#8220;][et_pb_row _builder_version=&#8220;4.5.1&#8243; _module_preset=&#8220;default&#8220; custom_margin=&#8220;||||false|false&#8220; animation_style=&#8220;slide&#8220; animation_direction=&#8220;top&#8220;][et_pb_column type=&#8220;4_4&#8243; _builder_version=&#8220;4.5.1&#8243; _module_preset=&#8220;default&#8220;][et_pb_blog fullwidth=&#8220;off&#8220; posts_number=&#8220;1000&#8243; include_categories=&#8220;12&#8243; masonry_tile_background_color=&#8220;#273037&#8243; _builder_version=&#8220;4.5.1&#8243; _module_preset=&#8220;default&#8220; header_font=&#8220;Montserrat|700|||||||&#8220; header_text_align=&#8220;center&#8220; header_text_color=&#8220;#ffffff&#8220; header_font_size=&#8220;24px&#8220; header_line_height=&#8220;1.5em&#8220; body_font=&#8220;Montserrat||||||||&#8220; body_text_align=&#8220;center&#8220; body_text_color=&#8220;#ffffff&#8220; body_font_size=&#8220;17px&#8220; body_line_height=&#8220;1.9em&#8220; meta_font=&#8220;Montserrat|700|||||||&#8220; meta_text_align=&#8220;center&#8220; meta_text_color=&#8220;#949292&#8243; read_more_font=&#8220;Montserrat||||||||&#8220; pagination_font=&#8220;Montserrat||||||||&#8220; transform_scale=&#8220;97%|97%&#8220; text_orientation=&#8220;center&#8220; custom_margin=&#8220;||||false|false&#8220; border_radii=&#8220;on|7px|7px|7px|7px&#8220; border_width_all=&#8220;0px&#8220; box_shadow_style=&#8220;preset1&#8243;][\/et_pb_blog][\/et_pb_column][\/et_pb_row][et_pb_row _builder_version=&#8220;4.5.1&#8243; _module_preset=&#8220;default&#8220;][et_pb_column type=&#8220;4_4&#8243; _builder_version=&#8220;4.5.1&#8243; _module_preset=&#8220;default&#8220;][et_pb_divider color=&#8220;#ffffff&#8220; _builder_version=&#8220;4.5.1&#8243; _module_preset=&#8220;default&#8220; min_height=&#8220;140px&#8220;][\/et_pb_divider][et_pb_text _builder_version=&#8220;4.5.1&#8243; _module_preset=&#8220;default&#8220; text_text_color=&#8220;#ffffff&#8220; header_text_color=&#8220;#ffffff&#8220; header_2_text_color=&#8220;#ffffff&#8220;]<\/p>\n<h2>Le pi\u00f9 belle destinazioni per i viaggi in furgone in Germania<\/h2>\n<p>Se pensate di dover viaggiare molto all'estero per scoprire nuovi luoghi e bellezze, vi sbagliate di grosso. Durante un viaggio attraverso la Germania, il nostro Paese d'origine, abbiamo potuto scoprire luoghi meravigliosi con il nostro SpaceCamper. Poich\u00e9 siamo originari di Colonia, nei nostri post possiamo raccontarvi molto della Cattedrale di Colonia e della bellissima citt\u00e0 sul Ring. Tuttavia, poich\u00e9 amiamo stare in viaggio e viaggiare molto, nel nostro blog vi raccontiamo anche di altre citt\u00e0 tedesche come Berlino o di luoghi pi\u00f9 remoti come Kallstadt o Pleisweiler-Oberhofen. All'inizio del nostro viaggio in Germania, siamo stati anche al D\u00fcrener Badesee, dove ci siamo goduti varie bevande dal food truck e il sole. Mentre viaggiavamo attraverso i diversi Stati federali, abbiamo vissuto molte esperienze con Butch - il nostro SpaceCamper - che vi mostreremo nei nostri post.<\/p>\n<p>Se avete consigli o idee su quali aree della Germania valga ancora la pena visitare, magari anche in relazione a Bullis, siete naturalmente invitati a inviarci questi suggerimenti. Dopo l'avventura \u00e8 sempre prima dell'avventura.<\/p>\n<p>La Germania non \u00e8 solo la nostra casa, ma ci offre anche campeggi unici in cui poterci distendere con la nostra attrezzatura da campeggio. \u00c8 un'esperienza diversa dal viaggiare con un furgone. Il vantaggio del campeggio \u00e8, ovviamente, che si pu\u00f2 vivere la natura in modo completamente diverso. Ci si pu\u00f2 trovare nel bel mezzo di essa e scoprire il suono della notte, lontano da strade veloci e dalla civilt\u00e0. Una cosa che la vita in furgone ci ha anche insegnato - e l'articolo 3 della legge di Colonia sulla circolazione stradale ci viene direttamente in mente: \"<strong>Et h\u00e4tt noch emmer joot jejange\" - imparerete sicuramente che alcuni piani non sono fatti per funzionare. Ma non per niente abbiamo chiamato il nostro sito \"planBwagen\", perch\u00e9 si tratta proprio di questo. Non vedere il piano B come una soluzione provvisoria, ma come un'opportunit\u00e0 per scoprire qualcosa di nuovo.<\/strong><\/p>\n<p>Se volete sperimentare la vita da furgone, non possiamo che consigliarvi di noleggiare o acquistare uno SpaceCamper. Condividiamo con voi tutti i nostri momenti migliori nei nostri blog.<\/p>\n<p>&nbsp;<\/p>\n<h2>Un Bullireise offroad attraverso la Germania<\/h2>\n<p>La Germania \u00e8 la destinazione perfetta per tutti coloro che vivono e amano la vita in furgone, per tutti coloro che vogliono esplorare il mondo al di l\u00e0 del turismo di massa e dei voli overbooking. Preferibilmente con il vostro furgone o SpaceCamper. Via mare, via terra o su strada: vi mostreremo i luoghi pi\u00f9 belli e incredibili della Germania e vi daremo consigli su dove andare con il vostro SpaceCamper e su come ce la caviamo in viaggio. Nemmeno la pandemia di Corona \u00e8 riuscita a fermare la nostra avventura. Certo, abbiamo notato molte restrizioni e non volevamo incontrare gli amici all'inizio dopo il nostro arrivo, ma la vita naturalmente ci impedisce di sperimentare qualsiasi cosa.<\/p>\n<p>Viaggiare con un furgone non \u00e8 sempre molto facile. Bisogna trovare campeggi, assicurarsi di avere abbastanza scorte per i lunghi viaggi e trovare percorsi fuoristrada che si possano percorrere anche con lo SpaceCamper. Naturalmente, abbiamo voluto iniziare il nostro viaggio, che comprende in parte percorsi fuoristrada, senza aver completato la formazione necessaria. \u00c8 incredibile quanto si possa ancora imparare, anche se si hanno gi\u00e0 decenni di esperienza di guida. Ecco perch\u00e9 abbiamo frequentato uno speciale corso di formazione per fuoristrada Terranger per imparare a gestire la guida in fuoristrada, quali problemi potrebbero verificarsi e come risolverli. Quindi, per coloro che hanno intenzione di viaggiare in paesi dove \u00e8 possibile percorrere solo percorsi fuoristrada, non possiamo che consigliare caldamente questo corso di guida fuoristrada.<\/p>\n<p>Potete trovare resoconti dettagliati su questo tema anche nei nostri blog nelle categorie Germania e SpaceCamper, Terranger &amp; Co.<\/p>\n<p>[\/et_pb_text][\/et_pb_column][\/et_pb_row][\/et_pb_section]<\/p>","protected":false},"excerpt":{"rendered":"<p>[et_pb_section fb_built=&#8220;1&#8243; fullwidth=&#8220;on&#8220; admin_label=&#8220;Header&#8220; _builder_version=&#8220;4.5.1&#8243; background_enable_color=&#8220;off&#8220; background_image=&#8220;https:\/\/planbwagen.de\/wp-content\/uploads\/2020\/08\/Deutschland-1.jpg&#8220; custom_padding=&#8220;0px|0|0px|0px|false|false&#8220; locked=&#8220;off&#8220;][et_pb_fullwidth_header title=&#8220;Deutschland&#8220; text_orientation=&#8220;right&#8220; header_fullscreen=&#8220;on&#8220; background_overlay_color=&#8220;rgba(0,0,0,0)&#8220; logo_image_url=&#8220;https:\/\/www.planbwagen.de\/wp-content\/uploads\/2020\/09\/Germany-Brandenburg-Gate-Camouflage-Kopie.png&#8220; content_max_width_tablet=&#8220;&#8220; content_max_width_phone=&#8220;&#8220; content_max_width_last_edited=&#8220;on|phone&#8220; _builder_version=&#8220;4.5.1&#8243; title_font=&#8220;DCC Ash|700|||||||&#8220; title_text_align=&#8220;center&#8220; title_font_size=&#8220;80px&#8220; title_line_height=&#8220;1.1em&#8220; content_font=&#8220;Noto Sans||||||||&#8220; content_line_height=&#8220;2em&#8220; subhead_font=&#8220;Ash||||||||&#8220; subhead_text_align=&#8220;center&#8220; subhead_font_size=&#8220;40px&#8220; subhead_line_height=&#8220;2em&#8220; background_enable_color=&#8220;off&#8220; background_enable_image=&#8220;off&#8220; parallax=&#8220;on&#8220; parallax_method=&#8220;on&#8220; custom_button_one=&#8220;on&#8220; button_one_text_size=&#8220;17px&#8220; button_one_text_color=&#8220;#ffffff&#8220; button_one_bg_color=&#8220;#ff6b5a&#8220; button_one_border_width=&#8220;7px&#8220; button_one_border_color=&#8220;#ff6b5a&#8220; button_one_border_radius=&#8220;100px&#8220; button_one_font=&#8220;Noto Sans|700||on|||||&#8220; button_one_use_icon=&#8220;off&#8220; module_alignment=&#8220;center&#8220; custom_margin=&#8220;|||&#8220; custom_padding=&#8220;0px||0px||true|&#8220; custom_padding_tablet=&#8220;100px|||&#8220; custom_padding_phone=&#8220;||20%||false|false&#8220; custom_padding_last_edited=&#8220;on|phone&#8220; animation_style=&#8220;slide&#8220; animation_direction=&#8220;top&#8220; title_font_size_tablet=&#8220;40px&#8220; title_font_size_phone=&#8220;&#8220; title_font_size_last_edited=&#8220;on|tablet&#8220; [&hellip;]<\/p>","protected":false},"author":1,"featured_media":0,"parent":0,"menu_order":0,"comment_status":"closed","ping_status":"closed","template":"","meta":{"_et_pb_use_builder":"on","_et_pb_old_content":"","_et_gb_content_width":"","footnotes":""},"class_list":["post-2336","page","type-page","status-publish","hentry"],"_links":{"self":[{"href":"https:\/\/www.planbwagen.de\/it\/wp-json\/wp\/v2\/pages\/2336","targetHints":{"allow":["GET"]}}],"collection":[{"href":"https:\/\/www.planbwagen.de\/it\/wp-json\/wp\/v2\/pages"}],"about":[{"href":"https:\/\/www.planbwagen.de\/it\/wp-json\/wp\/v2\/types\/page"}],"author":[{"embeddable":true,"href":"https:\/\/www.planbwagen.de\/it\/wp-json\/wp\/v2\/users\/1"}],"replies":[{"embeddable":true,"href":"https:\/\/www.planbwagen.de\/it\/wp-json\/wp\/v2\/comments?post=2336"}],"version-history":[{"count":31,"href":"https:\/\/www.planbwagen.de\/it\/wp-json\/wp\/v2\/pages\/2336\/revisions"}],"predecessor-version":[{"id":10011,"href":"https:\/\/www.planbwagen.de\/it\/wp-json\/wp\/v2\/pages\/2336\/revisions\/10011"}],"wp:attachment":[{"href":"https:\/\/www.planbwagen.de\/it\/wp-json\/wp\/v2\/media?parent=2336"}],"curies":[{"name":"wp","href":"https:\/\/api.w.org\/{rel}","templated":true}]}}