{"id":14374,"date":"2023-03-23T14:53:30","date_gmt":"2023-03-23T12:53:30","guid":{"rendered":"https:\/\/www.planbwagen.de\/?page_id=14374"},"modified":"2023-11-06T15:32:04","modified_gmt":"2023-11-06T13:32:04","slug":"sizilien","status":"publish","type":"page","link":"https:\/\/www.planbwagen.de\/it\/sicilia\/","title":{"rendered":"Sicilia"},"content":{"rendered":"<p>[et_pb_section fb_built=&#8220;1&#8243; fullwidth=&#8220;on&#8220; admin_label=&#8220;Header&#8220; _builder_version=&#8220;4.5.1&#8243; background_enable_color=&#8220;off&#8220; background_image=&#8220;https:\/\/www.planbwagen.de\/wp-content\/uploads\/2021\/04\/Frame-9.jpg&#8220; custom_padding=&#8220;0px|0|0px|0px|false|false&#8220; locked=&#8220;off&#8220;][et_pb_fullwidth_header title=&#8220;Sizilien&#8220; text_orientation=&#8220;right&#8220; header_fullscreen=&#8220;on&#8220; background_overlay_color=&#8220;rgba(0,0,0,0)&#8220; logo_image_url=&#8220;https:\/\/www.planbwagen.de\/wp-content\/uploads\/2023\/03\/Sizilien-1.png&#8220; content_max_width=&#8220;18%&#8220; content_max_width_tablet=&#8220;&#8220; content_max_width_phone=&#8220;55%&#8220; content_max_width_last_edited=&#8220;on|phone&#8220; _builder_version=&#8220;4.5.1&#8243; title_font=&#8220;DCC Ash|700|||||||&#8220; title_text_align=&#8220;center&#8220; title_font_size=&#8220;80px&#8220; title_line_height=&#8220;1.1em&#8220; content_font=&#8220;Noto Sans||||||||&#8220; content_line_height=&#8220;2em&#8220; subhead_font=&#8220;Ash||||||||&#8220; subhead_text_align=&#8220;center&#8220; subhead_font_size=&#8220;40px&#8220; subhead_line_height=&#8220;2em&#8220; background_enable_color=&#8220;off&#8220; background_enable_image=&#8220;off&#8220; parallax=&#8220;on&#8220; parallax_method=&#8220;on&#8220; custom_button_one=&#8220;on&#8220; button_one_text_size=&#8220;17px&#8220; button_one_text_color=&#8220;#ffffff&#8220; button_one_bg_color=&#8220;#ff6b5a&#8220; button_one_border_width=&#8220;7px&#8220; button_one_border_color=&#8220;#ff6b5a&#8220; button_one_border_radius=&#8220;100px&#8220; button_one_font=&#8220;Noto Sans|700||on|||||&#8220; button_one_use_icon=&#8220;off&#8220; module_alignment=&#8220;center&#8220; custom_margin=&#8220;|||&#8220; custom_padding=&#8220;0px||0px||true|&#8220; custom_padding_tablet=&#8220;100px|||&#8220; custom_padding_phone=&#8220;||20%||false|false&#8220; custom_padding_last_edited=&#8220;on|phone&#8220; animation_style=&#8220;slide&#8220; animation_direction=&#8220;top&#8220; title_font_size_tablet=&#8220;40px&#8220; title_font_size_phone=&#8220;&#8220; title_font_size_last_edited=&#8220;on|tablet&#8220; subhead_font_size_tablet=&#8220;&#8220; subhead_font_size_phone=&#8220;20px&#8220; subhead_font_size_last_edited=&#8220;on|desktop&#8220; subhead_line_height_tablet=&#8220;&#8220; subhead_line_height_phone=&#8220;1.5em&#8220; subhead_line_height_last_edited=&#8220;on|phone&#8220; title_text_shadow_style=&#8220;preset2&#8243; subhead_text_shadow_style=&#8220;preset2&#8243; border_color_all_image=&#8220;#000000&#8243; button_one_text_color_hover=&#8220;#ffffff&#8220; button_one_border_color_hover=&#8220;#ff9e59&#8243; button_one_border_radius_hover=&#8220;100px&#8220; button_one_bg_color_hover=&#8220;#ff9e59&#8243; button_one_text_size__hover_enabled=&#8220;off&#8220; button_two_text_size__hover_enabled=&#8220;off&#8220; button_one_text_color__hover_enabled=&#8220;on&#8220; button_one_text_color__hover=&#8220;#ffffff&#8220; button_two_text_color__hover_enabled=&#8220;off&#8220; button_one_border_width__hover_enabled=&#8220;off&#8220; button_two_border_width__hover_enabled=&#8220;off&#8220; button_one_border_color__hover_enabled=&#8220;on&#8220; button_one_border_color__hover=&#8220;#ff9e59&#8243; button_two_border_color__hover_enabled=&#8220;off&#8220; button_one_border_radius__hover_enabled=&#8220;on&#8220; button_one_border_radius__hover=&#8220;100px&#8220; button_two_border_radius__hover_enabled=&#8220;off&#8220; button_one_letter_spacing__hover_enabled=&#8220;off&#8220; button_two_letter_spacing__hover_enabled=&#8220;off&#8220; button_one_bg_color__hover_enabled=&#8220;on&#8220; button_one_bg_color__hover=&#8220;#ff9e59&#8243; button_two_bg_color__hover_enabled=&#8220;off&#8220;][\/et_pb_fullwidth_header][\/et_pb_section][et_pb_section fb_built=&#8220;1&#8243; admin_label=&#8220;Tour CTA &#038; Information Section&#8220; _builder_version=&#8220;4.5.1&#8243; background_color=&#8220;#949292&#8243; custom_padding=&#8220;100px|0px|54px|0px|false|false&#8220;][et_pb_row _builder_version=&#8220;4.5.1&#8243; _module_preset=&#8220;default&#8220; custom_margin=&#8220;||||false|false&#8220; animation_style=&#8220;slide&#8220; animation_direction=&#8220;top&#8220;][et_pb_column type=&#8220;4_4&#8243; _builder_version=&#8220;4.5.1&#8243; _module_preset=&#8220;default&#8220;][et_pb_blog fullwidth=&#8220;off&#8220; posts_number=&#8220;1000&#8243; include_categories=&#8220;39&#8243; masonry_tile_background_color=&#8220;#273037&#8243; _builder_version=&#8220;4.5.1&#8243; _module_preset=&#8220;default&#8220; header_font=&#8220;Montserrat|700|||||||&#8220; header_text_align=&#8220;center&#8220; header_text_color=&#8220;#ffffff&#8220; header_font_size=&#8220;24px&#8220; header_line_height=&#8220;1.5em&#8220; body_font=&#8220;Montserrat||||||||&#8220; body_text_align=&#8220;center&#8220; body_text_color=&#8220;#ffffff&#8220; body_font_size=&#8220;17px&#8220; body_line_height=&#8220;1.9em&#8220; meta_font=&#8220;Montserrat|700|||||||&#8220; meta_text_align=&#8220;center&#8220; meta_text_color=&#8220;#949292&#8243; read_more_font=&#8220;Montserrat||||||||&#8220; pagination_font=&#8220;Montserrat||||||||&#8220; transform_scale=&#8220;97%|97%&#8220; text_orientation=&#8220;center&#8220; custom_margin=&#8220;||||false|false&#8220; border_radii=&#8220;on|7px|7px|7px|7px&#8220; border_width_all=&#8220;0px&#8220; box_shadow_style=&#8220;preset1&#8243;][\/et_pb_blog][\/et_pb_column][\/et_pb_row][et_pb_row _builder_version=&#8220;4.5.1&#8243; _module_preset=&#8220;default&#8220;][et_pb_column type=&#8220;4_4&#8243; _builder_version=&#8220;4.5.1&#8243; _module_preset=&#8220;default&#8220;][et_pb_divider color=&#8220;#ffffff&#8220; _builder_version=&#8220;4.5.1&#8243; _module_preset=&#8220;default&#8220; min_height=&#8220;140px&#8220;][\/et_pb_divider][et_pb_text _builder_version=&#8220;4.5.1&#8243; _module_preset=&#8220;default&#8220; text_text_color=&#8220;#ffffff&#8220; header_text_color=&#8220;#ffffff&#8220; header_2_text_color=&#8220;#ffffff&#8220; header_3_text_color=&#8220;#ffffff&#8220; hover_enabled=&#8220;0&#8243;]<\/p>\n<h2><span style=\"font-size: xx-large;\">La Sicilia da vicino: la vostra porta d'accesso a quest'isola meravigliosa<\/span><\/h2>\n<p>Benvenuti nella nostra pagina panoramica sulla Sicilia, la porta d'accesso a un gioiello mozzafiato nel cuore del Mediterraneo. Per oltre tre anni, Torgit e Marc hanno viaggiato in vari Paesi e isole europee. Con noi c'era sempre il nostro fedele compagno, un autobus SpaceCamper VW.<\/p>\n<p>&nbsp;<\/p>\n<p>Ma in nessun altro posto ci siamo presi tanto tempo come qui in Sicilia. Per prima cosa, abbiamo trascorso sette mesi attraversando l'isola. Il nostro viaggio \u00e8 stato una scoperta appassionata della cultura, della storia, della cucina e del fascino ineguagliabile dell'isola.<\/p>\n<p>&nbsp;<\/p>\n<p>Siamo rimasti talmente affascinati dalla Sicilia che abbiamo deciso di stabilirci qui. Il nostro blog \u00e8 caratterizzato da un profondo legame con l'isola e il suo stile di vita. Vogliamo distinguerci dai soliti viaggiatori che magari hanno visitato l'isola per una settimana e credono di averla esplorata a fondo. Perch\u00e9 ormai sappiamo che la Sicilia merita sempre una visita.<\/p>\n<p>&nbsp;<\/p>\n<p>Immergetevi con noi nell'affascinante mondo della Sicilia. Nei nostri articoli troverete tutto quello che c'\u00e8 da sapere, dai tesori nascosti di Palermo alle avventure mozzafiato della Targa Florio. I nostri articoli offrono approfondimenti sull'eccitante scena dell'arte di strada palermitana, sui deliziosi segreti dello street food palermitano e consigli su hotel di prima classe e accoglienti appartamenti per le vacanze a Palermo.<\/p>\n<p>&nbsp;<\/p>\n<p>Ma non \u00e8 tutto. La sicurezza a Palermo \u00e8 una preoccupazione importante per noi. Condividiamo la nostra preziosa esperienza e i nostri consigli per far s\u00ec che il vostro soggiorno sia il pi\u00f9 piacevole e privo di preoccupazioni possibile.<\/p>\n<p>&nbsp;<\/p>\n<p>Esploriamo insieme le meraviglie della Sicilia e scopriamone i segreti. Benvenuti nel nostro sito, unitevi a noi in questo viaggio indimenticabile e immergetevi nella Sicilia autentica!<\/p>\n<p>&nbsp;<\/p>\n<p>Vi aspettano i seguenti argomenti:<\/p>\n<h3>La cucina siciliana: un'esperienza culinaria:<\/h3>\n<p>La cucina siciliana \u00e8 incomparabile, caratterizzata da sapori e tradizioni. Esploriamo insieme la cucina siciliana e assaporiamo le specialit\u00e0 culinarie di quest'isola. I nostri articoli offrono approfondimenti sui piatti autentici e sui luoghi migliori per un'esperienza culinaria in Sicilia.<\/p>\n<p><strong>\u00a0<\/strong><\/p>\n<h3>Attrazioni e tesori storici siciliani:<\/h3>\n<p>La Sicilia \u00e8 un vero paradiso per chi \u00e8 interessato alla storia e alla cultura. Vi accompagniamo in tour attraverso i siti storici di Palermo, Siracusa, Taormina e Agrigento. Scoprite le principali attrazioni della Sicilia e l'affascinante storia di quest'isola.<\/p>\n<p><strong>\u00a0<\/strong><\/p>\n<h3>Spiagge fantastiche e citt\u00e0 costiere pittoresche:<\/h3>\n<p>Le coste della Sicilia offrono esperienze balneari indimenticabili. Tuffatevi in acque cristalline in localit\u00e0 come San Vito Lo Capo, Cefal\u00f9 e Taormina.<\/p>\n<h3><strong>\u00a0<\/strong><\/h3>\n<h3>La cultura siciliana e le sue tradizioni vive:<\/h3>\n<p>Vivete le tradizioni siciliane uniche, sia nelle feste, nelle processioni o nei mercati locali. Vi guideremo attraverso il vivace patrimonio culturale di quest'isola e vi mostreremo come potete farne parte.<\/p>\n<h3>Avventure nella natura - attivit\u00e0 all'aperto:<\/h3>\n<p>La Sicilia \u00e8 un paradiso per gli amanti della vita all'aria aperta. Le nostre avventure nella natura includono escursioni nei paesaggi mozzafiato delle Madonie, sport acquatici in acque limpide e molto altro ancora. Scoprite la vasta gamma di attivit\u00e0 all'aperto che la Sicilia ha da offrire.<\/p>\n<p><strong>\u00a0<\/strong><\/p>\n<h3>Sicilia in qualsiasi periodo dell'anno:<\/h3>\n<p>Che visitiate la Sicilia in primavera, estate, autunno o inverno, i nostri post si adattano alle stagioni. Scoprite quali attivit\u00e0 ed eventi vi aspettano in ogni stagione.<\/p>\n<p><strong>\u00a0<\/strong><\/p>\n<h3>La geografia mozzafiato della Sicilia:<\/h3>\n<p>I paesaggi della Sicilia sono di una bellezza ineguagliabile, dalle pittoresche colline delle Madonie al maestoso vulcano Etna. Vi accompagniamo in un viaggio attraverso la geografia unica di quest'isola.<\/p>\n<p><strong>\u00a0<\/strong><\/p>\n<h3>La viticoltura e l'olivicoltura in Sicilia:<\/h3>\n<p>La Sicilia \u00e8 orgogliosa del suo vino e della sua olivicoltura di prima classe. Scoprite i segreti del vino siciliano e visitate rinomate cantine. Scoprite gli oliveti che producono il prezioso olio d'oliva siciliano.<\/p>\n<p><strong>\u00a0<\/strong><\/p>\n<h3>Scoprite la Sicilia da soli:<\/h3>\n<p>Se siete alla ricerca dell'avventura e preferite la libert\u00e0 di esplorare la Sicilia da soli, vi daremo preziosi consigli per il noleggio auto, la pianificazione degli itinerari e il viaggio indipendente.<\/p>\n<p><strong>\u00a0<\/strong><\/p>\n<h3>Consigli e segreti da insider:<\/h3>\n<p>Condivideremo anche segreti ben custoditi e consigli da insider che abbiamo raccolto nel corso dei nostri sette mesi di viaggio. Questi tesori fuori dai sentieri battuti renderanno unico il vostro viaggio in Sicilia.<\/p>\n<p><strong>\u00a0<\/strong><\/p>\n<h3>Arti e mestieri in Sicilia:<\/h3>\n<p>La Sicilia \u00e8 ricca di arti e mestieri tradizionali. Scoprite le ceramiche di Caltagirone, l'intreccio di cesti di Palermo e altri mestieri locali. Vi mostreremo dove potrete ammirare e acquistare queste opere d'arte.<\/p>\n<p><strong>\u00a0<\/strong><\/p>\n<h3>Viaggiare sostenibile in Sicilia:<\/h3>\n<p>Siamo impegnati a viaggiare in modo sostenibile e vi mostreremo come potete viaggiare in Sicilia in modo ecologico e responsabile. Questo include alloggi eco-compatibili, cibo locale e consigli per evitare gli sprechi.<\/p>\n<p>&nbsp;<\/p>\n<p>La nostra missione non \u00e8 solo quella di farvi conoscere la bellezza e la cultura della Sicilia, ma anche di offrirvi consigli pratici e ispirazione per un viaggio su misura. Vi invitiamo a condividere con noi la nostra avventura in Sicilia e a vivere quest'isola mozzafiato in tutte le sue sfaccettature. Benvenuti nella nostra pagina panoramica sulla Sicilia!<\/p>\n<p>[\/et_pb_text][\/et_pb_column][\/et_pb_row][\/et_pb_section]<\/p>","protected":false},"excerpt":{"rendered":"<p>[et_pb_section fb_built=&#8220;1&#8243; fullwidth=&#8220;on&#8220; admin_label=&#8220;Header&#8220; _builder_version=&#8220;4.5.1&#8243; background_enable_color=&#8220;off&#8220; background_image=&#8220;https:\/\/www.planbwagen.de\/wp-content\/uploads\/2021\/04\/Frame-9.jpg&#8220; custom_padding=&#8220;0px|0|0px|0px|false|false&#8220; locked=&#8220;off&#8220;][et_pb_fullwidth_header title=&#8220;Sizilien&#8220; text_orientation=&#8220;right&#8220; header_fullscreen=&#8220;on&#8220; background_overlay_color=&#8220;rgba(0,0,0,0)&#8220; logo_image_url=&#8220;https:\/\/www.planbwagen.de\/wp-content\/uploads\/2023\/03\/Sizilien-1.png&#8220; content_max_width=&#8220;18%&#8220; content_max_width_tablet=&#8220;&#8220; content_max_width_phone=&#8220;55%&#8220; content_max_width_last_edited=&#8220;on|phone&#8220; _builder_version=&#8220;4.5.1&#8243; title_font=&#8220;DCC Ash|700|||||||&#8220; title_text_align=&#8220;center&#8220; title_font_size=&#8220;80px&#8220; title_line_height=&#8220;1.1em&#8220; content_font=&#8220;Noto Sans||||||||&#8220; content_line_height=&#8220;2em&#8220; subhead_font=&#8220;Ash||||||||&#8220; subhead_text_align=&#8220;center&#8220; subhead_font_size=&#8220;40px&#8220; subhead_line_height=&#8220;2em&#8220; background_enable_color=&#8220;off&#8220; background_enable_image=&#8220;off&#8220; parallax=&#8220;on&#8220; parallax_method=&#8220;on&#8220; custom_button_one=&#8220;on&#8220; button_one_text_size=&#8220;17px&#8220; button_one_text_color=&#8220;#ffffff&#8220; button_one_bg_color=&#8220;#ff6b5a&#8220; button_one_border_width=&#8220;7px&#8220; button_one_border_color=&#8220;#ff6b5a&#8220; button_one_border_radius=&#8220;100px&#8220; button_one_font=&#8220;Noto Sans|700||on|||||&#8220; button_one_use_icon=&#8220;off&#8220; module_alignment=&#8220;center&#8220; custom_margin=&#8220;|||&#8220; custom_padding=&#8220;0px||0px||true|&#8220; custom_padding_tablet=&#8220;100px|||&#8220; custom_padding_phone=&#8220;||20%||false|false&#8220; custom_padding_last_edited=&#8220;on|phone&#8220; animation_style=&#8220;slide&#8220; animation_direction=&#8220;top&#8220; title_font_size_tablet=&#8220;40px&#8220; title_font_size_phone=&#8220;&#8220; [&hellip;]<\/p>","protected":false},"author":1,"featured_media":0,"parent":0,"menu_order":0,"comment_status":"closed","ping_status":"closed","template":"","meta":{"_et_pb_use_builder":"on","_et_pb_old_content":"","_et_gb_content_width":"","footnotes":""},"class_list":["post-14374","page","type-page","status-publish","hentry"],"_links":{"self":[{"href":"https:\/\/www.planbwagen.de\/it\/wp-json\/wp\/v2\/pages\/14374","targetHints":{"allow":["GET"]}}],"collection":[{"href":"https:\/\/www.planbwagen.de\/it\/wp-json\/wp\/v2\/pages"}],"about":[{"href":"https:\/\/www.planbwagen.de\/it\/wp-json\/wp\/v2\/types\/page"}],"author":[{"embeddable":true,"href":"https:\/\/www.planbwagen.de\/it\/wp-json\/wp\/v2\/users\/1"}],"replies":[{"embeddable":true,"href":"https:\/\/www.planbwagen.de\/it\/wp-json\/wp\/v2\/comments?post=14374"}],"version-history":[{"count":9,"href":"https:\/\/www.planbwagen.de\/it\/wp-json\/wp\/v2\/pages\/14374\/revisions"}],"predecessor-version":[{"id":16902,"href":"https:\/\/www.planbwagen.de\/it\/wp-json\/wp\/v2\/pages\/14374\/revisions\/16902"}],"wp:attachment":[{"href":"https:\/\/www.planbwagen.de\/it\/wp-json\/wp\/v2\/media?parent=14374"}],"curies":[{"name":"wp","href":"https:\/\/api.w.org\/{rel}","templated":true}]}}