{"id":9728,"date":"2020-11-17T14:33:11","date_gmt":"2020-11-17T14:33:11","guid":{"rendered":"https:\/\/www.planbwagen.de\/?page_id=9728"},"modified":"2020-12-04T18:19:42","modified_gmt":"2020-12-04T18:19:42","slug":"packliste","status":"publish","type":"page","link":"https:\/\/www.planbwagen.de\/fr\/liste-de-colisage\/","title":{"rendered":"Liste de colisage"},"content":{"rendered":"<p>[et_pb_section fb_built=&#8220;1&#8243; custom_padding_last_edited=&#8220;on|desktop&#8220; next_background_color=&#8220;#949292&#8243; admin_label=&#8220;Header&#8220; _builder_version=&#8220;4.5.1&#8243; background_color=&#8220;#4c4c50&#8243; background_image=&#8220;https:\/\/planbwagen.de\/wp-content\/uploads\/2020\/08\/sight-seeing-49.png&#8220; background_size=&#8220;contain&#8220; background_position=&#8220;bottom_center&#8220; custom_padding=&#8220;||225px|||&#8220; custom_padding_tablet=&#8220;0px||5vw&#8220; custom_padding_phone=&#8220;&#8220; bottom_divider_style=&#8220;asymmetric&#8220; box_shadow_vertical_tablet=&#8220;&#8220; box_shadow_vertical_phone=&#8220;&#8220; box_shadow_vertical_last_edited=&#8220;on|tablet&#8220; locked=&#8220;off&#8220;][et_pb_row column_structure=&#8220;1_2,1_2&#8243; _builder_version=&#8220;4.5.1&#8243; module_alignment=&#8220;center&#8220; animation_style=&#8220;slide&#8220; animation_direction=&#8220;top&#8220; locked=&#8220;off&#8220;][et_pb_column type=&#8220;1_2&#8243; _builder_version=&#8220;3.25&#8243; custom_padding=&#8220;|||&#8220; custom_padding__hover=&#8220;|||&#8220;][et_pb_text _builder_version=&#8220;4.5.1&#8243; text_font=&#8220;Lato||||||||&#8220; text_font_size=&#8220;22px&#8220; text_line_height=&#8220;1.8em&#8220; header_font=&#8220;DCC Ash|700|||||||&#8220; header_font_size=&#8220;80px&#8220; header_line_height=&#8220;1.2em&#8220; background_layout=&#8220;dark&#8220; text_font_size_tablet=&#8220;&#8220; text_font_size_phone=&#8220;18px&#8220; text_font_size_last_edited=&#8220;on|phone&#8220; header_font_size_tablet=&#8220;60px&#8220; header_font_size_phone=&#8220;60px&#8220; header_font_size_last_edited=&#8220;on|phone&#8220;]<\/p>\n<h1 style=\"text-align: left;\">Liste de colisage<\/h1>\n<p>[\/et_pb_text][et_pb_divider color=&#8220;#ffffff&#8220; divider_weight=&#8220;5px&#8220; _builder_version=&#8220;3.23.3&#8243; max_width=&#8220;100px&#8220; locked=&#8220;off&#8220;][\/et_pb_divider][\/et_pb_column][et_pb_column type=&#8220;1_2&#8243; _builder_version=&#8220;3.25&#8243; custom_padding=&#8220;|||&#8220; custom_padding__hover=&#8220;|||&#8220;][\/et_pb_column][\/et_pb_row][\/et_pb_section][et_pb_section fb_built=&#8220;1&#8243; custom_padding_last_edited=&#8220;off|desktop&#8220; admin_label=&#8220;Blog&#8220; _builder_version=&#8220;4.5.1&#8243; background_color=&#8220;#949292&#8243; min_height=&#8220;1560px&#8220; custom_padding=&#8220;100px||2px|||&#8220; custom_padding_phone=&#8220;0px||&#8220;][et_pb_row _builder_version=&#8220;4.5.1&#8243; background_color=&#8220;#949292&#8243; animation_style=&#8220;slide&#8220; animation_direction=&#8220;top&#8220;][et_pb_column type=&#8220;4_4&#8243; _builder_version=&#8220;3.25&#8243; custom_padding=&#8220;|||&#8220; custom_padding__hover=&#8220;|||&#8220;][et_pb_blog fullwidth=&#8220;off&#8220; posts_number=&#8220;10000&#8243; include_categories=&#8220;36&#8243; show_author=&#8220;off&#8220; show_date=&#8220;off&#8220; masonry_tile_background_color=&#8220;#273037&#8243; _builder_version=&#8220;4.5.1&#8243; header_font=&#8220;Montserrat|700|||||||&#8220; header_text_color=&#8220;#ffffff&#8220; header_font_size=&#8220;16px&#8220; header_line_height=&#8220;1.6em&#8220; body_text_color=&#8220;#ffffff&#8220; meta_font=&#8220;Lato|700||on|||||&#8220; meta_text_color=&#8220;#949292&#8243; meta_font_size=&#8220;12px&#8220; meta_letter_spacing=&#8220;1px&#8220; meta_line_height=&#8220;1.8em&#8220; pagination_font=&#8220;PT Serif|700|||||||&#8220; pagination_text_color=&#8220;#ff3314&#8243; pagination_font_size=&#8220;16px&#8220; background_color=&#8220;#949292&#8243; border_width_all=&#8220;0px&#8220; box_shadow_style=&#8220;preset1&#8243;][\/et_pb_blog][\/et_pb_column][\/et_pb_row][et_pb_row _builder_version=&#8220;4.5.1&#8243; _module_preset=&#8220;default&#8220;][et_pb_column type=&#8220;4_4&#8243; _builder_version=&#8220;4.5.1&#8243; _module_preset=&#8220;default&#8220;][et_pb_divider color=&#8220;#ffffff&#8220; _builder_version=&#8220;4.5.1&#8243; _module_preset=&#8220;default&#8220; min_height=&#8220;140px&#8220;][\/et_pb_divider][et_pb_text _builder_version=&#8220;4.5.1&#8243; _module_preset=&#8220;default&#8220; text_text_color=&#8220;#ffffff&#8220; header_text_color=&#8220;#ffffff&#8220; header_2_text_color=&#8220;#ffffff&#8220; header_3_text_color=&#8220;#ffffff&#8220;]<\/p>\n<h1>Liste de colisage pour le voyage en van<\/h1>\n<p>&nbsp;<\/p>\n<p>Le site <strong>Liste de colisage<\/strong> pour une <strong>Voyage<\/strong> dans un van ne ressemble pas \u00e0 un voyage qui se d\u00e9roule \u00e0 l'h\u00f4tel. Aux plus divers <strong>Choses<\/strong> doit \u00eatre pens\u00e9. Comme le <strong>Espace de rangement<\/strong> est limit\u00e9e, seuls les <strong>les plus n\u00e9cessaires<\/strong> de plus en plus de choses. En plus de l'espace de rangement, plus de poids signifie aussi plus d'\u00e9nergie. <strong>Consommation de carburant<\/strong>. Dans la plupart des cas, l'objectif est de d\u00e9penser le moins d'argent possible. Ce qui est le cas lors de la premi\u00e8re <strong>Tour <\/strong>est encore un peu difficile, la deuxi\u00e8me est d\u00e9j\u00e0 beaucoup plus facile. Ainsi, chacun fait son <strong>Exp\u00e9riences<\/strong> quels sont les objets dont on a vraiment besoin et quels sont les articles qui rel\u00e8vent du luxe. Une fois que l'on a <strong>en route <\/strong>c'est faire demi-tour pour trouver quelque chose <strong>oubli\u00e9<\/strong> est tr\u00e8s ennuyeux. C'est pourquoi nous recommandons : M\u00eame si les <strong>Route<\/strong> n'est pas enti\u00e8rement planifi\u00e9e, une <strong>Liste de colisage <\/strong>a toujours du sens.<\/p>\n<p>La plupart du temps, il n'est pas n\u00e9cessaire de porter beaucoup de v\u00eatements. <strong>n\u00e9cessaire<\/strong>sur la plupart des <strong>Campings <\/strong>des machines \u00e0 laver sont disponibles. Si l'on a besoin de quelque chose rapidement, on peut aussi utiliser un <strong>Voyage <\/strong>Il est possible d'utiliser une lessive en poudre que l'on peut simplement appliquer dans une bassine d'eau.<\/p>\n<p><strong>Voyage <\/strong>on peut par exemple utiliser son <strong>Chien<\/strong>Si vous avez besoin d'une petite liste suppl\u00e9mentaire, afin que le <strong>Animal <\/strong>est parfaitement pris en charge dans le van.<\/p>\n<p>&nbsp;<\/p>\n<h2>Liste d'emballage des appareils \u00e9lectriques<\/h2>\n<p>Les appareils techniques devraient \u00eatre r\u00e9duits autant que possible. Il n'y a pas toujours <strong>\u00c9lectricit\u00e9<\/strong>. En outre, les <strong>Technique <\/strong>appareils un <strong>Objet de valeur <\/strong>et peuvent \u00eatre vol\u00e9s.<\/p>\n<p>Puisque <strong>Photos <\/strong>bien s\u00fbr, font partie de tout voyage, il faut avoir un <strong>USB<\/strong>&#8211;<strong>Emballer la fiche<\/strong>qui peut \u00eatre branch\u00e9e sur la prise de la cigarette. (Si le v\u00e9hicule n'est pas \u00e9quip\u00e9 de prises de courant normales). <strong>Cam\u00e9ra <\/strong>ou <strong>T\u00e9l\u00e9phone portable <\/strong>\u00eatre recharg\u00e9 pendant le trajet. Un appareil \u00e9lectronique cependant important est un <strong>Syst\u00e8me de navigation<\/strong>. Pour les objets \u00e9lectroniques, il convient de penser \u00e0 la <strong>Chargeurs, <\/strong>comme aussi <strong>Piles rechargeables <\/strong>\u00eatre pens\u00e9 ainsi que <strong>Cartes m\u00e9moire<\/strong>. N\u00e9anmoins, par s\u00e9curit\u00e9, il est conseill\u00e9 de faire un <strong>Atlas <\/strong>et une <strong>Carte routi\u00e8re <\/strong>de l'emballage. En cas d'urgence, celle-ci peut \u00eatre tir\u00e9e de l'une ou l'autre <strong>Panne <\/strong>aider \u00e0 la t\u00e2che. Un <strong>Carnet de notes <\/strong>et <strong>Stylos <\/strong>ne devraient pas manquer, ils sont plus souvent n\u00e9cessaires qu'on ne le pense.<\/p>\n<p>Un <strong>Conseil <\/strong>est de toujours garder les choses importantes au m\u00eame endroit. <strong>Place <\/strong>ranger.<br \/> Sur le site <strong>Urgence <\/strong>on sait ainsi toujours directement o\u00f9 se trouve le <strong>Urgence<\/strong>&#8211;<strong>Set <\/strong>ou la <strong>Pharmacie de voyage <\/strong>et ne doit pas chercher longtemps.<\/p>\n<p>&nbsp;<\/p>\n<h2>Liste de colisage Outdoor<\/h2>\n<p>Sur le site <strong>Objectif <\/strong>on a envie de se mettre rapidement \u00e0 l'aise. Pour une <strong>Si\u00e8ge <\/strong>devrait \u00eatre adress\u00e9e \u00e0 <strong>Chaises<\/strong>, <strong>Table <\/strong>et \u00e9ventuellement <strong>Hamac <\/strong>\u00eatre pens\u00e9. Pour les <strong>Ambiance <\/strong>une lampe qui peut \u00eatre pos\u00e9e sur la table. Un <strong>Couverture <\/strong>et <strong>Bougies <\/strong>incl. <strong>Allumettes <\/strong>sont \u00e9galement utiles. Si vous vous rendez dans des endroits un peu plus frais, vous pouvez utiliser un radiateur soufflant. Cela permet de tenir le coup m\u00eame lors de soir\u00e9es fra\u00eeches. Selon la <strong>Destination <\/strong>l'\u00e9quipement n\u00e9cessaire est donc diff\u00e9rent. Ceci est \u00e9galement <strong>en fonction de la personne<\/strong>. L'un aime passer du temps \u00e0 l'ext\u00e9rieur du van, s'y installer confortablement et y vivre. L'autre, en revanche, se contente des <strong>Si\u00e8ges <\/strong>dans le van.<\/p>\n<p>&nbsp;<\/p>\n<h2>Espace de rangement et ordre dans le van<\/h2>\n<p>Si l'on a un <strong>un camping-car enti\u00e8rement \u00e9quip\u00e9 <\/strong>on a g\u00e9n\u00e9ralement la possibilit\u00e9 de beaucoup <strong>ranger <\/strong>et en m\u00eame temps, une belle <strong>atmosph\u00e8re de vie am\u00e9nag\u00e9e <\/strong>de profiter de la vie. Sans beaucoup <strong>Caisses <\/strong>et <strong>Sacs<\/strong>Avec les si\u00e8ges de la camionnette, c'est tout de suite plus confortable. Avec un v\u00e9hicule am\u00e9nag\u00e9 <strong>Space Camper <\/strong>on a la chance d'avoir beaucoup <strong>Espace de rangement <\/strong>et en m\u00eame temps <strong>Ordre <\/strong>d'avoir.<\/p>\n<p>En outre, les <strong>Delta Bags <\/strong>un moyen d'utiliser son <strong>Bagages <\/strong>sur <strong>ranger <\/strong>tout en ayant un <strong>ordinaire <\/strong>van pour obtenir un visa. Il existe \u00e9galement <strong>Housses de si\u00e8ge <\/strong>de <strong>Delta <\/strong>qui sont destin\u00e9s \u00e0 <strong>espace suppl\u00e9mentaire <\/strong>sur les si\u00e8ges.<\/p>\n<p>&nbsp;<\/p>\n<h2>Liste de colisage \u00e9quipement de cuisine<\/h2>\n<p>La cuisine est \u00e9galement tr\u00e8s importante pour le <strong>Camper <\/strong>un th\u00e8me majeur. Pour que les <strong>bonne humeur <\/strong>reste aussi, un bon repas ne doit pas manquer. Avec l'un ou l'autre <strong>Ustensiles de cuisine <\/strong>on peut tout de suite pr\u00e9parer un bon repas <strong>faire de la magie<\/strong>Au lieu de raviolis en bo\u00eete. Un bon repas permet de mieux profiter du bel emplacement au bord de la mer. La soir\u00e9e se passe ainsi merveilleusement <strong>s'ach\u00e8ve<\/strong>. Mais l\u00e0 encore, les <strong>Besoins <\/strong>diff\u00e9rents.<\/p>\n<p>&nbsp;<\/p>\n<h2>Liste de colisage - vacances \u00e0 pied \/ city trip \/ vacances d'\u00e9t\u00e9 \/ long voyage<\/h2>\n<p>Une <strong>Liste de colisage<\/strong>Il n'y a peut-\u00eatre pas de formule id\u00e9ale pour chaque voyage. Chaque voyage a ses <strong>des exigences diff\u00e9rentes<\/strong>. Nous essayons n\u00e9anmoins de dresser une liste qui permette de se souvenir plus facilement de la majeure partie du contenu. <strong>Bagages <\/strong>de r\u00e9fl\u00e9chir. De m\u00eame, les <strong>Longueur <\/strong>du voyage et la possibilit\u00e9 de laver des choses - que ce soit des v\u00eatements ou de la vaisselle - joue un r\u00f4le important.<br \/> Le site <strong>R\u00e9sistance aux intemp\u00e9ries <\/strong>ou <strong>Fonctionnalit\u00e9 <\/strong>des v\u00eatements et des mat\u00e9riaux pour un <strong>S\u00e9jour de randonn\u00e9e <\/strong>sont une toute autre chose par rapport \u00e0 un <strong>S\u00e9jour en ville<\/strong>. Tout comme les <strong>Saison <\/strong>du site <strong>Roadtrips <\/strong>fait une diff\u00e9rence consid\u00e9rable. En hiver, les v\u00eatements sont beaucoup plus encombrants que ceux destin\u00e9s \u00e0 l'\u00e9t\u00e9.<\/p>\n<p>&nbsp;<\/p>\n<h2>Liste des bagages en PDF \u00e0 imprimer<\/h2>\n<p>Il y a beaucoup <strong>Listes de colisage pour le voyage <\/strong>comme <strong>PDF <\/strong>pour l'imprimer. Ceci est toujours \u00e0 <strong>recommandent<\/strong>Il est important de v\u00e9rifier que tout est bien emball\u00e9 et que rien n'a \u00e9t\u00e9 oubli\u00e9.<br \/> Il y a beaucoup de choses auxquelles il faut penser, c'est pourquoi cela vaut la peine d'avoir une <strong>Imprimer la liste <\/strong>et d\u00e8s que l'on a rang\u00e9 l'objet, on coche le point. Voici comment <strong>\u00e9conomise <\/strong>d'achat d'urgence pour se procurer quelque chose. <strong>Absence de <\/strong>\u00e0 remplacer. Le site <strong>Liste <\/strong>devrait toujours \u00eatre \u00e9crit en avance et en <strong>Port\u00e9e <\/strong>pour qu'il soit toujours possible d'ajouter quelque chose au cas o\u00f9 l'on se souviendrait de quelque chose.<\/p>\n<p>Ainsi, plus rien ne s'oppose au voyage.<\/p>\n<p>[\/et_pb_text][\/et_pb_column][\/et_pb_row][\/et_pb_section]<\/p>","protected":false},"excerpt":{"rendered":"<p>[et_pb_section fb_built=&#8220;1&#8243; custom_padding_last_edited=&#8220;on|desktop&#8220; next_background_color=&#8220;#949292&#8243; admin_label=&#8220;Header&#8220; _builder_version=&#8220;4.5.1&#8243; background_color=&#8220;#4c4c50&#8243; background_image=&#8220;https:\/\/planbwagen.de\/wp-content\/uploads\/2020\/08\/sight-seeing-49.png&#8220; background_size=&#8220;contain&#8220; background_position=&#8220;bottom_center&#8220; custom_padding=&#8220;||225px|||&#8220; custom_padding_tablet=&#8220;0px||5vw&#8220; custom_padding_phone=&#8220;&#8220; bottom_divider_style=&#8220;asymmetric&#8220; box_shadow_vertical_tablet=&#8220;&#8220; box_shadow_vertical_phone=&#8220;&#8220; box_shadow_vertical_last_edited=&#8220;on|tablet&#8220; locked=&#8220;off&#8220;][et_pb_row column_structure=&#8220;1_2,1_2&#8243; _builder_version=&#8220;4.5.1&#8243; module_alignment=&#8220;center&#8220; animation_style=&#8220;slide&#8220; animation_direction=&#8220;top&#8220; locked=&#8220;off&#8220;][et_pb_column type=&#8220;1_2&#8243; _builder_version=&#8220;3.25&#8243; custom_padding=&#8220;|||&#8220; custom_padding__hover=&#8220;|||&#8220;][et_pb_text _builder_version=&#8220;4.5.1&#8243; text_font=&#8220;Lato||||||||&#8220; text_font_size=&#8220;22px&#8220; text_line_height=&#8220;1.8em&#8220; header_font=&#8220;DCC Ash|700|||||||&#8220; header_font_size=&#8220;80px&#8220; header_line_height=&#8220;1.2em&#8220; background_layout=&#8220;dark&#8220; text_font_size_tablet=&#8220;&#8220; text_font_size_phone=&#8220;18px&#8220; text_font_size_last_edited=&#8220;on|phone&#8220; header_font_size_tablet=&#8220;60px&#8220; header_font_size_phone=&#8220;60px&#8220; header_font_size_last_edited=&#8220;on|phone&#8220;] Packliste [\/et_pb_text][et_pb_divider color=&#8220;#ffffff&#8220; divider_weight=&#8220;5px&#8220; _builder_version=&#8220;3.23.3&#8243; max_width=&#8220;100px&#8220; locked=&#8220;off&#8220;][\/et_pb_divider][\/et_pb_column][et_pb_column type=&#8220;1_2&#8243; _builder_version=&#8220;3.25&#8243; custom_padding=&#8220;|||&#8220; custom_padding__hover=&#8220;|||&#8220;][\/et_pb_column][\/et_pb_row][\/et_pb_section][et_pb_section fb_built=&#8220;1&#8243; [&hellip;]<\/p>","protected":false},"author":1,"featured_media":0,"parent":0,"menu_order":0,"comment_status":"closed","ping_status":"closed","template":"","meta":{"_et_pb_use_builder":"on","_et_pb_old_content":"","_et_gb_content_width":"","footnotes":""},"class_list":["post-9728","page","type-page","status-publish","hentry"],"_links":{"self":[{"href":"https:\/\/www.planbwagen.de\/fr\/wp-json\/wp\/v2\/pages\/9728","targetHints":{"allow":["GET"]}}],"collection":[{"href":"https:\/\/www.planbwagen.de\/fr\/wp-json\/wp\/v2\/pages"}],"about":[{"href":"https:\/\/www.planbwagen.de\/fr\/wp-json\/wp\/v2\/types\/page"}],"author":[{"embeddable":true,"href":"https:\/\/www.planbwagen.de\/fr\/wp-json\/wp\/v2\/users\/1"}],"replies":[{"embeddable":true,"href":"https:\/\/www.planbwagen.de\/fr\/wp-json\/wp\/v2\/comments?post=9728"}],"version-history":[{"count":10,"href":"https:\/\/www.planbwagen.de\/fr\/wp-json\/wp\/v2\/pages\/9728\/revisions"}],"predecessor-version":[{"id":10065,"href":"https:\/\/www.planbwagen.de\/fr\/wp-json\/wp\/v2\/pages\/9728\/revisions\/10065"}],"wp:attachment":[{"href":"https:\/\/www.planbwagen.de\/fr\/wp-json\/wp\/v2\/media?parent=9728"}],"curies":[{"name":"wp","href":"https:\/\/api.w.org\/{rel}","templated":true}]}}