{"id":4406,"date":"2020-08-25T10:04:14","date_gmt":"2020-08-25T10:04:14","guid":{"rendered":"https:\/\/planbwagen.de\/?page_id=4406"},"modified":"2020-12-04T17:19:01","modified_gmt":"2020-12-04T17:19:01","slug":"gibraltar-2","status":"publish","type":"page","link":"https:\/\/www.planbwagen.de\/fr\/gibraltar-2\/","title":{"rendered":"Gibraltar"},"content":{"rendered":"<p>[et_pb_section fb_built=&#8220;1&#8243; fullwidth=&#8220;on&#8220; admin_label=&#8220;Header&#8220; _builder_version=&#8220;4.5.1&#8243; background_enable_color=&#8220;off&#8220; background_image=&#8220;https:\/\/planbwagen.de\/wp-content\/uploads\/2020\/08\/image-2.jpg&#8220; custom_padding=&#8220;0px|0|0px|0px|false|false&#8220; locked=&#8220;off&#8220;][et_pb_fullwidth_header title=&#8220;Gibraltar&#8220; text_orientation=&#8220;right&#8220; header_fullscreen=&#8220;on&#8220; background_overlay_color=&#8220;rgba(0,0,0,0)&#8220; logo_image_url=&#8220;https:\/\/planbwagen.de\/wp-content\/uploads\/2020\/08\/Gibraltar-Berber-monkey-Camouflagee.png&#8220; _builder_version=&#8220;4.5.1&#8243; title_font=&#8220;DCC Ash|700|||||||&#8220; title_text_align=&#8220;center&#8220; title_font_size=&#8220;80px&#8220; title_line_height=&#8220;1.1em&#8220; content_font=&#8220;Montserrat||||||||&#8220; content_line_height=&#8220;2em&#8220; subhead_font=&#8220;Ash||||||||&#8220; subhead_text_align=&#8220;center&#8220; subhead_font_size=&#8220;40px&#8220; subhead_line_height=&#8220;2em&#8220; background_enable_color=&#8220;off&#8220; background_enable_image=&#8220;off&#8220; parallax=&#8220;on&#8220; parallax_method=&#8220;on&#8220; custom_button_one=&#8220;on&#8220; button_one_text_size=&#8220;17px&#8220; button_one_text_color=&#8220;#ffffff&#8220; button_one_bg_color=&#8220;#ff6b5a&#8220; button_one_border_width=&#8220;7px&#8220; button_one_border_color=&#8220;#ff6b5a&#8220; button_one_border_radius=&#8220;100px&#8220; button_one_font=&#8220;Noto Sans|700||on|||||&#8220; button_one_use_icon=&#8220;off&#8220; module_alignment=&#8220;center&#8220; custom_margin=&#8220;|||&#8220; custom_padding=&#8220;0px||0px||true|&#8220; custom_padding_tablet=&#8220;100px|||&#8220; custom_padding_phone=&#8220;||20%||false|false&#8220; custom_padding_last_edited=&#8220;on|phone&#8220; animation_style=&#8220;slide&#8220; animation_direction=&#8220;top&#8220; title_font_size_tablet=&#8220;40px&#8220; title_font_size_phone=&#8220;&#8220; title_font_size_last_edited=&#8220;on|tablet&#8220; subhead_font_size_tablet=&#8220;&#8220; subhead_font_size_phone=&#8220;20px&#8220; subhead_font_size_last_edited=&#8220;on|desktop&#8220; subhead_line_height_tablet=&#8220;&#8220; subhead_line_height_phone=&#8220;1.5em&#8220; subhead_line_height_last_edited=&#8220;on|phone&#8220; title_text_shadow_style=&#8220;preset2&#8243; subhead_text_shadow_style=&#8220;preset2&#8243; border_color_all_image=&#8220;#000000&#8243; button_one_text_color_hover=&#8220;#ffffff&#8220; button_one_border_color_hover=&#8220;#ff9e59&#8243; button_one_border_radius_hover=&#8220;100px&#8220; button_one_bg_color_hover=&#8220;#ff9e59&#8243; button_one_text_size__hover_enabled=&#8220;off&#8220; button_two_text_size__hover_enabled=&#8220;off&#8220; button_one_text_color__hover_enabled=&#8220;on&#8220; button_one_text_color__hover=&#8220;#ffffff&#8220; button_two_text_color__hover_enabled=&#8220;off&#8220; button_one_border_width__hover_enabled=&#8220;off&#8220; button_two_border_width__hover_enabled=&#8220;off&#8220; button_one_border_color__hover_enabled=&#8220;on&#8220; button_one_border_color__hover=&#8220;#ff9e59&#8243; button_two_border_color__hover_enabled=&#8220;off&#8220; button_one_border_radius__hover_enabled=&#8220;on&#8220; button_one_border_radius__hover=&#8220;100px&#8220; button_two_border_radius__hover_enabled=&#8220;off&#8220; button_one_letter_spacing__hover_enabled=&#8220;off&#8220; button_two_letter_spacing__hover_enabled=&#8220;off&#8220; button_one_bg_color__hover_enabled=&#8220;on&#8220; button_one_bg_color__hover=&#8220;#ff9e59&#8243; button_two_bg_color__hover_enabled=&#8220;off&#8220;][\/et_pb_fullwidth_header][\/et_pb_section][et_pb_section fb_built=&#8220;1&#8243; admin_label=&#8220;Tour CTA &#038; Information Section&#8220; _builder_version=&#8220;4.5.1&#8243; background_color=&#8220;#949292&#8243; custom_padding=&#8220;100px|0px|54px|0px|false|false&#8220;][et_pb_row _builder_version=&#8220;4.5.1&#8243; _module_preset=&#8220;default&#8220; animation_style=&#8220;slide&#8220; animation_direction=&#8220;top&#8220;][et_pb_column type=&#8220;4_4&#8243; _builder_version=&#8220;4.5.1&#8243; _module_preset=&#8220;default&#8220;][et_pb_blog fullwidth=&#8220;off&#8220; posts_number=&#8220;1000&#8243; include_categories=&#8220;23&#8243; masonry_tile_background_color=&#8220;#273037&#8243; _builder_version=&#8220;4.5.1&#8243; _module_preset=&#8220;default&#8220; header_font=&#8220;Montserrat|700|||||||&#8220; header_text_align=&#8220;center&#8220; header_text_color=&#8220;#ffffff&#8220; header_font_size=&#8220;24px&#8220; header_line_height=&#8220;1.5em&#8220; body_font=&#8220;Montserrat||||||||&#8220; body_text_align=&#8220;center&#8220; body_text_color=&#8220;#ffffff&#8220; body_font_size=&#8220;17px&#8220; body_line_height=&#8220;1.9em&#8220; meta_font=&#8220;Montserrat|700|||||||&#8220; meta_text_align=&#8220;center&#8220; meta_text_color=&#8220;#949292&#8243; read_more_font=&#8220;Montserrat||||||||&#8220; pagination_font=&#8220;Montserrat||||||||&#8220; transform_scale=&#8220;97%|97%&#8220; text_orientation=&#8220;center&#8220; border_radii=&#8220;on|7px|7px|7px|7px&#8220; border_width_all=&#8220;0px&#8220; box_shadow_style=&#8220;preset1&#8243;][\/et_pb_blog][\/et_pb_column][\/et_pb_row][et_pb_row _builder_version=&#8220;4.5.1&#8243; _module_preset=&#8220;default&#8220;][et_pb_column type=&#8220;4_4&#8243; _builder_version=&#8220;4.5.1&#8243; _module_preset=&#8220;default&#8220;][et_pb_divider color=&#8220;#ffffff&#8220; _builder_version=&#8220;4.5.1&#8243; _module_preset=&#8220;default&#8220; min_height=&#8220;140px&#8220;][\/et_pb_divider][et_pb_text _builder_version=&#8220;4.5.1&#8243; _module_preset=&#8220;default&#8220; text_text_color=&#8220;#ffffff&#8220; header_text_color=&#8220;#ffffff&#8220; header_2_text_color=&#8220;#ffffff&#8220; header_3_text_color=&#8220;#ffffff&#8220;]<\/p>\n<h1>L'incroyable p\u00e9ninsule de Gibraltar<\/h1>\n<p>&nbsp;<\/p>\n<p>Lors de notre voyage en Espagne, nous sommes enfin arriv\u00e9s \u00e0 Gibraltar, le point le plus au sud de la p\u00e9ninsule ib\u00e9rique. Comme beaucoup de touristes, nous avions pr\u00e9vu de visiter de nombreux sites touristiques sur cet itin\u00e9raire. Certains savent d\u00e9j\u00e0 que Gibraltar est un territoire britannique d'outre-mer. C'est pourquoi il y a par exemple une cabine t\u00e9l\u00e9phonique rouge juste apr\u00e8s la fronti\u00e8re. C'est aussi la raison pour laquelle nous pouvons payer non seulement avec l'euro, mais aussi avec la livre britannique. Emportez donc vos livres de vos derni\u00e8res vacances britanniques avec vous !<\/p>\n<p>&nbsp;<\/p>\n<h2>Les meilleures attractions de Gibraltar<\/h2>\n<p>Il vaut en tout cas la peine de consulter au pr\u00e9alable les \u00e9valuations de certains sites touristiques. Cela d\u00e9pend de ce que l'on a le plus envie de faire.<\/p>\n<p>Le Rocher des singes de Gibraltar, \u00e9galement appel\u00e9 \"Gibraltar the rock\" ou le Rocher de Gibraltar, fait bien s\u00fbr partie de mes attractions touristiques pr\u00e9f\u00e9r\u00e9es. Lors de notre voyage dans ce lieu particulier, nous avons parfois pu profiter d'une faune et d'une flore \u00e9tonnantes. Dans la r\u00e9serve naturelle \"The upper rock\" et dans tout Gibraltar, on trouve les fameux macaques de Barbarie. C'est le seul endroit en Europe o\u00f9 l'on peut trouver des macaques de Barbarie. Ces animaux intelligents ont \u00e9t\u00e9 introduits ici par l'homme \u00e0 l'\u00e9poque et constituent une v\u00e9ritable attraction. Il faut n\u00e9anmoins se m\u00e9fier d'eux, car ils aiment se servir dans les biens des touristes.<\/p>\n<p>Il est possible de r\u00e9server des tours \u00e0 Gibraltar et de planifier d'autres activit\u00e9s, comme l'ascension du rocher de Gibraltar. Rien que pour la vue depuis le sommet du rocher, cela vaut vraiment la peine. Ceux qui sont d\u00e9j\u00e0 mont\u00e9s ici peuvent, par beau temps, profiter d'une vue qui s'\u00e9tend jusqu'\u00e0 l'Afrique. M\u00eame si ces deux masses terrestres ne sont s\u00e9par\u00e9es que de 15 km, on se sent vraiment \u00e9mu. L\u00e0 o\u00f9 l'Andalousie et l'Afrique du Nord se regardent, notre monde semble \u00e0 la fois grand et tr\u00e8s petit. Ceux qui ont visit\u00e9 \"Gibraltar the rock\" ou qui ont r\u00e9serv\u00e9 l'un des nombreux tours savent qu'une vue rapide ne suffit pas. Il est pr\u00e9f\u00e9rable de consacrer un ou deux jours \u00e0 cet endroit incroyable.<\/p>\n<p>&nbsp;<\/p>\n<h2>Le d\u00e9troit de Gibraltar<\/h2>\n<p>Le d\u00e9troit de Gibraltar est le passage maritime entre l'Andalousie ou l'Espagne et l'Afrique. Les routes qui y m\u00e8nent comptent parmi les plus fr\u00e9quent\u00e9es au monde, avec jusqu'\u00e0 300 navires marchands par jour. Torgit et moi avons \u00e9galement pu les admirer \u00e0 Gibraltar. En outre, on dit qu'il est parfois possible de voir des dauphins. Nous n'avons malheureusement pas pu admirer ce spectacle rare ici. Ce qui rend cet endroit encore plus sp\u00e9cial, c'est qu'il est le point de rencontre de la M\u00e9diterran\u00e9e et de l'oc\u00e9an Atlantique. Le courant se dirige vers l'est, car le niveau de la M\u00e9diterran\u00e9e est inf\u00e9rieur \u00e0 celui de l'oc\u00e9an Atlantique. Le temps \u00e0 Gibraltar est d\u00e9termin\u00e9 par le Levante (vent d'est) et le Poniente (vent d'ouest).<\/p>\n<p>C'est aussi la raison pour laquelle le temps est tr\u00e8s doux toute l'ann\u00e9e et que nous nous sentons tr\u00e8s bien ici, m\u00eame en janvier. Les donn\u00e9es climatiques de Gibraltar le montrent \u00e9galement, car on y voit que les temp\u00e9ratures diurnes ne sont g\u00e9n\u00e9ralement jamais inf\u00e9rieures \u00e0 15 degr\u00e9s, tandis que les temp\u00e9ratures nocturnes ne sont jamais inf\u00e9rieures \u00e0 5 degr\u00e9s. Juste avant la fronti\u00e8re avec l'Espagne se trouve l'a\u00e9roport de Gibraltar. La particularit\u00e9 est que la piste d'atterrissage croise l'avenue Winston Churchill, la seule route d'acc\u00e8s \u00e0 Gibraltar. C'est ici que la plupart des avions se dirigent vers la Grande-Bretagne, \u00e0 l'exception de Casablanca au Maroc.<\/p>\n<p>Pour s'orienter \u00e0 Gibraltar, il est conseill\u00e9 de se procurer une carte ou d'utiliser Google Maps. Cela permet de trouver facilement o\u00f9 se trouvent les restaurants ou les stations-service. Nous recommandons de faire le plein ici, car les prix sont bien meilleurs qu'en Espagne. De plus, cela permet de bien s'informer sur le trafic et de savoir o\u00f9 trouver des h\u00f4tels corrects. Torgit et moi n'avons g\u00e9n\u00e9ralement pas besoin de ce luxe, car nous pouvons dormir n'importe o\u00f9 avec notre SpaceCamper.<\/p>\n<p>&nbsp;<\/p>\n<p style=\"text-align: center;\">Pour bouger, pour respirer, pour voler, pour flotter,<br \/> Pour gagner tout en donnant,<br \/> Pour parcourir les routes des pays lointains,<br \/> Voyager, c'est vivre.<\/p>\n<p style=\"text-align: center;\">-Hans Christian Andersen<\/p>\n<p>[\/et_pb_text][\/et_pb_column][\/et_pb_row][\/et_pb_section]<\/p>","protected":false},"excerpt":{"rendered":"<p>[et_pb_section fb_built=&#8220;1&#8243; fullwidth=&#8220;on&#8220; admin_label=&#8220;Header&#8220; _builder_version=&#8220;4.5.1&#8243; background_enable_color=&#8220;off&#8220; background_image=&#8220;https:\/\/planbwagen.de\/wp-content\/uploads\/2020\/08\/image-2.jpg&#8220; custom_padding=&#8220;0px|0|0px|0px|false|false&#8220; locked=&#8220;off&#8220;][et_pb_fullwidth_header title=&#8220;Gibraltar&#8220; text_orientation=&#8220;right&#8220; header_fullscreen=&#8220;on&#8220; background_overlay_color=&#8220;rgba(0,0,0,0)&#8220; logo_image_url=&#8220;https:\/\/planbwagen.de\/wp-content\/uploads\/2020\/08\/Gibraltar-Berber-monkey-Camouflagee.png&#8220; _builder_version=&#8220;4.5.1&#8243; title_font=&#8220;DCC Ash|700|||||||&#8220; title_text_align=&#8220;center&#8220; title_font_size=&#8220;80px&#8220; title_line_height=&#8220;1.1em&#8220; content_font=&#8220;Montserrat||||||||&#8220; content_line_height=&#8220;2em&#8220; subhead_font=&#8220;Ash||||||||&#8220; subhead_text_align=&#8220;center&#8220; subhead_font_size=&#8220;40px&#8220; subhead_line_height=&#8220;2em&#8220; background_enable_color=&#8220;off&#8220; background_enable_image=&#8220;off&#8220; parallax=&#8220;on&#8220; parallax_method=&#8220;on&#8220; custom_button_one=&#8220;on&#8220; button_one_text_size=&#8220;17px&#8220; button_one_text_color=&#8220;#ffffff&#8220; button_one_bg_color=&#8220;#ff6b5a&#8220; button_one_border_width=&#8220;7px&#8220; button_one_border_color=&#8220;#ff6b5a&#8220; button_one_border_radius=&#8220;100px&#8220; button_one_font=&#8220;Noto Sans|700||on|||||&#8220; button_one_use_icon=&#8220;off&#8220; module_alignment=&#8220;center&#8220; custom_margin=&#8220;|||&#8220; custom_padding=&#8220;0px||0px||true|&#8220; custom_padding_tablet=&#8220;100px|||&#8220; custom_padding_phone=&#8220;||20%||false|false&#8220; custom_padding_last_edited=&#8220;on|phone&#8220; animation_style=&#8220;slide&#8220; animation_direction=&#8220;top&#8220; title_font_size_tablet=&#8220;40px&#8220; title_font_size_phone=&#8220;&#8220; title_font_size_last_edited=&#8220;on|tablet&#8220; subhead_font_size_tablet=&#8220;&#8220; subhead_font_size_phone=&#8220;20px&#8220; subhead_font_size_last_edited=&#8220;on|desktop&#8220; subhead_line_height_tablet=&#8220;&#8220; [&hellip;]<\/p>","protected":false},"author":1,"featured_media":0,"parent":0,"menu_order":0,"comment_status":"closed","ping_status":"closed","template":"","meta":{"_et_pb_use_builder":"on","_et_pb_old_content":"","_et_gb_content_width":"","footnotes":""},"class_list":["post-4406","page","type-page","status-publish","hentry"],"_links":{"self":[{"href":"https:\/\/www.planbwagen.de\/fr\/wp-json\/wp\/v2\/pages\/4406","targetHints":{"allow":["GET"]}}],"collection":[{"href":"https:\/\/www.planbwagen.de\/fr\/wp-json\/wp\/v2\/pages"}],"about":[{"href":"https:\/\/www.planbwagen.de\/fr\/wp-json\/wp\/v2\/types\/page"}],"author":[{"embeddable":true,"href":"https:\/\/www.planbwagen.de\/fr\/wp-json\/wp\/v2\/users\/1"}],"replies":[{"embeddable":true,"href":"https:\/\/www.planbwagen.de\/fr\/wp-json\/wp\/v2\/comments?post=4406"}],"version-history":[{"count":15,"href":"https:\/\/www.planbwagen.de\/fr\/wp-json\/wp\/v2\/pages\/4406\/revisions"}],"predecessor-version":[{"id":10058,"href":"https:\/\/www.planbwagen.de\/fr\/wp-json\/wp\/v2\/pages\/4406\/revisions\/10058"}],"wp:attachment":[{"href":"https:\/\/www.planbwagen.de\/fr\/wp-json\/wp\/v2\/media?parent=4406"}],"curies":[{"name":"wp","href":"https:\/\/api.w.org\/{rel}","templated":true}]}}