{"id":3157,"date":"2020-08-12T11:40:41","date_gmt":"2020-08-12T11:40:41","guid":{"rendered":"https:\/\/planbwagen.de\/?page_id=3157"},"modified":"2023-04-14T09:52:03","modified_gmt":"2023-04-14T07:52:03","slug":"datenschutzerklaerung","status":"publish","type":"page","link":"https:\/\/www.planbwagen.de\/fr\/declaration-de-protection-des-donnees\/","title":{"rendered":"D\u00e9claration de confidentialit\u00e9"},"content":{"rendered":"<h2 class=\"wp-block-heading\">1. la protection des donn\u00e9es en un coup d'\u0153il<\/h2>\r\n\r\n\r\n\r\n<h3 class=\"wp-block-heading\">Remarques g\u00e9n\u00e9rales<\/h3>\r\n\r\n\r\n\r\n<p>Les indications suivantes donnent un aper\u00e7u simple de ce qui se passe avec vos donn\u00e9es personnelles lorsque vous visitez notre site web. Les donn\u00e9es personnelles sont toutes les donn\u00e9es qui permettent de vous identifier personnellement. Vous trouverez des informations d\u00e9taill\u00e9es sur le th\u00e8me de la protection des donn\u00e9es dans notre d\u00e9claration de protection des donn\u00e9es figurant sous ce texte.<\/p>\r\n\r\n\r\n\r\n<h3 class=\"wp-block-heading\">Collecte de donn\u00e9es sur notre site web<\/h3>\r\n\r\n\r\n\r\n<p><strong>Qui est responsable de la collecte des donn\u00e9es sur ce site ?<\/strong><\/p>\r\n\r\n\r\n\r\n<p>Le traitement des donn\u00e9es sur ce site web est effectu\u00e9 par l'exploitant du site web. Vous trouverez ses coordonn\u00e9es dans les mentions l\u00e9gales de ce site web.<\/p>\r\n\r\n\r\n\r\n<p><strong>Comment recueillons-nous vos donn\u00e9es ?<\/strong><\/p>\r\n\r\n\r\n\r\n<p>Vos donn\u00e9es sont collect\u00e9es, d'une part, lorsque vous nous les communiquez.<\/p>\r\n\r\n\r\n\r\n<p>D'autres donn\u00e9es sont automatiquement collect\u00e9es par nos syst\u00e8mes informatiques lors de la visite du site. Il s'agit principalement de donn\u00e9es techniques (par exemple, le navigateur Internet, le syst\u00e8me d'exploitation ou l'heure de consultation de la page). La saisie de ces donn\u00e9es s'effectue automatiquement d\u00e8s que vous acc\u00e9dez \u00e0 notre site web.<\/p>\r\n\r\n\r\n\r\n<p><strong>\u00c0 quelles fins utilisons-nous vos donn\u00e9es ?<\/strong><\/p>\r\n\r\n\r\n\r\n<p>Une partie des donn\u00e9es est collect\u00e9e afin de garantir une mise \u00e0 disposition sans erreur du site web. D'autres donn\u00e9es peuvent \u00eatre utilis\u00e9es pour analyser votre comportement d'utilisateur.<\/p>\r\n\r\n\r\n\r\n<p><strong>Quels sont vos droits concernant vos donn\u00e9es ?<\/strong><\/p>\r\n\r\n\r\n\r\n<p>Vous avez \u00e0 tout moment le droit d'obtenir gratuitement des informations sur l'origine, le destinataire et la finalit\u00e9 de vos donn\u00e9es personnelles enregistr\u00e9es. Vous avez \u00e9galement le droit d'exiger la rectification, le blocage ou la suppression de ces donn\u00e9es. Pour cela, ainsi que pour toute autre question relative \u00e0 la protection des donn\u00e9es, vous pouvez nous contacter \u00e0 tout moment \u00e0 l'adresse indiqu\u00e9e dans les mentions l\u00e9gales. Vous disposez en outre d'un droit de recours aupr\u00e8s de l'autorit\u00e9 de surveillance comp\u00e9tente.<\/p>\r\n\r\n\r\n\r\n<h3 class=\"wp-block-heading\">Outils d'analyse et outils de tiers<\/h3>\r\n\r\n\r\n\r\n<p>Lorsque vous visitez notre site web, votre comportement de navigation peut \u00eatre \u00e9valu\u00e9 statistiquement. Cela se fait principalement \u00e0 l'aide de cookies et de programmes d'analyse. L'analyse de votre comportement de navigation se fait en g\u00e9n\u00e9ral de mani\u00e8re anonyme ; le comportement de navigation ne peut pas \u00eatre retrac\u00e9 jusqu'\u00e0 vous. Vous pouvez vous opposer \u00e0 cette analyse ou l'emp\u00eacher en n'utilisant pas certains outils. Vous trouverez des informations d\u00e9taill\u00e9es \u00e0 ce sujet dans la d\u00e9claration de protection des donn\u00e9es ci-apr\u00e8s.<\/p>\r\n\r\n\r\n\r\n<p>Vous pouvez vous opposer \u00e0 cette analyse. Nous vous informerons des possibilit\u00e9s d'opposition dans la pr\u00e9sente d\u00e9claration de protection des donn\u00e9es.<\/p>\r\n\r\n\r\n\r\n<h2 class=\"wp-block-heading\">2. indications g\u00e9n\u00e9rales et informations obligatoires<\/h2>\r\n\r\n\r\n\r\n<h3 class=\"wp-block-heading\">Protection des donn\u00e9es<\/h3>\r\n\r\n\r\n\r\n<p>Les exploitants de ces pages prennent la protection de vos donn\u00e9es personnelles tr\u00e8s au s\u00e9rieux. Nous traitons vos donn\u00e9es personnelles de mani\u00e8re confidentielle et conform\u00e9ment aux dispositions l\u00e9gales en mati\u00e8re de protection des donn\u00e9es ainsi qu'\u00e0 la pr\u00e9sente d\u00e9claration de protection des donn\u00e9es.<\/p>\r\n\r\n\r\n\r\n<p>Lorsque vous utilisez ce site web, diverses donn\u00e9es personnelles sont collect\u00e9es. Les donn\u00e9es personnelles sont des donn\u00e9es qui permettent de vous identifier personnellement. La pr\u00e9sente d\u00e9claration de confidentialit\u00e9 explique quelles donn\u00e9es nous collectons et \u00e0 quelles fins nous les utilisons. Elle explique \u00e9galement comment et dans quel but nous le faisons.<\/p>\r\n\r\n\r\n\r\n<p>Nous attirons votre attention sur le fait que la transmission de donn\u00e9es sur Internet (p. ex. lors de la communication par e-mail) peut pr\u00e9senter des failles de s\u00e9curit\u00e9. Une protection compl\u00e8te des donn\u00e9es contre l'acc\u00e8s par des tiers n'est pas possible.<\/p>\r\n\r\n\r\n\r\n<h3 class=\"wp-block-heading\">Remarque sur le service responsable<\/h3>\r\n\r\n\r\n\r\n<p>Le responsable du traitement des donn\u00e9es sur ce site est :<\/p>\r\n\r\n\r\n\r\n<p><br \/>Marc H\u00e4usgen<br \/>4, rue Jagow<br \/>10555 Berlin<br \/><br \/>T\u00e9l\u00e9phone : +49 (173) 20 20 810<br \/>Courrier \u00e9lectronique : marc@haeusgen.net<\/p>\r\n\r\n\r\n\r\n<p>Le responsable du traitement est la personne physique ou morale qui, seule ou conjointement avec d'autres, d\u00e9termine les finalit\u00e9s et les moyens du traitement des donn\u00e9es \u00e0 caract\u00e8re personnel (p. ex. noms, adresses \u00e9lectroniques ou autres).<\/p>\r\n\r\n\r\n\r\n<h3 class=\"wp-block-heading\">R\u00e9vocation de votre consentement au traitement des donn\u00e9es<\/h3>\r\n\r\n\r\n\r\n<p>De nombreuses op\u00e9rations de traitement des donn\u00e9es ne sont possibles qu'avec votre consentement explicite. Vous pouvez r\u00e9voquer \u00e0 tout moment un consentement d\u00e9j\u00e0 donn\u00e9. Il suffit pour cela de nous envoyer un message informel par e-mail. La l\u00e9galit\u00e9 du traitement des donn\u00e9es effectu\u00e9 jusqu'\u00e0 la r\u00e9vocation n'est pas affect\u00e9e par la r\u00e9vocation.<\/p>\r\n\r\n\r\n\r\n<h3 class=\"wp-block-heading\">Droit de recours aupr\u00e8s de l'autorit\u00e9 de surveillance comp\u00e9tente<\/h3>\r\n\r\n\r\n\r\n<p>En cas d'infraction \u00e0 la l\u00e9gislation sur la protection des donn\u00e9es, la personne concern\u00e9e dispose d'un droit de recours aupr\u00e8s de l'autorit\u00e9 de surveillance comp\u00e9tente. L'autorit\u00e9 de surveillance comp\u00e9tente pour les questions relatives \u00e0 la protection des donn\u00e9es est le d\u00e9l\u00e9gu\u00e9 \u00e0 la protection des donn\u00e9es du Land dans lequel notre entreprise a son si\u00e8ge. Une liste des d\u00e9l\u00e9gu\u00e9s \u00e0 la protection des donn\u00e9es ainsi que leurs coordonn\u00e9es peuvent \u00eatre consult\u00e9es sur le lien suivant : <a href=\"https:\/\/www.bfdi.bund.de\/DE\/Infothek\/Anschriften_Links\/anschriften_links-node.html\" target=\"_blank\" rel=\"noreferrer noopener\">https:\/\/www.bfdi.bund.de\/DE\/Infothek\/Anschriften_Links\/anschriften_links-node.html<\/a>.<\/p>\r\n\r\n\r\n\r\n<h3 class=\"wp-block-heading\">Droit \u00e0 la portabilit\u00e9 des donn\u00e9es<\/h3>\r\n\r\n\r\n\r\n<p>Vous avez le droit de vous faire remettre ou de faire remettre \u00e0 un tiers, dans un format courant et lisible par machine, les donn\u00e9es que nous traitons de mani\u00e8re automatis\u00e9e sur la base de votre consentement ou en ex\u00e9cution d'un contrat. Si vous demandez la transmission directe des donn\u00e9es \u00e0 un autre responsable, cela ne se fera que dans la mesure o\u00f9 cela est techniquement possible.<\/p>\r\n\r\n\r\n\r\n<h3 class=\"wp-block-heading\">Chiffrement SSL ou TLS<\/h3>\r\n\r\n\r\n\r\n<p>Pour des raisons de s\u00e9curit\u00e9 et pour prot\u00e9ger la transmission de contenus confidentiels, comme par exemple les commandes ou les demandes que vous nous envoyez en tant qu'exploitant du site, ce site utilise un cryptage SSL ou TLS. Vous reconnaissez une connexion crypt\u00e9e au fait que la ligne d'adresse du navigateur passe de \"http:\/\/\" \u00e0 \"https:\/\/\" et au symbole du cadenas dans la ligne de votre navigateur.<\/p>\r\n\r\n\r\n\r\n<p>Si le cryptage SSL ou TLS est activ\u00e9, les donn\u00e9es que vous nous transmettez ne peuvent pas \u00eatre lues par des tiers.<\/p>\r\n\r\n\r\n\r\n<h3 class=\"wp-block-heading\">Information, blocage, suppression<\/h3>\r\n\r\n\r\n\r\n<p>Dans le cadre des dispositions l\u00e9gales en vigueur, vous avez \u00e0 tout moment le droit d'obtenir gratuitement des informations sur vos donn\u00e9es personnelles enregistr\u00e9es, leur origine et leur destinataire ainsi que sur la finalit\u00e9 du traitement des donn\u00e9es et, le cas \u00e9ch\u00e9ant, un droit de rectification, de blocage ou de suppression de ces donn\u00e9es. Pour cela, ainsi que pour toute autre question relative aux donn\u00e9es personnelles, vous pouvez nous contacter \u00e0 tout moment \u00e0 l'adresse indiqu\u00e9e dans les mentions l\u00e9gales.<\/p>\r\n\r\n\r\n\r\n<h3 class=\"wp-block-heading\">Opposition aux e-mails publicitaires<\/h3>\r\n\r\n\r\n\r\n<p>L'utilisation des donn\u00e9es de contact publi\u00e9es dans le cadre des mentions l\u00e9gales obligatoires pour l'envoi de publicit\u00e9 et de mat\u00e9riel d'information non express\u00e9ment demand\u00e9s est interdite. Les exploitants des pages se r\u00e9servent express\u00e9ment le droit d'engager des poursuites judiciaires en cas d'envoi non sollicit\u00e9 d'informations publicitaires, par exemple par le biais de spams.<\/p>\r\n\r\n\r\n\r\n<h2 class=\"wp-block-heading\">3. collecte de donn\u00e9es sur notre site web<\/h2>\r\n\r\n\r\n\r\n<h3 class=\"wp-block-heading\">Cookies<\/h3>\r\n\r\n\r\n\r\n<p>Les pages Internet utilisent en partie des cookies. Les cookies n'endommagent pas votre ordinateur et ne contiennent pas de virus. Les cookies servent \u00e0 rendre notre offre plus conviviale, plus efficace et plus s\u00fbre. Les cookies sont de petits fichiers texte qui sont d\u00e9pos\u00e9s sur votre ordinateur et que votre navigateur enregistre.<\/p>\r\n\r\n\r\n\r\n<p>La plupart des cookies que nous utilisons sont des \"cookies de session\". Ils sont automatiquement supprim\u00e9s \u00e0 la fin de votre visite. D'autres cookies restent enregistr\u00e9s sur votre terminal jusqu'\u00e0 ce que vous les supprimiez. Ces cookies nous permettent de reconna\u00eetre votre navigateur lors de votre prochaine visite.<\/p>\r\n\r\n\r\n\r\n<p>Vous pouvez configurer votre navigateur de mani\u00e8re \u00e0 \u00eatre inform\u00e9 de l'installation de cookies et \u00e0 n'autoriser les cookies qu'au cas par cas, \u00e0 exclure l'acceptation des cookies dans certains cas ou de mani\u00e8re g\u00e9n\u00e9rale, et \u00e0 activer la suppression automatique des cookies \u00e0 la fermeture du navigateur. En cas de d\u00e9sactivation des cookies, la fonctionnalit\u00e9 de ce site web peut \u00eatre limit\u00e9e.<\/p>\r\n\r\n\r\n\r\n<p>Les cookies n\u00e9cessaires \u00e0 l'ex\u00e9cution du processus de communication \u00e9lectronique ou \u00e0 la mise \u00e0 disposition de certaines fonctions que vous avez souhait\u00e9es (par ex. fonction de panier d'achat) sont enregistr\u00e9s sur la base de l'article 6, paragraphe 1, point f du RGPD. L'exploitant du site web a un int\u00e9r\u00eat l\u00e9gitime \u00e0 l'enregistrement de cookies pour une mise \u00e0 disposition de ses services sans erreur technique et optimis\u00e9e. Dans la mesure o\u00f9 d'autres cookies (par ex. des cookies pour l'analyse de votre comportement de navigation) sont enregistr\u00e9s, ceux-ci sont trait\u00e9s s\u00e9par\u00e9ment dans la pr\u00e9sente d\u00e9claration de protection des donn\u00e9es.<\/p>\r\n\r\n\r\n\r\n<h3 class=\"wp-block-heading\">Fichiers journaux du serveur<\/h3>\r\n\r\n\r\n\r\n<p>Le fournisseur des pages collecte et enregistre automatiquement des informations dans ce que l'on appelle des fichiers journaux du serveur, que votre navigateur nous transmet automatiquement. Il s'agit de<\/p>\r\n\r\n\r\n\r\n<ul class=\"wp-block-list\">\r\n<li>le type et la version du navigateur<\/li>\r\n<li>le syst\u00e8me d'exploitation utilis\u00e9<\/li>\r\n<li>URL de r\u00e9f\u00e9rence<\/li>\r\n<li>nom d'h\u00f4te de l'ordinateur qui acc\u00e8de au site<\/li>\r\n<li>Heure de la demande du serveur<\/li>\r\n<li>Adresse IP<\/li>\r\n<\/ul>\r\n\r\n\r\n\r\n<p>Ces donn\u00e9es ne sont pas recoup\u00e9es avec d'autres sources de donn\u00e9es.<\/p>\r\n\r\n\r\n\r\n<p>Le traitement des donn\u00e9es se fonde sur l'article 6, paragraphe 1, point f), du RGPD, qui autorise le traitement des donn\u00e9es pour l'ex\u00e9cution d'un contrat ou de mesures pr\u00e9contractuelles.<\/p>\r\n\r\n\r\n\r\n<h3 class=\"wp-block-heading\">Formulaire de contact<\/h3>\r\n\r\n\r\n\r\n<p>Si vous nous faites parvenir des demandes par le biais du formulaire de contact, les informations que vous avez fournies dans le formulaire de demande, y compris les donn\u00e9es de contact que vous y avez indiqu\u00e9es, sont enregistr\u00e9es chez nous \u00e0 des fins de traitement de la demande et en cas de questions de suivi. Nous ne transmettons pas ces donn\u00e9es sans votre consentement. Le traitement des donn\u00e9es saisies dans le formulaire de contact se fait donc exclusivement sur la base de votre consentement (article 6, paragraphe 1, point a du RGPD). Vous pouvez r\u00e9voquer ce consentement \u00e0 tout moment. Il suffit pour cela de nous envoyer un message informel par e-mail. La l\u00e9galit\u00e9 des op\u00e9rations de traitement des donn\u00e9es effectu\u00e9es jusqu'\u00e0 la r\u00e9vocation n'est pas affect\u00e9e par la r\u00e9vocation. Les donn\u00e9es que vous avez saisies dans le formulaire de contact restent chez nous jusqu'\u00e0 ce que vous nous demandiez de les supprimer, que vous r\u00e9voquiez votre consentement \u00e0 leur enregistrement ou que la finalit\u00e9 de l'enregistrement des donn\u00e9es devienne caduque (par ex. apr\u00e8s le traitement de votre demande). Les dispositions l\u00e9gales contraignantes - en particulier les d\u00e9lais de conservation - ne sont pas affect\u00e9es.<\/p>\r\n\r\n\r\n\r\n<h2 class=\"wp-block-heading\">4. plugins et outils<\/h2>\r\n\r\n\r\n\r\n<h3 class=\"wp-block-heading\">Google Fonts Web<\/h3>\r\n\r\n\r\n\r\n<p>Ce site utilise ce que l'on appelle des polices web, mises \u00e0 disposition par Google, pour l'affichage uniforme des polices de caract\u00e8res. Lorsque vous consultez une page, votre navigateur charge les polices web n\u00e9cessaires dans le cache de votre navigateur afin d'afficher correctement les textes et les polices.<\/p>\r\n\r\n\r\n\r\n<p>Pour ce faire, le navigateur que vous utilisez doit se connecter aux serveurs de Google. Google est ainsi inform\u00e9 que notre site web a \u00e9t\u00e9 consult\u00e9 via votre adresse IP. L'utilisation de Google Web Fonts a lieu dans l'int\u00e9r\u00eat d'une pr\u00e9sentation uniforme et attrayante de nos offres en ligne. Cela constitue un int\u00e9r\u00eat l\u00e9gitime au sens de l'article 6, paragraphe 1, point f) du RGPD.<\/p>\r\n\r\n\r\n\r\n<p>Si votre navigateur ne supporte pas les polices web, une police standard est utilis\u00e9e par votre ordinateur.<\/p>\r\n\r\n\r\n\r\n<p>Pour plus d'informations sur Google Web Fonts, voir <a href=\"https:\/\/developers.google.com\/fonts\/faq\" target=\"_blank\" rel=\"noreferrer noopener\">https:\/\/developers.google.com\/fonts\/faq<\/a> et dans la d\u00e9claration de confidentialit\u00e9 de Google : <a href=\"https:\/\/www.google.com\/policies\/privacy\/\" target=\"_blank\" rel=\"noreferrer noopener\">https:\/\/www.google.com\/policies\/privacy\/<\/a>.<\/p>\r\n\r\n\r\n\r\n<h2 class=\"wp-block-heading\">Remarques sur le traitement des donn\u00e9es en relation avec Google Analytics<\/h2>\r\n\r\n\r\n\r\n<p>Diese Website benutzt Google Analytics, einen Webanalysedienst der Google Ireland Limited. Wenn der Verantwortlicher f\u00fcr die Datenverarbeitung auf dieser Website au\u00dferhalb des Europ\u00e4ischen Wirtschaftsraumes oder der Schweiz sitzt, dann erfolgt die Google Analytics Datenverarbeitung durch Google LLC. Google LLC und Google Ireland Limited werden nachfolgend &#8222;Google&#8220; genannt.<br \/><br \/>Google Analytics verwendet sog. &#8222;Cookies&#8220;, Textdateien, die auf dem Computer des Seitenbesuchers gespeichert werden und die eine Analyse der Benutzung der Website durch den Seitenbesucher erm\u00f6glichen. Die durch das Cookie erzeugten Informationen \u00fcber die Benutzung dieser Website durch den Seitenbesucher (einschlie\u00dflich der gek\u00fcrzten IP-Adresse) werden in der Regel an einen Server von Google \u00fcbertragen und dort gespeichert.<br \/><br \/>Google Analytics wird ausschlie\u00dflich mit der Erweiterung &#8222;_anonymizeIp()&#8220; auf dieser Website verwendet. Diese Erweiterung stellt eine Anonymisierung der IP-Adresse durch K\u00fcrzung sicher und schlie\u00dft eine direkte Personenbeziehbarkeit aus. Durch die Erweiterung wird die IP-Adresse von Google innerhalb von Mitgliedstaaten der Europ\u00e4ischen Union oder in anderen Vertragsstaaten des Abkommens \u00fcber den Europ\u00e4ischen Wirtschaftsraum zuvor gek\u00fcrzt. Nur in Ausnahmef\u00e4llen wird die volle IP-Adresse an einen Server von Google in den USA \u00fcbertragen und dort gek\u00fcrzt. Die im Rahmen von Google Analytics von dem entsprechenden Browser \u00fcbermittelte IP-Adresse wird nicht mit anderen Daten von Google zusammengef\u00fchrt.<br \/><br \/>Google utilisera les informations recueillies pour le compte de l'exploitant du site afin d'\u00e9valuer l'utilisation du site, de compiler des rapports sur l'activit\u00e9 du site et de fournir \u00e0 l'exploitant du site d'autres services li\u00e9s \u00e0 l'activit\u00e9 du site et \u00e0 l'utilisation d'Internet (article 6, paragraphe 1, point f du RGPD). L'int\u00e9r\u00eat l\u00e9gitime du traitement des donn\u00e9es r\u00e9side dans l'optimisation de ce site web, l'analyse de l'utilisation du site web et l'adaptation des contenus. Les int\u00e9r\u00eats des utilisateurs sont suffisamment prot\u00e9g\u00e9s par la pseudonymisation.<br \/><br \/>Google LLC. est certifi\u00e9 selon le Privacy Shield (entr\u00e9e dans la liste <a href=\"https:\/\/www.privacyshield.gov\/participant?id=a2zt000000001L5AAI\" target=\"_blank\" rel=\"noreferrer noopener\">ici<\/a>) et garantit sur cette base un niveau de protection des donn\u00e9es ad\u00e9quat. Les donn\u00e9es envoy\u00e9es et associ\u00e9es \u00e0 des cookies, des identifiants d'utilisateur (par ex. ID utilisateur) ou des ID publicitaires sont automatiquement supprim\u00e9es apr\u00e8s 50 mois. Les donn\u00e9es dont la dur\u00e9e de conservation est atteinte sont automatiquement supprim\u00e9es une fois par mois.<br \/><br \/>La saisie par Google Analytics peut \u00eatre emp\u00each\u00e9e en adaptant les param\u00e8tres des cookies pour ce site web. La saisie et l'enregistrement de l'adresse IP et des donn\u00e9es g\u00e9n\u00e9r\u00e9es par les cookies peuvent en outre \u00eatre refus\u00e9s \u00e0 tout moment avec effet pour l'avenir. Le plugin de navigateur correspondant peut \u00eatre t\u00e9l\u00e9charg\u00e9 et install\u00e9 sous le lien suivant : <a href=\"http:\/\/tools.google.com\/dlpage\/gaoptout\" target=\"_blank\" rel=\"noreferrer noopener\">https:\/\/tools.google.com\/dlpage\/gaoptout<\/a>.<br \/><br \/>Le visiteur du site peut emp\u00eacher la saisie par Google Analytics sur ce site web en cliquant sur le lien suivant <a>Lien<\/a> clique sur le lien. Un cookie d'opt-out est install\u00e9, qui emp\u00eache la collecte future des donn\u00e9es lors de la visite de ce site web.<br \/><br \/>Pour plus d'informations sur l'utilisation des donn\u00e9es par Google, les possibilit\u00e9s de param\u00e9trage et d'opposition, veuillez consulter la d\u00e9claration de confidentialit\u00e9 de Google (<a href=\"https:\/\/policies.google.com\/privacy\" target=\"_blank\" rel=\"noreferrer noopener\">https:\/\/policies.google.com\/privacy<\/a>) et dans les param\u00e8tres d'affichage des publicit\u00e9s par Google (<a href=\"https:\/\/adssettings.google.com\/authenticated\" target=\"_blank\" rel=\"noreferrer noopener\">https:\/\/adssettings.google.com\/authenticated<\/a>).<\/p>\r\n\r\n\r\n\r\n<h2 class=\"wp-block-heading\">reCAPTCHA<\/h2>\r\n\r\n\r\n\r\n<p>Pour prot\u00e9ger vos demandes par formulaire Internet, nous utilisons le service reCAPTCHA de l'entreprise Google LLC (Google). La requ\u00eate sert \u00e0 distinguer si la saisie est effectu\u00e9e par un \u00eatre humain ou de mani\u00e8re abusive par un traitement automatis\u00e9 et m\u00e9canique. La requ\u00eate inclut l'envoi \u00e0 Google de l'adresse IP et, le cas \u00e9ch\u00e9ant, d'autres donn\u00e9es requises par Google pour le service reCAPTCHA. \u00c0 cette fin, votre saisie est transmise \u00e0 Google qui l'utilise. Votre adresse IP sera toutefois raccourcie au pr\u00e9alable par Google dans les \u00c9tats membres de l'Union europ\u00e9enne ou dans d'autres \u00c9tats signataires de l'accord sur l'Espace \u00e9conomique europ\u00e9en. Ce n'est que dans des cas exceptionnels que l'adresse IP compl\u00e8te est transmise \u00e0 un serveur de Google aux \u00c9tats-Unis et y est abr\u00e9g\u00e9e. Google utilisera ces informations pour le compte de l'exploitant de ce site web afin d'\u00e9valuer votre utilisation de ce service. L'adresse IP transmise par votre navigateur dans le cadre de reCaptcha ne sera pas recoup\u00e9e avec d'autres donn\u00e9es de Google. Les r\u00e8gles de protection des donn\u00e9es diff\u00e9rentes de l'entreprise Google s'appliquent \u00e0 ces donn\u00e9es. Vous trouverez plus d'informations sur les directives de protection des donn\u00e9es de Google sous : <a href=\"https:\/\/policies.google.com\/privacy?hl=de\" target=\"_blank\" rel=\"noreferrer noopener\">https:\/\/policies.google.com\/privacy?hl=de<\/a><\/p>","protected":false},"excerpt":{"rendered":"<p>1. Datenschutz auf einen Blick Allgemeine Hinweise Die folgenden Hinweise geben einen einfachen \u00dcberblick dar\u00fcber, was mit Ihren personenbezogenen Daten passiert, wenn Sie unsere Website besuchen. Personenbezogene Daten sind alle Daten, mit denen Sie pers\u00f6nlich identifiziert werden k\u00f6nnen. Ausf\u00fchrliche Informationen zum Thema Datenschutz entnehmen Sie unserer unter diesem Text aufgef\u00fchrten Datenschutzerkl\u00e4rung. Datenerfassung auf unserer Website [&hellip;]<\/p>","protected":false},"author":1,"featured_media":0,"parent":0,"menu_order":0,"comment_status":"closed","ping_status":"closed","template":"","meta":{"_et_pb_use_builder":"off","_et_pb_old_content":"","_et_gb_content_width":"","footnotes":""},"class_list":["post-3157","page","type-page","status-publish","hentry"],"_links":{"self":[{"href":"https:\/\/www.planbwagen.de\/fr\/wp-json\/wp\/v2\/pages\/3157","targetHints":{"allow":["GET"]}}],"collection":[{"href":"https:\/\/www.planbwagen.de\/fr\/wp-json\/wp\/v2\/pages"}],"about":[{"href":"https:\/\/www.planbwagen.de\/fr\/wp-json\/wp\/v2\/types\/page"}],"author":[{"embeddable":true,"href":"https:\/\/www.planbwagen.de\/fr\/wp-json\/wp\/v2\/users\/1"}],"replies":[{"embeddable":true,"href":"https:\/\/www.planbwagen.de\/fr\/wp-json\/wp\/v2\/comments?post=3157"}],"version-history":[{"count":4,"href":"https:\/\/www.planbwagen.de\/fr\/wp-json\/wp\/v2\/pages\/3157\/revisions"}],"predecessor-version":[{"id":15001,"href":"https:\/\/www.planbwagen.de\/fr\/wp-json\/wp\/v2\/pages\/3157\/revisions\/15001"}],"wp:attachment":[{"href":"https:\/\/www.planbwagen.de\/fr\/wp-json\/wp\/v2\/media?parent=3157"}],"curies":[{"name":"wp","href":"https:\/\/api.w.org\/{rel}","templated":true}]}}