{"id":3155,"date":"2020-08-12T11:39:55","date_gmt":"2020-08-12T11:39:55","guid":{"rendered":"https:\/\/planbwagen.de\/?page_id=3155"},"modified":"2023-03-05T12:50:10","modified_gmt":"2023-03-05T10:50:10","slug":"impressum","status":"publish","type":"page","link":"https:\/\/www.planbwagen.de\/fr\/mentions-legales\/","title":{"rendered":"Mentions l\u00e9gales"},"content":{"rendered":"<p>[et_pb_section fb_built=&#8220;1&#8243; admin_label=&#8220;section&#8220; _builder_version=&#8220;3.22&#8243;][et_pb_row admin_label=&#8220;row&#8220; _builder_version=&#8220;3.25&#8243; background_size=&#8220;initial&#8220; background_position=&#8220;top_left&#8220; background_repeat=&#8220;repeat&#8220;][et_pb_column type=&#8220;4_4&#8243; _builder_version=&#8220;3.25&#8243; custom_padding=&#8220;|||&#8220; custom_padding__hover=&#8220;|||&#8220;][et_pb_text admin_label=&#8220;Text&#8220; _builder_version=&#8220;4.5.1&#8243; background_size=&#8220;initial&#8220; background_position=&#8220;top_left&#8220; background_repeat=&#8220;repeat&#8220;]<\/p>\n<p><strong>Fournisseur de ce site web, informations selon \u00a7 5 TMG :<\/strong><br \/>Marc H\u00e4usgen<br \/>4, rue Jagow<br \/>10555 Berlin<\/p>\n<p><strong>Donn\u00e9es de contact :<\/strong><br \/> T\u00e9l\u00e9phone : 0173 2020810<br \/> contact@planBwagen.de<\/p>\n<p><strong>Responsable du contenu r\u00e9dactionnel au sens du droit de la presse :<\/strong><br \/> Marc H\u00e4usgen<\/p>\n<p>&nbsp;<\/p>\n<p>[\/et_pb_text][\/et_pb_column][\/et_pb_row][\/et_pb_section]<\/p>","protected":false},"excerpt":{"rendered":"<p>[et_pb_section fb_built=&#8220;1&#8243; admin_label=&#8220;section&#8220; _builder_version=&#8220;3.22&#8243;][et_pb_row admin_label=&#8220;row&#8220; _builder_version=&#8220;3.25&#8243; background_size=&#8220;initial&#8220; background_position=&#8220;top_left&#8220; background_repeat=&#8220;repeat&#8220;][et_pb_column type=&#8220;4_4&#8243; _builder_version=&#8220;3.25&#8243; custom_padding=&#8220;|||&#8220; custom_padding__hover=&#8220;|||&#8220;][et_pb_text admin_label=&#8220;Text&#8220; _builder_version=&#8220;4.5.1&#8243; background_size=&#8220;initial&#8220; background_position=&#8220;top_left&#8220; background_repeat=&#8220;repeat&#8220;] Anbieter dieser Webseite, Angaben gem\u00e4\u00df \u00a7 5 TMG:Marc H\u00e4usgenJagowstr. 410555 Berlin Kontaktdaten: Telefon: 0173 2020810 contact@planBwagen.de Verantwortlicher f\u00fcr den redaktionellen Inhalt im Sinne des Presserechts: Marc H\u00e4usgen &nbsp; [\/et_pb_text][\/et_pb_column][\/et_pb_row][\/et_pb_section]<\/p>","protected":false},"author":1,"featured_media":0,"parent":0,"menu_order":0,"comment_status":"closed","ping_status":"closed","template":"","meta":{"_et_pb_use_builder":"on","_et_pb_old_content":"<!-- wp:heading {\"level\":3} -->\r\n<h3>Anbieter dieser Webseite, Angaben gem\u00e4\u00df \u00a7 5 TMG:<\/h3>\r\n<!-- \/wp:heading -->\r\n\r\n<!-- wp:paragraph -->\r\n<p><strong>Marc H\u00e4usgen<\/strong><br>Schnurgasse 39d<br>50676 K\u00f6ln<\/p>\r\n<!-- \/wp:paragraph -->\r\n\r\n<!-- wp:heading {\"level\":3} -->\r\n<h3>Kontaktdaten:<\/h3>\r\n<!-- \/wp:heading -->\r\n\r\n<!-- wp:paragraph -->\r\n<p>Telefon: +49 (221) 64 30 55 30<br>Email: marc@haeusgen.net<\/p>\r\n<!-- \/wp:paragraph -->\r\n\r\n<!-- wp:heading {\"level\":3} -->\r\n<h3>Verantwortlicher f\u00fcr den redaktionellen Inhalt im Sinne des Presserechts:<\/h3>\r\n<!-- \/wp:heading -->\r\n\r\n<!-- wp:paragraph -->\r\n<p>Marc H\u00e4usgen<br>Schnurgasse 39d<br>50676 K\u00f6ln<\/p>\r\n<!-- \/wp:paragraph -->","_et_gb_content_width":"","footnotes":""},"class_list":["post-3155","page","type-page","status-publish","hentry"],"_links":{"self":[{"href":"https:\/\/www.planbwagen.de\/fr\/wp-json\/wp\/v2\/pages\/3155","targetHints":{"allow":["GET"]}}],"collection":[{"href":"https:\/\/www.planbwagen.de\/fr\/wp-json\/wp\/v2\/pages"}],"about":[{"href":"https:\/\/www.planbwagen.de\/fr\/wp-json\/wp\/v2\/types\/page"}],"author":[{"embeddable":true,"href":"https:\/\/www.planbwagen.de\/fr\/wp-json\/wp\/v2\/users\/1"}],"replies":[{"embeddable":true,"href":"https:\/\/www.planbwagen.de\/fr\/wp-json\/wp\/v2\/comments?post=3155"}],"version-history":[{"count":8,"href":"https:\/\/www.planbwagen.de\/fr\/wp-json\/wp\/v2\/pages\/3155\/revisions"}],"predecessor-version":[{"id":14361,"href":"https:\/\/www.planbwagen.de\/fr\/wp-json\/wp\/v2\/pages\/3155\/revisions\/14361"}],"wp:attachment":[{"href":"https:\/\/www.planbwagen.de\/fr\/wp-json\/wp\/v2\/media?parent=3155"}],"curies":[{"name":"wp","href":"https:\/\/api.w.org\/{rel}","templated":true}]}}