{"id":2379,"date":"2020-07-30T11:02:46","date_gmt":"2020-07-30T11:02:46","guid":{"rendered":"https:\/\/planbwagen.de\/?page_id=2379"},"modified":"2020-12-10T09:50:46","modified_gmt":"2020-12-10T09:50:46","slug":"spacecamper-terranger-delta4x4","status":"publish","type":"page","link":"https:\/\/www.planbwagen.de\/fr\/spacecamper-terranger-delta4x4\/","title":{"rendered":"SpaceCamper, Terranger, delta4x4 &amp; Co."},"content":{"rendered":"<p>[et_pb_section fb_built=&#8220;1&#8243; custom_padding_last_edited=&#8220;on|desktop&#8220; next_background_color=&#8220;#949292&#8243; admin_label=&#8220;Header&#8220; _builder_version=&#8220;4.5.1&#8243; background_color=&#8220;#4c4c50&#8243; background_image=&#8220;https:\/\/planbwagen.de\/wp-content\/uploads\/2020\/08\/sight-seeing-49.png&#8220; background_size=&#8220;contain&#8220; background_position=&#8220;bottom_center&#8220; custom_padding=&#8220;||225px|||&#8220; custom_padding_tablet=&#8220;0px||5vw&#8220; custom_padding_phone=&#8220;&#8220; bottom_divider_style=&#8220;asymmetric&#8220; box_shadow_vertical_tablet=&#8220;&#8220; box_shadow_vertical_phone=&#8220;&#8220; box_shadow_vertical_last_edited=&#8220;on|tablet&#8220; locked=&#8220;off&#8220;][et_pb_row column_structure=&#8220;1_2,1_2&#8243; _builder_version=&#8220;4.5.1&#8243; module_alignment=&#8220;center&#8220; animation_style=&#8220;slide&#8220; animation_direction=&#8220;top&#8220; locked=&#8220;off&#8220;][et_pb_column type=&#8220;1_2&#8243; _builder_version=&#8220;3.25&#8243; custom_padding=&#8220;|||&#8220; custom_padding__hover=&#8220;|||&#8220;][et_pb_text _builder_version=&#8220;4.5.1&#8243; text_font=&#8220;Lato||||||||&#8220; text_font_size=&#8220;22px&#8220; text_line_height=&#8220;1.8em&#8220; header_font=&#8220;DCC Ash|700|||||||&#8220; header_font_size=&#8220;80px&#8220; header_line_height=&#8220;1.2em&#8220; background_layout=&#8220;dark&#8220; text_font_size_tablet=&#8220;&#8220; text_font_size_phone=&#8220;18px&#8220; text_font_size_last_edited=&#8220;on|phone&#8220; header_font_size_tablet=&#8220;60px&#8220; header_font_size_phone=&#8220;60px&#8220; header_font_size_last_edited=&#8220;on|phone&#8220;]<\/p>\n<h1>SpaceCamper, Terranger &amp; Co.<\/h1>\n<p>[\/et_pb_text][et_pb_text _builder_version=&#8220;4.5.1&#8243; _module_preset=&#8220;default&#8220; text_font=&#8220;Montserrat||||||||&#8220; text_font_size=&#8220;30px&#8220; header_2_font=&#8220;Ash||||||||&#8220;]<\/p>\n<p style=\"text-align: left;\"><span style=\"color: #ffffff; font-size: xx-large;\">L\u00e0 o\u00f9 la route se termine, <\/span><\/p>\n<p style=\"text-align: left;\"><span style=\"color: #ffffff;\"><span style=\"font-size: xx-large;\">le plaisir commence.<\/span>\u00a0<\/span><\/p>\n<p>[\/et_pb_text][et_pb_divider color=&#8220;#ffffff&#8220; divider_weight=&#8220;5px&#8220; _builder_version=&#8220;3.23.3&#8243; max_width=&#8220;100px&#8220; locked=&#8220;off&#8220;][\/et_pb_divider][\/et_pb_column][et_pb_column type=&#8220;1_2&#8243; _builder_version=&#8220;3.25&#8243; custom_padding=&#8220;|||&#8220; custom_padding__hover=&#8220;|||&#8220;][et_pb_image src=&#8220;https:\/\/planbwagen.de\/wp-content\/uploads\/2020\/08\/15885822fghj88.png&#8220; title_text=&#8220;15885822fghj88&#8243; _builder_version=&#8220;4.5.1&#8243; _module_preset=&#8220;default&#8220; module_alignment=&#8220;right&#8220; custom_padding=&#8220;|||30%|false|false&#8220;][\/et_pb_image][\/et_pb_column][\/et_pb_row][\/et_pb_section][et_pb_section fb_built=&#8220;1&#8243; _builder_version=&#8220;4.5.1&#8243; _module_preset=&#8220;default&#8220; background_color=&#8220;#949292&#8243;][et_pb_row _builder_version=&#8220;4.5.1&#8243; _module_preset=&#8220;default&#8220; background_color=&#8220;#949292&#8243; animation_style=&#8220;slide&#8220; animation_direction=&#8220;top&#8220;][et_pb_column type=&#8220;4_4&#8243; _builder_version=&#8220;4.5.1&#8243; _module_preset=&#8220;default&#8220;][et_pb_blog fullwidth=&#8220;off&#8220; posts_number=&#8220;10000&#8243; include_categories=&#8220;17&#8243; masonry_tile_background_color=&#8220;#273037&#8243; _builder_version=&#8220;4.5.1&#8243; _module_preset=&#8220;default&#8220; header_text_color=&#8220;#ffffff&#8220; body_text_color=&#8220;#ffffff&#8220; meta_text_color=&#8220;#949292&#8243; read_more_text_color=&#8220;#ffffff&#8220; background_color=&#8220;#949292&#8243; border_width_all=&#8220;0px&#8220; box_shadow_style=&#8220;preset1&#8243;][\/et_pb_blog][\/et_pb_column][\/et_pb_row][et_pb_row _builder_version=&#8220;4.5.1&#8243; _module_preset=&#8220;default&#8220;][et_pb_column type=&#8220;4_4&#8243; _builder_version=&#8220;4.5.1&#8243; _module_preset=&#8220;default&#8220;][et_pb_divider color=&#8220;#ffffff&#8220; _builder_version=&#8220;4.5.1&#8243; _module_preset=&#8220;default&#8220; min_height=&#8220;140px&#8220;][\/et_pb_divider][et_pb_text _builder_version=&#8220;4.5.1&#8243; _module_preset=&#8220;default&#8220; text_text_color=&#8220;#ffffff&#8220; header_text_color=&#8220;#ffffff&#8220; header_2_text_color=&#8220;#ffffff&#8220; header_3_text_color=&#8220;#ffffff&#8220; hover_enabled=&#8220;0&#8243;]<\/p>\n<h1><strong>SpaceCamper Camping Van<\/strong><\/h1>\n<p><strong>\u00a0<\/strong><\/p>\n<h2>Le temps pass\u00e9 dans le SpaceCamper est un temps de libert\u00e9 et d'aventure<\/h2>\n<p><strong>Vacances en camping<\/strong> devient la forme de vacances pr\u00e9f\u00e9r\u00e9e d'un nombre croissant de personnes. Mais de moins en moins de gens veulent avoir un grand <strong>Camping-car<\/strong> qui tra\u00eenent. La solution est un <strong>Camper au quotidien<\/strong>Il s'agit d'un v\u00e9hicule qui convient \u00e0 la fois \u00e0 la vie quotidienne et au camping - car c'est la libert\u00e9 \u00e0 l'\u00e9tat pur. Ainsi, un camping-car devient rapidement une v\u00e9ritable machine \u00e0 pondre. Vous pouvez l'utiliser comme\u00a0<strong>Camper<\/strong><span>, <strong>Fourgon d'affaires<\/strong> ou <strong>Tout-terrain<\/strong> ou comme <strong>V\u00e9hicule de tous les jours<\/strong>que <strong>Voiture<\/strong> ou <strong>Transporteur<\/strong>. Un vrai <strong>Bulli<\/strong> durable, pratique et polyvalent. C'est un moyen simple de s'\u00e9vader du quotidien.\u00a0<\/span>Ceux qui ne veulent pas seulement sortir un moment, mais qui pr\u00e9voient des voyages plus longs, doivent y penser \u00e0 l'avance. Ceux qui ont un <strong>Camper<\/strong> ou transform\u00e9s <strong>Van<\/strong> comme nous, pour qui l'argent ne sera pas un probl\u00e8me. <strong>Camper<\/strong> est devenu un v\u00e9ritable culte.<\/p>\n<p>Avec notre <strong>SpaceCamper<\/strong> BUTCH, nous traversons tant\u00f4t le paysage en toute d\u00e9contraction, tant\u00f4t nous vivons, depuis notre conversion de <strong>Terranger,<\/strong> la libert\u00e9 de sortir des sentiers battus et des routes battus, et de <strong>Tout-terrain<\/strong> de cruiser. Car avec un\u00a0<strong>4\u00d74 Tout-terrain-<\/strong><em class=\"hcV4Re nkGKTb\"><strong>Camper<\/strong> <\/em>on arrive<em class=\"hcV4Re nkGKTb\"> s<\/em><span>ouvert sur presque tous les terrains. Pour nous, BUTCH est l'ultime\u00a0<\/span><em class=\"hcV4Re nkGKTb\">Les campeurs, <\/em>\u00e0 la fois on et O<strong>ffroad<\/strong><em class=\"hcV4Re nkGKTb\">.\u00a0<\/em><span>En route pour la nature Revivre l'aventure, qui ne le voudrait pas ? Chez nous, il y en a une de plus : plus de mer.\u00a0<\/span>Une chose est s\u00fbre : nous sommes toujours tr\u00e8s flexibles et ind\u00e9pendants. Peu importe que nous partions en Nouvelle-Z\u00e9lande, au Canada, en Hollande, \u00e0 la montagne ou au bord d'un lac. Pour <strong>Camper<\/strong> M\u00eame si tu dois aller quelque part \u00e0 proximit\u00e9, tu as toujours ta maison avec toi. On reste flexible, tu peux donc tout simplement passer la nuit chez des amis \u00e0 la porte, dans un restaurant sympa ou dans une belle ville quelconque. C'est la spontan\u00e9it\u00e9 qui compte.<\/p>\n<p>Notre BUTCH, un <strong>VW T6.1<\/strong> de la maison <strong>SpaceCamper,<\/strong> offre, gr\u00e2ce \u00e0 son empattement long, 40 cm d'espace libre en plus que les mod\u00e8les de comparaison courants, comme par exemple le <strong>VW California<\/strong>. Cela peut para\u00eetre peu, mais plus de \u00bd m\u00e8tre carr\u00e9 de surface utile suppl\u00e9mentaire, c'est beaucoup dans un <strong>Camper<\/strong>. On remarque que le gain d'espace a une toute autre importance. Mais il est tout aussi important de <strong>Van<\/strong> selon ses souhaits personnels. Car il n'y a pas que des jours heureux. M\u00eame les mauvais jours, on veut \u00eatre \u00e0 l'aise, non seulement pour y rester longtemps, mais aussi pour le faire. Contrairement \u00e0 Hector, le mod\u00e8le pr\u00e9c\u00e9dent, un <strong>VW California<\/strong> tout est maintenant rang\u00e9 de mani\u00e8re ordonn\u00e9e et syst\u00e9matique. Car nous voulons rester longtemps en voyage. D'ailleurs, beaucoup recommandent de tapisser les armoires et les tiroirs de mousse afin d'att\u00e9nuer un peu les bruits. Mais notre <strong>Ch\u00e2ssis pneumatique<\/strong> semble tout faire dispara\u00eetre au fer \u00e0 repasser. M\u00eame sans mousse, rien ne claque. Lorsque nous sommes fatigu\u00e9s du voyage et que nous nous arr\u00eatons pour passer la nuit, nous n'avons heureusement pas besoin de nous battre longtemps pour monter le lit. Bien qu'il soit grand, il se monte en un rien de temps. \u00c9t\u00e9 comme hiver, nous installons le lit manuel <strong>SCA Toit relevable<\/strong>\u00a0s'ouvre g\u00e9n\u00e9ralement d\u00e8s que l'on est debout. Cela favorise non seulement la circulation de l'air, mais cr\u00e9e aussi une hauteur debout.<\/p>\n<p>&nbsp;<\/p>\n<h2>Voici comment d\u00e9monter le r\u00e9servoir d'eau de votre camping-car<\/h2>\n<p>En \u00e9t\u00e9, mais bien s\u00fbr aussi le reste de l'ann\u00e9e, il y a une chose qui est essentielle dans le camping (de longue dur\u00e9e) ou m\u00eame dans la vie en camping-car, au quotidien : l'approvisionnement en eau. Comme nous l'avons d\u00e9j\u00e0 mentionn\u00e9 dans l'article \"Conseils et astuces pour le camping\", il est possible de se procurer de l'eau dans un cimeti\u00e8re. Cependant, le camping est synonyme d'ind\u00e9pendance et il ne faut donc pas se retrouver dans une telle situation de d\u00e9pendance. Notre SpaceCamper BUTCH dispose d\u00e9j\u00e0 d'un r\u00e9servoir sous plancher de 70 litres, qui est chauff\u00e9 par la chaleur du moteur lorsque nous roulons et par le courant ext\u00e9rieur lorsque nous sommes \u00e0 l'arr\u00eat. Pour cela, nous avons install\u00e9 un syst\u00e8me solaire <strong>Production d'\u00e9lectricit\u00e9 propre<\/strong>. Quand on vit la vie de van, on a toutefois besoin de plus grandes quantit\u00e9s pour pouvoir tenir longtemps. Pour ce faire, nous nous sommes inspir\u00e9s du fabricant am\u00e9ricain Road Shower et avons achet\u00e9 un r\u00e9servoir suppl\u00e9mentaire. <strong>R\u00e9servoir multifonctionnel<\/strong> a \u00e9t\u00e9 construit. Nous sommes d\u00e9sormais en mesure de transporter un total de 170 litres d'eau. Tout d'abord, nous avons install\u00e9 un tube en aluminium de 3 m de long et de 10 cm de diam\u00e8tre. De plus, nous avons install\u00e9 sur notre v\u00e9hicule un <strong>Galerie de toit multifonction<\/strong>Il sert \u00e9galement de r\u00e9servoir d'eau d'une capacit\u00e9 de 38 litres. L'\u00e9coulement du r\u00e9servoir se fait par un raccord en laiton de SpaceCamper, afin qu'il soit adapt\u00e9 au raccordement de la douche. Comme bidons suppl\u00e9mentaires, nous utilisons deux sacs d'eau potable de l'arm\u00e9e suisse, qui contiennent encore 20 litres chacun.<\/p>\n<p>&nbsp;<\/p>\n<h2>Avec la transformation du camping-car par Terranger et le tuning de delta4x4, vous ne passez pas seulement le T\u00dcV, mais vous allez partout.<\/h2>\n<p>Peu de temps apr\u00e8s, nous avons envisag\u00e9 d'\u00e9quiper notre SpaceCamper pour les trajets hors route. Apr\u00e8s tout, nous passons d\u00e9j\u00e0 beaucoup de temps hors route, hors des sentiers battus, et nous voulons conserver une autonomie aussi grande que possible. C'est pourquoi nous avons opt\u00e9 pour une conversion chez Terranger et delta4x4. Apr\u00e8s tout, la carrosserie doit \u00eatre homologu\u00e9e par le T\u00dcV - nous pr\u00e9f\u00e9rons donc jouer la carte de la s\u00e9curit\u00e9. Terranger transforme principalement des bus VW T5, T6 et maintenant aussi T6.1, mais le programme comprend aussi des v\u00e9hicules Mercedes-Benz. Les adaptations se font par exemple avec des pneus tout-terrain, un ch\u00e2ssis pneumatique VB, une sur\u00e9l\u00e9vation, une protection anti-encastrement ainsi qu'un renforcement des anneaux de remorquage. Delta4x4 est sp\u00e9cialis\u00e9 dans le tuning de v\u00e9hicules tout-terrain, de SUV et de pick-up. Nous avons nos jantes Klassik B et notre arceau de protection personnelle de delta4x4.<\/p>\n<p>&nbsp;<\/p>\n<h2>S\u00e9curit\u00e9 suppl\u00e9mentaire avec la formation \u00e0 la conduite tout-terrain de Terranger<\/h2>\n<p>En plus du tuning, il est possible de r\u00e9server une formation tout-terrain chez Terranger. Nous recommandons vivement ce type de formation si vous souhaitez \u00e9quiper votre SUV, camion ou van en v\u00e9hicule tout-terrain. Nous avons \u00e9galement suivi cette formation \u00e0 la conduite - et ce fut une exp\u00e9rience unique. Chez Terranger, on apprend la th\u00e9orie technique et la mise en pratique directement en une seule fois. Vous \u00eates donc non seulement pr\u00eats \u00e0 affronter des passages plus critiques, mais vous \u00eates aussi des experts qui comprennent les aspects techniques. Nous avons ainsi appris toutes sortes de choses sur la pression des pneus, les quatre roues motrices, l'effet du blocage \u00e9lectronique du diff\u00e9rentiel, XDS et ESP. En outre, nous avons \u00e9t\u00e9 pr\u00e9par\u00e9s en douceur aux effets de l'angle d'inclinaison, de la garde au sol, de la profondeur de watt et du chargement. Lors de cette le\u00e7on th\u00e9orique tout-terrain, nous avons encore appris quelques choses int\u00e9ressantes sur notre SpaceCamper BUTCH. Enfin, nous sommes entr\u00e9s dans le vif du sujet. Notre parcours sur le terrain nous a fait passer par diverses mont\u00e9es et descentes abruptes, des inclinaisons, des chemins d\u00e9fonc\u00e9s et, surtout, par d'immenses quantit\u00e9s de salet\u00e9. Nous avons notamment pu tester l'assistant de descente de notre SpaceCamper sous la supervision de professionnels. Dans ce cas, le nombre de moteurs est automatiquement r\u00e9duit dans les descentes raides. Si n\u00e9cessaire, des interventions de freinage automatiques ont \u00e9galement lieu. Malgr\u00e9 l'accompagnement professionnel, l'utilisation de l'assistance \u00e0 la descente a n\u00e9cessit\u00e9 une certaine confiance dans la technique.<\/p>\n<p>Le stage de conduite tout-terrain de Terranger a eu un autre aspect positif : nous \u00e9tions en route avec un groupe de huit bus VW, y compris des campeurs et des conducteurs de van enthousiastes. L'\u00e9change avec des personnes partageant les m\u00eames id\u00e9es est toujours un plaisir renouvel\u00e9. Si l'on veut, de tels stages de conduite servent donc aussi \u00e0 faire de nouvelles connaissances qui ont les m\u00eames int\u00e9r\u00eats. \u00c0 l'\u00e9poque, nous avons \u00e9galement \u00e9valu\u00e9 nos diff\u00e9rentes options de camping-car avec nos amis du van.<\/p>\n<p>M\u00eame si nous aurions pu reconna\u00eetre notre BUTCH \u00e0 tout moment, c'\u00e9tait encore plus facile gr\u00e2ce \u00e0 notre look camouflage pix\u00e9lis\u00e9. Au sein d'un groupe d'individualistes, nous avions un van personnalis\u00e9 gr\u00e2ce au rev\u00eatement par film, avec vitroc\u00e9ramique \u00e0 long terme, du Foliencenter NRW. Dans ces conditions difficiles, la r\u00e9sistance aux rayures de 9H du film, renforc\u00e9e par Glanzwerk Bornheim, valait certainement son pesant d'or.<\/p>\n<p>[\/et_pb_text][\/et_pb_column][\/et_pb_row][\/et_pb_section]<\/p>","protected":false},"excerpt":{"rendered":"<p>[et_pb_section fb_built=&#8220;1&#8243; custom_padding_last_edited=&#8220;on|desktop&#8220; next_background_color=&#8220;#949292&#8243; admin_label=&#8220;Header&#8220; _builder_version=&#8220;4.5.1&#8243; background_color=&#8220;#4c4c50&#8243; background_image=&#8220;https:\/\/planbwagen.de\/wp-content\/uploads\/2020\/08\/sight-seeing-49.png&#8220; background_size=&#8220;contain&#8220; background_position=&#8220;bottom_center&#8220; custom_padding=&#8220;||225px|||&#8220; custom_padding_tablet=&#8220;0px||5vw&#8220; custom_padding_phone=&#8220;&#8220; bottom_divider_style=&#8220;asymmetric&#8220; box_shadow_vertical_tablet=&#8220;&#8220; box_shadow_vertical_phone=&#8220;&#8220; box_shadow_vertical_last_edited=&#8220;on|tablet&#8220; locked=&#8220;off&#8220;][et_pb_row column_structure=&#8220;1_2,1_2&#8243; _builder_version=&#8220;4.5.1&#8243; module_alignment=&#8220;center&#8220; animation_style=&#8220;slide&#8220; animation_direction=&#8220;top&#8220; locked=&#8220;off&#8220;][et_pb_column type=&#8220;1_2&#8243; _builder_version=&#8220;3.25&#8243; custom_padding=&#8220;|||&#8220; custom_padding__hover=&#8220;|||&#8220;][et_pb_text _builder_version=&#8220;4.5.1&#8243; text_font=&#8220;Lato||||||||&#8220; text_font_size=&#8220;22px&#8220; text_line_height=&#8220;1.8em&#8220; header_font=&#8220;DCC Ash|700|||||||&#8220; header_font_size=&#8220;80px&#8220; header_line_height=&#8220;1.2em&#8220; background_layout=&#8220;dark&#8220; text_font_size_tablet=&#8220;&#8220; text_font_size_phone=&#8220;18px&#8220; text_font_size_last_edited=&#8220;on|phone&#8220; header_font_size_tablet=&#8220;60px&#8220; header_font_size_phone=&#8220;60px&#8220; header_font_size_last_edited=&#8220;on|phone&#8220;] SpaceCamper, Terranger &amp; Co. [\/et_pb_text][et_pb_text _builder_version=&#8220;4.5.1&#8243; _module_preset=&#8220;default&#8220; text_font=&#8220;Montserrat||||||||&#8220; text_font_size=&#8220;30px&#8220; header_2_font=&#8220;Ash||||||||&#8220;] Where the [&hellip;]<\/p>","protected":false},"author":1,"featured_media":0,"parent":0,"menu_order":0,"comment_status":"closed","ping_status":"closed","template":"","meta":{"_et_pb_use_builder":"on","_et_pb_old_content":"","_et_gb_content_width":"","footnotes":""},"class_list":["post-2379","page","type-page","status-publish","hentry"],"_links":{"self":[{"href":"https:\/\/www.planbwagen.de\/fr\/wp-json\/wp\/v2\/pages\/2379","targetHints":{"allow":["GET"]}}],"collection":[{"href":"https:\/\/www.planbwagen.de\/fr\/wp-json\/wp\/v2\/pages"}],"about":[{"href":"https:\/\/www.planbwagen.de\/fr\/wp-json\/wp\/v2\/types\/page"}],"author":[{"embeddable":true,"href":"https:\/\/www.planbwagen.de\/fr\/wp-json\/wp\/v2\/users\/1"}],"replies":[{"embeddable":true,"href":"https:\/\/www.planbwagen.de\/fr\/wp-json\/wp\/v2\/comments?post=2379"}],"version-history":[{"count":35,"href":"https:\/\/www.planbwagen.de\/fr\/wp-json\/wp\/v2\/pages\/2379\/revisions"}],"predecessor-version":[{"id":10183,"href":"https:\/\/www.planbwagen.de\/fr\/wp-json\/wp\/v2\/pages\/2379\/revisions\/10183"}],"wp:attachment":[{"href":"https:\/\/www.planbwagen.de\/fr\/wp-json\/wp\/v2\/media?parent=2379"}],"curies":[{"name":"wp","href":"https:\/\/api.w.org\/{rel}","templated":true}]}}