{"id":2356,"date":"2020-07-30T10:43:14","date_gmt":"2020-07-30T10:43:14","guid":{"rendered":"https:\/\/planbwagen.de\/?page_id=2356"},"modified":"2021-07-10T13:40:54","modified_gmt":"2021-07-10T11:40:54","slug":"holland-netherlands","status":"publish","type":"page","link":"https:\/\/www.planbwagen.de\/fr\/hollande-netherlands\/","title":{"rendered":"Hollande"},"content":{"rendered":"<p>[et_pb_section fb_built=&#8220;1&#8243; fullwidth=&#8220;on&#8220; admin_label=&#8220;Header&#8220; _builder_version=&#8220;4.5.1&#8243; background_enable_color=&#8220;off&#8220; background_image=&#8220;https:\/\/planbwagen.de\/wp-content\/uploads\/2020\/08\/Holland-1.jpg&#8220; custom_padding=&#8220;0px|0|0px|0px|false|false&#8220; locked=&#8220;off&#8220;][et_pb_fullwidth_header title=&#8220;Holland&#8220; text_orientation=&#8220;right&#8220; header_fullscreen=&#8220;on&#8220; background_overlay_color=&#8220;rgba(0,0,0,0)&#8220; logo_image_url=&#8220;https:\/\/planbwagen.de\/wp-content\/uploads\/2020\/08\/Holland-Windmill-Camouflagetzhjukl.png&#8220; _builder_version=&#8220;4.5.1&#8243; title_font=&#8220;DCC Ash|700|||||||&#8220; title_text_align=&#8220;center&#8220; title_font_size=&#8220;80px&#8220; title_line_height=&#8220;1.1em&#8220; content_font=&#8220;Noto Sans||||||||&#8220; content_line_height=&#8220;2em&#8220; subhead_font=&#8220;Montserrat||||||||&#8220; subhead_text_align=&#8220;center&#8220; subhead_font_size=&#8220;40px&#8220; subhead_line_height=&#8220;2em&#8220; background_enable_color=&#8220;off&#8220; background_enable_image=&#8220;off&#8220; parallax=&#8220;on&#8220; parallax_method=&#8220;on&#8220; custom_button_one=&#8220;on&#8220; button_one_text_size=&#8220;17px&#8220; button_one_text_color=&#8220;#ffffff&#8220; button_one_bg_color=&#8220;#ff6b5a&#8220; button_one_border_width=&#8220;7px&#8220; button_one_border_color=&#8220;#ff6b5a&#8220; button_one_border_radius=&#8220;100px&#8220; button_one_font=&#8220;Noto Sans|700||on|||||&#8220; button_one_use_icon=&#8220;off&#8220; module_alignment=&#8220;center&#8220; custom_margin=&#8220;|||&#8220; custom_padding=&#8220;0px||0px||true|&#8220; custom_padding_tablet=&#8220;100px|||&#8220; custom_padding_phone=&#8220;||20%||false|false&#8220; custom_padding_last_edited=&#8220;on|phone&#8220; animation_style=&#8220;slide&#8220; animation_direction=&#8220;top&#8220; title_font_size_tablet=&#8220;40px&#8220; title_font_size_phone=&#8220;&#8220; title_font_size_last_edited=&#8220;on|tablet&#8220; subhead_font_size_tablet=&#8220;&#8220; subhead_font_size_phone=&#8220;20px&#8220; subhead_font_size_last_edited=&#8220;on|desktop&#8220; subhead_line_height_tablet=&#8220;&#8220; subhead_line_height_phone=&#8220;1.5em&#8220; subhead_line_height_last_edited=&#8220;on|phone&#8220; title_text_shadow_style=&#8220;preset2&#8243; subhead_text_shadow_style=&#8220;preset2&#8243; button_one_text_color_hover=&#8220;#ffffff&#8220; button_one_border_color_hover=&#8220;#ff9e59&#8243; button_one_border_radius_hover=&#8220;100px&#8220; button_one_bg_color_hover=&#8220;#ff9e59&#8243; button_one_text_size__hover_enabled=&#8220;off&#8220; button_two_text_size__hover_enabled=&#8220;off&#8220; button_one_text_color__hover_enabled=&#8220;on&#8220; button_one_text_color__hover=&#8220;#ffffff&#8220; button_two_text_color__hover_enabled=&#8220;off&#8220; button_one_border_width__hover_enabled=&#8220;off&#8220; button_two_border_width__hover_enabled=&#8220;off&#8220; button_one_border_color__hover_enabled=&#8220;on&#8220; button_one_border_color__hover=&#8220;#ff9e59&#8243; button_two_border_color__hover_enabled=&#8220;off&#8220; button_one_border_radius__hover_enabled=&#8220;on&#8220; button_one_border_radius__hover=&#8220;100px&#8220; button_two_border_radius__hover_enabled=&#8220;off&#8220; button_one_letter_spacing__hover_enabled=&#8220;off&#8220; button_two_letter_spacing__hover_enabled=&#8220;off&#8220; button_one_bg_color__hover_enabled=&#8220;on&#8220; button_one_bg_color__hover=&#8220;#ff9e59&#8243; button_two_bg_color__hover_enabled=&#8220;off&#8220;][\/et_pb_fullwidth_header][\/et_pb_section][et_pb_section fb_built=&#8220;1&#8243; admin_label=&#8220;Tour CTA &#038; Information Section&#8220; _builder_version=&#8220;4.5.1&#8243; background_color=&#8220;#949292&#8243; custom_padding=&#8220;100px|0px|54px|0px|false|false&#8220;][et_pb_row _builder_version=&#8220;4.5.1&#8243; _module_preset=&#8220;default&#8220; animation_style=&#8220;slide&#8220; animation_direction=&#8220;top&#8220;][et_pb_column type=&#8220;4_4&#8243; _builder_version=&#8220;4.5.1&#8243; _module_preset=&#8220;default&#8220;][et_pb_blog fullwidth=&#8220;off&#8220; posts_number=&#8220;1000&#8243; include_categories=&#8220;7&#8243; masonry_tile_background_color=&#8220;#273037&#8243; _builder_version=&#8220;4.5.1&#8243; _module_preset=&#8220;default&#8220; header_font=&#8220;Montserrat|700|||||||&#8220; header_text_align=&#8220;center&#8220; header_text_color=&#8220;#ffffff&#8220; header_font_size=&#8220;24px&#8220; header_line_height=&#8220;1.5em&#8220; body_font=&#8220;Montserrat||||||||&#8220; body_text_align=&#8220;center&#8220; body_text_color=&#8220;#ffffff&#8220; body_font_size=&#8220;17px&#8220; body_line_height=&#8220;1.9em&#8220; meta_font=&#8220;Montserrat|700|||||||&#8220; meta_text_align=&#8220;center&#8220; meta_text_color=&#8220;#949292&#8243; read_more_font=&#8220;Montserrat||||||||&#8220; pagination_font=&#8220;Montserrat||||||||&#8220; transform_scale=&#8220;97%|97%&#8220; text_orientation=&#8220;center&#8220; border_radii=&#8220;on|7px|7px|7px|7px&#8220; border_width_all=&#8220;0px&#8220; box_shadow_style=&#8220;preset1&#8243;][\/et_pb_blog][\/et_pb_column][\/et_pb_row][et_pb_row _builder_version=&#8220;4.5.1&#8243; _module_preset=&#8220;default&#8220;][et_pb_column type=&#8220;4_4&#8243; _builder_version=&#8220;4.5.1&#8243; _module_preset=&#8220;default&#8220;][et_pb_divider color=&#8220;#ffffff&#8220; _builder_version=&#8220;4.5.1&#8243; _module_preset=&#8220;default&#8220; min_height=&#8220;140px&#8220;][\/et_pb_divider][et_pb_text _builder_version=&#8220;4.5.1&#8243; _module_preset=&#8220;default&#8220; text_text_color=&#8220;#ffffff&#8220; header_text_color=&#8220;#ffffff&#8220; header_2_text_color=&#8220;#ffffff&#8220; header_3_text_color=&#8220;#ffffff&#8220;]<\/p>\n<h1><strong>Avec le VW California en Hollande<\/strong><\/h1>\n<p><strong><\/strong><\/p>\n<h2><strong>La Hollande est la ville la plus g\u00e9niale du monde<\/strong><\/h2>\n<p>Hollande ou Pays-Bas - que choisir ? En fait, cela n'a pas d'importance - ce qui compte, c'est la beaut\u00e9 et la mer. Nous mentirions si nous disions qu'il en \u00e9tait autrement pour Torgit et moi. La Hollande r\u00e9unit en fait tellement de choses que nous aimons : Les c\u00f4tes, les plages, la mer, le camping et ... la libert\u00e9.<\/p>\n<p>De toute fa\u00e7on, tout est du fromage en Hollande, non ? Bon, pas tout. C'est surtout le d\u00e9veloppement des pistes cyclables en Hollande qui est impressionnant - la ville de Cologne pourrait vraiment en prendre de la graine. Mais ce qui nous lie particuli\u00e8rement aux N\u00e9erlandais, c'est bien s\u00fbr le camping. On les voit r\u00e9guli\u00e8rement sur les autoroutes allemandes avec leurs camping-cars, bien reconnaissables \u00e0 leurs plaques d'immatriculation jaunes. Parfois, Torgit et moi avons l'impression que 50% des 17,28 millions d'habitants des Pays-Bas sont en vacances en m\u00eame temps, lorsque nous sommes de nouveau sur la route dans notre pays.<\/p>\n<p>L'avantage du camping avec son propre van ? Il suffit de s'occuper du camping et de la nourriture, on a toujours tout le reste avec soi. Notre VW California T5.1 \"Hector\" a \u00e9t\u00e9 avec nous d\u00e8s le d\u00e9but - et m\u00eame si nous nous en sommes s\u00e9par\u00e9s entre-temps. Nous avons donc v\u00e9cu ensemble l'aventure hollandaise, qui \u00e9tait aussi la premi\u00e8re du grand tour.<\/p>\n<p>&nbsp;<\/p>\n<h2><strong>Les plus beaux endroits en bord de mer<\/strong><\/h2>\n<p><strong><\/strong><\/p>\n<h3><strong>La Haye<\/strong><\/h3>\n<p>La Haye - Torgit et moi n'avons pas pu visiter la vieille ville et les mus\u00e9es de La Haye - qui abritent \u00e9galement des \u0153uvres de Rembrandt, Vermeer et Mondrian - et, \u00e0 notre grand regret, nous n'avons pas eu assez de temps pour d\u00e9couvrir d'autres campings \u00e0 Scheveningen. Pourtant, nous aurions vraiment aim\u00e9 le faire, car nous avons tous les deux un faible pour la belle architecture. Peut-\u00eatre la prochaine fois, car ce ne seront certainement pas nos derni\u00e8res vacances au bord de la rafra\u00eechissante mer du Nord. On nous a recommand\u00e9 la jet\u00e9e de Scheveningen comme \"must see\" de La Haye - nous nous y sommes \u00e9galement arr\u00eat\u00e9s et avons profit\u00e9 du calme de la c\u00f4te de la mer du Nord.<\/p>\n<p>&nbsp;<\/p>\n<h3><strong>Z\u00e9lande<\/strong><\/h3>\n<p>La Z\u00e9lande n'a d'ailleurs rien \u00e0 voir avec la Nouvelle-Z\u00e9lande : c'est une province des Pays-Bas que j'ai visit\u00e9e pour la derni\u00e8re fois il y a quelques d\u00e9cennies. Ici aussi, les choses ont chang\u00e9 depuis ma derni\u00e8re visite. Certains d'entre vous connaissent sans doute la ville de Renesse, qui est devenue depuis quelque temps un haut lieu du tourisme et de la photographie. Mais nous ne voulions pas y aller, ce n'est pas notre but.<\/p>\n<p>Fun Fact : La distance entre Amsterdam et la Z\u00e9lande est de <span>132 km. <\/span><\/p>\n<p>&nbsp;<\/p>\n<h3><strong>Sur la plage de Breskens <\/strong><\/h3>\n<p>O\u00f9 se trouve Breskens en Hollande ? Breskens se trouve dans la province de Z\u00e9lande et est le <span>le quartier le plus au nord de la commune de Sluis en Flandre z\u00e9landaise. Notre spot pr\u00e9f\u00e9r\u00e9 l\u00e0-bas ? Le Beachhouse 25. Nous voulions aussi visiter le Caf\u00e9 Aan Zee, mais nous nous sommes vite dirig\u00e9s vers le sud pour d\u00e9couvrir la mer. C'est pourquoi Breskens a \u00e9t\u00e9 notre dernier arr\u00eat en Hollande avant de traverser la fronti\u00e8re et de nous rendre en Normandie. Nous avons ici un bon conseil \u00e0 donner \u00e0 tous ceux qui souhaitent passer leurs vacances \u00e0 Breskens - vous pouvez le lire dans les articles de blog correspondants. Cette petite localit\u00e9 poss\u00e8de des plages vraiment magnifiques, un joli phare et ceux qui le souhaitent peuvent prendre le ferry de Breskens \u00e0 Vlissingen au port. <\/span><\/p>\n<p>Saviez-vous que le drapeau des Pays-Bas est le plus ancien des drapeaux tricolores ? Son origine remonte au drapeau orange, blanc et bleu des princes. Celui-ci a \u00e9t\u00e9 utilis\u00e9 pour les Watergeusen pendant la r\u00e9bellion hollandaise contre les assi\u00e9geants espagnols ; cette r\u00e9bellion a d\u00e9clench\u00e9 la guerre de 80 ans.<\/p>\n<p>Torgit et moi allons certainement voyager \u00e0 nouveau aux Pays-Bas \u00e0 l'avenir et explorer d'autres villes n\u00e9erlandaises. Mais peu importe o\u00f9 nous irons : Nous esp\u00e9rons que vous serez de nouveau de la partie !<\/p>\n<p>[\/et_pb_text][\/et_pb_column][\/et_pb_row][\/et_pb_section]<\/p>","protected":false},"excerpt":{"rendered":"<p>[et_pb_section fb_built=&#8220;1&#8243; fullwidth=&#8220;on&#8220; admin_label=&#8220;Header&#8220; _builder_version=&#8220;4.5.1&#8243; background_enable_color=&#8220;off&#8220; background_image=&#8220;https:\/\/planbwagen.de\/wp-content\/uploads\/2020\/08\/Holland-1.jpg&#8220; custom_padding=&#8220;0px|0|0px|0px|false|false&#8220; locked=&#8220;off&#8220;][et_pb_fullwidth_header title=&#8220;Holland&#8220; text_orientation=&#8220;right&#8220; header_fullscreen=&#8220;on&#8220; background_overlay_color=&#8220;rgba(0,0,0,0)&#8220; logo_image_url=&#8220;https:\/\/planbwagen.de\/wp-content\/uploads\/2020\/08\/Holland-Windmill-Camouflagetzhjukl.png&#8220; _builder_version=&#8220;4.5.1&#8243; title_font=&#8220;DCC Ash|700|||||||&#8220; title_text_align=&#8220;center&#8220; title_font_size=&#8220;80px&#8220; title_line_height=&#8220;1.1em&#8220; content_font=&#8220;Noto Sans||||||||&#8220; content_line_height=&#8220;2em&#8220; subhead_font=&#8220;Montserrat||||||||&#8220; subhead_text_align=&#8220;center&#8220; subhead_font_size=&#8220;40px&#8220; subhead_line_height=&#8220;2em&#8220; background_enable_color=&#8220;off&#8220; background_enable_image=&#8220;off&#8220; parallax=&#8220;on&#8220; parallax_method=&#8220;on&#8220; custom_button_one=&#8220;on&#8220; button_one_text_size=&#8220;17px&#8220; button_one_text_color=&#8220;#ffffff&#8220; button_one_bg_color=&#8220;#ff6b5a&#8220; button_one_border_width=&#8220;7px&#8220; button_one_border_color=&#8220;#ff6b5a&#8220; button_one_border_radius=&#8220;100px&#8220; button_one_font=&#8220;Noto Sans|700||on|||||&#8220; button_one_use_icon=&#8220;off&#8220; module_alignment=&#8220;center&#8220; custom_margin=&#8220;|||&#8220; custom_padding=&#8220;0px||0px||true|&#8220; custom_padding_tablet=&#8220;100px|||&#8220; custom_padding_phone=&#8220;||20%||false|false&#8220; custom_padding_last_edited=&#8220;on|phone&#8220; animation_style=&#8220;slide&#8220; animation_direction=&#8220;top&#8220; title_font_size_tablet=&#8220;40px&#8220; title_font_size_phone=&#8220;&#8220; title_font_size_last_edited=&#8220;on|tablet&#8220; subhead_font_size_tablet=&#8220;&#8220; subhead_font_size_phone=&#8220;20px&#8220; subhead_font_size_last_edited=&#8220;on|desktop&#8220; [&hellip;]<\/p>","protected":false},"author":1,"featured_media":0,"parent":0,"menu_order":0,"comment_status":"closed","ping_status":"closed","template":"","meta":{"_et_pb_use_builder":"on","_et_pb_old_content":"","_et_gb_content_width":"","footnotes":""},"class_list":["post-2356","page","type-page","status-publish","hentry"],"_links":{"self":[{"href":"https:\/\/www.planbwagen.de\/fr\/wp-json\/wp\/v2\/pages\/2356","targetHints":{"allow":["GET"]}}],"collection":[{"href":"https:\/\/www.planbwagen.de\/fr\/wp-json\/wp\/v2\/pages"}],"about":[{"href":"https:\/\/www.planbwagen.de\/fr\/wp-json\/wp\/v2\/types\/page"}],"author":[{"embeddable":true,"href":"https:\/\/www.planbwagen.de\/fr\/wp-json\/wp\/v2\/users\/1"}],"replies":[{"embeddable":true,"href":"https:\/\/www.planbwagen.de\/fr\/wp-json\/wp\/v2\/comments?post=2356"}],"version-history":[{"count":30,"href":"https:\/\/www.planbwagen.de\/fr\/wp-json\/wp\/v2\/pages\/2356\/revisions"}],"predecessor-version":[{"id":13709,"href":"https:\/\/www.planbwagen.de\/fr\/wp-json\/wp\/v2\/pages\/2356\/revisions\/13709"}],"wp:attachment":[{"href":"https:\/\/www.planbwagen.de\/fr\/wp-json\/wp\/v2\/media?parent=2356"}],"curies":[{"name":"wp","href":"https:\/\/api.w.org\/{rel}","templated":true}]}}