{"id":2344,"date":"2020-07-30T10:32:37","date_gmt":"2020-07-30T10:32:37","guid":{"rendered":"https:\/\/planbwagen.de\/?page_id=2344"},"modified":"2021-07-10T13:37:03","modified_gmt":"2021-07-10T11:37:03","slug":"frankreich-france","status":"publish","type":"page","link":"https:\/\/www.planbwagen.de\/fr\/france-france\/","title":{"rendered":"France"},"content":{"rendered":"<p>[et_pb_section fb_built=&#8220;1&#8243; fullwidth=&#8220;on&#8220; admin_label=&#8220;Header&#8220; _builder_version=&#8220;4.5.1&#8243; background_enable_color=&#8220;off&#8220; background_image=&#8220;https:\/\/planbwagen.de\/wp-content\/uploads\/2020\/08\/Frankreich-1.jpg&#8220; custom_padding=&#8220;0px|0|0px|0px|false|false&#8220; locked=&#8220;off&#8220;][et_pb_fullwidth_header title=&#8220;Frankreich&#8220; text_orientation=&#8220;right&#8220; header_fullscreen=&#8220;on&#8220; background_overlay_color=&#8220;rgba(0,0,0,0)&#8220; logo_image_url=&#8220;https:\/\/planbwagen.de\/wp-content\/uploads\/2020\/08\/Frankreich-France-Eiffel-Tower-Cadfghjmouflage.png&#8220; _builder_version=&#8220;4.5.1&#8243; title_font=&#8220;DCC Ash|700|||||||&#8220; title_text_align=&#8220;center&#8220; title_font_size=&#8220;80px&#8220; title_line_height=&#8220;1.1em&#8220; content_font=&#8220;Montserrat||||||||&#8220; content_line_height=&#8220;2em&#8220; subhead_font=&#8220;Ash||||||||&#8220; subhead_text_align=&#8220;center&#8220; subhead_font_size=&#8220;40px&#8220; subhead_line_height=&#8220;2em&#8220; background_enable_color=&#8220;off&#8220; background_enable_image=&#8220;off&#8220; parallax=&#8220;on&#8220; parallax_method=&#8220;on&#8220; custom_button_one=&#8220;on&#8220; button_one_text_size=&#8220;17px&#8220; button_one_text_color=&#8220;#ffffff&#8220; button_one_bg_color=&#8220;#ff6b5a&#8220; button_one_border_width=&#8220;7px&#8220; button_one_border_color=&#8220;#ff6b5a&#8220; button_one_border_radius=&#8220;100px&#8220; button_one_font=&#8220;Noto Sans|700||on|||||&#8220; button_one_use_icon=&#8220;off&#8220; module_alignment=&#8220;center&#8220; custom_margin=&#8220;|||&#8220; custom_padding=&#8220;0px||0px||true|&#8220; custom_padding_tablet=&#8220;100px|||&#8220; custom_padding_phone=&#8220;||20%||false|false&#8220; custom_padding_last_edited=&#8220;on|phone&#8220; animation_style=&#8220;slide&#8220; animation_direction=&#8220;top&#8220; title_font_size_tablet=&#8220;40px&#8220; title_font_size_phone=&#8220;&#8220; title_font_size_last_edited=&#8220;on|tablet&#8220; subhead_font_size_tablet=&#8220;&#8220; subhead_font_size_phone=&#8220;20px&#8220; subhead_font_size_last_edited=&#8220;on|desktop&#8220; subhead_line_height_tablet=&#8220;&#8220; subhead_line_height_phone=&#8220;1.5em&#8220; subhead_line_height_last_edited=&#8220;on|phone&#8220; title_text_shadow_style=&#8220;preset2&#8243; subhead_text_shadow_style=&#8220;preset2&#8243; button_one_text_color_hover=&#8220;#ffffff&#8220; button_one_border_color_hover=&#8220;#ff9e59&#8243; button_one_border_radius_hover=&#8220;100px&#8220; button_one_bg_color_hover=&#8220;#ff9e59&#8243; button_one_text_size__hover_enabled=&#8220;off&#8220; button_two_text_size__hover_enabled=&#8220;off&#8220; button_one_text_color__hover_enabled=&#8220;on&#8220; button_one_text_color__hover=&#8220;#ffffff&#8220; button_two_text_color__hover_enabled=&#8220;off&#8220; button_one_border_width__hover_enabled=&#8220;off&#8220; button_two_border_width__hover_enabled=&#8220;off&#8220; button_one_border_color__hover_enabled=&#8220;on&#8220; button_one_border_color__hover=&#8220;#ff9e59&#8243; button_two_border_color__hover_enabled=&#8220;off&#8220; button_one_border_radius__hover_enabled=&#8220;on&#8220; button_one_border_radius__hover=&#8220;100px&#8220; button_two_border_radius__hover_enabled=&#8220;off&#8220; button_one_letter_spacing__hover_enabled=&#8220;off&#8220; button_two_letter_spacing__hover_enabled=&#8220;off&#8220; button_one_bg_color__hover_enabled=&#8220;on&#8220; button_one_bg_color__hover=&#8220;#ff9e59&#8243; button_two_bg_color__hover_enabled=&#8220;off&#8220;][\/et_pb_fullwidth_header][\/et_pb_section][et_pb_section fb_built=&#8220;1&#8243; admin_label=&#8220;Tour CTA &#038; Information Section&#8220; _builder_version=&#8220;4.5.1&#8243; background_color=&#8220;#949292&#8243; custom_padding=&#8220;100px|0px|54px|0px|false|false&#8220;][et_pb_row _builder_version=&#8220;4.5.1&#8243; _module_preset=&#8220;default&#8220; animation_style=&#8220;slide&#8220; animation_direction=&#8220;top&#8220;][et_pb_column type=&#8220;4_4&#8243; _builder_version=&#8220;4.5.1&#8243; _module_preset=&#8220;default&#8220;][et_pb_blog fullwidth=&#8220;off&#8220; posts_number=&#8220;1000&#8243; include_categories=&#8220;10&#8243; masonry_tile_background_color=&#8220;#273037&#8243; _builder_version=&#8220;4.5.1&#8243; _module_preset=&#8220;default&#8220; header_font=&#8220;Montserrat|700|||||||&#8220; header_text_align=&#8220;center&#8220; header_text_color=&#8220;#ffffff&#8220; header_font_size=&#8220;24px&#8220; header_line_height=&#8220;1.5em&#8220; body_font=&#8220;Montserrat||||||||&#8220; body_text_align=&#8220;center&#8220; body_text_color=&#8220;#ffffff&#8220; body_font_size=&#8220;17px&#8220; body_line_height=&#8220;1.9em&#8220; meta_font=&#8220;Montserrat|700|||||||&#8220; meta_text_align=&#8220;center&#8220; meta_text_color=&#8220;#949292&#8243; read_more_font=&#8220;Montserrat||||||||&#8220; pagination_font=&#8220;Montserrat||||||||&#8220; transform_scale=&#8220;97%|97%&#8220; text_orientation=&#8220;center&#8220; border_radii=&#8220;on|7px|7px|7px|7px&#8220; border_width_all=&#8220;0px&#8220; box_shadow_style=&#8220;preset1&#8243;][\/et_pb_blog][\/et_pb_column][\/et_pb_row][et_pb_row _builder_version=&#8220;4.5.1&#8243; _module_preset=&#8220;default&#8220;][et_pb_column type=&#8220;4_4&#8243; _builder_version=&#8220;4.5.1&#8243; _module_preset=&#8220;default&#8220;][et_pb_divider color=&#8220;#ffffff&#8220; _builder_version=&#8220;4.5.1&#8243; _module_preset=&#8220;default&#8220; min_height=&#8220;140px&#8220;][\/et_pb_divider][et_pb_text _builder_version=&#8220;4.5.1&#8243; _module_preset=&#8220;default&#8220; text_text_color=&#8220;#ffffff&#8220; header_text_color=&#8220;#ffffff&#8220; header_2_text_color=&#8220;#ffffff&#8220; header_3_text_color=&#8220;#ffffff&#8220;]<\/p>\n<h1><strong>En camping-car \u00e0 travers la France<\/strong><\/h1>\n<p><strong><\/strong><\/p>\n<h2><strong>Hector s'en va- un camping van en France<\/strong><\/h2>\n<p>En septembre 2019, nous avons voyag\u00e9 en France avec notre VW California \"Hector\". Nous avons surtout explor\u00e9 le nord et l'ouest de la France. Au total, nous avons voyag\u00e9 pendant plus de trois semaines, 22 nuits pour \u00eatre pr\u00e9cis. Comme destinations de notre voyage, nous avions choisi, entre autres, diff\u00e9rents lieux et curiosit\u00e9s en Normandie et en Bretagne.<\/p>\n<p>Nous avons long\u00e9 la c\u00f4te et visit\u00e9 par exemple la c\u00e9l\u00e8bre plage d'Omaha, Le Mont-Saint-Michel et la ville portuaire de Nantes.<\/p>\n<p>Aremorica, le nom antique des r\u00e9gions Normandie et Bretagne, nous a beaucoup enthousiasm\u00e9s. Mais les r\u00e9gions de l'ouest de la France, en dehors des deux r\u00e9gions, nous ont \u00e9galement offert des aventures et des exp\u00e9riences nouvelles. J'ai \u00e9t\u00e9 particuli\u00e8rement impressionn\u00e9 par la Dune du Pilat, qui se trouve dans le d\u00e9partement de la Gironde.<\/p>\n<p>&nbsp;<\/p>\n<h2><strong>Un camping van - Exactement ce qu'il nous faut pour nos vacances<\/strong><\/h2>\n<p>Une fois de plus, il s'est av\u00e9r\u00e9 au cours du voyage que le meilleur h\u00e9bergement pour les vacances n'est pas pour nous un h\u00f4tel ou un appartement de vacances, mais une maison mobile. Certes, avec notre camping-car, nous n'avons qu'une seule \"chambre\" \u00e0 disposition, mais l'ind\u00e9pendance locale du camping compense largement. Quel h\u00f4tel ou quel appartement de vacances permet de longer directement la c\u00f4te et d'am\u00e9nager le lieu de s\u00e9jour de mani\u00e8re absolument individuelle, selon ses propres souhaits ? - le camping-car y parvient haut la main !  De plus, les emplacements sont variables, de sorte que l'on ne s'ennuie pas et que rien ne s'oppose \u00e0 des r\u00e9cits de voyage int\u00e9ressants.<\/p>\n<p>Si vous envisagez d'acheter un camping-car, vous devriez vous pencher plus particuli\u00e8rement sur le Space Camper. En juillet de cette ann\u00e9e, nous avons inscrit notre \"Butch\". Il est pour nous le successeur du VW California \"Hector\" avec lequel nous avons voyag\u00e9 en France.<\/p>\n<p><strong><em>\u00a0<\/em><\/strong><\/p>\n<h2><strong>Nous d\u00e9couvrons la Normandie avec notre camping-car<\/strong><\/h2>\n<p><strong><\/strong><\/p>\n<h3><strong>Le Mont Saint Michel - en Normandie aussi, c'est \"petit mais costaud\".<\/strong><\/h3>\n<p>Avec ses 30 habitants, on pourrait s'attendre \u00e0 l'un de ces villages peu spectaculaires que l'on trouve sans doute partout dans le monde. Mais comme nous avons pu le constater lors de notre voyage, ce n'est pas le cas. Au lieu de cela, les vacances nous ont appris qu'un s\u00e9jour au Mont Saint Michel en valait vraiment la peine. En plus de la partie terrestre du village, il y a des quartiers qui se trouvent sur une petite \u00eele rocheuse - d\u00e9finitivement tr\u00e8s sp\u00e9ciale !<\/p>\n<p><strong>\u00a0<\/strong><\/p>\n<h3><strong>Omaha Beach - La Normandie comme th\u00e9\u00e2tre de la Seconde Guerre mondiale<\/strong><\/h3>\n<p>Certains d'entre vous se souviennent probablement de la plage d'Omaha dans leurs cours d'histoire. Nous avons d\u00e9cid\u00e9 de visiter ce lieu historique avec notre camping-car lors de notre tour de France. C'est \u00e0 cet endroit pr\u00e9cis que les troupes am\u00e9ricaines ont d\u00e9barqu\u00e9 en Normandie le 6 juin 1945, le fameux D-Day.  Contrairement aux \u00e9v\u00e9nements dramatiques de l'\u00e9poque, nous avons pass\u00e9 une journ\u00e9e agr\u00e9able, d\u00e9tendue mais aussi contemplative sur la plage et avons pu profiter de la nature.<\/p>\n<p><strong>\u00a0<\/strong><\/p>\n<h2><strong>Points forts de l'ouest de la France -<\/strong><\/h2>\n<h2><strong>Tout ce dont on a besoin pour \u00eatre heureux, c'est d'un camping-car<\/strong><\/h2>\n<p><strong><\/strong><\/p>\n<h3><strong>Le vignoble du M\u00e9doc et la Dune Du Pilat<\/strong><\/h3>\n<p>Situ\u00e9e dans l'ouest de la France, la Dune du Pilat est la plus grande dune mobile d'Europe et un lieu qui fait prendre conscience de la force et de la beaut\u00e9 de la nature. Pour atteindre la dune, nous avons travers\u00e9 la r\u00e9gion du M\u00e9doc, l'une des plus c\u00e9l\u00e8bres r\u00e9gions viticoles de France.  Notre camping se trouvait \u00e0 proximit\u00e9 imm\u00e9diate de la Dune du Pilat, de sorte que l'ascension matinale de la dune, l'une de mes activit\u00e9s pr\u00e9f\u00e9r\u00e9es pendant toutes mes vacances en camping, a \u00e9t\u00e9 possible sans trop de difficult\u00e9s. Sur la dune elle-m\u00eame, la vue est inoubliable. D'un c\u00f4t\u00e9, il y a la mer, de l'autre, la cime des arbres d'une for\u00eat situ\u00e9e juste \u00e0 c\u00f4t\u00e9 de la dune.<\/p>\n<p>Une vue qui s'est grav\u00e9e dans mon esprit et qui prouve que celui qui se met en route vers son bonheur peut le trouver. Pour moi, notre camping-car est le v\u00e9hicule qui m'am\u00e8ne \u00e0 beaucoup des moments les plus heureux de ma vie. Il est pour ainsi dire un appareil d'entra\u00eenement pour mon muscle du bonheur.<\/p>\n<p>[\/et_pb_text][\/et_pb_column][\/et_pb_row][\/et_pb_section]<\/p>","protected":false},"excerpt":{"rendered":"<p>[et_pb_section fb_built=&#8220;1&#8243; fullwidth=&#8220;on&#8220; admin_label=&#8220;Header&#8220; _builder_version=&#8220;4.5.1&#8243; background_enable_color=&#8220;off&#8220; background_image=&#8220;https:\/\/planbwagen.de\/wp-content\/uploads\/2020\/08\/Frankreich-1.jpg&#8220; custom_padding=&#8220;0px|0|0px|0px|false|false&#8220; locked=&#8220;off&#8220;][et_pb_fullwidth_header title=&#8220;Frankreich&#8220; text_orientation=&#8220;right&#8220; header_fullscreen=&#8220;on&#8220; background_overlay_color=&#8220;rgba(0,0,0,0)&#8220; logo_image_url=&#8220;https:\/\/planbwagen.de\/wp-content\/uploads\/2020\/08\/Frankreich-France-Eiffel-Tower-Cadfghjmouflage.png&#8220; _builder_version=&#8220;4.5.1&#8243; title_font=&#8220;DCC Ash|700|||||||&#8220; title_text_align=&#8220;center&#8220; title_font_size=&#8220;80px&#8220; title_line_height=&#8220;1.1em&#8220; content_font=&#8220;Montserrat||||||||&#8220; content_line_height=&#8220;2em&#8220; subhead_font=&#8220;Ash||||||||&#8220; subhead_text_align=&#8220;center&#8220; subhead_font_size=&#8220;40px&#8220; subhead_line_height=&#8220;2em&#8220; background_enable_color=&#8220;off&#8220; background_enable_image=&#8220;off&#8220; parallax=&#8220;on&#8220; parallax_method=&#8220;on&#8220; custom_button_one=&#8220;on&#8220; button_one_text_size=&#8220;17px&#8220; button_one_text_color=&#8220;#ffffff&#8220; button_one_bg_color=&#8220;#ff6b5a&#8220; button_one_border_width=&#8220;7px&#8220; button_one_border_color=&#8220;#ff6b5a&#8220; button_one_border_radius=&#8220;100px&#8220; button_one_font=&#8220;Noto Sans|700||on|||||&#8220; button_one_use_icon=&#8220;off&#8220; module_alignment=&#8220;center&#8220; custom_margin=&#8220;|||&#8220; custom_padding=&#8220;0px||0px||true|&#8220; custom_padding_tablet=&#8220;100px|||&#8220; custom_padding_phone=&#8220;||20%||false|false&#8220; custom_padding_last_edited=&#8220;on|phone&#8220; animation_style=&#8220;slide&#8220; animation_direction=&#8220;top&#8220; title_font_size_tablet=&#8220;40px&#8220; title_font_size_phone=&#8220;&#8220; title_font_size_last_edited=&#8220;on|tablet&#8220; subhead_font_size_tablet=&#8220;&#8220; subhead_font_size_phone=&#8220;20px&#8220; subhead_font_size_last_edited=&#8220;on|desktop&#8220; subhead_line_height_tablet=&#8220;&#8220; [&hellip;]<\/p>","protected":false},"author":1,"featured_media":0,"parent":0,"menu_order":0,"comment_status":"closed","ping_status":"closed","template":"","meta":{"_et_pb_use_builder":"on","_et_pb_old_content":"","_et_gb_content_width":"","footnotes":""},"class_list":["post-2344","page","type-page","status-publish","hentry"],"_links":{"self":[{"href":"https:\/\/www.planbwagen.de\/fr\/wp-json\/wp\/v2\/pages\/2344","targetHints":{"allow":["GET"]}}],"collection":[{"href":"https:\/\/www.planbwagen.de\/fr\/wp-json\/wp\/v2\/pages"}],"about":[{"href":"https:\/\/www.planbwagen.de\/fr\/wp-json\/wp\/v2\/types\/page"}],"author":[{"embeddable":true,"href":"https:\/\/www.planbwagen.de\/fr\/wp-json\/wp\/v2\/users\/1"}],"replies":[{"embeddable":true,"href":"https:\/\/www.planbwagen.de\/fr\/wp-json\/wp\/v2\/comments?post=2344"}],"version-history":[{"count":24,"href":"https:\/\/www.planbwagen.de\/fr\/wp-json\/wp\/v2\/pages\/2344\/revisions"}],"predecessor-version":[{"id":13705,"href":"https:\/\/www.planbwagen.de\/fr\/wp-json\/wp\/v2\/pages\/2344\/revisions\/13705"}],"wp:attachment":[{"href":"https:\/\/www.planbwagen.de\/fr\/wp-json\/wp\/v2\/media?parent=2344"}],"curies":[{"name":"wp","href":"https:\/\/api.w.org\/{rel}","templated":true}]}}