{"id":2336,"date":"2020-07-30T10:24:31","date_gmt":"2020-07-30T10:24:31","guid":{"rendered":"https:\/\/planbwagen.de\/?page_id=2336"},"modified":"2020-12-04T10:26:29","modified_gmt":"2020-12-04T10:26:29","slug":"deutschland-germany","status":"publish","type":"page","link":"https:\/\/www.planbwagen.de\/fr\/allemagne-germany\/","title":{"rendered":"Allemagne"},"content":{"rendered":"<p>[et_pb_section fb_built=&#8220;1&#8243; fullwidth=&#8220;on&#8220; admin_label=&#8220;Header&#8220; _builder_version=&#8220;4.5.1&#8243; background_enable_color=&#8220;off&#8220; background_image=&#8220;https:\/\/planbwagen.de\/wp-content\/uploads\/2020\/08\/Deutschland-1.jpg&#8220; custom_padding=&#8220;0px|0|0px|0px|false|false&#8220; locked=&#8220;off&#8220;][et_pb_fullwidth_header title=&#8220;Deutschland&#8220; text_orientation=&#8220;right&#8220; header_fullscreen=&#8220;on&#8220; background_overlay_color=&#8220;rgba(0,0,0,0)&#8220; logo_image_url=&#8220;https:\/\/www.planbwagen.de\/wp-content\/uploads\/2020\/09\/Germany-Brandenburg-Gate-Camouflage-Kopie.png&#8220; content_max_width_tablet=&#8220;&#8220; content_max_width_phone=&#8220;&#8220; content_max_width_last_edited=&#8220;on|phone&#8220; _builder_version=&#8220;4.5.1&#8243; title_font=&#8220;DCC Ash|700|||||||&#8220; title_text_align=&#8220;center&#8220; title_font_size=&#8220;80px&#8220; title_line_height=&#8220;1.1em&#8220; content_font=&#8220;Noto Sans||||||||&#8220; content_line_height=&#8220;2em&#8220; subhead_font=&#8220;Ash||||||||&#8220; subhead_text_align=&#8220;center&#8220; subhead_font_size=&#8220;40px&#8220; subhead_line_height=&#8220;2em&#8220; background_enable_color=&#8220;off&#8220; background_enable_image=&#8220;off&#8220; parallax=&#8220;on&#8220; parallax_method=&#8220;on&#8220; custom_button_one=&#8220;on&#8220; button_one_text_size=&#8220;17px&#8220; button_one_text_color=&#8220;#ffffff&#8220; button_one_bg_color=&#8220;#ff6b5a&#8220; button_one_border_width=&#8220;7px&#8220; button_one_border_color=&#8220;#ff6b5a&#8220; button_one_border_radius=&#8220;100px&#8220; button_one_font=&#8220;Noto Sans|700||on|||||&#8220; button_one_use_icon=&#8220;off&#8220; module_alignment=&#8220;center&#8220; custom_margin=&#8220;|||&#8220; custom_padding=&#8220;0px||0px||true|&#8220; custom_padding_tablet=&#8220;100px|||&#8220; custom_padding_phone=&#8220;||20%||false|false&#8220; custom_padding_last_edited=&#8220;on|phone&#8220; animation_style=&#8220;slide&#8220; animation_direction=&#8220;top&#8220; title_font_size_tablet=&#8220;40px&#8220; title_font_size_phone=&#8220;&#8220; title_font_size_last_edited=&#8220;on|tablet&#8220; subhead_font_size_tablet=&#8220;&#8220; subhead_font_size_phone=&#8220;20px&#8220; subhead_font_size_last_edited=&#8220;on|desktop&#8220; subhead_line_height_tablet=&#8220;&#8220; subhead_line_height_phone=&#8220;1.5em&#8220; subhead_line_height_last_edited=&#8220;on|phone&#8220; title_text_shadow_style=&#8220;preset2&#8243; subhead_text_shadow_style=&#8220;preset2&#8243; border_color_all_image=&#8220;#000000&#8243; button_one_text_color_hover=&#8220;#ffffff&#8220; button_one_border_color_hover=&#8220;#ff9e59&#8243; button_one_border_radius_hover=&#8220;100px&#8220; button_one_bg_color_hover=&#8220;#ff9e59&#8243; button_one_text_size__hover_enabled=&#8220;off&#8220; button_two_text_size__hover_enabled=&#8220;off&#8220; button_one_text_color__hover_enabled=&#8220;on&#8220; button_one_text_color__hover=&#8220;#ffffff&#8220; button_two_text_color__hover_enabled=&#8220;off&#8220; button_one_border_width__hover_enabled=&#8220;off&#8220; button_two_border_width__hover_enabled=&#8220;off&#8220; button_one_border_color__hover_enabled=&#8220;on&#8220; button_one_border_color__hover=&#8220;#ff9e59&#8243; button_two_border_color__hover_enabled=&#8220;off&#8220; button_one_border_radius__hover_enabled=&#8220;on&#8220; button_one_border_radius__hover=&#8220;100px&#8220; button_two_border_radius__hover_enabled=&#8220;off&#8220; button_one_letter_spacing__hover_enabled=&#8220;off&#8220; button_two_letter_spacing__hover_enabled=&#8220;off&#8220; button_one_bg_color__hover_enabled=&#8220;on&#8220; button_one_bg_color__hover=&#8220;#ff9e59&#8243; button_two_bg_color__hover_enabled=&#8220;off&#8220;][\/et_pb_fullwidth_header][\/et_pb_section][et_pb_section fb_built=&#8220;1&#8243; admin_label=&#8220;Tour CTA &#038; Information Section&#8220; _builder_version=&#8220;4.5.1&#8243; background_color=&#8220;#949292&#8243; custom_padding=&#8220;100px|0px|54px|0px|false|false&#8220;][et_pb_row _builder_version=&#8220;4.5.1&#8243; _module_preset=&#8220;default&#8220; custom_margin=&#8220;||||false|false&#8220; animation_style=&#8220;slide&#8220; animation_direction=&#8220;top&#8220;][et_pb_column type=&#8220;4_4&#8243; _builder_version=&#8220;4.5.1&#8243; _module_preset=&#8220;default&#8220;][et_pb_blog fullwidth=&#8220;off&#8220; posts_number=&#8220;1000&#8243; include_categories=&#8220;12&#8243; masonry_tile_background_color=&#8220;#273037&#8243; _builder_version=&#8220;4.5.1&#8243; _module_preset=&#8220;default&#8220; header_font=&#8220;Montserrat|700|||||||&#8220; header_text_align=&#8220;center&#8220; header_text_color=&#8220;#ffffff&#8220; header_font_size=&#8220;24px&#8220; header_line_height=&#8220;1.5em&#8220; body_font=&#8220;Montserrat||||||||&#8220; body_text_align=&#8220;center&#8220; body_text_color=&#8220;#ffffff&#8220; body_font_size=&#8220;17px&#8220; body_line_height=&#8220;1.9em&#8220; meta_font=&#8220;Montserrat|700|||||||&#8220; meta_text_align=&#8220;center&#8220; meta_text_color=&#8220;#949292&#8243; read_more_font=&#8220;Montserrat||||||||&#8220; pagination_font=&#8220;Montserrat||||||||&#8220; transform_scale=&#8220;97%|97%&#8220; text_orientation=&#8220;center&#8220; custom_margin=&#8220;||||false|false&#8220; border_radii=&#8220;on|7px|7px|7px|7px&#8220; border_width_all=&#8220;0px&#8220; box_shadow_style=&#8220;preset1&#8243;][\/et_pb_blog][\/et_pb_column][\/et_pb_row][et_pb_row _builder_version=&#8220;4.5.1&#8243; _module_preset=&#8220;default&#8220;][et_pb_column type=&#8220;4_4&#8243; _builder_version=&#8220;4.5.1&#8243; _module_preset=&#8220;default&#8220;][et_pb_divider color=&#8220;#ffffff&#8220; _builder_version=&#8220;4.5.1&#8243; _module_preset=&#8220;default&#8220; min_height=&#8220;140px&#8220;][\/et_pb_divider][et_pb_text _builder_version=&#8220;4.5.1&#8243; _module_preset=&#8220;default&#8220; text_text_color=&#8220;#ffffff&#8220; header_text_color=&#8220;#ffffff&#8220; header_2_text_color=&#8220;#ffffff&#8220;]<\/p>\n<h2>Les plus belles destinations pour des voyages en bullion en Allemagne<\/h2>\n<p>Ceux qui pensent qu'il faut faire un long voyage \u00e0 l'\u00e9tranger pour d\u00e9couvrir de nouveaux endroits et de nouvelles attractions se trompent. Lors d'un voyage \u00e0 travers l'Allemagne, notre pays d'origine, nous avons pu d\u00e9couvrir des endroits merveilleux avec notre SpaceCamper. Comme nous sommes originaires de Cologne, nous pouvons vous parler de la cath\u00e9drale de Cologne et de la belle ville sur le Ring dans nos articles de blog. Mais comme nous aimons \u00eatre en route et que nous voyageons beaucoup, nous vous parlons aussi dans notre blog d'autres villes allemandes comme Berlin ou d'endroits plus recul\u00e9s comme Kallstadt ou Pleisweiler-Oberhofen. Au d\u00e9but de notre voyage en Allemagne, nous nous sommes \u00e9galement rendus au lac de D\u00fcren, o\u00f9 nous avons pu d\u00e9guster diff\u00e9rentes boissons du food truck et profiter du soleil. Pendant que nous voyagions \u00e0 travers les diff\u00e9rents L\u00e4nder, nous avons v\u00e9cu beaucoup de choses avec Butch - notre SpaceCamper - que nous vous montrerons dans nos articles de blog.<\/p>\n<p>Si vous avez des conseils ou des id\u00e9es sur les r\u00e9gions d'Allemagne qui valent encore la peine d'\u00eatre visit\u00e9es - peut-\u00eatre m\u00eame en lien avec les bullis - vous \u00eates bien s\u00fbr invit\u00e9s \u00e0 nous envoyer vos suggestions. Apr\u00e8s l'aventure, c'est toujours avant l'aventure.<\/p>\n<p>L'Allemagne n'est pas seulement notre pays d'origine, elle nous offre aussi des campings uniques o\u00f9 nous pouvons nous \u00e9tendre avec notre mat\u00e9riel de camping. C'est une autre exp\u00e9rience que de partir en voyage avec un bulli. L'avantage du camping, c'est qu'il permet de d\u00e9couvrir la nature d'une toute autre mani\u00e8re. Vous pouvez \u00eatre au c\u0153ur de l'action et d\u00e9couvrir ce qu'est la nuit, loin des voies rapides et de la civilisation. Une chose que la vie en van nous a aussi apprise - et l\u00e0, je pense directement \u00e0 l'article 3 de la loi sur le jrundj de Cologne : \"\".<strong>Et h\u00e4tt noch emmer joot jejange\" - vous apprendrez en tout cas que certains plans ne sont pas faits pour fonctionner. Mais ce n'est pas pour rien que nous avons appel\u00e9 notre site \"planBwagen\" - car c'est aussi de cela qu'il s'agit. Ne pas consid\u00e9rer le plan B comme une solution de secours, mais comme une chance de d\u00e9couvrir de nouvelles choses.<\/strong><\/p>\n<p>Pour ceux qui souhaitent d\u00e9couvrir la vie en van, nous ne pouvons que vous recommander de louer ou d'acheter un SpaceCamper. Nous partageons tous nos meilleurs moments avec vous dans nos articles de blog.<\/p>\n<p>&nbsp;<\/p>\n<h2>Un voyage en camion tout-terrain \u00e0 travers l'Allemagne<\/h2>\n<p>L'Allemagne est la destination parfaite pour tous ceux qui vivent et aiment la vie en van - pour tous ceux d'entre vous qui veulent explorer le monde en dehors du tourisme de masse et des vols surbook\u00e9s. De pr\u00e9f\u00e9rence avec votre Bulli ou SpaceCamper. Que ce soit la mer, la terre ou la route, nous vous montrons les endroits les plus beaux et les plus incroyables d'Allemagne et vous donnons des conseils sur les endroits o\u00f9 vous pouvez aller avec votre SpaceCamper et sur la mani\u00e8re dont nous nous d\u00e9brouillons en route. M\u00eame la pand\u00e9mie de Corona n'a pas pu nous arr\u00eater dans notre aventure. Bien s\u00fbr, nous avons \u00e9t\u00e9 confront\u00e9s \u00e0 de nombreuses restrictions et nous ne voulions pas sortir avec des amis \u00e0 notre arriv\u00e9e, mais la vie nous emp\u00eache bien s\u00fbr de faire des exp\u00e9riences.<\/p>\n<p>Voyager avec un bulli n'est pas toujours tr\u00e8s facile. Il faut trouver des terrains de camping, s'assurer d'avoir suffisamment de provisions pour les longs voyages et trouver des routes tout-terrain sur lesquelles on peut rouler avec le SpaceCamper. Bien s\u00fbr, nous voulions commencer notre voyage, qui comprend en partie des parcours tout-terrain, sans avoir suivi l'entra\u00eenement n\u00e9cessaire. Vous n'imaginez pas tout ce que l'on peut encore apprendre, m\u00eame si l'on a d\u00e9j\u00e0 des dizaines d'ann\u00e9es d'exp\u00e9rience de la conduite. C'est la raison pour laquelle nous avons suivi une formation sp\u00e9ciale de conduite tout-terrain Terranger, afin d'apprendre \u00e0 ma\u00eetriser la conduite tout-terrain, les probl\u00e8mes qui peuvent survenir et la mani\u00e8re de les r\u00e9soudre. Si vous pr\u00e9voyez de voyager dans des pays o\u00f9 la plupart des routes sont des routes tout-terrain, nous vous recommandons vivement de suivre cette formation.<\/p>\n<p>Vous trouverez \u00e9galement des articles d\u00e9taill\u00e9s \u00e0 ce sujet dans nos blogs, dans les cat\u00e9gories Allemagne et SpaceCamper, Terranger &amp; Co.<\/p>\n<p>[\/et_pb_text][\/et_pb_column][\/et_pb_row][\/et_pb_section]<\/p>","protected":false},"excerpt":{"rendered":"<p>[et_pb_section fb_built=&#8220;1&#8243; fullwidth=&#8220;on&#8220; admin_label=&#8220;Header&#8220; _builder_version=&#8220;4.5.1&#8243; background_enable_color=&#8220;off&#8220; background_image=&#8220;https:\/\/planbwagen.de\/wp-content\/uploads\/2020\/08\/Deutschland-1.jpg&#8220; custom_padding=&#8220;0px|0|0px|0px|false|false&#8220; locked=&#8220;off&#8220;][et_pb_fullwidth_header title=&#8220;Deutschland&#8220; text_orientation=&#8220;right&#8220; header_fullscreen=&#8220;on&#8220; background_overlay_color=&#8220;rgba(0,0,0,0)&#8220; logo_image_url=&#8220;https:\/\/www.planbwagen.de\/wp-content\/uploads\/2020\/09\/Germany-Brandenburg-Gate-Camouflage-Kopie.png&#8220; content_max_width_tablet=&#8220;&#8220; content_max_width_phone=&#8220;&#8220; content_max_width_last_edited=&#8220;on|phone&#8220; _builder_version=&#8220;4.5.1&#8243; title_font=&#8220;DCC Ash|700|||||||&#8220; title_text_align=&#8220;center&#8220; title_font_size=&#8220;80px&#8220; title_line_height=&#8220;1.1em&#8220; content_font=&#8220;Noto Sans||||||||&#8220; content_line_height=&#8220;2em&#8220; subhead_font=&#8220;Ash||||||||&#8220; subhead_text_align=&#8220;center&#8220; subhead_font_size=&#8220;40px&#8220; subhead_line_height=&#8220;2em&#8220; background_enable_color=&#8220;off&#8220; background_enable_image=&#8220;off&#8220; parallax=&#8220;on&#8220; parallax_method=&#8220;on&#8220; custom_button_one=&#8220;on&#8220; button_one_text_size=&#8220;17px&#8220; button_one_text_color=&#8220;#ffffff&#8220; button_one_bg_color=&#8220;#ff6b5a&#8220; button_one_border_width=&#8220;7px&#8220; button_one_border_color=&#8220;#ff6b5a&#8220; button_one_border_radius=&#8220;100px&#8220; button_one_font=&#8220;Noto Sans|700||on|||||&#8220; button_one_use_icon=&#8220;off&#8220; module_alignment=&#8220;center&#8220; custom_margin=&#8220;|||&#8220; custom_padding=&#8220;0px||0px||true|&#8220; custom_padding_tablet=&#8220;100px|||&#8220; custom_padding_phone=&#8220;||20%||false|false&#8220; custom_padding_last_edited=&#8220;on|phone&#8220; animation_style=&#8220;slide&#8220; animation_direction=&#8220;top&#8220; title_font_size_tablet=&#8220;40px&#8220; title_font_size_phone=&#8220;&#8220; title_font_size_last_edited=&#8220;on|tablet&#8220; [&hellip;]<\/p>","protected":false},"author":1,"featured_media":0,"parent":0,"menu_order":0,"comment_status":"closed","ping_status":"closed","template":"","meta":{"_et_pb_use_builder":"on","_et_pb_old_content":"","_et_gb_content_width":"","footnotes":""},"class_list":["post-2336","page","type-page","status-publish","hentry"],"_links":{"self":[{"href":"https:\/\/www.planbwagen.de\/fr\/wp-json\/wp\/v2\/pages\/2336","targetHints":{"allow":["GET"]}}],"collection":[{"href":"https:\/\/www.planbwagen.de\/fr\/wp-json\/wp\/v2\/pages"}],"about":[{"href":"https:\/\/www.planbwagen.de\/fr\/wp-json\/wp\/v2\/types\/page"}],"author":[{"embeddable":true,"href":"https:\/\/www.planbwagen.de\/fr\/wp-json\/wp\/v2\/users\/1"}],"replies":[{"embeddable":true,"href":"https:\/\/www.planbwagen.de\/fr\/wp-json\/wp\/v2\/comments?post=2336"}],"version-history":[{"count":31,"href":"https:\/\/www.planbwagen.de\/fr\/wp-json\/wp\/v2\/pages\/2336\/revisions"}],"predecessor-version":[{"id":10011,"href":"https:\/\/www.planbwagen.de\/fr\/wp-json\/wp\/v2\/pages\/2336\/revisions\/10011"}],"wp:attachment":[{"href":"https:\/\/www.planbwagen.de\/fr\/wp-json\/wp\/v2\/media?parent=2336"}],"curies":[{"name":"wp","href":"https:\/\/api.w.org\/{rel}","templated":true}]}}