{"id":9319,"date":"2020-10-19T08:00:59","date_gmt":"2020-10-19T08:00:59","guid":{"rendered":"https:\/\/www.planbwagen.de\/?page_id=9319"},"modified":"2023-03-05T13:06:21","modified_gmt":"2023-03-05T11:06:21","slug":"italien","status":"publish","type":"page","link":"https:\/\/www.planbwagen.de\/es\/italia\/","title":{"rendered":"Italia"},"content":{"rendered":"<p>[et_pb_section fb_built=&#8220;1&#8243; fullwidth=&#8220;on&#8220; admin_label=&#8220;Header&#8220; _builder_version=&#8220;4.5.1&#8243; background_enable_color=&#8220;off&#8220; background_image=&#8220;https:\/\/www.planbwagen.de\/wp-content\/uploads\/2020\/10\/IMG_0158-2.jpg&#8220; custom_padding=&#8220;0px|0|0px|0px|false|false&#8220; locked=&#8220;off&#8220;][et_pb_fullwidth_header title=&#8220;Italien&#8220; text_orientation=&#8220;right&#8220; header_fullscreen=&#8220;on&#8220; background_overlay_color=&#8220;rgba(0,0,0,0)&#8220; logo_image_url=&#8220;https:\/\/www.planbwagen.de\/wp-content\/uploads\/2020\/10\/Italien-Italy-Leaning-Tower-of-Pisa-Camouflage.png&#8220; content_max_width=&#8220;18%&#8220; content_max_width_tablet=&#8220;&#8220; content_max_width_phone=&#8220;55%&#8220; content_max_width_last_edited=&#8220;on|phone&#8220; _builder_version=&#8220;4.5.1&#8243; title_font=&#8220;DCC Ash|700|||||||&#8220; title_text_align=&#8220;center&#8220; title_font_size=&#8220;80px&#8220; title_line_height=&#8220;1.1em&#8220; content_font=&#8220;Noto Sans||||||||&#8220; content_line_height=&#8220;2em&#8220; subhead_font=&#8220;Ash||||||||&#8220; subhead_text_align=&#8220;center&#8220; subhead_font_size=&#8220;40px&#8220; subhead_line_height=&#8220;2em&#8220; background_enable_color=&#8220;off&#8220; background_enable_image=&#8220;off&#8220; parallax=&#8220;on&#8220; parallax_method=&#8220;on&#8220; custom_button_one=&#8220;on&#8220; button_one_text_size=&#8220;17px&#8220; button_one_text_color=&#8220;#ffffff&#8220; button_one_bg_color=&#8220;#ff6b5a&#8220; button_one_border_width=&#8220;7px&#8220; button_one_border_color=&#8220;#ff6b5a&#8220; button_one_border_radius=&#8220;100px&#8220; button_one_font=&#8220;Noto Sans|700||on|||||&#8220; button_one_use_icon=&#8220;off&#8220; module_alignment=&#8220;center&#8220; custom_margin=&#8220;|||&#8220; custom_padding=&#8220;0px||0px||true|&#8220; custom_padding_tablet=&#8220;100px|||&#8220; custom_padding_phone=&#8220;||20%||false|false&#8220; custom_padding_last_edited=&#8220;on|phone&#8220; animation_style=&#8220;slide&#8220; animation_direction=&#8220;top&#8220; hover_enabled=&#8220;0&#8243; title_font_size_tablet=&#8220;40px&#8220; title_font_size_phone=&#8220;&#8220; title_font_size_last_edited=&#8220;on|tablet&#8220; subhead_font_size_tablet=&#8220;&#8220; subhead_font_size_phone=&#8220;20px&#8220; subhead_font_size_last_edited=&#8220;on|desktop&#8220; subhead_line_height_tablet=&#8220;&#8220; subhead_line_height_phone=&#8220;1.5em&#8220; subhead_line_height_last_edited=&#8220;on|phone&#8220; title_text_shadow_style=&#8220;preset2&#8243; subhead_text_shadow_style=&#8220;preset2&#8243; border_color_all_image=&#8220;#000000&#8243; button_one_text_color_hover=&#8220;#ffffff&#8220; button_one_border_color_hover=&#8220;#ff9e59&#8243; button_one_border_radius_hover=&#8220;100px&#8220; button_one_bg_color_hover=&#8220;#ff9e59&#8243; button_one_text_size__hover_enabled=&#8220;off&#8220; button_two_text_size__hover_enabled=&#8220;off&#8220; button_one_text_color__hover_enabled=&#8220;on&#8220; button_one_text_color__hover=&#8220;#ffffff&#8220; button_two_text_color__hover_enabled=&#8220;off&#8220; button_one_border_width__hover_enabled=&#8220;off&#8220; button_two_border_width__hover_enabled=&#8220;off&#8220; button_one_border_color__hover_enabled=&#8220;on&#8220; button_one_border_color__hover=&#8220;#ff9e59&#8243; button_two_border_color__hover_enabled=&#8220;off&#8220; button_one_border_radius__hover_enabled=&#8220;on&#8220; button_one_border_radius__hover=&#8220;100px&#8220; button_two_border_radius__hover_enabled=&#8220;off&#8220; button_one_letter_spacing__hover_enabled=&#8220;off&#8220; button_two_letter_spacing__hover_enabled=&#8220;off&#8220; button_one_bg_color__hover_enabled=&#8220;on&#8220; button_one_bg_color__hover=&#8220;#ff9e59&#8243; button_two_bg_color__hover_enabled=&#8220;off&#8220;][\/et_pb_fullwidth_header][\/et_pb_section][et_pb_section fb_built=&#8220;1&#8243; admin_label=&#8220;Tour CTA &#038; Information Section&#8220; _builder_version=&#8220;4.5.1&#8243; background_color=&#8220;#949292&#8243; custom_padding=&#8220;100px|0px|54px|0px|false|false&#8220;][et_pb_row _builder_version=&#8220;4.5.1&#8243; _module_preset=&#8220;default&#8220; custom_margin=&#8220;||||false|false&#8220; animation_style=&#8220;slide&#8220; animation_direction=&#8220;top&#8220;][et_pb_column type=&#8220;4_4&#8243; _builder_version=&#8220;4.5.1&#8243; _module_preset=&#8220;default&#8220;][et_pb_blog fullwidth=&#8220;off&#8220; posts_number=&#8220;1000&#8243; include_categories=&#8220;32&#8243; masonry_tile_background_color=&#8220;#273037&#8243; _builder_version=&#8220;4.5.1&#8243; _module_preset=&#8220;default&#8220; header_font=&#8220;Montserrat|700|||||||&#8220; header_text_align=&#8220;center&#8220; header_text_color=&#8220;#ffffff&#8220; header_font_size=&#8220;24px&#8220; header_line_height=&#8220;1.5em&#8220; body_font=&#8220;Montserrat||||||||&#8220; body_text_align=&#8220;center&#8220; body_text_color=&#8220;#ffffff&#8220; body_font_size=&#8220;17px&#8220; body_line_height=&#8220;1.9em&#8220; meta_font=&#8220;Montserrat|700|||||||&#8220; meta_text_align=&#8220;center&#8220; meta_text_color=&#8220;#949292&#8243; read_more_font=&#8220;Montserrat||||||||&#8220; pagination_font=&#8220;Montserrat||||||||&#8220; transform_scale=&#8220;97%|97%&#8220; text_orientation=&#8220;center&#8220; custom_margin=&#8220;||||false|false&#8220; border_radii=&#8220;on|7px|7px|7px|7px&#8220; border_width_all=&#8220;0px&#8220; box_shadow_style=&#8220;preset1&#8243;][\/et_pb_blog][\/et_pb_column][\/et_pb_row][et_pb_row _builder_version=&#8220;4.5.1&#8243; _module_preset=&#8220;default&#8220;][et_pb_column type=&#8220;4_4&#8243; _builder_version=&#8220;4.5.1&#8243; _module_preset=&#8220;default&#8220;][et_pb_divider color=&#8220;#ffffff&#8220; _builder_version=&#8220;4.5.1&#8243; _module_preset=&#8220;default&#8220; min_height=&#8220;140px&#8220;][\/et_pb_divider][et_pb_text _builder_version=&#8220;4.5.1&#8243; _module_preset=&#8220;default&#8220; text_text_color=&#8220;#ffffff&#8220; header_text_color=&#8220;#ffffff&#8220; header_2_text_color=&#8220;#ffffff&#8220; header_3_text_color=&#8220;#ffffff&#8220;]<\/p>\n<h1>Un viaje en Bulli por Italia<\/h1>\n<p>&nbsp;<\/p>\n<h2>Un viaje por los lugares m\u00e1s bellos de Italia<\/h2>\n<p>Hay muchos pa\u00edses hermosos en Europa, pero Italia es el destino ideal y no s\u00f3lo si quiere comer una pizza o una pasta excepcionales. Italia es el lugar perfecto si te gustan las vistas impresionantes, los largos paseos y las interesantes excursiones en bulli.<\/p>\n<p>&nbsp;<\/p>\n<h3>A Italia<\/h3>\n<p>Despu\u00e9s de que repararan nuestra furgoneta en Space Camper, en Alemania, y de que nos dieran algunos consejos para nuestros viajes all\u00ed, pusimos rumbo a Italia. Vimos lugares preciosos como Mil\u00e1n, Pisa, Cerde\u00f1a, Sicilia y muchos m\u00e1s. Pero sobre todo, tambi\u00e9n vimos el mar despu\u00e9s de coger el ferry de Cerde\u00f1a a Sicilia. Si quieres ir de vacaciones a Italia, no dudes en visitar estos lugares. Aunque no sepas italiano, te llevar\u00e1s muy bien en este pa\u00eds. De hecho, hay algunos habitantes que hablan alem\u00e1n y tambi\u00e9n puedes llegar muy lejos all\u00ed con el ingl\u00e9s. Como tenemos amigos en Italia, tambi\u00e9n pudieron indicarnos los mejores lugares que visitar en Italia y qu\u00e9 regiones son especialmente bonitas. Hicimos un largo viaje en coche desde Mil\u00e1n, a Pisa, hacia Cerde\u00f1a y luego en ferry a Sicilia. Vivimos muchas aventuras emocionantes en estos lugares, que estaremos encantados de contarte.<\/p>\n<p>&nbsp;<\/p>\n<h2>Paseo por Mil\u00e1n<\/h2>\n<p>En Mil\u00e1n, visitamos a nuestros amigos, exploramos la Catedral de Mil\u00e1n y disfrutamos de paseos por hermosos parques. Tambi\u00e9n fuimos al Tram Ristorante ATMosfera, un restaurante situado en un tranv\u00eda hist\u00f3rico. As\u00ed se puede disfrutar de una comida deliciosa y explorar los lugares m\u00e1s bellos de Mil\u00e1n al mismo tiempo. Incluso el simp\u00e1tico vendedor de rosas de la salida estaba de buen humor: \u00bfc\u00f3mo no estarlo cuando se puede vivir en una ciudad tan bonita como Mil\u00e1n?<\/p>\n<p>&nbsp;<\/p>\n<h2>Viaje a Pisa<\/h2>\n<p>Tras pasar por Bolonia y Carrara, llegamos a la lluviosa Pisa y aparcamos cerca de la Torre Inclinada de Pisa. Cuando el tiempo mejor\u00f3 un poco otro d\u00eda, paseamos un poco por el casco antiguo y atravesamos la Porta Nuova, la muralla de la ciudad en la Piazza del Duomo. Luego continuamos hasta la Piazza dei Miracoli, donde apenas se ve\u00eda gente. Despu\u00e9s, descubrimos otros lugares de inter\u00e9s y exploramos el Museo del Sinopie y el Museo Opera del Duomo, entre otros. Tambi\u00e9n nos gust\u00f3 mucho la \"Estatua del \u00c1ngel Ca\u00eddo\". Sin duda, merece la pena visitar Pisa.<\/p>\n<p>&nbsp;<\/p>\n<h2>En ferry a Cerde\u00f1a<\/h2>\n<p>Cuando llegamos a Olbia en ferry, lo primero que disfrutamos fue del buen tiempo y las temperaturas suaves. Nada m\u00e1s llegar al primer muro del muelle, ya encontramos aparcamiento gratuito con unas vistas impresionantes del mar y el puerto. Tras recorrer la costa este, fuimos a Porto Taverna, paseamos por la playa y nos relajamos en un caf\u00e9-restaurante, con un vino blanco de nueces. Un poco al norte de Baia Sant'Anna encontramos un lugar resguardado donde pasar la noche.<\/p>\n<p>&nbsp;<\/p>\n<h2>Viaje a Sicilia<\/h2>\n<p>Despu\u00e9s de explorar Cerde\u00f1a en detalle, cogimos el ferry a Sicilia. Como ya hab\u00edamos estado all\u00ed de vacaciones hace unos a\u00f1os, conoc\u00edamos un poco el camino y primero recorrimos la costa. Despu\u00e9s de comprar comida en una panader\u00eda, nos dirigimos hacia el mar y disfrutamos de las maravillosas vistas desde varios miradores. Despu\u00e9s, pasamos mucho tiempo intentando encontrar aparcamiento para pasar la noche, lo que no fue f\u00e1cil. Finalmente, volvimos a la bah\u00eda de Macari y nos relajamos con una deliciosa cena y una hermosa puesta de sol.<\/p>\n<p>Si quieres saber qu\u00e9 otras aventuras vivimos en nuestro viaje Bulli por Italia con nuestra SpaceCamper, no dejes de consultar las entradas de nuestro blog.<\/p>\n<p>[\/et_pb_text][\/et_pb_column][\/et_pb_row][\/et_pb_section]<\/p>","protected":false},"excerpt":{"rendered":"<p>[et_pb_section fb_built=&#8220;1&#8243; fullwidth=&#8220;on&#8220; admin_label=&#8220;Header&#8220; _builder_version=&#8220;4.5.1&#8243; background_enable_color=&#8220;off&#8220; background_image=&#8220;https:\/\/www.planbwagen.de\/wp-content\/uploads\/2020\/10\/IMG_0158-2.jpg&#8220; custom_padding=&#8220;0px|0|0px|0px|false|false&#8220; locked=&#8220;off&#8220;][et_pb_fullwidth_header title=&#8220;Italien&#8220; text_orientation=&#8220;right&#8220; header_fullscreen=&#8220;on&#8220; background_overlay_color=&#8220;rgba(0,0,0,0)&#8220; logo_image_url=&#8220;https:\/\/www.planbwagen.de\/wp-content\/uploads\/2020\/10\/Italien-Italy-Leaning-Tower-of-Pisa-Camouflage.png&#8220; content_max_width=&#8220;18%&#8220; content_max_width_tablet=&#8220;&#8220; content_max_width_phone=&#8220;55%&#8220; content_max_width_last_edited=&#8220;on|phone&#8220; _builder_version=&#8220;4.5.1&#8243; title_font=&#8220;DCC Ash|700|||||||&#8220; title_text_align=&#8220;center&#8220; title_font_size=&#8220;80px&#8220; title_line_height=&#8220;1.1em&#8220; content_font=&#8220;Noto Sans||||||||&#8220; content_line_height=&#8220;2em&#8220; subhead_font=&#8220;Ash||||||||&#8220; subhead_text_align=&#8220;center&#8220; subhead_font_size=&#8220;40px&#8220; subhead_line_height=&#8220;2em&#8220; background_enable_color=&#8220;off&#8220; background_enable_image=&#8220;off&#8220; parallax=&#8220;on&#8220; parallax_method=&#8220;on&#8220; custom_button_one=&#8220;on&#8220; button_one_text_size=&#8220;17px&#8220; button_one_text_color=&#8220;#ffffff&#8220; button_one_bg_color=&#8220;#ff6b5a&#8220; button_one_border_width=&#8220;7px&#8220; button_one_border_color=&#8220;#ff6b5a&#8220; button_one_border_radius=&#8220;100px&#8220; button_one_font=&#8220;Noto Sans|700||on|||||&#8220; button_one_use_icon=&#8220;off&#8220; module_alignment=&#8220;center&#8220; custom_margin=&#8220;|||&#8220; custom_padding=&#8220;0px||0px||true|&#8220; custom_padding_tablet=&#8220;100px|||&#8220; custom_padding_phone=&#8220;||20%||false|false&#8220; custom_padding_last_edited=&#8220;on|phone&#8220; animation_style=&#8220;slide&#8220; animation_direction=&#8220;top&#8220; hover_enabled=&#8220;0&#8243; title_font_size_tablet=&#8220;40px&#8220; [&hellip;]<\/p>","protected":false},"author":1,"featured_media":0,"parent":0,"menu_order":0,"comment_status":"closed","ping_status":"closed","template":"","meta":{"_et_pb_use_builder":"on","_et_pb_old_content":"","_et_gb_content_width":"","footnotes":""},"class_list":["post-9319","page","type-page","status-publish","hentry"],"_links":{"self":[{"href":"https:\/\/www.planbwagen.de\/es\/wp-json\/wp\/v2\/pages\/9319","targetHints":{"allow":["GET"]}}],"collection":[{"href":"https:\/\/www.planbwagen.de\/es\/wp-json\/wp\/v2\/pages"}],"about":[{"href":"https:\/\/www.planbwagen.de\/es\/wp-json\/wp\/v2\/types\/page"}],"author":[{"embeddable":true,"href":"https:\/\/www.planbwagen.de\/es\/wp-json\/wp\/v2\/users\/1"}],"replies":[{"embeddable":true,"href":"https:\/\/www.planbwagen.de\/es\/wp-json\/wp\/v2\/comments?post=9319"}],"version-history":[{"count":16,"href":"https:\/\/www.planbwagen.de\/es\/wp-json\/wp\/v2\/pages\/9319\/revisions"}],"predecessor-version":[{"id":14367,"href":"https:\/\/www.planbwagen.de\/es\/wp-json\/wp\/v2\/pages\/9319\/revisions\/14367"}],"wp:attachment":[{"href":"https:\/\/www.planbwagen.de\/es\/wp-json\/wp\/v2\/media?parent=9319"}],"curies":[{"name":"wp","href":"https:\/\/api.w.org\/{rel}","templated":true}]}}