{"id":7974,"date":"2020-09-15T09:54:42","date_gmt":"2020-09-15T09:54:42","guid":{"rendered":"https:\/\/www.planbwagen.de\/?page_id=7974"},"modified":"2020-12-03T18:45:26","modified_gmt":"2020-12-03T18:45:26","slug":"ccc-camper-cleanup-campaign","status":"publish","type":"page","link":"https:\/\/www.planbwagen.de\/es\/campana-de-limpieza-de-campings-del-ccc\/","title":{"rendered":"CCC - Campa\u00f1a de limpieza de campers"},"content":{"rendered":"<p>[et_pb_section fb_built=&#8220;1&#8243; custom_padding_last_edited=&#8220;on|desktop&#8220; next_background_color=&#8220;#949292&#8243; admin_label=&#8220;Header&#8220; _builder_version=&#8220;4.5.1&#8243; background_color=&#8220;#4c4c50&#8243; background_image=&#8220;https:\/\/planbwagen.de\/wp-content\/uploads\/2020\/08\/sight-seeing-49.png&#8220; background_size=&#8220;contain&#8220; background_position=&#8220;bottom_center&#8220; custom_padding=&#8220;||225px|||&#8220; custom_padding_tablet=&#8220;0px||5vw&#8220; custom_padding_phone=&#8220;&#8220; bottom_divider_style=&#8220;asymmetric&#8220; box_shadow_vertical_tablet=&#8220;&#8220; box_shadow_vertical_phone=&#8220;&#8220; box_shadow_vertical_last_edited=&#8220;on|tablet&#8220; locked=&#8220;off&#8220;][et_pb_row column_structure=&#8220;1_2,1_2&#8243; _builder_version=&#8220;4.5.1&#8243; module_alignment=&#8220;center&#8220; custom_margin=&#8220;-4px|auto||auto||&#8220; animation_style=&#8220;slide&#8220; animation_direction=&#8220;top&#8220; locked=&#8220;off&#8220;][et_pb_column type=&#8220;1_2&#8243; _builder_version=&#8220;3.25&#8243; custom_padding=&#8220;|||&#8220; custom_padding__hover=&#8220;|||&#8220;][et_pb_text _builder_version=&#8220;4.5.1&#8243; text_font=&#8220;Lato||||||||&#8220; text_font_size=&#8220;22px&#8220; text_line_height=&#8220;1.8em&#8220; header_font=&#8220;DCC Ash|700|||||||&#8220; header_font_size=&#8220;80px&#8220; header_line_height=&#8220;1.2em&#8220; background_layout=&#8220;dark&#8220; text_font_size_tablet=&#8220;&#8220; text_font_size_phone=&#8220;18px&#8220; text_font_size_last_edited=&#8220;on|phone&#8220; header_font_size_tablet=&#8220;60px&#8220; header_font_size_phone=&#8220;60px&#8220; header_font_size_last_edited=&#8220;on|phone&#8220;]<\/p>\n<h1 style=\"text-align: left;\">CCC - Campa\u00f1a de limpieza de campers<\/h1>\n<p>[\/et_pb_text][et_pb_text _builder_version=&#8220;4.5.1&#8243; _module_preset=&#8220;default&#8220; text_font=&#8220;Montserrat||||||||&#8220; text_font_size=&#8220;30px&#8220; header_2_font=&#8220;Ash||||||||&#8220;]<\/p>\n<p style=\"text-align: left;\"><span style=\"color: #ffffff;\">&#8222;Was wir heute tun, entscheidet dar\u00fcber, wie die Welt morgen aussieht.&#8220;<\/span><\/p>\n<p style=\"text-align: left;\"><span style=\"color: #ffffff;\"><span style=\"font-size: medium;\">- Marie Freifrau Ebner von Eschenbach<\/span><\/span><\/p>\n<p>[\/et_pb_text][et_pb_divider color=&#8220;#ffffff&#8220; divider_weight=&#8220;5px&#8220; _builder_version=&#8220;3.23.3&#8243; max_width=&#8220;100px&#8220; locked=&#8220;off&#8220;][\/et_pb_divider][\/et_pb_column][et_pb_column type=&#8220;1_2&#8243; _builder_version=&#8220;3.25&#8243; custom_padding=&#8220;|||&#8220; custom_padding__hover=&#8220;|||&#8220;][et_pb_image src=&#8220;https:\/\/planbwagen.de\/wp-content\/uploads\/2020\/08\/15885822fghj88.png&#8220; title_text=&#8220;15885822fghj88&#8243; _builder_version=&#8220;4.5.1&#8243; _module_preset=&#8220;default&#8220; module_alignment=&#8220;right&#8220; custom_padding=&#8220;|||30%|false|false&#8220;][\/et_pb_image][\/et_pb_column][\/et_pb_row][\/et_pb_section][et_pb_section fb_built=&#8220;1&#8243; _builder_version=&#8220;4.5.1&#8243; _module_preset=&#8220;default&#8220; background_color=&#8220;#949292&#8243;][et_pb_row _builder_version=&#8220;4.5.1&#8243; _module_preset=&#8220;default&#8220; animation_style=&#8220;slide&#8220; animation_direction=&#8220;top&#8220;][et_pb_column type=&#8220;4_4&#8243; _builder_version=&#8220;4.5.1&#8243; _module_preset=&#8220;default&#8220;][et_pb_blog fullwidth=&#8220;off&#8220; posts_number=&#8220;10000&#8243; include_categories=&#8220;24&#8243; masonry_tile_background_color=&#8220;#444545&#8243; _builder_version=&#8220;4.5.1&#8243; _module_preset=&#8220;default&#8220; header_text_color=&#8220;#ffffff&#8220; body_text_color=&#8220;#ffffff&#8220; meta_text_color=&#8220;#ffffff&#8220; border_width_all=&#8220;0px&#8220; box_shadow_style=&#8220;preset1&#8243;][\/et_pb_blog][\/et_pb_column][\/et_pb_row][et_pb_row _builder_version=&#8220;4.5.1&#8243; _module_preset=&#8220;default&#8220;][et_pb_column type=&#8220;4_4&#8243; _builder_version=&#8220;4.5.1&#8243; _module_preset=&#8220;default&#8220;][et_pb_divider color=&#8220;#ffffff&#8220; _builder_version=&#8220;4.5.1&#8243; _module_preset=&#8220;default&#8220; min_height=&#8220;140px&#8220;][\/et_pb_divider][et_pb_text _builder_version=&#8220;4.5.1&#8243; _module_preset=&#8220;default&#8220; text_text_color=&#8220;#ffffff&#8220; header_text_color=&#8220;#ffffff&#8220; header_2_text_color=&#8220;#ffffff&#8220;]<\/p>\n<h2><strong>Limpieza de oc\u00e9anos, playas y r\u00edos<\/strong><\/h2>\n<p>Nuestra Campa\u00f1a de Limpieza de Campamentos tiene como objetivo educar a los campistas sobre la conciencia medioambiental, el cambio clim\u00e1tico y la sostenibilidad. Estos temas nos afectan a todos y a menudo es dif\u00edcil ser consciente de la huella ambiental, especialmente cuando se viaja. Sin embargo, a menudo es muy f\u00e1cil hacer algo bueno y todo el mundo puede poner de su parte para mejorar el medio ambiente. Nuestro lema es: Hay que dejar de quejarse y ceder la tarea a los dem\u00e1s y, en su lugar, participar uno mismo en la mejora del medio ambiente. Sobre todo cuando viajamos, tenemos mucho tiempo. Tiempo para relajarnos, tiempo para pensar, pero tambi\u00e9n tiempo para hacer el bien. Todo el mundo tiene al menos 10 minutos para recoger un poco de basura, para que los lugares bonitos sigan siendo lo m\u00e1s bonitos posible y no est\u00e9n completamente llenos de basura, incluso para las generaciones futuras. Tambi\u00e9n pedimos a todo el mundo que publique su limpieza para dar buen ejemplo y animar y motivar a otros a que tambi\u00e9n sean activos.<\/p>\n<p>&nbsp;<\/p>\n<h2><strong>Estudio de sensibilizaci\u00f3n medioambiental<\/strong><\/h2>\n<p>M\u00e1s personas que nunca consideran importante la protecci\u00f3n del clima y prestan m\u00e1s atenci\u00f3n a su huella ecol\u00f3gica. Consideran que los pol\u00edticos tienen una responsabilidad, pero tambi\u00e9n ellos mismos. 64% de los alemanes opinan que la protecci\u00f3n del medio ambiente y del clima es un asunto muy importante que debe abordarse conjuntamente, lo que supone 11% m\u00e1s que en 2016. Esto supone 11% m\u00e1s que en 2016. Estos datos se recogen en el estudio \"Conciencia medioambiental en Alemania 2018\".<\/p>\n<p>&nbsp;<\/p>\n<h2><strong>La huella ecol\u00f3gica<\/strong><\/h2>\n<p>La definici\u00f3n de huella ecol\u00f3gica es: la superficie biol\u00f3gica y productiva de la Tierra necesaria para mantener el estilo y el nivel de vida de una persona. Se denomina indicador de sostenibilidad. La huella ecol\u00f3gica de Alemania en 2019 es muy alta, ya que se necesitar\u00edan tres Tierras si la poblaci\u00f3n mundial viviera como la alemana.<\/p>\n<p><strong>\u00a0<\/strong><\/p>\n<h2><strong>Viajes respetuosos con el medio ambiente<\/strong><\/h2>\n<p>Muchas personas eligen conscientemente viajar en autocaravana porque es m\u00e1s respetuoso con el medio ambiente que viajar en avi\u00f3n y pueden estar m\u00e1s cerca de la naturaleza y as\u00ed experimentarla activamente. Pero es entonces cuando se nota m\u00e1s la enorme contaminaci\u00f3n que cuando se pasan las vacaciones en un complejo tur\u00edstico. Muchos campistas buscan aventura, lugares v\u00edrgenes y quieren estar lejos de las atracciones tur\u00edsticas. Sin embargo, es importante que estos lugares permanezcan intactos y que todo el mundo se lleve su basura. Esta es una parte esencial de nuestro viaje en particular.<\/p>\n<p><strong>\u00a0<\/strong><\/p>\n<h2><strong>Cambio clim\u00e1tico: \u00bfes ya demasiado tarde?<\/strong><\/h2>\n<p>Las preguntas \"\u00bfHasta qu\u00e9 punto soy consciente del medio ambiente?\", \"\u00bfCu\u00e1nto tiempo nos queda?\", \"\u00bfCu\u00e1nto calor puede soportar la Tierra?\" son cada vez m\u00e1s importantes. La cuesti\u00f3n es que no podemos volver atr\u00e1s en el tiempo, no podemos deshacer el da\u00f1o que el cambio clim\u00e1tico ha dejado en nuestro mundo, pero podemos hacer todo juntos para mejorar el futuro. Decir que no te afecta o que no quieres tener nada que ver con este asunto es un error. Nos afecta a todos, por lo que tambi\u00e9n es importante que todos actuemos juntos. Todo el mundo tiene que empezar por s\u00ed mismo y replantearse su comportamiento de consumo y su estilo de vida. Como bien dijo el Dalai Lama: \"S\u00e9 t\u00fa el cambio que quieres ver en este mundo\".<\/p>\n<p>&nbsp;<\/p>\n<h2><strong>Nuestro comportamiento como consumidores influye en el clima<\/strong><\/h2>\n<p>Nuestro comportamiento de consumo tiene un gran impacto en el cambio clim\u00e1tico. Todo el mundo puede elegir lo que consume, de qu\u00e9 pa\u00edses lo hace y cu\u00e1nto consume. Especialmente el embalaje y el transporte desde pa\u00edses lejanos perjudican enormemente al medio ambiente. La importaci\u00f3n de alimentos, ropa, etc. tambi\u00e9n contribuye al calentamiento global. Un gran paso para mejorar ser\u00eda prestar atenci\u00f3n al consumo de productos locales. Tambi\u00e9n deber\u00edamos consumir de forma m\u00e1s consciente. Deber\u00edamos pensar si realmente necesitamos esa prenda, porque la mayor\u00eda no la necesitamos. Los europeos occidentales, en particular, vivimos en tal abundancia que no estar\u00eda de m\u00e1s consumir un poco menos.<\/p>\n<p>[\/et_pb_text][\/et_pb_column][\/et_pb_row][\/et_pb_section]<\/p>","protected":false},"excerpt":{"rendered":"<p>[et_pb_section fb_built=&#8220;1&#8243; custom_padding_last_edited=&#8220;on|desktop&#8220; next_background_color=&#8220;#949292&#8243; admin_label=&#8220;Header&#8220; _builder_version=&#8220;4.5.1&#8243; background_color=&#8220;#4c4c50&#8243; background_image=&#8220;https:\/\/planbwagen.de\/wp-content\/uploads\/2020\/08\/sight-seeing-49.png&#8220; background_size=&#8220;contain&#8220; background_position=&#8220;bottom_center&#8220; custom_padding=&#8220;||225px|||&#8220; custom_padding_tablet=&#8220;0px||5vw&#8220; custom_padding_phone=&#8220;&#8220; bottom_divider_style=&#8220;asymmetric&#8220; box_shadow_vertical_tablet=&#8220;&#8220; box_shadow_vertical_phone=&#8220;&#8220; box_shadow_vertical_last_edited=&#8220;on|tablet&#8220; locked=&#8220;off&#8220;][et_pb_row column_structure=&#8220;1_2,1_2&#8243; _builder_version=&#8220;4.5.1&#8243; module_alignment=&#8220;center&#8220; custom_margin=&#8220;-4px|auto||auto||&#8220; animation_style=&#8220;slide&#8220; animation_direction=&#8220;top&#8220; locked=&#8220;off&#8220;][et_pb_column type=&#8220;1_2&#8243; _builder_version=&#8220;3.25&#8243; custom_padding=&#8220;|||&#8220; custom_padding__hover=&#8220;|||&#8220;][et_pb_text _builder_version=&#8220;4.5.1&#8243; text_font=&#8220;Lato||||||||&#8220; text_font_size=&#8220;22px&#8220; text_line_height=&#8220;1.8em&#8220; header_font=&#8220;DCC Ash|700|||||||&#8220; header_font_size=&#8220;80px&#8220; header_line_height=&#8220;1.2em&#8220; background_layout=&#8220;dark&#8220; text_font_size_tablet=&#8220;&#8220; text_font_size_phone=&#8220;18px&#8220; text_font_size_last_edited=&#8220;on|phone&#8220; header_font_size_tablet=&#8220;60px&#8220; header_font_size_phone=&#8220;60px&#8220; header_font_size_last_edited=&#8220;on|phone&#8220;] CCC &#8211; Camper Cleanup Campaign [\/et_pb_text][et_pb_text _builder_version=&#8220;4.5.1&#8243; _module_preset=&#8220;default&#8220; text_font=&#8220;Montserrat||||||||&#8220; text_font_size=&#8220;30px&#8220; header_2_font=&#8220;Ash||||||||&#8220;] [&hellip;]<\/p>","protected":false},"author":1,"featured_media":0,"parent":0,"menu_order":0,"comment_status":"closed","ping_status":"closed","template":"","meta":{"_et_pb_use_builder":"on","_et_pb_old_content":"","_et_gb_content_width":"","footnotes":""},"class_list":["post-7974","page","type-page","status-publish","hentry"],"_links":{"self":[{"href":"https:\/\/www.planbwagen.de\/es\/wp-json\/wp\/v2\/pages\/7974","targetHints":{"allow":["GET"]}}],"collection":[{"href":"https:\/\/www.planbwagen.de\/es\/wp-json\/wp\/v2\/pages"}],"about":[{"href":"https:\/\/www.planbwagen.de\/es\/wp-json\/wp\/v2\/types\/page"}],"author":[{"embeddable":true,"href":"https:\/\/www.planbwagen.de\/es\/wp-json\/wp\/v2\/users\/1"}],"replies":[{"embeddable":true,"href":"https:\/\/www.planbwagen.de\/es\/wp-json\/wp\/v2\/comments?post=7974"}],"version-history":[{"count":15,"href":"https:\/\/www.planbwagen.de\/es\/wp-json\/wp\/v2\/pages\/7974\/revisions"}],"predecessor-version":[{"id":9975,"href":"https:\/\/www.planbwagen.de\/es\/wp-json\/wp\/v2\/pages\/7974\/revisions\/9975"}],"wp:attachment":[{"href":"https:\/\/www.planbwagen.de\/es\/wp-json\/wp\/v2\/media?parent=7974"}],"curies":[{"name":"wp","href":"https:\/\/api.w.org\/{rel}","templated":true}]}}