{"id":4406,"date":"2020-08-25T10:04:14","date_gmt":"2020-08-25T10:04:14","guid":{"rendered":"https:\/\/planbwagen.de\/?page_id=4406"},"modified":"2020-12-04T17:19:01","modified_gmt":"2020-12-04T17:19:01","slug":"gibraltar-2","status":"publish","type":"page","link":"https:\/\/www.planbwagen.de\/es\/gibraltar-2\/","title":{"rendered":"Gibraltar"},"content":{"rendered":"<p>[et_pb_section fb_built=&#8220;1&#8243; fullwidth=&#8220;on&#8220; admin_label=&#8220;Header&#8220; _builder_version=&#8220;4.5.1&#8243; background_enable_color=&#8220;off&#8220; background_image=&#8220;https:\/\/planbwagen.de\/wp-content\/uploads\/2020\/08\/image-2.jpg&#8220; custom_padding=&#8220;0px|0|0px|0px|false|false&#8220; locked=&#8220;off&#8220;][et_pb_fullwidth_header title=&#8220;Gibraltar&#8220; text_orientation=&#8220;right&#8220; header_fullscreen=&#8220;on&#8220; background_overlay_color=&#8220;rgba(0,0,0,0)&#8220; logo_image_url=&#8220;https:\/\/planbwagen.de\/wp-content\/uploads\/2020\/08\/Gibraltar-Berber-monkey-Camouflagee.png&#8220; _builder_version=&#8220;4.5.1&#8243; title_font=&#8220;DCC Ash|700|||||||&#8220; title_text_align=&#8220;center&#8220; title_font_size=&#8220;80px&#8220; title_line_height=&#8220;1.1em&#8220; content_font=&#8220;Montserrat||||||||&#8220; content_line_height=&#8220;2em&#8220; subhead_font=&#8220;Ash||||||||&#8220; subhead_text_align=&#8220;center&#8220; subhead_font_size=&#8220;40px&#8220; subhead_line_height=&#8220;2em&#8220; background_enable_color=&#8220;off&#8220; background_enable_image=&#8220;off&#8220; parallax=&#8220;on&#8220; parallax_method=&#8220;on&#8220; custom_button_one=&#8220;on&#8220; button_one_text_size=&#8220;17px&#8220; button_one_text_color=&#8220;#ffffff&#8220; button_one_bg_color=&#8220;#ff6b5a&#8220; button_one_border_width=&#8220;7px&#8220; button_one_border_color=&#8220;#ff6b5a&#8220; button_one_border_radius=&#8220;100px&#8220; button_one_font=&#8220;Noto Sans|700||on|||||&#8220; button_one_use_icon=&#8220;off&#8220; module_alignment=&#8220;center&#8220; custom_margin=&#8220;|||&#8220; custom_padding=&#8220;0px||0px||true|&#8220; custom_padding_tablet=&#8220;100px|||&#8220; custom_padding_phone=&#8220;||20%||false|false&#8220; custom_padding_last_edited=&#8220;on|phone&#8220; animation_style=&#8220;slide&#8220; animation_direction=&#8220;top&#8220; title_font_size_tablet=&#8220;40px&#8220; title_font_size_phone=&#8220;&#8220; title_font_size_last_edited=&#8220;on|tablet&#8220; subhead_font_size_tablet=&#8220;&#8220; subhead_font_size_phone=&#8220;20px&#8220; subhead_font_size_last_edited=&#8220;on|desktop&#8220; subhead_line_height_tablet=&#8220;&#8220; subhead_line_height_phone=&#8220;1.5em&#8220; subhead_line_height_last_edited=&#8220;on|phone&#8220; title_text_shadow_style=&#8220;preset2&#8243; subhead_text_shadow_style=&#8220;preset2&#8243; border_color_all_image=&#8220;#000000&#8243; button_one_text_color_hover=&#8220;#ffffff&#8220; button_one_border_color_hover=&#8220;#ff9e59&#8243; button_one_border_radius_hover=&#8220;100px&#8220; button_one_bg_color_hover=&#8220;#ff9e59&#8243; button_one_text_size__hover_enabled=&#8220;off&#8220; button_two_text_size__hover_enabled=&#8220;off&#8220; button_one_text_color__hover_enabled=&#8220;on&#8220; button_one_text_color__hover=&#8220;#ffffff&#8220; button_two_text_color__hover_enabled=&#8220;off&#8220; button_one_border_width__hover_enabled=&#8220;off&#8220; button_two_border_width__hover_enabled=&#8220;off&#8220; button_one_border_color__hover_enabled=&#8220;on&#8220; button_one_border_color__hover=&#8220;#ff9e59&#8243; button_two_border_color__hover_enabled=&#8220;off&#8220; button_one_border_radius__hover_enabled=&#8220;on&#8220; button_one_border_radius__hover=&#8220;100px&#8220; button_two_border_radius__hover_enabled=&#8220;off&#8220; button_one_letter_spacing__hover_enabled=&#8220;off&#8220; button_two_letter_spacing__hover_enabled=&#8220;off&#8220; button_one_bg_color__hover_enabled=&#8220;on&#8220; button_one_bg_color__hover=&#8220;#ff9e59&#8243; button_two_bg_color__hover_enabled=&#8220;off&#8220;][\/et_pb_fullwidth_header][\/et_pb_section][et_pb_section fb_built=&#8220;1&#8243; admin_label=&#8220;Tour CTA &#038; Information Section&#8220; _builder_version=&#8220;4.5.1&#8243; background_color=&#8220;#949292&#8243; custom_padding=&#8220;100px|0px|54px|0px|false|false&#8220;][et_pb_row _builder_version=&#8220;4.5.1&#8243; _module_preset=&#8220;default&#8220; animation_style=&#8220;slide&#8220; animation_direction=&#8220;top&#8220;][et_pb_column type=&#8220;4_4&#8243; _builder_version=&#8220;4.5.1&#8243; _module_preset=&#8220;default&#8220;][et_pb_blog fullwidth=&#8220;off&#8220; posts_number=&#8220;1000&#8243; include_categories=&#8220;23&#8243; masonry_tile_background_color=&#8220;#273037&#8243; _builder_version=&#8220;4.5.1&#8243; _module_preset=&#8220;default&#8220; header_font=&#8220;Montserrat|700|||||||&#8220; header_text_align=&#8220;center&#8220; header_text_color=&#8220;#ffffff&#8220; header_font_size=&#8220;24px&#8220; header_line_height=&#8220;1.5em&#8220; body_font=&#8220;Montserrat||||||||&#8220; body_text_align=&#8220;center&#8220; body_text_color=&#8220;#ffffff&#8220; body_font_size=&#8220;17px&#8220; body_line_height=&#8220;1.9em&#8220; meta_font=&#8220;Montserrat|700|||||||&#8220; meta_text_align=&#8220;center&#8220; meta_text_color=&#8220;#949292&#8243; read_more_font=&#8220;Montserrat||||||||&#8220; pagination_font=&#8220;Montserrat||||||||&#8220; transform_scale=&#8220;97%|97%&#8220; text_orientation=&#8220;center&#8220; border_radii=&#8220;on|7px|7px|7px|7px&#8220; border_width_all=&#8220;0px&#8220; box_shadow_style=&#8220;preset1&#8243;][\/et_pb_blog][\/et_pb_column][\/et_pb_row][et_pb_row _builder_version=&#8220;4.5.1&#8243; _module_preset=&#8220;default&#8220;][et_pb_column type=&#8220;4_4&#8243; _builder_version=&#8220;4.5.1&#8243; _module_preset=&#8220;default&#8220;][et_pb_divider color=&#8220;#ffffff&#8220; _builder_version=&#8220;4.5.1&#8243; _module_preset=&#8220;default&#8220; min_height=&#8220;140px&#8220;][\/et_pb_divider][et_pb_text _builder_version=&#8220;4.5.1&#8243; _module_preset=&#8220;default&#8220; text_text_color=&#8220;#ffffff&#8220; header_text_color=&#8220;#ffffff&#8220; header_2_text_color=&#8220;#ffffff&#8220; header_3_text_color=&#8220;#ffffff&#8220;]<\/p>\n<h1>La incre\u00edble pen\u00ednsula de Gibraltar<\/h1>\n<p>&nbsp;<\/p>\n<p>En nuestro viaje por Espa\u00f1a, llegamos por fin a Gibraltar, el punto m\u00e1s meridional de la Pen\u00ednsula Ib\u00e9rica. Como muchos turistas, en esta ruta tomamos como destino muchos lugares de inter\u00e9s. Algunos ya saben que Gibraltar es un territorio brit\u00e1nico de ultramar. Por eso hay una cabina telef\u00f3nica roja al otro lado de la frontera, por ejemplo. Tambi\u00e9n por eso podemos pagar aqu\u00ed no s\u00f3lo con el euro, sino tambi\u00e9n con la libra esterlina. As\u00ed que ll\u00e9vese las libras de sus \u00faltimas vacaciones brit\u00e1nicas.<\/p>\n<p>&nbsp;<\/p>\n<h2>Los mejores monumentos de Gibraltar<\/h2>\n<p>Sin duda, merece la pena consultar las rese\u00f1as de algunos lugares de inter\u00e9s de antemano. Dependiendo de lo que m\u00e1s te apetezca hacer.<\/p>\n<p>Una de mis principales atracciones personales es, por supuesto, el Pe\u00f1\u00f3n Mono de Gibraltar, tambi\u00e9n llamado \"Gibraltar la roca\". En nuestro viaje por este lugar tan especial, pudimos disfrutar de la asombrosa flora y fauna. En la reserva natural \"The upper rock\" y por todo Gibraltar se encuentran los famosos macacos de Berber\u00eda. Este es el \u00fanico lugar de Europa donde se pueden encontrar macacos de Berber\u00eda. Estos inteligentes animales fueron asentados aqu\u00ed por los humanos en su momento y son una verdadera atracci\u00f3n. No obstante, hay que tener cuidado con ellos, ya que a los animales les gusta servirse de las pertenencias de los turistas.<\/p>\n<p>Puede reservar excursiones y planificar otras actividades en Gibraltar, como escalar el Pe\u00f1\u00f3n de Gibraltar. S\u00f3lo la vista desde la cima del pe\u00f1\u00f3n merece inmensamente la pena. Si ha estado alguna vez aqu\u00ed arriba, disfrutar\u00e1 de una vista que se extiende hasta \u00c1frica, si el tiempo lo permite. Aunque estas dos masas de tierra s\u00f3lo est\u00e1n separadas por 15 km, la sensaci\u00f3n es realmente conmovedora. Aqu\u00ed, donde Andaluc\u00eda y el Norte de \u00c1frica se miran, nuestro mundo se siente grande y muy peque\u00f1o al mismo tiempo. Cualquiera que haya visitado \"Gibraltar, la roca\" o haya contratado una de las muchas excursiones sabe que una vista r\u00e1pida no es suficiente. Lo mejor es dedicar uno o dos d\u00edas a este incre\u00edble lugar.<\/p>\n<p>&nbsp;<\/p>\n<h2>Estrecho de Gibraltar<\/h2>\n<p>El Estrecho de Gibraltar es el estrecho entre Andaluc\u00eda o Espa\u00f1a y \u00c1frica. Sus rutas son de las m\u00e1s transitadas del mundo, con hasta 300 barcos mercantes al d\u00eda. Torgit y yo tambi\u00e9n pudimos contemplarlos en Gibraltar. Tambi\u00e9n se dice que de vez en cuando se ven delfines. Desgraciadamente, aqu\u00ed no pudimos contemplarlos. Lo que hace que este lugar sea a\u00fan m\u00e1s especial es que aqu\u00ed confluyen el Mediterr\u00e1neo y el Atl\u00e1ntico. La corriente fluye hacia el Este, ya que el Mediterr\u00e1neo es m\u00e1s bajo que el Atl\u00e1ntico. El tiempo en Gibraltar viene determinado por el Levante y el Poniente.<\/p>\n<p>Esta es tambi\u00e9n la raz\u00f3n por la que el clima es muy suave durante todo el a\u00f1o y nos sentimos muy c\u00f3modos aqu\u00ed incluso en enero. Los datos de la carta clim\u00e1tica de Gibraltar tambi\u00e9n lo demuestran, porque all\u00ed se puede ver que las temperaturas nunca suelen bajar de los 15 grados durante el d\u00eda, mientras que por la noche nunca hay menos de 5 grados. Justo antes de la frontera con Espa\u00f1a se encuentra el aeropuerto propio de Gibraltar. Lo que lo hace especial es que la pista cruza la avenida Winston Churchill, la \u00fanica carretera de acceso a Gibraltar. Aqu\u00ed es donde vuelan la mayor\u00eda de los aviones con destino al Reino Unido, con la excepci\u00f3n de Casablanca, en Marruecos.<\/p>\n<p>Si quiere orientarse en Gibraltar, deber\u00eda conseguir un mapa o simplemente utilizar Google Maps. As\u00ed podr\u00e1 saber f\u00e1cilmente d\u00f3nde se encuentran los restaurantes o las gasolineras. Le recomendamos repostar aqu\u00ed, ya que los precios son mucho mejores que en Espa\u00f1a. Tambi\u00e9n es una buena manera de informarse sobre el tr\u00e1fico y d\u00f3nde hay hoteles a precios razonables. Torgit y yo no solemos necesitar este lujo, ya que podemos dormir en cualquier sitio con nuestra SpaceCamper.<\/p>\n<p>&nbsp;<\/p>\n<p style=\"text-align: center;\">Moverse, respirar, volar, flotar,<br \/> Ganar todo mientras das,<br \/> Recorrer los caminos de tierras remotas,<br \/> Viajar es vivir.<\/p>\n<p style=\"text-align: center;\">-Hans Christian Andersen<\/p>\n<p>[\/et_pb_text][\/et_pb_column][\/et_pb_row][\/et_pb_section]<\/p>","protected":false},"excerpt":{"rendered":"<p>[et_pb_section fb_built=&#8220;1&#8243; fullwidth=&#8220;on&#8220; admin_label=&#8220;Header&#8220; _builder_version=&#8220;4.5.1&#8243; background_enable_color=&#8220;off&#8220; background_image=&#8220;https:\/\/planbwagen.de\/wp-content\/uploads\/2020\/08\/image-2.jpg&#8220; custom_padding=&#8220;0px|0|0px|0px|false|false&#8220; locked=&#8220;off&#8220;][et_pb_fullwidth_header title=&#8220;Gibraltar&#8220; text_orientation=&#8220;right&#8220; header_fullscreen=&#8220;on&#8220; background_overlay_color=&#8220;rgba(0,0,0,0)&#8220; logo_image_url=&#8220;https:\/\/planbwagen.de\/wp-content\/uploads\/2020\/08\/Gibraltar-Berber-monkey-Camouflagee.png&#8220; _builder_version=&#8220;4.5.1&#8243; title_font=&#8220;DCC Ash|700|||||||&#8220; title_text_align=&#8220;center&#8220; title_font_size=&#8220;80px&#8220; title_line_height=&#8220;1.1em&#8220; content_font=&#8220;Montserrat||||||||&#8220; content_line_height=&#8220;2em&#8220; subhead_font=&#8220;Ash||||||||&#8220; subhead_text_align=&#8220;center&#8220; subhead_font_size=&#8220;40px&#8220; subhead_line_height=&#8220;2em&#8220; background_enable_color=&#8220;off&#8220; background_enable_image=&#8220;off&#8220; parallax=&#8220;on&#8220; parallax_method=&#8220;on&#8220; custom_button_one=&#8220;on&#8220; button_one_text_size=&#8220;17px&#8220; button_one_text_color=&#8220;#ffffff&#8220; button_one_bg_color=&#8220;#ff6b5a&#8220; button_one_border_width=&#8220;7px&#8220; button_one_border_color=&#8220;#ff6b5a&#8220; button_one_border_radius=&#8220;100px&#8220; button_one_font=&#8220;Noto Sans|700||on|||||&#8220; button_one_use_icon=&#8220;off&#8220; module_alignment=&#8220;center&#8220; custom_margin=&#8220;|||&#8220; custom_padding=&#8220;0px||0px||true|&#8220; custom_padding_tablet=&#8220;100px|||&#8220; custom_padding_phone=&#8220;||20%||false|false&#8220; custom_padding_last_edited=&#8220;on|phone&#8220; animation_style=&#8220;slide&#8220; animation_direction=&#8220;top&#8220; title_font_size_tablet=&#8220;40px&#8220; title_font_size_phone=&#8220;&#8220; title_font_size_last_edited=&#8220;on|tablet&#8220; subhead_font_size_tablet=&#8220;&#8220; subhead_font_size_phone=&#8220;20px&#8220; subhead_font_size_last_edited=&#8220;on|desktop&#8220; subhead_line_height_tablet=&#8220;&#8220; [&hellip;]<\/p>","protected":false},"author":1,"featured_media":0,"parent":0,"menu_order":0,"comment_status":"closed","ping_status":"closed","template":"","meta":{"_et_pb_use_builder":"on","_et_pb_old_content":"","_et_gb_content_width":"","footnotes":""},"class_list":["post-4406","page","type-page","status-publish","hentry"],"_links":{"self":[{"href":"https:\/\/www.planbwagen.de\/es\/wp-json\/wp\/v2\/pages\/4406","targetHints":{"allow":["GET"]}}],"collection":[{"href":"https:\/\/www.planbwagen.de\/es\/wp-json\/wp\/v2\/pages"}],"about":[{"href":"https:\/\/www.planbwagen.de\/es\/wp-json\/wp\/v2\/types\/page"}],"author":[{"embeddable":true,"href":"https:\/\/www.planbwagen.de\/es\/wp-json\/wp\/v2\/users\/1"}],"replies":[{"embeddable":true,"href":"https:\/\/www.planbwagen.de\/es\/wp-json\/wp\/v2\/comments?post=4406"}],"version-history":[{"count":15,"href":"https:\/\/www.planbwagen.de\/es\/wp-json\/wp\/v2\/pages\/4406\/revisions"}],"predecessor-version":[{"id":10058,"href":"https:\/\/www.planbwagen.de\/es\/wp-json\/wp\/v2\/pages\/4406\/revisions\/10058"}],"wp:attachment":[{"href":"https:\/\/www.planbwagen.de\/es\/wp-json\/wp\/v2\/media?parent=4406"}],"curies":[{"name":"wp","href":"https:\/\/api.w.org\/{rel}","templated":true}]}}