{"id":3157,"date":"2020-08-12T11:40:41","date_gmt":"2020-08-12T11:40:41","guid":{"rendered":"https:\/\/planbwagen.de\/?page_id=3157"},"modified":"2023-04-14T09:52:03","modified_gmt":"2023-04-14T07:52:03","slug":"datenschutzerklaerung","status":"publish","type":"page","link":"https:\/\/www.planbwagen.de\/es\/declaracion-de-proteccion-de-datos\/","title":{"rendered":"Pol\u00edtica de privacidad"},"content":{"rendered":"<h2 class=\"wp-block-heading\">1. la protecci\u00f3n de datos de un vistazo<\/h2>\r\n\r\n\r\n\r\n<h3 class=\"wp-block-heading\">Notas generales<\/h3>\r\n\r\n\r\n\r\n<p>La siguiente informaci\u00f3n ofrece una visi\u00f3n general de lo que ocurre con sus datos personales cuando visita nuestro sitio web. Por datos personales se entiende cualquier dato que permita identificarle personalmente. Si desea informaci\u00f3n detallada sobre el tema de la protecci\u00f3n de datos, consulte nuestra pol\u00edtica de privacidad que figura debajo de este texto.<\/p>\r\n\r\n\r\n\r\n<h3 class=\"wp-block-heading\">Recogida de datos en nuestro sitio web<\/h3>\r\n\r\n\r\n\r\n<p><strong>\u00bfQui\u00e9n es responsable de la recogida de datos en este sitio web?<\/strong><\/p>\r\n\r\n\r\n\r\n<p>El tratamiento de datos en este sitio web corre a cargo del operador del sitio web. Encontrar\u00e1 sus datos de contacto en el pie de imprenta de este sitio web.<\/p>\r\n\r\n\r\n\r\n<p><strong>\u00bfC\u00f3mo recogemos sus datos?<\/strong><\/p>\r\n\r\n\r\n\r\n<p>Por una parte, sus datos se recogen cuando usted nos los facilita.<\/p>\r\n\r\n\r\n\r\n<p>Nuestros sistemas inform\u00e1ticos recogen autom\u00e1ticamente otros datos cuando usted visita el sitio web. Se trata principalmente de datos t\u00e9cnicos (por ejemplo, navegador de Internet, sistema operativo o tiempo de visualizaci\u00f3n de la p\u00e1gina). Estos datos se recogen autom\u00e1ticamente en cuanto usted entra en nuestro sitio web.<\/p>\r\n\r\n\r\n\r\n<p><strong>\u00bfPara qu\u00e9 utilizamos sus datos?<\/strong><\/p>\r\n\r\n\r\n\r\n<p>Parte de los datos se recogen para garantizar un funcionamiento sin errores del sitio web. Otros datos pueden utilizarse para analizar su comportamiento como usuario.<\/p>\r\n\r\n\r\n\r\n<p><strong>\u00bfQu\u00e9 derechos tiene en relaci\u00f3n con sus datos?<\/strong><\/p>\r\n\r\n\r\n\r\n<p>Tiene derecho a recibir informaci\u00f3n gratuita en cualquier momento sobre el origen, el destinatario y la finalidad de sus datos personales almacenados. Tambi\u00e9n tiene derecho a solicitar la correcci\u00f3n, el bloqueo o la supresi\u00f3n de estos datos. Puede ponerse en contacto con nosotros en cualquier momento en la direcci\u00f3n indicada en el pie de imprenta para este fin y para otras cuestiones sobre el tema de la protecci\u00f3n de datos. Adem\u00e1s, tiene derecho a presentar una reclamaci\u00f3n ante la autoridad de control competente.<\/p>\r\n\r\n\r\n\r\n<h3 class=\"wp-block-heading\">Herramientas y herramientas de an\u00e1lisis de terceros<\/h3>\r\n\r\n\r\n\r\n<p>Al visitar nuestro sitio web, su comportamiento de navegaci\u00f3n puede ser evaluado estad\u00edsticamente. Esto se hace principalmente con cookies y los llamados programas de an\u00e1lisis. El an\u00e1lisis de su comportamiento de navegaci\u00f3n suele ser an\u00f3nimo; el comportamiento de navegaci\u00f3n no puede ser rastreado hasta usted. Puede oponerse a este an\u00e1lisis o impedirlo no utilizando determinadas herramientas. Encontrar\u00e1 informaci\u00f3n detallada al respecto en la siguiente declaraci\u00f3n de protecci\u00f3n de datos.<\/p>\r\n\r\n\r\n\r\n<p>Puede oponerse a este an\u00e1lisis. Le informaremos sobre las opciones de objeci\u00f3n en esta declaraci\u00f3n de protecci\u00f3n de datos.<\/p>\r\n\r\n\r\n\r\n<h2 class=\"wp-block-heading\">2 Notas generales e informaci\u00f3n obligatoria<\/h2>\r\n\r\n\r\n\r\n<h3 class=\"wp-block-heading\">Protecci\u00f3n de datos<\/h3>\r\n\r\n\r\n\r\n<p>Los operadores de estas p\u00e1ginas se toman muy en serio la protecci\u00f3n de sus datos personales. Tratamos sus datos personales de forma confidencial y de conformidad con las disposiciones legales sobre protecci\u00f3n de datos y la presente declaraci\u00f3n de protecci\u00f3n de datos.<\/p>\r\n\r\n\r\n\r\n<p>Cuando usted utiliza este sitio web, se recogen diversos datos personales. Los datos personales son datos que pueden utilizarse para identificarle personalmente. Esta pol\u00edtica de privacidad explica qu\u00e9 datos recogemos y para qu\u00e9 los utilizamos. Tambi\u00e9n explica c\u00f3mo y con qu\u00e9 fin lo hacemos.<\/p>\r\n\r\n\r\n\r\n<p>Queremos se\u00f1alar que la transmisi\u00f3n de datos en Internet (por ejemplo, la comunicaci\u00f3n por correo electr\u00f3nico) puede presentar lagunas de seguridad. No es posible una protecci\u00f3n completa de los datos contra el acceso de terceros.<\/p>\r\n\r\n\r\n\r\n<h3 class=\"wp-block-heading\">Nota sobre el organismo responsable<\/h3>\r\n\r\n\r\n\r\n<p>El responsable del tratamiento de datos de este sitio web es:<\/p>\r\n\r\n\r\n\r\n<p><br \/>Marc H\u00e4usgen<br \/>Jagowstra\u00dfe 4<br \/>10555 Berl\u00edn<br \/><br \/>Tel\u00e9fono: +49 (173) 20 20 810<br \/>Correo electr\u00f3nico: marc@haeusgen.net<\/p>\r\n\r\n\r\n\r\n<p>El responsable del tratamiento es la persona f\u00edsica o jur\u00eddica que, sola o conjuntamente con otras, determina los fines y medios del tratamiento de datos personales (por ejemplo, nombres, direcciones de correo electr\u00f3nico o similares).<\/p>\r\n\r\n\r\n\r\n<h3 class=\"wp-block-heading\">Revocaci\u00f3n de su consentimiento para el tratamiento de datos<\/h3>\r\n\r\n\r\n\r\n<p>Muchas operaciones de tratamiento de datos s\u00f3lo son posibles con su consentimiento expreso. Puede revocar el consentimiento que ya ha dado en cualquier momento. Para ello, basta con que nos lo comunique de manera informal por correo electr\u00f3nico. La legalidad del tratamiento de datos efectuado hasta la revocaci\u00f3n no se ver\u00e1 afectada por \u00e9sta.<\/p>\r\n\r\n\r\n\r\n<h3 class=\"wp-block-heading\">Derecho de recurso ante la autoridad de control competente<\/h3>\r\n\r\n\r\n\r\n<p>En caso de infracci\u00f3n de la ley de protecci\u00f3n de datos, el interesado tiene derecho a presentar una reclamaci\u00f3n ante la autoridad de control competente. La autoridad de control competente en materia de protecci\u00f3n de datos es el comisario de protecci\u00f3n de datos del Estado federado en el que tiene su sede nuestra empresa. En el siguiente enlace encontrar\u00e1 una lista de los responsables de la protecci\u00f3n de datos y sus datos de contacto: <a href=\"https:\/\/www.bfdi.bund.de\/DE\/Infothek\/Anschriften_Links\/anschriften_links-node.html\" target=\"_blank\" rel=\"noreferrer noopener\">https:\/\/www.bfdi.bund.de\/DE\/Infothek\/Anschriften_Links\/anschriften_links-node.html<\/a>.<\/p>\r\n\r\n\r\n\r\n<h3 class=\"wp-block-heading\">Derecho a la portabilidad de los datos<\/h3>\r\n\r\n\r\n\r\n<p>Usted tiene derecho a que los datos que tratamos autom\u00e1ticamente sobre la base de su consentimiento o en cumplimiento de un contrato le sean entregados a usted o a un tercero en un formato com\u00fan legible por m\u00e1quina. Si solicita la transferencia directa de los datos a otro responsable del tratamiento, s\u00f3lo se har\u00e1 en la medida en que sea t\u00e9cnicamente viable.<\/p>\r\n\r\n\r\n\r\n<h3 class=\"wp-block-heading\">Cifrado SSL o TLS<\/h3>\r\n\r\n\r\n\r\n<p>Por razones de seguridad y para proteger la transmisi\u00f3n de contenidos confidenciales, como pedidos o consultas que nos env\u00ede como operador del sitio, este sitio utiliza cifrado SSL o TLS. Puede reconocer una conexi\u00f3n cifrada por el hecho de que la l\u00ednea de direcci\u00f3n del navegador cambia de \"http:\/\/\" a \"https:\/\/\" y por el s\u00edmbolo del candado en la l\u00ednea de su navegador.<\/p>\r\n\r\n\r\n\r\n<p>Si el cifrado SSL o TLS est\u00e1 activado, los datos que nos transmita no podr\u00e1n ser le\u00eddos por terceros.<\/p>\r\n\r\n\r\n\r\n<h3 class=\"wp-block-heading\">Informaci\u00f3n, bloqueo, supresi\u00f3n<\/h3>\r\n\r\n\r\n\r\n<p>En el marco de las disposiciones legales aplicables, usted tiene derecho en todo momento a la libre informaci\u00f3n sobre sus datos personales almacenados, su origen y destinatario y la finalidad del tratamiento de datos y, en su caso, derecho a la rectificaci\u00f3n, bloqueo o supresi\u00f3n de estos datos. Con este fin, as\u00ed como para otras cuestiones sobre el tema de los datos personales, puede ponerse en contacto con nosotros en cualquier momento en la direcci\u00f3n indicada en el pie de imprenta.<\/p>\r\n\r\n\r\n\r\n<h3 class=\"wp-block-heading\">Objeci\u00f3n a los correos electr\u00f3nicos publicitarios<\/h3>\r\n\r\n\r\n\r\n<p>Queda prohibido el uso de los datos de contacto publicados en el marco de la obligaci\u00f3n de pie de imprenta para el env\u00edo de material publicitario e informativo que no haya sido expresamente solicitado. Los operadores de las p\u00e1ginas se reservan expresamente el derecho a emprender acciones legales en caso de env\u00edo no solicitado de informaci\u00f3n publicitaria, como correos electr\u00f3nicos basura.<\/p>\r\n\r\n\r\n\r\n<h2 class=\"wp-block-heading\">3. recogida de datos en nuestro sitio web<\/h2>\r\n\r\n\r\n\r\n<h3 class=\"wp-block-heading\">Cookies<\/h3>\r\n\r\n\r\n\r\n<p>Algunas de las p\u00e1ginas de Internet utilizan las denominadas cookies. Las cookies no causan ning\u00fan da\u00f1o a su ordenador y no contienen virus. Las cookies sirven para hacer nuestra oferta m\u00e1s f\u00e1cil de usar, eficaz y segura. Las cookies son peque\u00f1os archivos de texto que se almacenan en su ordenador y que guarda su navegador.<\/p>\r\n\r\n\r\n\r\n<p>La mayor\u00eda de las cookies que utilizamos son las denominadas \"cookies de sesi\u00f3n\". Se eliminan autom\u00e1ticamente al final de su visita. Otras cookies permanecen almacenadas en su dispositivo terminal hasta que usted las borra. Estas cookies nos permiten reconocer su navegador en su pr\u00f3xima visita.<\/p>\r\n\r\n\r\n\r\n<p>Puede configurar su navegador para que le informe sobre la instalaci\u00f3n de cookies y permitirlas s\u00f3lo en casos individuales, excluir la aceptaci\u00f3n de cookies para determinados casos o en general y activar la eliminaci\u00f3n autom\u00e1tica de cookies al cerrar el navegador. Si desactiva las cookies, la funcionalidad de este sitio web puede verse limitada.<\/p>\r\n\r\n\r\n\r\n<p>Las cookies que son necesarias para llevar a cabo el proceso de comunicaci\u00f3n electr\u00f3nica o para proporcionar ciertas funciones que usted ha solicitado (por ejemplo, la funci\u00f3n de carrito de la compra) se almacenan sobre la base del art. 6 (1) lit. f DSGVO. El operador del sitio web tiene un inter\u00e9s leg\u00edtimo en almacenar cookies para la prestaci\u00f3n t\u00e9cnicamente libre de errores y optimizada de sus servicios. En la medida en que se almacenen otras cookies (por ejemplo, cookies para analizar su comportamiento de navegaci\u00f3n), \u00e9stas se tratan por separado en esta declaraci\u00f3n de protecci\u00f3n de datos.<\/p>\r\n\r\n\r\n\r\n<h3 class=\"wp-block-heading\">Archivos de registro del servidor<\/h3>\r\n\r\n\r\n\r\n<p>El proveedor de las p\u00e1ginas recoge y almacena autom\u00e1ticamente informaci\u00f3n en los denominados archivos de registro del servidor, que su navegador nos transmite autom\u00e1ticamente. \u00c9stos son:<\/p>\r\n\r\n\r\n\r\n<ul class=\"wp-block-list\">\r\n<li>Tipo y versi\u00f3n del navegador<\/li>\r\n<li>Sistema operativo utilizado<\/li>\r\n<li>URL de referencia<\/li>\r\n<li>Nombre de host del ordenador de acceso<\/li>\r\n<li>Hora de la solicitud al servidor<\/li>\r\n<li>Direcci\u00f3n IP<\/li>\r\n<\/ul>\r\n\r\n\r\n\r\n<p>Estos datos no se fusionan con otras fuentes de datos.<\/p>\r\n\r\n\r\n\r\n<p>La base para el tratamiento de datos es el art. 6 p\u00e1rr. 1 lit. f DSGVO, que permite el tratamiento de datos para el cumplimiento de un contrato o de medidas precontractuales.<\/p>\r\n\r\n\r\n\r\n<h3 class=\"wp-block-heading\">Formulario de contacto<\/h3>\r\n\r\n\r\n\r\n<p>Si nos env\u00eda consultas a trav\u00e9s del formulario de contacto, sus datos del formulario de consulta, incluidos los datos de contacto que nos facilite en \u00e9l, ser\u00e1n almacenados por nosotros con el fin de tramitar la consulta y en caso de preguntas de seguimiento. No transmitimos estos datos sin su consentimiento. Por tanto, el tratamiento de los datos introducidos en el formulario de contacto se basa exclusivamente en su consentimiento (art. 6, apdo. 1 lit. a DSGVO). Puede revocar este consentimiento en cualquier momento. Para ello, basta con que nos lo comunique por correo electr\u00f3nico. La legalidad de las operaciones de tratamiento de datos realizadas hasta la revocaci\u00f3n no se ver\u00e1 afectada por \u00e9sta. Los datos que haya introducido en el formulario de contacto permanecer\u00e1n con nosotros hasta que nos solicite que los eliminemos, revoque su consentimiento para almacenarlos o deje de aplicarse el prop\u00f3sito para el que fueron almacenados (por ejemplo, despu\u00e9s de que hayamos terminado de procesar su consulta). Las disposiciones legales obligatorias, en particular los periodos de conservaci\u00f3n, no se ver\u00e1n afectadas.<\/p>\r\n\r\n\r\n\r\n<h2 class=\"wp-block-heading\">4. plugins y herramientas<\/h2>\r\n\r\n\r\n\r\n<h3 class=\"wp-block-heading\">Fuentes web de Google<\/h3>\r\n\r\n\r\n\r\n<p>Este sitio utiliza las llamadas fuentes web proporcionadas por Google para la visualizaci\u00f3n uniforme de las fuentes. Al abrir una p\u00e1gina, su navegador carga las fuentes web necesarias en la memoria cach\u00e9 del navegador para mostrar los textos y las fuentes correctamente.<\/p>\r\n\r\n\r\n\r\n<p>Para ello, el navegador que utilice debe conectarse a los servidores de Google. Esto permite a Google saber que se ha accedido a nuestro sitio web a trav\u00e9s de su direcci\u00f3n IP. Google Web Fonts se utilizan en inter\u00e9s de una presentaci\u00f3n uniforme y atractiva de nuestras ofertas en l\u00ednea. Esto representa un inter\u00e9s leg\u00edtimo en el sentido del art. 6 (1) lit. f DSGVO.<\/p>\r\n\r\n\r\n\r\n<p>Si su navegador no admite fuentes web, su ordenador utilizar\u00e1 una fuente est\u00e1ndar.<\/p>\r\n\r\n\r\n\r\n<p>Encontrar\u00e1 m\u00e1s informaci\u00f3n sobre Google Web Fonts en <a href=\"https:\/\/developers.google.com\/fonts\/faq\" target=\"_blank\" rel=\"noreferrer noopener\">https:\/\/developers.google.com\/fonts\/faq<\/a> y en la pol\u00edtica de privacidad de Google: <a href=\"https:\/\/www.google.com\/policies\/privacy\/\" target=\"_blank\" rel=\"noreferrer noopener\">https:\/\/www.google.com\/policies\/privacy\/<\/a>.<\/p>\r\n\r\n\r\n\r\n<h2 class=\"wp-block-heading\">Informaci\u00f3n sobre el tratamiento de datos en relaci\u00f3n con Google Analytics<\/h2>\r\n\r\n\r\n\r\n<p>Diese Website benutzt Google Analytics, einen Webanalysedienst der Google Ireland Limited. Wenn der Verantwortlicher f\u00fcr die Datenverarbeitung auf dieser Website au\u00dferhalb des Europ\u00e4ischen Wirtschaftsraumes oder der Schweiz sitzt, dann erfolgt die Google Analytics Datenverarbeitung durch Google LLC. Google LLC und Google Ireland Limited werden nachfolgend &#8222;Google&#8220; genannt.<br \/><br \/>Google Analytics verwendet sog. &#8222;Cookies&#8220;, Textdateien, die auf dem Computer des Seitenbesuchers gespeichert werden und die eine Analyse der Benutzung der Website durch den Seitenbesucher erm\u00f6glichen. Die durch das Cookie erzeugten Informationen \u00fcber die Benutzung dieser Website durch den Seitenbesucher (einschlie\u00dflich der gek\u00fcrzten IP-Adresse) werden in der Regel an einen Server von Google \u00fcbertragen und dort gespeichert.<br \/><br \/>Google Analytics wird ausschlie\u00dflich mit der Erweiterung &#8222;_anonymizeIp()&#8220; auf dieser Website verwendet. Diese Erweiterung stellt eine Anonymisierung der IP-Adresse durch K\u00fcrzung sicher und schlie\u00dft eine direkte Personenbeziehbarkeit aus. Durch die Erweiterung wird die IP-Adresse von Google innerhalb von Mitgliedstaaten der Europ\u00e4ischen Union oder in anderen Vertragsstaaten des Abkommens \u00fcber den Europ\u00e4ischen Wirtschaftsraum zuvor gek\u00fcrzt. Nur in Ausnahmef\u00e4llen wird die volle IP-Adresse an einen Server von Google in den USA \u00fcbertragen und dort gek\u00fcrzt. Die im Rahmen von Google Analytics von dem entsprechenden Browser \u00fcbermittelte IP-Adresse wird nicht mit anderen Daten von Google zusammengef\u00fchrt.<br \/><br \/>Por encargo del operador de este sitio web, Google utilizar\u00e1 la informaci\u00f3n recopilada para evaluar el uso del sitio web, elaborar informes sobre las actividades del sitio web y prestar al operador del sitio web otros servicios relacionados con el uso del sitio web y de Internet (art. 6, apdo. 1, letra f del DSGVO). El inter\u00e9s leg\u00edtimo del tratamiento de datos reside en la optimizaci\u00f3n de este sitio web, el an\u00e1lisis del uso del sitio web y la adaptaci\u00f3n de los contenidos. Los intereses de los usuarios est\u00e1n suficientemente protegidos por la seudonimizaci\u00f3n.<br \/><br \/>Google LLC. est\u00e1 certificada en virtud del denominado Escudo de la privacidad (entrada de la lista <a href=\"https:\/\/www.privacyshield.gov\/participant?id=a2zt000000001L5AAI\" target=\"_blank\" rel=\"noreferrer noopener\">aqu\u00ed<\/a>) y garantiza un nivel adecuado de protecci\u00f3n de datos sobre esta base. Los datos enviados y vinculados a cookies, ID de usuario (por ejemplo, ID de usuario) o ID de publicidad se eliminan autom\u00e1ticamente al cabo de 50 meses. La supresi\u00f3n de los datos cuyo per\u00edodo de conservaci\u00f3n se ha alcanzado tiene lugar autom\u00e1ticamente una vez al mes.<br \/><br \/>El visitante del sitio puede impedir la recopilaci\u00f3n de datos por parte de Google Analytics ajustando la configuraci\u00f3n de cookies de este sitio web. La recopilaci\u00f3n y el almacenamiento de la direcci\u00f3n IP y de los datos generados por las cookies tambi\u00e9n se puede impedir en cualquier momento con efecto para el futuro. El correspondiente complemento del navegador puede descargarse e instalarse en el siguiente enlace: <a href=\"http:\/\/tools.google.com\/dlpage\/gaoptout\" target=\"_blank\" rel=\"noreferrer noopener\">https:\/\/tools.google.com\/dlpage\/gaoptout<\/a>.<br \/><br \/>El visitante del sitio puede evitar la recopilaci\u00f3n por parte de Google Analytics en este sitio web haciendo clic en lo siguiente <a>Enlace<\/a> clics. Se instala una cookie de exclusi\u00f3n que impide la futura recogida de datos al visitar este sitio web.<br \/><br \/>Encontrar\u00e1 m\u00e1s informaci\u00f3n sobre el uso de los datos por parte de Google, as\u00ed como sobre las opciones de configuraci\u00f3n y de oposici\u00f3n, en la pol\u00edtica de privacidad de Google (<a href=\"https:\/\/policies.google.com\/privacy\" target=\"_blank\" rel=\"noreferrer noopener\">https:\/\/policies.google.com\/privacy<\/a>) y en la configuraci\u00f3n para la visualizaci\u00f3n de anuncios por parte de Google (<a href=\"https:\/\/adssettings.google.com\/authenticated\" target=\"_blank\" rel=\"noreferrer noopener\">https:\/\/adssettings.google.com\/authenticated<\/a>).<\/p>\r\n\r\n\r\n\r\n<h2 class=\"wp-block-heading\">reCAPTCHA<\/h2>\r\n\r\n\r\n\r\n<p>Para proteger sus consultas a trav\u00e9s de formularios de Internet, utilizamos el servicio reCAPTCHA de la empresa Google LLC (Google). La consulta sirve para distinguir si la entrada ha sido realizada por un ser humano o indebidamente por un procesamiento automatizado y mec\u00e1nico. La consulta incluye el env\u00edo a Google de la direcci\u00f3n IP y posiblemente otros datos requeridos por Google para el servicio reCAPTCHA. Con este fin, su entrada se transmite a Google y se utiliza posteriormente all\u00ed. No obstante, su direcci\u00f3n IP ser\u00e1 acortada previamente por Google dentro de los estados miembros de la Uni\u00f3n Europea o en otros estados contratantes del Acuerdo sobre el Espacio Econ\u00f3mico Europeo. S\u00f3lo en casos excepcionales se transmitir\u00e1 la direcci\u00f3n IP completa a un servidor de Google en EE.UU. y se acortar\u00e1 all\u00ed. En nombre del operador de este sitio web, Google utilizar\u00e1 esta informaci\u00f3n para evaluar su uso de este servicio. La direcci\u00f3n IP transmitida por su navegador como parte de reCaptcha no se fusionar\u00e1 con otros datos de Google. Para estos datos se aplican las disposiciones de protecci\u00f3n de datos divergentes de la empresa Google. Encontrar\u00e1 m\u00e1s informaci\u00f3n sobre la pol\u00edtica de privacidad de Google en: <a href=\"https:\/\/policies.google.com\/privacy?hl=de\" target=\"_blank\" rel=\"noreferrer noopener\">https:\/\/policies.google.com\/privacy?hl=de<\/a><\/p>","protected":false},"excerpt":{"rendered":"<p>1. Datenschutz auf einen Blick Allgemeine Hinweise Die folgenden Hinweise geben einen einfachen \u00dcberblick dar\u00fcber, was mit Ihren personenbezogenen Daten passiert, wenn Sie unsere Website besuchen. Personenbezogene Daten sind alle Daten, mit denen Sie pers\u00f6nlich identifiziert werden k\u00f6nnen. Ausf\u00fchrliche Informationen zum Thema Datenschutz entnehmen Sie unserer unter diesem Text aufgef\u00fchrten Datenschutzerkl\u00e4rung. Datenerfassung auf unserer Website [&hellip;]<\/p>","protected":false},"author":1,"featured_media":0,"parent":0,"menu_order":0,"comment_status":"closed","ping_status":"closed","template":"","meta":{"_et_pb_use_builder":"off","_et_pb_old_content":"","_et_gb_content_width":"","footnotes":""},"class_list":["post-3157","page","type-page","status-publish","hentry"],"_links":{"self":[{"href":"https:\/\/www.planbwagen.de\/es\/wp-json\/wp\/v2\/pages\/3157","targetHints":{"allow":["GET"]}}],"collection":[{"href":"https:\/\/www.planbwagen.de\/es\/wp-json\/wp\/v2\/pages"}],"about":[{"href":"https:\/\/www.planbwagen.de\/es\/wp-json\/wp\/v2\/types\/page"}],"author":[{"embeddable":true,"href":"https:\/\/www.planbwagen.de\/es\/wp-json\/wp\/v2\/users\/1"}],"replies":[{"embeddable":true,"href":"https:\/\/www.planbwagen.de\/es\/wp-json\/wp\/v2\/comments?post=3157"}],"version-history":[{"count":4,"href":"https:\/\/www.planbwagen.de\/es\/wp-json\/wp\/v2\/pages\/3157\/revisions"}],"predecessor-version":[{"id":15001,"href":"https:\/\/www.planbwagen.de\/es\/wp-json\/wp\/v2\/pages\/3157\/revisions\/15001"}],"wp:attachment":[{"href":"https:\/\/www.planbwagen.de\/es\/wp-json\/wp\/v2\/media?parent=3157"}],"curies":[{"name":"wp","href":"https:\/\/api.w.org\/{rel}","templated":true}]}}