{"id":2344,"date":"2020-07-30T10:32:37","date_gmt":"2020-07-30T10:32:37","guid":{"rendered":"https:\/\/planbwagen.de\/?page_id=2344"},"modified":"2021-07-10T13:37:03","modified_gmt":"2021-07-10T11:37:03","slug":"frankreich-france","status":"publish","type":"page","link":"https:\/\/www.planbwagen.de\/es\/francia-francia\/","title":{"rendered":"Francia"},"content":{"rendered":"<p>[et_pb_section fb_built=&#8220;1&#8243; fullwidth=&#8220;on&#8220; admin_label=&#8220;Header&#8220; _builder_version=&#8220;4.5.1&#8243; background_enable_color=&#8220;off&#8220; background_image=&#8220;https:\/\/planbwagen.de\/wp-content\/uploads\/2020\/08\/Frankreich-1.jpg&#8220; custom_padding=&#8220;0px|0|0px|0px|false|false&#8220; locked=&#8220;off&#8220;][et_pb_fullwidth_header title=&#8220;Frankreich&#8220; text_orientation=&#8220;right&#8220; header_fullscreen=&#8220;on&#8220; background_overlay_color=&#8220;rgba(0,0,0,0)&#8220; logo_image_url=&#8220;https:\/\/planbwagen.de\/wp-content\/uploads\/2020\/08\/Frankreich-France-Eiffel-Tower-Cadfghjmouflage.png&#8220; _builder_version=&#8220;4.5.1&#8243; title_font=&#8220;DCC Ash|700|||||||&#8220; title_text_align=&#8220;center&#8220; title_font_size=&#8220;80px&#8220; title_line_height=&#8220;1.1em&#8220; content_font=&#8220;Montserrat||||||||&#8220; content_line_height=&#8220;2em&#8220; subhead_font=&#8220;Ash||||||||&#8220; subhead_text_align=&#8220;center&#8220; subhead_font_size=&#8220;40px&#8220; subhead_line_height=&#8220;2em&#8220; background_enable_color=&#8220;off&#8220; background_enable_image=&#8220;off&#8220; parallax=&#8220;on&#8220; parallax_method=&#8220;on&#8220; custom_button_one=&#8220;on&#8220; button_one_text_size=&#8220;17px&#8220; button_one_text_color=&#8220;#ffffff&#8220; button_one_bg_color=&#8220;#ff6b5a&#8220; button_one_border_width=&#8220;7px&#8220; button_one_border_color=&#8220;#ff6b5a&#8220; button_one_border_radius=&#8220;100px&#8220; button_one_font=&#8220;Noto Sans|700||on|||||&#8220; button_one_use_icon=&#8220;off&#8220; module_alignment=&#8220;center&#8220; custom_margin=&#8220;|||&#8220; custom_padding=&#8220;0px||0px||true|&#8220; custom_padding_tablet=&#8220;100px|||&#8220; custom_padding_phone=&#8220;||20%||false|false&#8220; custom_padding_last_edited=&#8220;on|phone&#8220; animation_style=&#8220;slide&#8220; animation_direction=&#8220;top&#8220; title_font_size_tablet=&#8220;40px&#8220; title_font_size_phone=&#8220;&#8220; title_font_size_last_edited=&#8220;on|tablet&#8220; subhead_font_size_tablet=&#8220;&#8220; subhead_font_size_phone=&#8220;20px&#8220; subhead_font_size_last_edited=&#8220;on|desktop&#8220; subhead_line_height_tablet=&#8220;&#8220; subhead_line_height_phone=&#8220;1.5em&#8220; subhead_line_height_last_edited=&#8220;on|phone&#8220; title_text_shadow_style=&#8220;preset2&#8243; subhead_text_shadow_style=&#8220;preset2&#8243; button_one_text_color_hover=&#8220;#ffffff&#8220; button_one_border_color_hover=&#8220;#ff9e59&#8243; button_one_border_radius_hover=&#8220;100px&#8220; button_one_bg_color_hover=&#8220;#ff9e59&#8243; button_one_text_size__hover_enabled=&#8220;off&#8220; button_two_text_size__hover_enabled=&#8220;off&#8220; button_one_text_color__hover_enabled=&#8220;on&#8220; button_one_text_color__hover=&#8220;#ffffff&#8220; button_two_text_color__hover_enabled=&#8220;off&#8220; button_one_border_width__hover_enabled=&#8220;off&#8220; button_two_border_width__hover_enabled=&#8220;off&#8220; button_one_border_color__hover_enabled=&#8220;on&#8220; button_one_border_color__hover=&#8220;#ff9e59&#8243; button_two_border_color__hover_enabled=&#8220;off&#8220; button_one_border_radius__hover_enabled=&#8220;on&#8220; button_one_border_radius__hover=&#8220;100px&#8220; button_two_border_radius__hover_enabled=&#8220;off&#8220; button_one_letter_spacing__hover_enabled=&#8220;off&#8220; button_two_letter_spacing__hover_enabled=&#8220;off&#8220; button_one_bg_color__hover_enabled=&#8220;on&#8220; button_one_bg_color__hover=&#8220;#ff9e59&#8243; button_two_bg_color__hover_enabled=&#8220;off&#8220;][\/et_pb_fullwidth_header][\/et_pb_section][et_pb_section fb_built=&#8220;1&#8243; admin_label=&#8220;Tour CTA &#038; Information Section&#8220; _builder_version=&#8220;4.5.1&#8243; background_color=&#8220;#949292&#8243; custom_padding=&#8220;100px|0px|54px|0px|false|false&#8220;][et_pb_row _builder_version=&#8220;4.5.1&#8243; _module_preset=&#8220;default&#8220; animation_style=&#8220;slide&#8220; animation_direction=&#8220;top&#8220;][et_pb_column type=&#8220;4_4&#8243; _builder_version=&#8220;4.5.1&#8243; _module_preset=&#8220;default&#8220;][et_pb_blog fullwidth=&#8220;off&#8220; posts_number=&#8220;1000&#8243; include_categories=&#8220;10&#8243; masonry_tile_background_color=&#8220;#273037&#8243; _builder_version=&#8220;4.5.1&#8243; _module_preset=&#8220;default&#8220; header_font=&#8220;Montserrat|700|||||||&#8220; header_text_align=&#8220;center&#8220; header_text_color=&#8220;#ffffff&#8220; header_font_size=&#8220;24px&#8220; header_line_height=&#8220;1.5em&#8220; body_font=&#8220;Montserrat||||||||&#8220; body_text_align=&#8220;center&#8220; body_text_color=&#8220;#ffffff&#8220; body_font_size=&#8220;17px&#8220; body_line_height=&#8220;1.9em&#8220; meta_font=&#8220;Montserrat|700|||||||&#8220; meta_text_align=&#8220;center&#8220; meta_text_color=&#8220;#949292&#8243; read_more_font=&#8220;Montserrat||||||||&#8220; pagination_font=&#8220;Montserrat||||||||&#8220; transform_scale=&#8220;97%|97%&#8220; text_orientation=&#8220;center&#8220; border_radii=&#8220;on|7px|7px|7px|7px&#8220; border_width_all=&#8220;0px&#8220; box_shadow_style=&#8220;preset1&#8243;][\/et_pb_blog][\/et_pb_column][\/et_pb_row][et_pb_row _builder_version=&#8220;4.5.1&#8243; _module_preset=&#8220;default&#8220;][et_pb_column type=&#8220;4_4&#8243; _builder_version=&#8220;4.5.1&#8243; _module_preset=&#8220;default&#8220;][et_pb_divider color=&#8220;#ffffff&#8220; _builder_version=&#8220;4.5.1&#8243; _module_preset=&#8220;default&#8220; min_height=&#8220;140px&#8220;][\/et_pb_divider][et_pb_text _builder_version=&#8220;4.5.1&#8243; _module_preset=&#8220;default&#8220; text_text_color=&#8220;#ffffff&#8220; header_text_color=&#8220;#ffffff&#8220; header_2_text_color=&#8220;#ffffff&#8220; header_3_text_color=&#8220;#ffffff&#8220;]<\/p>\n<h1><strong>Con la autocaravana por Francia<\/strong><\/h1>\n<p><strong><\/strong><\/p>\n<h2><strong>H\u00e9ctor pone en marcha una furgoneta de camping en Francia<\/strong><\/h2>\n<p>En septiembre de 2019, estuvimos viajando por Francia con nuestro VW California \"Hector\". Exploramos el norte de Francia y el oeste de Francia en particular. En total, estuvimos en la carretera durante m\u00e1s de 3 semanas, 22 noches para ser exactos. Elegimos varios lugares y lugares de inter\u00e9s en Normand\u00eda y Breta\u00f1a como destinos de nuestro viaje.<\/p>\n<p>Recorrimos la costa y visitamos, por ejemplo, la famosa playa de Omaha, Le Mont-Saint-Michel y la ciudad portuaria de Nantes.<\/p>\n<p>Aremorica, antiguo nombre de las regiones de Normand\u00eda y Breta\u00f1a, nos entusiasm\u00f3. Pero las zonas occidentales de Francia, fuera de las dos regiones, tambi\u00e9n deparaban aventuras y nuevas experiencias. La Duna del Pilat, situada en el departamento de Gironda, me pareci\u00f3 especialmente impresionante.<\/p>\n<p>&nbsp;<\/p>\n<h2><strong>Una furgoneta de camping - Justo lo que necesit\u00e1bamos para nuestras vacaciones<\/strong><\/h2>\n<p>Una vez m\u00e1s, el viaje nos demostr\u00f3 que el mejor alojamiento para nosotros en vacaciones no es un hotel ni un piso de vacaciones, sino una casa m\u00f3vil. Con nuestra furgoneta de camping s\u00f3lo disponemos de una \"habitaci\u00f3n\", pero la independencia local del camping lo compensa. Despu\u00e9s de todo, \u00bfcon qu\u00e9 hotel o apartamento de vacaciones puede conducir directamente a lo largo de la costa y organizar su estancia de forma absolutamente individual seg\u00fan sus propios deseos? - Una autocaravana puede hacerlo f\u00e1cilmente.  Adem\u00e1s, las parcelas son variables, por lo que no hay ninguna posibilidad de aburrirse y nada se interpone en el camino de interesantes reportajes de viaje.<\/p>\n<p>Si est\u00e1s pensando en comprar una caravana, deber\u00edas echar un vistazo a la Space Camper. Matriculamos nuestra \"Butch\" en julio de este a\u00f1o. Para nosotros, es la sucesora de la VW California \"Hector\", con la que viajamos por Francia.<\/p>\n<p><strong><em>\u00a0<\/em><\/strong><\/p>\n<h2><strong>Descubrimos Normand\u00eda con nuestra autocaravana<\/strong><\/h2>\n<p><strong><\/strong><\/p>\n<h3><strong>Le Mont Saint Michel - tambi\u00e9n en Normand\u00eda: \"Peque\u00f1o pero poderoso\".<\/strong><\/h3>\n<p>Con sus 30 habitantes, uno podr\u00eda esperar uno de esos pueblos poco espectaculares que probablemente existen en cualquier parte del mundo. Pero, como descubrimos en nuestro viaje, no es as\u00ed. Al contrario, las vacaciones nos ense\u00f1aron que una estancia en \"Le Mont Saint Michel\" merece sin duda la pena. Adem\u00e1s de la parte del pueblo que est\u00e1 en tierra, hay partes que est\u00e1n en una peque\u00f1a isla rocosa, \u00a1sin duda muy especial!<\/p>\n<p><strong>\u00a0<\/strong><\/p>\n<h3><strong>Omaha Beach - Normand\u00eda como escenario de la Segunda Guerra Mundial<\/strong><\/h3>\n<p>Algunos de ustedes probablemente todav\u00eda conocen Omaha Beach de las lecciones de historia. Decidimos visitar este lugar de importancia hist\u00f3rica con nuestro autocar de camping en nuestro viaje de ida y vuelta por Francia. Aqu\u00ed es exactamente donde las tropas estadounidenses desembarcaron en Normand\u00eda el 6 de junio de 1945, el llamado D\u00eda D.  Contrariamente a los dram\u00e1ticos acontecimientos de la \u00e9poca, pasamos un d\u00eda agradable y relajado, aunque contemplativo, en la playa y pudimos disfrutar de la naturaleza.<\/p>\n<p><strong>\u00a0<\/strong><\/p>\n<h2><strong>Lo m\u00e1s destacado en el Oeste de Francia -<\/strong><\/h2>\n<h2><strong>Todo lo que necesitas para ser feliz es una autocaravana<\/strong><\/h2>\n<p><strong><\/strong><\/p>\n<h3><strong>El M\u00e9doc y la Duna del Pilat<\/strong><\/h3>\n<p>Situada en el oeste de Francia, la Dune Du Pilat es la mayor duna de arena movediza de Europa y un lugar que le hace a uno agudamente consciente del poder y la belleza de la naturaleza. Para llegar a la duna, atravesamos la regi\u00f3n de M\u00e9doc, una de las zonas vin\u00edcolas m\u00e1s famosas de Francia.  Nuestro camping estaba en las inmediaciones de la Duna Du Pilat, as\u00ed que subir a la duna por la ma\u00f1ana, una de mis actividades favoritas de todas las vacaciones de camping, fue posible sin mayores inconvenientes. En la propia duna se disfruta de una vista inolvidable. A un lado est\u00e1 el mar, al otro las copas de un bosque justo al lado de la duna.<\/p>\n<p>Una visi\u00f3n que se ha grabado a fuego en mi interior y que demuestra que quien emprende el camino hacia la felicidad tambi\u00e9n puede encontrarla. Para m\u00ed, nuestro autocar de camping es el veh\u00edculo que me lleva a muchos de los momentos m\u00e1s felices de mi vida. Es, por as\u00ed decirlo, una herramienta de entrenamiento para mi m\u00fasculo de la felicidad.<\/p>\n<p>[\/et_pb_text][\/et_pb_column][\/et_pb_row][\/et_pb_section]<\/p>","protected":false},"excerpt":{"rendered":"<p>[et_pb_section fb_built=&#8220;1&#8243; fullwidth=&#8220;on&#8220; admin_label=&#8220;Header&#8220; _builder_version=&#8220;4.5.1&#8243; background_enable_color=&#8220;off&#8220; background_image=&#8220;https:\/\/planbwagen.de\/wp-content\/uploads\/2020\/08\/Frankreich-1.jpg&#8220; custom_padding=&#8220;0px|0|0px|0px|false|false&#8220; locked=&#8220;off&#8220;][et_pb_fullwidth_header title=&#8220;Frankreich&#8220; text_orientation=&#8220;right&#8220; header_fullscreen=&#8220;on&#8220; background_overlay_color=&#8220;rgba(0,0,0,0)&#8220; logo_image_url=&#8220;https:\/\/planbwagen.de\/wp-content\/uploads\/2020\/08\/Frankreich-France-Eiffel-Tower-Cadfghjmouflage.png&#8220; _builder_version=&#8220;4.5.1&#8243; title_font=&#8220;DCC Ash|700|||||||&#8220; title_text_align=&#8220;center&#8220; title_font_size=&#8220;80px&#8220; title_line_height=&#8220;1.1em&#8220; content_font=&#8220;Montserrat||||||||&#8220; content_line_height=&#8220;2em&#8220; subhead_font=&#8220;Ash||||||||&#8220; subhead_text_align=&#8220;center&#8220; subhead_font_size=&#8220;40px&#8220; subhead_line_height=&#8220;2em&#8220; background_enable_color=&#8220;off&#8220; background_enable_image=&#8220;off&#8220; parallax=&#8220;on&#8220; parallax_method=&#8220;on&#8220; custom_button_one=&#8220;on&#8220; button_one_text_size=&#8220;17px&#8220; button_one_text_color=&#8220;#ffffff&#8220; button_one_bg_color=&#8220;#ff6b5a&#8220; button_one_border_width=&#8220;7px&#8220; button_one_border_color=&#8220;#ff6b5a&#8220; button_one_border_radius=&#8220;100px&#8220; button_one_font=&#8220;Noto Sans|700||on|||||&#8220; button_one_use_icon=&#8220;off&#8220; module_alignment=&#8220;center&#8220; custom_margin=&#8220;|||&#8220; custom_padding=&#8220;0px||0px||true|&#8220; custom_padding_tablet=&#8220;100px|||&#8220; custom_padding_phone=&#8220;||20%||false|false&#8220; custom_padding_last_edited=&#8220;on|phone&#8220; animation_style=&#8220;slide&#8220; animation_direction=&#8220;top&#8220; title_font_size_tablet=&#8220;40px&#8220; title_font_size_phone=&#8220;&#8220; title_font_size_last_edited=&#8220;on|tablet&#8220; subhead_font_size_tablet=&#8220;&#8220; subhead_font_size_phone=&#8220;20px&#8220; subhead_font_size_last_edited=&#8220;on|desktop&#8220; subhead_line_height_tablet=&#8220;&#8220; [&hellip;]<\/p>","protected":false},"author":1,"featured_media":0,"parent":0,"menu_order":0,"comment_status":"closed","ping_status":"closed","template":"","meta":{"_et_pb_use_builder":"on","_et_pb_old_content":"","_et_gb_content_width":"","footnotes":""},"class_list":["post-2344","page","type-page","status-publish","hentry"],"_links":{"self":[{"href":"https:\/\/www.planbwagen.de\/es\/wp-json\/wp\/v2\/pages\/2344","targetHints":{"allow":["GET"]}}],"collection":[{"href":"https:\/\/www.planbwagen.de\/es\/wp-json\/wp\/v2\/pages"}],"about":[{"href":"https:\/\/www.planbwagen.de\/es\/wp-json\/wp\/v2\/types\/page"}],"author":[{"embeddable":true,"href":"https:\/\/www.planbwagen.de\/es\/wp-json\/wp\/v2\/users\/1"}],"replies":[{"embeddable":true,"href":"https:\/\/www.planbwagen.de\/es\/wp-json\/wp\/v2\/comments?post=2344"}],"version-history":[{"count":24,"href":"https:\/\/www.planbwagen.de\/es\/wp-json\/wp\/v2\/pages\/2344\/revisions"}],"predecessor-version":[{"id":13705,"href":"https:\/\/www.planbwagen.de\/es\/wp-json\/wp\/v2\/pages\/2344\/revisions\/13705"}],"wp:attachment":[{"href":"https:\/\/www.planbwagen.de\/es\/wp-json\/wp\/v2\/media?parent=2344"}],"curies":[{"name":"wp","href":"https:\/\/api.w.org\/{rel}","templated":true}]}}