{"id":2324,"date":"2020-07-30T09:44:08","date_gmt":"2020-07-30T09:44:08","guid":{"rendered":"https:\/\/planbwagen.de\/?page_id=2324"},"modified":"2020-12-04T19:05:16","modified_gmt":"2020-12-04T19:05:16","slug":"tipps-tricks","status":"publish","type":"page","link":"https:\/\/www.planbwagen.de\/es\/consejos-trucos\/","title":{"rendered":"Trucos y consejos"},"content":{"rendered":"<p>[et_pb_section fb_built=&#8220;1&#8243; custom_padding_last_edited=&#8220;on|desktop&#8220; next_background_color=&#8220;#949292&#8243; admin_label=&#8220;Header&#8220; _builder_version=&#8220;4.5.1&#8243; background_color=&#8220;#4c4c50&#8243; background_image=&#8220;https:\/\/planbwagen.de\/wp-content\/uploads\/2020\/08\/sight-seeing-49.png&#8220; background_size=&#8220;contain&#8220; background_position=&#8220;bottom_center&#8220; custom_padding=&#8220;||225px|||&#8220; custom_padding_tablet=&#8220;0px||5vw&#8220; custom_padding_phone=&#8220;&#8220; bottom_divider_style=&#8220;asymmetric&#8220; box_shadow_vertical_tablet=&#8220;&#8220; box_shadow_vertical_phone=&#8220;&#8220; box_shadow_vertical_last_edited=&#8220;on|tablet&#8220; locked=&#8220;off&#8220;][et_pb_row column_structure=&#8220;1_2,1_2&#8243; _builder_version=&#8220;4.5.1&#8243; module_alignment=&#8220;center&#8220; animation_style=&#8220;slide&#8220; animation_direction=&#8220;top&#8220; locked=&#8220;off&#8220;][et_pb_column type=&#8220;1_2&#8243; _builder_version=&#8220;3.25&#8243; custom_padding=&#8220;|||&#8220; custom_padding__hover=&#8220;|||&#8220;][et_pb_text _builder_version=&#8220;4.5.1&#8243; text_font=&#8220;Lato||||||||&#8220; text_font_size=&#8220;22px&#8220; text_line_height=&#8220;1.8em&#8220; header_font=&#8220;DCC Ash|700|||||||&#8220; header_font_size=&#8220;80px&#8220; header_line_height=&#8220;1.2em&#8220; background_layout=&#8220;dark&#8220; text_font_size_tablet=&#8220;&#8220; text_font_size_phone=&#8220;18px&#8220; text_font_size_last_edited=&#8220;on|phone&#8220; header_font_size_tablet=&#8220;60px&#8220; header_font_size_phone=&#8220;60px&#8220; header_font_size_last_edited=&#8220;on|phone&#8220;]<\/p>\n<h1 style=\"text-align: left;\">Trucos y consejos<\/h1>\n<p>[\/et_pb_text][et_pb_text _builder_version=&#8220;4.5.1&#8243; _module_preset=&#8220;default&#8220; text_font=&#8220;Montserrat||||||||&#8220; text_font_size=&#8220;30px&#8220; header_2_font=&#8220;Ash||||||||&#8220;]<\/p>\n<p style=\"text-align: left;\"><span style=\"color: #ffffff;\">&#8222;Zwischen Wahnsinn und Verstand,<\/span><\/p>\n<p style=\"text-align: left;\"><span style=\"color: #ffffff;\">ist oft nur eine d\u00fcnne Wand&#8220;<\/span><\/p>\n<p style=\"text-align: left;\"><span style=\"color: #ffffff;\"><span style=\"font-size: small;\">- Daniel Gyro Gearloose<\/span><\/span><\/p>\n<p style=\"text-align: left;\"><span style=\"color: #ffffff;\"><\/span><\/p>\n<p>[\/et_pb_text][et_pb_divider color=&#8220;#ffffff&#8220; divider_weight=&#8220;5px&#8220; _builder_version=&#8220;3.23.3&#8243; max_width=&#8220;100px&#8220; locked=&#8220;off&#8220;][\/et_pb_divider][\/et_pb_column][et_pb_column type=&#8220;1_2&#8243; _builder_version=&#8220;3.25&#8243; custom_padding=&#8220;|||&#8220; custom_padding__hover=&#8220;|||&#8220;][et_pb_image src=&#8220;https:\/\/planbwagen.de\/wp-content\/uploads\/2020\/08\/Tip-and-Tricks-Camouflage.png&#8220; title_text=&#8220;Tip and Tricks &#8211; Camouflage&#8220; _builder_version=&#8220;4.5.1&#8243; _module_preset=&#8220;default&#8220; width=&#8220;60%&#8220; module_alignment=&#8220;center&#8220; custom_padding=&#8220;|||30%|false|false&#8220;][\/et_pb_image][\/et_pb_column][\/et_pb_row][\/et_pb_section][et_pb_section fb_built=&#8220;1&#8243; custom_padding_last_edited=&#8220;off|desktop&#8220; admin_label=&#8220;Blog&#8220; _builder_version=&#8220;4.5.1&#8243; background_color=&#8220;#949292&#8243; min_height=&#8220;1560px&#8220; custom_padding=&#8220;100px||2px|||&#8220; custom_padding_phone=&#8220;0px||&#8220;][et_pb_row _builder_version=&#8220;4.5.1&#8243; background_color=&#8220;#949292&#8243; animation_style=&#8220;slide&#8220; animation_direction=&#8220;top&#8220;][et_pb_column type=&#8220;4_4&#8243; _builder_version=&#8220;3.25&#8243; custom_padding=&#8220;|||&#8220; custom_padding__hover=&#8220;|||&#8220;][et_pb_blog fullwidth=&#8220;off&#8220; posts_number=&#8220;10000&#8243; include_categories=&#8220;16&#8243; show_author=&#8220;off&#8220; show_date=&#8220;off&#8220; masonry_tile_background_color=&#8220;#273037&#8243; _builder_version=&#8220;4.5.1&#8243; header_font=&#8220;Montserrat|700|||||||&#8220; header_text_color=&#8220;#ffffff&#8220; header_font_size=&#8220;16px&#8220; header_line_height=&#8220;1.6em&#8220; body_text_color=&#8220;#ffffff&#8220; meta_font=&#8220;Lato|700||on|||||&#8220; meta_text_color=&#8220;#949292&#8243; meta_font_size=&#8220;12px&#8220; meta_letter_spacing=&#8220;1px&#8220; meta_line_height=&#8220;1.8em&#8220; pagination_font=&#8220;PT Serif|700|||||||&#8220; pagination_text_color=&#8220;#ff3314&#8243; pagination_font_size=&#8220;16px&#8220; background_color=&#8220;#949292&#8243; border_width_all=&#8220;0px&#8220; box_shadow_style=&#8220;preset1&#8243;][\/et_pb_blog][\/et_pb_column][\/et_pb_row][et_pb_row _builder_version=&#8220;4.5.1&#8243; _module_preset=&#8220;default&#8220;][et_pb_column type=&#8220;4_4&#8243; _builder_version=&#8220;4.5.1&#8243; _module_preset=&#8220;default&#8220;][et_pb_divider color=&#8220;#ffffff&#8220; _builder_version=&#8220;4.5.1&#8243; _module_preset=&#8220;default&#8220; min_height=&#8220;140px&#8220;][\/et_pb_divider][et_pb_text _builder_version=&#8220;4.5.1&#8243; _module_preset=&#8220;default&#8220; text_text_color=&#8220;#ffffff&#8220; header_text_color=&#8220;#ffffff&#8220; header_2_text_color=&#8220;#ffffff&#8220; header_3_text_color=&#8220;#ffffff&#8220;]<\/p>\n<h1><strong>Consejos y trucos para acampar<\/strong><\/h1>\n<p><strong><\/strong><\/p>\n<h2>Diversi\u00f3n en vacaciones para familias, parejas y solteros<\/h2>\n<p>Camping bietet f\u00fcr jeden etwas. F\u00fcr uns bedeutet es Leben. Besonders mit unserem BUTCH haben wir erneut festgestellt, dass das Motto von SpaceCamper &#8222;wir leben das&#8220; perfekt auf uns passt. Denn das tun wir mit unserem VanLife wahrhaftig. Inzwischen haben wir etliche Erfahrungen gesammelt, die f\u00fcr Anf\u00e4nger mit Wohnmobil, sowie Camper Profis interessant sein k\u00f6nnen. Hier findet ihr einige Tipps und Tricks f\u00fcr euren Urlaub im Camper.<\/p>\n<p>Hay algunos trucos \u00fatiles a la hora de elegir un camping. Si el trayecto hasta el camping es largo, sentir\u00e1s la necesidad de parar en un \u00e1rea de descanso. Pero hay alternativas mucho m\u00e1s agradables y, sobre todo, seguras que apretujarse entre camiones. En las zonas residenciales suele haber muchos campistas y caravanas familiares. Entre ellos tienes garantizado no llamar la atenci\u00f3n. Otro truco es parar cerca de un cementerio: en caso de duda, habr\u00e1 agua y un barrio tranquilo. Encontrar\u00e1s electricidad en las estaciones de carga para e-bikes. Encontrar\u00e1s m\u00e1s consejos y trucos en las entradas del blog.<\/p>\n<p>&nbsp;<\/p>\n<h2>\u00bfQu\u00e9 muebles SpaceCamper debo a\u00f1adir al equipamiento?<\/h2>\n<p>Optimizar su experiencia de camping empieza por elegir la caravana y los accesorios adecuados. Nuestra SpaceCamper, por ejemplo, se caracteriza por un techo elevable especialmente alto. En la tienda SpaceCamper podr\u00e1 ver sus diferentes versiones. Desde el gris hasta el naranja, pasando por el azul, el blanco y el negro, la caravana est\u00e1 disponible en todos los colores. En la tienda tambi\u00e9n encontrar\u00e1 numerosos accesorios para que su acampada sea a\u00fan m\u00e1s agradable y sencilla. Por supuesto, no pueden faltar un hornillo de camping y una barbacoa para el catering. Pero aunque algunas navajas ya vienen con los cubiertos de camping, es necesario un juego adicional, sobre todo para las familias. Una bolsa para la vajilla es la elecci\u00f3n adecuada para guardarla y ahorrar as\u00ed el limitado espacio de las estanter\u00edas del camping. S\u00ed, incluso en la SpaceCamper no hay espacio infinito. Sin embargo, con las estanter\u00edas de camping de la tienda SpaceCamper, este espacio puede ampliarse. Si le gusta que est\u00e9 especialmente oscuro cuando duerme, puede adquirir las persianas oscurecedoras SpaceCamper para las ventanas delanteras y laterales. Estos oscurecedores tambi\u00e9n ayudan a regular el calor en la autocaravana.<\/p>\n<p>&nbsp;<\/p>\n<h2>\u00bfQu\u00e9 hay que llevar de camping?<\/h2>\n<p>A la hora de hacer la maleta para ir de acampada, hay dos palabras clave esenciales que debes seguir: minimalista y pragm\u00e1tico. Al fin y al cabo, disfrutar de la libertad personal implica deshacerse de cosas in\u00fatiles. Sin embargo, las cosas \u00fatiles para acampar no deben faltar en tu lista. Por supuesto, una linterna, un paraguas y una navaja forman parte del equipo b\u00e1sico. La ropa, la comida y otras cosas similares no pueden faltar. Para que puedas sentarte al aire libre cuando haga calor, tiene sentido que te lleves una caja de cocina y muebles de camping. Puedes utilizar un pulverizador de agua de jard\u00edn como ayuda para enjuagar. Especialmente en verano, no hay nada mejor que relajarse delante de tu autocaravana bajo un toldo o en un toldo, haciendo una barbacoa y jugando. Para ello existen muebles de camping muy pr\u00e1cticos. Sin embargo, a menudo recibes el recibo a la ma\u00f1ana siguiente: pica y rasca. Por eso hay algo imprescindible para ir de camping: una mosquitera. Los peque\u00f1os insectos son una molestia y no se detendr\u00e1n en las autocaravanas si no est\u00e1n bien aseguradas. Por supuesto, es importante cerrar siempre las puertas de la autocaravana en verano despu\u00e9s de haber pasado por ellas. Sin embargo, esta t\u00e1ctica no suele tener \u00e9xito del todo en la lucha contra los mosquitos. Adem\u00e1s de una mosquitera alrededor de las camas e innumerables velas disuasorias para el exterior, existen otros trucos. Por ejemplo, es \u00fatil colocar otra mosquitera alrededor de la entrada a la caravana. Si por la noche est\u00e1s sentado al aire libre con tus amigos y llevas una sombrilla, puedes extender una mosquitera a su alrededor y construir una especie de tienda de campa\u00f1a para mantener alejados a los mosquitos. Si la red es lo bastante grande, tambi\u00e9n se puede colocar sobre la sombrilla. Sin embargo, para obtener la mejor protecci\u00f3n, debes comprar una tienda de campa\u00f1a delantera o trasera. Tambi\u00e9n es aconsejable comprar un spray antimosquitos para el cuerpo.<\/p>\n<p>&nbsp;<\/p>\n<h2>El cambio al camping<\/h2>\n<p>Si ya ha adquirido experiencia en una autocaravana o caravana, puede que incluso se atreva a reservar un camping para acampar. Dif\u00edcilmente hay una forma de vacaciones m\u00e1s aventurera y barata que acampar en una tienda de campa\u00f1a. No obstante, es importante planificar las vacaciones con antelaci\u00f3n, ya que la acampada libre es un delito. Una de las cosas m\u00e1s interesantes del camping es que requiere un modo de vida muy sencillo y pragm\u00e1tico. Hay que prescindir de todo tipo de lujos. Para poder dormir lo m\u00e1s c\u00f3modamente posible en estas condiciones, existen gruesos colchones aislantes y de aire, as\u00ed como gruesos sacos de dormir para exteriores. Por cierto: \u00bfsab\u00edas que tiene m\u00e1s sentido utilizar mantas adicionales o poner ropa encima del saco de dormir para mantener el calor que ponerse ropa m\u00e1s abrigada para dormir?<\/p>\n<p>Si no quiere ir de acampada de forma totalmente tradicional, al acampar depender\u00e1 m\u00e1s de lo habitual de las fuentes de alimentaci\u00f3n port\u00e1tiles. Para ello, SpaceCamper le ofrece cables de carga para el coche y tomas de corriente. Si quiere ir sobre seguro, tambi\u00e9n puede elegir entre varias l\u00e1mparas de camping y bancos de energ\u00eda con una capacidad especialmente alta.<\/p>\n<p>[\/et_pb_text][\/et_pb_column][\/et_pb_row][\/et_pb_section]<\/p>","protected":false},"excerpt":{"rendered":"<p>[et_pb_section fb_built=&#8220;1&#8243; custom_padding_last_edited=&#8220;on|desktop&#8220; next_background_color=&#8220;#949292&#8243; admin_label=&#8220;Header&#8220; _builder_version=&#8220;4.5.1&#8243; background_color=&#8220;#4c4c50&#8243; background_image=&#8220;https:\/\/planbwagen.de\/wp-content\/uploads\/2020\/08\/sight-seeing-49.png&#8220; background_size=&#8220;contain&#8220; background_position=&#8220;bottom_center&#8220; custom_padding=&#8220;||225px|||&#8220; custom_padding_tablet=&#8220;0px||5vw&#8220; custom_padding_phone=&#8220;&#8220; bottom_divider_style=&#8220;asymmetric&#8220; box_shadow_vertical_tablet=&#8220;&#8220; box_shadow_vertical_phone=&#8220;&#8220; box_shadow_vertical_last_edited=&#8220;on|tablet&#8220; locked=&#8220;off&#8220;][et_pb_row column_structure=&#8220;1_2,1_2&#8243; _builder_version=&#8220;4.5.1&#8243; module_alignment=&#8220;center&#8220; animation_style=&#8220;slide&#8220; animation_direction=&#8220;top&#8220; locked=&#8220;off&#8220;][et_pb_column type=&#8220;1_2&#8243; _builder_version=&#8220;3.25&#8243; custom_padding=&#8220;|||&#8220; custom_padding__hover=&#8220;|||&#8220;][et_pb_text _builder_version=&#8220;4.5.1&#8243; text_font=&#8220;Lato||||||||&#8220; text_font_size=&#8220;22px&#8220; text_line_height=&#8220;1.8em&#8220; header_font=&#8220;DCC Ash|700|||||||&#8220; header_font_size=&#8220;80px&#8220; header_line_height=&#8220;1.2em&#8220; background_layout=&#8220;dark&#8220; text_font_size_tablet=&#8220;&#8220; text_font_size_phone=&#8220;18px&#8220; text_font_size_last_edited=&#8220;on|phone&#8220; header_font_size_tablet=&#8220;60px&#8220; header_font_size_phone=&#8220;60px&#8220; header_font_size_last_edited=&#8220;on|phone&#8220;] Tipps &amp; Tricks [\/et_pb_text][et_pb_text _builder_version=&#8220;4.5.1&#8243; _module_preset=&#8220;default&#8220; text_font=&#8220;Montserrat||||||||&#8220; text_font_size=&#8220;30px&#8220; header_2_font=&#8220;Ash||||||||&#8220;] &#8222;Zwischen Wahnsinn und [&hellip;]<\/p>","protected":false},"author":1,"featured_media":0,"parent":0,"menu_order":0,"comment_status":"closed","ping_status":"closed","template":"","meta":{"_et_pb_use_builder":"on","_et_pb_old_content":"","_et_gb_content_width":"","footnotes":""},"class_list":["post-2324","page","type-page","status-publish","hentry"],"_links":{"self":[{"href":"https:\/\/www.planbwagen.de\/es\/wp-json\/wp\/v2\/pages\/2324","targetHints":{"allow":["GET"]}}],"collection":[{"href":"https:\/\/www.planbwagen.de\/es\/wp-json\/wp\/v2\/pages"}],"about":[{"href":"https:\/\/www.planbwagen.de\/es\/wp-json\/wp\/v2\/types\/page"}],"author":[{"embeddable":true,"href":"https:\/\/www.planbwagen.de\/es\/wp-json\/wp\/v2\/users\/1"}],"replies":[{"embeddable":true,"href":"https:\/\/www.planbwagen.de\/es\/wp-json\/wp\/v2\/comments?post=2324"}],"version-history":[{"count":38,"href":"https:\/\/www.planbwagen.de\/es\/wp-json\/wp\/v2\/pages\/2324\/revisions"}],"predecessor-version":[{"id":10001,"href":"https:\/\/www.planbwagen.de\/es\/wp-json\/wp\/v2\/pages\/2324\/revisions\/10001"}],"wp:attachment":[{"href":"https:\/\/www.planbwagen.de\/es\/wp-json\/wp\/v2\/media?parent=2324"}],"curies":[{"name":"wp","href":"https:\/\/api.w.org\/{rel}","templated":true}]}}