{"id":14374,"date":"2023-03-23T14:53:30","date_gmt":"2023-03-23T12:53:30","guid":{"rendered":"https:\/\/www.planbwagen.de\/?page_id=14374"},"modified":"2023-11-06T15:32:04","modified_gmt":"2023-11-06T13:32:04","slug":"sizilien","status":"publish","type":"page","link":"https:\/\/www.planbwagen.de\/es\/sicilia\/","title":{"rendered":"Sicilia"},"content":{"rendered":"<p>[et_pb_section fb_built=&#8220;1&#8243; fullwidth=&#8220;on&#8220; admin_label=&#8220;Header&#8220; _builder_version=&#8220;4.5.1&#8243; background_enable_color=&#8220;off&#8220; background_image=&#8220;https:\/\/www.planbwagen.de\/wp-content\/uploads\/2021\/04\/Frame-9.jpg&#8220; custom_padding=&#8220;0px|0|0px|0px|false|false&#8220; locked=&#8220;off&#8220;][et_pb_fullwidth_header title=&#8220;Sizilien&#8220; text_orientation=&#8220;right&#8220; header_fullscreen=&#8220;on&#8220; background_overlay_color=&#8220;rgba(0,0,0,0)&#8220; logo_image_url=&#8220;https:\/\/www.planbwagen.de\/wp-content\/uploads\/2023\/03\/Sizilien-1.png&#8220; content_max_width=&#8220;18%&#8220; content_max_width_tablet=&#8220;&#8220; content_max_width_phone=&#8220;55%&#8220; content_max_width_last_edited=&#8220;on|phone&#8220; _builder_version=&#8220;4.5.1&#8243; title_font=&#8220;DCC Ash|700|||||||&#8220; title_text_align=&#8220;center&#8220; title_font_size=&#8220;80px&#8220; title_line_height=&#8220;1.1em&#8220; content_font=&#8220;Noto Sans||||||||&#8220; content_line_height=&#8220;2em&#8220; subhead_font=&#8220;Ash||||||||&#8220; subhead_text_align=&#8220;center&#8220; subhead_font_size=&#8220;40px&#8220; subhead_line_height=&#8220;2em&#8220; background_enable_color=&#8220;off&#8220; background_enable_image=&#8220;off&#8220; parallax=&#8220;on&#8220; parallax_method=&#8220;on&#8220; custom_button_one=&#8220;on&#8220; button_one_text_size=&#8220;17px&#8220; button_one_text_color=&#8220;#ffffff&#8220; button_one_bg_color=&#8220;#ff6b5a&#8220; button_one_border_width=&#8220;7px&#8220; button_one_border_color=&#8220;#ff6b5a&#8220; button_one_border_radius=&#8220;100px&#8220; button_one_font=&#8220;Noto Sans|700||on|||||&#8220; button_one_use_icon=&#8220;off&#8220; module_alignment=&#8220;center&#8220; custom_margin=&#8220;|||&#8220; custom_padding=&#8220;0px||0px||true|&#8220; custom_padding_tablet=&#8220;100px|||&#8220; custom_padding_phone=&#8220;||20%||false|false&#8220; custom_padding_last_edited=&#8220;on|phone&#8220; animation_style=&#8220;slide&#8220; animation_direction=&#8220;top&#8220; title_font_size_tablet=&#8220;40px&#8220; title_font_size_phone=&#8220;&#8220; title_font_size_last_edited=&#8220;on|tablet&#8220; subhead_font_size_tablet=&#8220;&#8220; subhead_font_size_phone=&#8220;20px&#8220; subhead_font_size_last_edited=&#8220;on|desktop&#8220; subhead_line_height_tablet=&#8220;&#8220; subhead_line_height_phone=&#8220;1.5em&#8220; subhead_line_height_last_edited=&#8220;on|phone&#8220; title_text_shadow_style=&#8220;preset2&#8243; subhead_text_shadow_style=&#8220;preset2&#8243; border_color_all_image=&#8220;#000000&#8243; button_one_text_color_hover=&#8220;#ffffff&#8220; button_one_border_color_hover=&#8220;#ff9e59&#8243; button_one_border_radius_hover=&#8220;100px&#8220; button_one_bg_color_hover=&#8220;#ff9e59&#8243; button_one_text_size__hover_enabled=&#8220;off&#8220; button_two_text_size__hover_enabled=&#8220;off&#8220; button_one_text_color__hover_enabled=&#8220;on&#8220; button_one_text_color__hover=&#8220;#ffffff&#8220; button_two_text_color__hover_enabled=&#8220;off&#8220; button_one_border_width__hover_enabled=&#8220;off&#8220; button_two_border_width__hover_enabled=&#8220;off&#8220; button_one_border_color__hover_enabled=&#8220;on&#8220; button_one_border_color__hover=&#8220;#ff9e59&#8243; button_two_border_color__hover_enabled=&#8220;off&#8220; button_one_border_radius__hover_enabled=&#8220;on&#8220; button_one_border_radius__hover=&#8220;100px&#8220; button_two_border_radius__hover_enabled=&#8220;off&#8220; button_one_letter_spacing__hover_enabled=&#8220;off&#8220; button_two_letter_spacing__hover_enabled=&#8220;off&#8220; button_one_bg_color__hover_enabled=&#8220;on&#8220; button_one_bg_color__hover=&#8220;#ff9e59&#8243; button_two_bg_color__hover_enabled=&#8220;off&#8220;][\/et_pb_fullwidth_header][\/et_pb_section][et_pb_section fb_built=&#8220;1&#8243; admin_label=&#8220;Tour CTA &#038; Information Section&#8220; _builder_version=&#8220;4.5.1&#8243; background_color=&#8220;#949292&#8243; custom_padding=&#8220;100px|0px|54px|0px|false|false&#8220;][et_pb_row _builder_version=&#8220;4.5.1&#8243; _module_preset=&#8220;default&#8220; custom_margin=&#8220;||||false|false&#8220; animation_style=&#8220;slide&#8220; animation_direction=&#8220;top&#8220;][et_pb_column type=&#8220;4_4&#8243; _builder_version=&#8220;4.5.1&#8243; _module_preset=&#8220;default&#8220;][et_pb_blog fullwidth=&#8220;off&#8220; posts_number=&#8220;1000&#8243; include_categories=&#8220;39&#8243; masonry_tile_background_color=&#8220;#273037&#8243; _builder_version=&#8220;4.5.1&#8243; _module_preset=&#8220;default&#8220; header_font=&#8220;Montserrat|700|||||||&#8220; header_text_align=&#8220;center&#8220; header_text_color=&#8220;#ffffff&#8220; header_font_size=&#8220;24px&#8220; header_line_height=&#8220;1.5em&#8220; body_font=&#8220;Montserrat||||||||&#8220; body_text_align=&#8220;center&#8220; body_text_color=&#8220;#ffffff&#8220; body_font_size=&#8220;17px&#8220; body_line_height=&#8220;1.9em&#8220; meta_font=&#8220;Montserrat|700|||||||&#8220; meta_text_align=&#8220;center&#8220; meta_text_color=&#8220;#949292&#8243; read_more_font=&#8220;Montserrat||||||||&#8220; pagination_font=&#8220;Montserrat||||||||&#8220; transform_scale=&#8220;97%|97%&#8220; text_orientation=&#8220;center&#8220; custom_margin=&#8220;||||false|false&#8220; border_radii=&#8220;on|7px|7px|7px|7px&#8220; border_width_all=&#8220;0px&#8220; box_shadow_style=&#8220;preset1&#8243;][\/et_pb_blog][\/et_pb_column][\/et_pb_row][et_pb_row _builder_version=&#8220;4.5.1&#8243; _module_preset=&#8220;default&#8220;][et_pb_column type=&#8220;4_4&#8243; _builder_version=&#8220;4.5.1&#8243; _module_preset=&#8220;default&#8220;][et_pb_divider color=&#8220;#ffffff&#8220; _builder_version=&#8220;4.5.1&#8243; _module_preset=&#8220;default&#8220; min_height=&#8220;140px&#8220;][\/et_pb_divider][et_pb_text _builder_version=&#8220;4.5.1&#8243; _module_preset=&#8220;default&#8220; text_text_color=&#8220;#ffffff&#8220; header_text_color=&#8220;#ffffff&#8220; header_2_text_color=&#8220;#ffffff&#8220; header_3_text_color=&#8220;#ffffff&#8220; hover_enabled=&#8220;0&#8243;]<\/p>\n<h2><span style=\"font-size: xx-large;\">Sicilia de cerca: su puerta de entrada a esta maravillosa isla<\/span><\/h2>\n<p>Bienvenido a nuestra p\u00e1gina sobre Sicilia, la puerta de entrada a una impresionante joya en el coraz\u00f3n del Mediterr\u00e1neo. Durante m\u00e1s de tres a\u00f1os, Torgit y Marc han viajado por varios pa\u00edses e islas de Europa. Siempre con nosotros iba nuestro fiel compa\u00f1ero, un autob\u00fas VW SpaceCamper.<\/p>\n<p>&nbsp;<\/p>\n<p>Pero en ning\u00fan sitio nos hemos tomado tanto tiempo como aqu\u00ed, en Sicilia. Primero pasamos siete meses recorriendo la isla. Nuestro viaje fue un apasionado descubrimiento de la cultura, la historia, la gastronom\u00eda y el encanto incomparable de la isla.<\/p>\n<p>&nbsp;<\/p>\n<p>Sicilia nos cautiv\u00f3 tanto que decidimos instalarnos aqu\u00ed. Nuestro blog se caracteriza por una profunda conexi\u00f3n con la isla y su estilo de vida. Queremos diferenciarnos de los viajeros habituales que pueden haber visitado la isla durante una semana y creer que la han explorado por completo. Porque ahora sabemos que siempre merece la pena visitar Sicilia.<\/p>\n<p>&nbsp;<\/p>\n<p>Sum\u00e9rjase con nosotros en el fascinante mundo de Sicilia. Aqu\u00ed encontrar\u00e1 todo lo que necesita saber en nuestros art\u00edculos, desde los tesoros ocultos de Palermo hasta las impresionantes aventuras de la Targa Florio. Nuestros art\u00edculos ofrecen informaci\u00f3n privilegiada sobre la apasionante escena art\u00edstica callejera de Palermo, los deliciosos secretos de la comida callejera de Palermo y recomendaciones de hoteles de primera clase y acogedores apartamentos de vacaciones en Palermo.<\/p>\n<p>&nbsp;<\/p>\n<p>Pero eso no es todo. La seguridad en Palermo es una preocupaci\u00f3n importante para nosotros. Compartimos nuestra valiosa experiencia y consejos para garantizar que su estancia sea lo m\u00e1s agradable y libre de preocupaciones posible.<\/p>\n<p>&nbsp;<\/p>\n<p>Exploremos juntos las maravillas de Sicilia y descubramos sus secretos. Bienvenido a nuestro sitio, acomp\u00e1\u00f1enos en este viaje inolvidable y sum\u00e9rjase en la aut\u00e9ntica Sicilia.<\/p>\n<p>&nbsp;<\/p>\n<p>Le esperan los siguientes temas:<\/p>\n<h3>Cocina siciliana: una experiencia culinaria:<\/h3>\n<p>La cocina siciliana es incomparable, se caracteriza por sus sabores y tradiciones. Exploremos juntos la comida siciliana y saboreemos los aspectos culinarios m\u00e1s destacados de esta isla. Nuestros art\u00edculos ofrecen informaci\u00f3n sobre platos aut\u00e9nticos y los mejores lugares para vivir una experiencia culinaria en Sicilia.<\/p>\n<p><strong>\u00a0<\/strong><\/p>\n<h3>Lugares de inter\u00e9s y tesoros hist\u00f3ricos de Sicilia:<\/h3>\n<p>Sicilia es un verdadero para\u00edso para los interesados en la historia y la cultura. Le llevamos de excursi\u00f3n por los lugares hist\u00f3ricos de Palermo, Siracusa, Taormina y Agrigento. Descubra los principales lugares de inter\u00e9s de Sicilia y la fascinante historia de esta isla.<\/p>\n<p><strong>\u00a0<\/strong><\/p>\n<h3>Fant\u00e1sticas playas y pintorescos pueblos costeros:<\/h3>\n<p>Las costas de Sicilia ofrecen experiencias playeras inolvidables. Sum\u00e9rjase en aguas cristalinas en lugares como San Vito Lo Capo, Cefal\u00fa y Taormina.<\/p>\n<h3><strong>\u00a0<\/strong><\/h3>\n<h3>La cultura siciliana y sus tradiciones vivas:<\/h3>\n<p>Experimente las singulares tradiciones sicilianas, ya sea en festivales, procesiones o en los mercados locales. Le guiaremos por el vibrante patrimonio cultural de esta isla y le mostraremos c\u00f3mo puede formar parte de \u00e9l.<\/p>\n<h3>Aventuras en la naturaleza - actividades al aire libre:<\/h3>\n<p>Sicilia es un para\u00edso para los amantes de las actividades al aire libre. Nuestras aventuras en la naturaleza incluyen senderismo en los impresionantes paisajes de las Madonie, deportes acu\u00e1ticos en las aguas cristalinas y mucho m\u00e1s. Descubra la amplia gama de actividades al aire libre que le ofrece Sicilia.<\/p>\n<p><strong>\u00a0<\/strong><\/p>\n<h3>Sicilia en cualquier \u00e9poca del a\u00f1o:<\/h3>\n<p>Tanto si visita Sicilia en primavera, verano, oto\u00f1o o invierno, las entradas de nuestro blog se adaptan a las estaciones. Descubra qu\u00e9 actividades y eventos le esperan en cada estaci\u00f3n.<\/p>\n<p><strong>\u00a0<\/strong><\/p>\n<h3>La impresionante geograf\u00eda de Sicilia:<\/h3>\n<p>Los paisajes de Sicilia son de una belleza incomparable, desde las pintorescas colinas de la Madonie hasta el majestuoso volc\u00e1n Etna. Le llevamos de viaje por la geograf\u00eda \u00fanica de esta isla.<\/p>\n<p><strong>\u00a0<\/strong><\/p>\n<h3>Viticultura y olivicultura en Sicilia:<\/h3>\n<p>Sicilia est\u00e1 orgullosa de su viticultura y olivicultura de primera clase. Descubra los secretos del vino siciliano y visite bodegas de renombre. Aprenda m\u00e1s sobre los olivares que producen el preciado aceite de oliva siciliano.<\/p>\n<p><strong>\u00a0<\/strong><\/p>\n<h3>Descubra Sicilia por su cuenta:<\/h3>\n<p>Si busca aventura y prefiere la libertad de explorar Sicilia por su cuenta, le daremos valiosos consejos sobre alquiler de coches, planificaci\u00f3n de rutas y viajes independientes.<\/p>\n<p><strong>\u00a0<\/strong><\/p>\n<h3>Consejos y secretos:<\/h3>\n<p>Tambi\u00e9n compartiremos secretos bien guardados y consejos que hemos ido recopilando a lo largo de nuestro viaje de siete meses. Estos tesoros fuera de lo com\u00fan har\u00e1n que su viaje a Sicilia sea \u00fanico.<\/p>\n<p><strong>\u00a0<\/strong><\/p>\n<h3>Artesan\u00eda en Sicilia:<\/h3>\n<p>Sicilia es rica en artesan\u00eda tradicional. Conozca la cer\u00e1mica de Caltagirone, la cester\u00eda de Palermo y otras artesan\u00edas locales. Le mostraremos d\u00f3nde puede admirar y adquirir estas obras de arte.<\/p>\n<p><strong>\u00a0<\/strong><\/p>\n<h3>Viajar de forma sostenible por Sicilia:<\/h3>\n<p>Estamos comprometidos con los viajes sostenibles y le mostraremos c\u00f3mo viajar por Sicilia de forma responsable y respetuosa con el medio ambiente. Esto incluye alojamiento ecol\u00f3gico, comida local y consejos para evitar los residuos.<\/p>\n<p>&nbsp;<\/p>\n<p>Nuestra misi\u00f3n no es s\u00f3lo presentarle la belleza y la cultura de Sicilia, sino tambi\u00e9n ofrecerle consejos pr\u00e1cticos e inspiraci\u00f3n para un viaje a medida. Le invitamos a compartir con nosotros nuestra aventura por Sicilia y a conocer esta impresionante isla en todas sus facetas. Bienvenido a nuestra p\u00e1gina de Sicilia<\/p>\n<p>[\/et_pb_text][\/et_pb_column][\/et_pb_row][\/et_pb_section]<\/p>","protected":false},"excerpt":{"rendered":"<p>[et_pb_section fb_built=&#8220;1&#8243; fullwidth=&#8220;on&#8220; admin_label=&#8220;Header&#8220; _builder_version=&#8220;4.5.1&#8243; background_enable_color=&#8220;off&#8220; background_image=&#8220;https:\/\/www.planbwagen.de\/wp-content\/uploads\/2021\/04\/Frame-9.jpg&#8220; custom_padding=&#8220;0px|0|0px|0px|false|false&#8220; locked=&#8220;off&#8220;][et_pb_fullwidth_header title=&#8220;Sizilien&#8220; text_orientation=&#8220;right&#8220; header_fullscreen=&#8220;on&#8220; background_overlay_color=&#8220;rgba(0,0,0,0)&#8220; logo_image_url=&#8220;https:\/\/www.planbwagen.de\/wp-content\/uploads\/2023\/03\/Sizilien-1.png&#8220; content_max_width=&#8220;18%&#8220; content_max_width_tablet=&#8220;&#8220; content_max_width_phone=&#8220;55%&#8220; content_max_width_last_edited=&#8220;on|phone&#8220; _builder_version=&#8220;4.5.1&#8243; title_font=&#8220;DCC Ash|700|||||||&#8220; title_text_align=&#8220;center&#8220; title_font_size=&#8220;80px&#8220; title_line_height=&#8220;1.1em&#8220; content_font=&#8220;Noto Sans||||||||&#8220; content_line_height=&#8220;2em&#8220; subhead_font=&#8220;Ash||||||||&#8220; subhead_text_align=&#8220;center&#8220; subhead_font_size=&#8220;40px&#8220; subhead_line_height=&#8220;2em&#8220; background_enable_color=&#8220;off&#8220; background_enable_image=&#8220;off&#8220; parallax=&#8220;on&#8220; parallax_method=&#8220;on&#8220; custom_button_one=&#8220;on&#8220; button_one_text_size=&#8220;17px&#8220; button_one_text_color=&#8220;#ffffff&#8220; button_one_bg_color=&#8220;#ff6b5a&#8220; button_one_border_width=&#8220;7px&#8220; button_one_border_color=&#8220;#ff6b5a&#8220; button_one_border_radius=&#8220;100px&#8220; button_one_font=&#8220;Noto Sans|700||on|||||&#8220; button_one_use_icon=&#8220;off&#8220; module_alignment=&#8220;center&#8220; custom_margin=&#8220;|||&#8220; custom_padding=&#8220;0px||0px||true|&#8220; custom_padding_tablet=&#8220;100px|||&#8220; custom_padding_phone=&#8220;||20%||false|false&#8220; custom_padding_last_edited=&#8220;on|phone&#8220; animation_style=&#8220;slide&#8220; animation_direction=&#8220;top&#8220; title_font_size_tablet=&#8220;40px&#8220; title_font_size_phone=&#8220;&#8220; [&hellip;]<\/p>","protected":false},"author":1,"featured_media":0,"parent":0,"menu_order":0,"comment_status":"closed","ping_status":"closed","template":"","meta":{"_et_pb_use_builder":"on","_et_pb_old_content":"","_et_gb_content_width":"","footnotes":""},"class_list":["post-14374","page","type-page","status-publish","hentry"],"_links":{"self":[{"href":"https:\/\/www.planbwagen.de\/es\/wp-json\/wp\/v2\/pages\/14374","targetHints":{"allow":["GET"]}}],"collection":[{"href":"https:\/\/www.planbwagen.de\/es\/wp-json\/wp\/v2\/pages"}],"about":[{"href":"https:\/\/www.planbwagen.de\/es\/wp-json\/wp\/v2\/types\/page"}],"author":[{"embeddable":true,"href":"https:\/\/www.planbwagen.de\/es\/wp-json\/wp\/v2\/users\/1"}],"replies":[{"embeddable":true,"href":"https:\/\/www.planbwagen.de\/es\/wp-json\/wp\/v2\/comments?post=14374"}],"version-history":[{"count":9,"href":"https:\/\/www.planbwagen.de\/es\/wp-json\/wp\/v2\/pages\/14374\/revisions"}],"predecessor-version":[{"id":16902,"href":"https:\/\/www.planbwagen.de\/es\/wp-json\/wp\/v2\/pages\/14374\/revisions\/16902"}],"wp:attachment":[{"href":"https:\/\/www.planbwagen.de\/es\/wp-json\/wp\/v2\/media?parent=14374"}],"curies":[{"name":"wp","href":"https:\/\/api.w.org\/{rel}","templated":true}]}}