{"id":2362,"date":"2020-07-30T10:46:57","date_gmt":"2020-07-30T10:46:57","guid":{"rendered":"https:\/\/planbwagen.de\/?page_id=2362"},"modified":"2021-07-10T13:39:54","modified_gmt":"2021-07-10T11:39:54","slug":"portugal","status":"publish","type":"page","link":"https:\/\/www.planbwagen.de\/en\/portugal\/","title":{"rendered":"Portugal"},"content":{"rendered":"<p>[et_pb_section fb_built=&#8220;1&#8243; fullwidth=&#8220;on&#8220; admin_label=&#8220;Header&#8220; _builder_version=&#8220;4.5.1&#8243; background_color=&#8220;#273037&#8243; background_image=&#8220;https:\/\/planbwagen.de\/wp-content\/uploads\/2020\/08\/Portugal-1.jpg&#8220; custom_padding=&#8220;0px|0|0px|0px|false|false&#8220; locked=&#8220;off&#8220;][et_pb_fullwidth_header title=&#8220;Portugal&#8220; text_orientation=&#8220;right&#8220; header_fullscreen=&#8220;on&#8220; background_overlay_color=&#8220;rgba(0,0,0,0)&#8220; logo_image_url=&#8220;https:\/\/planbwagen.de\/wp-content\/uploads\/2020\/08\/Portugal-Ponte-Luis-I-Camouflagwerftgzhuje.png&#8220; _builder_version=&#8220;4.5.1&#8243; title_font=&#8220;DCC Ash|700|||||||&#8220; title_text_align=&#8220;center&#8220; title_font_size=&#8220;80px&#8220; title_line_height=&#8220;1.1em&#8220; content_font=&#8220;Montserrat||||||||&#8220; content_line_height=&#8220;2em&#8220; subhead_font=&#8220;Ash||||||||&#8220; subhead_text_align=&#8220;center&#8220; subhead_font_size=&#8220;40px&#8220; subhead_line_height=&#8220;2em&#8220; background_color=&#8220;rgba(255,255,255,0)&#8220; background_enable_image=&#8220;off&#8220; parallax=&#8220;on&#8220; parallax_method=&#8220;on&#8220; custom_button_one=&#8220;on&#8220; button_one_text_size=&#8220;17px&#8220; button_one_text_color=&#8220;#ffffff&#8220; button_one_bg_color=&#8220;#ff6b5a&#8220; button_one_border_width=&#8220;7px&#8220; button_one_border_color=&#8220;#ff6b5a&#8220; button_one_border_radius=&#8220;100px&#8220; button_one_font=&#8220;Noto Sans|700||on|||||&#8220; button_one_use_icon=&#8220;off&#8220; module_alignment=&#8220;center&#8220; custom_margin=&#8220;||||false|false&#8220; custom_padding=&#8220;0px||0px||true|&#8220; custom_padding_tablet=&#8220;100px|||&#8220; custom_padding_phone=&#8220;||20%||false|false&#8220; custom_padding_last_edited=&#8220;on|phone&#8220; animation_style=&#8220;slide&#8220; animation_direction=&#8220;top&#8220; title_font_size_tablet=&#8220;40px&#8220; title_font_size_phone=&#8220;&#8220; title_font_size_last_edited=&#8220;on|tablet&#8220; subhead_font_size_tablet=&#8220;&#8220; subhead_font_size_phone=&#8220;20px&#8220; subhead_font_size_last_edited=&#8220;on|desktop&#8220; subhead_line_height_tablet=&#8220;&#8220; subhead_line_height_phone=&#8220;1.5em&#8220; subhead_line_height_last_edited=&#8220;on|phone&#8220; title_text_shadow_style=&#8220;preset2&#8243; subhead_text_shadow_style=&#8220;preset2&#8243; button_one_text_color_hover=&#8220;#ffffff&#8220; button_one_border_color_hover=&#8220;#ff9e59&#8243; button_one_border_radius_hover=&#8220;100px&#8220; button_one_bg_color_hover=&#8220;#ff9e59&#8243; button_one_text_size__hover_enabled=&#8220;off&#8220; button_two_text_size__hover_enabled=&#8220;off&#8220; button_one_text_color__hover_enabled=&#8220;on&#8220; button_one_text_color__hover=&#8220;#ffffff&#8220; button_two_text_color__hover_enabled=&#8220;off&#8220; button_one_border_width__hover_enabled=&#8220;off&#8220; button_two_border_width__hover_enabled=&#8220;off&#8220; button_one_border_color__hover_enabled=&#8220;on&#8220; button_one_border_color__hover=&#8220;#ff9e59&#8243; button_two_border_color__hover_enabled=&#8220;off&#8220; button_one_border_radius__hover_enabled=&#8220;on&#8220; button_one_border_radius__hover=&#8220;100px&#8220; button_two_border_radius__hover_enabled=&#8220;off&#8220; button_one_letter_spacing__hover_enabled=&#8220;off&#8220; button_two_letter_spacing__hover_enabled=&#8220;off&#8220; button_one_bg_color__hover_enabled=&#8220;on&#8220; button_one_bg_color__hover=&#8220;#ff9e59&#8243; button_two_bg_color__hover_enabled=&#8220;off&#8220;][\/et_pb_fullwidth_header][\/et_pb_section][et_pb_section fb_built=&#8220;1&#8243; admin_label=&#8220;Tour CTA &#038; Information Section&#8220; _builder_version=&#8220;4.5.1&#8243; background_color=&#8220;#949292&#8243; min_height=&#8220;4103px&#8220; custom_margin=&#8220;1px|||||&#8220; custom_padding=&#8220;0px|0px|0px|0px|false|false&#8220;][et_pb_row _builder_version=&#8220;4.5.1&#8243; _module_preset=&#8220;default&#8220; custom_padding=&#8220;0px|||||&#8220; animation_style=&#8220;slide&#8220; animation_direction=&#8220;top&#8220;][et_pb_column type=&#8220;4_4&#8243; _builder_version=&#8220;4.5.1&#8243; _module_preset=&#8220;default&#8220;][et_pb_blog fullwidth=&#8220;off&#8220; posts_number=&#8220;1000&#8243; include_categories=&#8220;8&#8243; masonry_tile_background_color=&#8220;#273037&#8243; _builder_version=&#8220;4.5.1&#8243; _module_preset=&#8220;default&#8220; header_font=&#8220;Montserrat|700|||||||&#8220; header_text_align=&#8220;center&#8220; header_text_color=&#8220;#ffffff&#8220; header_font_size=&#8220;24px&#8220; header_line_height=&#8220;1.5em&#8220; body_font=&#8220;Montserrat||||||||&#8220; body_text_align=&#8220;center&#8220; body_text_color=&#8220;#ffffff&#8220; body_font_size=&#8220;17px&#8220; body_line_height=&#8220;1.9em&#8220; meta_font=&#8220;Montserrat|700|||||||&#8220; meta_text_align=&#8220;center&#8220; meta_text_color=&#8220;#949292&#8243; read_more_font=&#8220;Montserrat||||||||&#8220; read_more_text_color=&#8220;#ffffff&#8220; pagination_font=&#8220;Montserrat||||||||&#8220; transform_scale=&#8220;97%|97%&#8220; text_orientation=&#8220;center&#8220; custom_padding=&#8220;||3px|||&#8220; border_radii=&#8220;on|7px|7px|7px|7px&#8220; border_width_all=&#8220;0px&#8220; box_shadow_style=&#8220;preset1&#8243;][\/et_pb_blog][\/et_pb_column][\/et_pb_row][et_pb_row _builder_version=&#8220;4.5.1&#8243; _module_preset=&#8220;default&#8220;][et_pb_column type=&#8220;4_4&#8243; _builder_version=&#8220;4.5.1&#8243; _module_preset=&#8220;default&#8220;][et_pb_divider color=&#8220;#ffffff&#8220; _builder_version=&#8220;4.5.1&#8243; _module_preset=&#8220;default&#8220; min_height=&#8220;140px&#8220;][\/et_pb_divider][et_pb_text _builder_version=&#8220;4.5.1&#8243; _module_preset=&#8220;default&#8220; text_text_color=&#8220;#ffffff&#8220; header_text_color=&#8220;#ffffff&#8220; header_2_text_color=&#8220;#ffffff&#8220;]<\/p>\n<h1>A van trip through Portugal<\/h1>\n<p>&nbsp;<\/p>\n<p>Our trip through Portugal was one of the most beautiful we have ever experienced! Here is an overview of our most important stops. With our VW Hector, we not only visited exciting places, but also many new upgrades! The weather in Portugal gave us beautiful sunsets and sometimes scary days to snuggle up in. But that never stopped us from enjoying the day to the full. Isn't that always the case? Before you go somewhere, you check the weather forecast, which turns out to be good. And as soon as you set off, there's a good chance that things will turn out differently.<\/p>\n<h2><\/h2>\n<h2><strong>Sun, rain, Porto<\/strong><\/h2>\n<p>&nbsp;<\/p>\n<p>Perhaps it was only to be expected at this time of year. You were able to follow our reports from Portugal for a whole three months. Even though some people say that the best time for a Portugal vacation is in summer, I have to say that October did not disappoint us. Even though the rain was a constant companion over the next few weeks, we continued on to the Istas' Garden family campsite. There we enjoyed the day in peace and quiet, taking time for a bike ride to the \"Chapel of Senhor da Pedra\", a chapel built right on the beach.<\/p>\n<p>\"Be happy about the rain. If you don't, it will keep raining anyway.\" It all depends on your own attitude.<\/p>\n<p>The city of Porto, where we are now, has to impress even without sunshine. Apart from the Ponte Maria Pia railroad bridge, the old town along the river makes this place a real sight. Our next destination is Nazar\u00e9, a place where we want to find the sun. But what awaits us there?<\/p>\n<h2><strong>\u00a0<\/strong><\/h2>\n<h2><strong>About the sea and surfing in Nazar\u00e9<\/strong><\/h2>\n<h2><strong>\u00a0<\/strong><\/h2>\n<p>Have you heard of the monstrous 30-metre waves on the coast of Nazar\u00e9? Winter is the season of giant waves, when many athletes and onlookers make a pilgrimage to the small town to see the spectacle with their own eyes. We also went to the Praia do Norte beach in Nazar\u00e9. Not to surf for the time being, but to admire the impressive waves in the sunshine. The lighthouse at the fort of S\u00e3o Miguel Arcanjo and the Vale Para\u00edso Nature Park are two other stops we had to make. We use the short time we have in the sun during the day to find a new place to sleep. Dinner should also fall in the area where we have enough light to wash our dishes.<\/p>\n<p>65 km north of Lisbon, past Peniche, we arrive at the Praia da Areia Branca, or white sandy beach. At this and the following beaches where we stop, other surfers are out and about during the day to ride the unique waves. There are also a few Germans among them. Over the next few days, we decided to give surfing a chance. Where there's a will, there's a wave! So we get into our wetsuits and give it a go. Of course, we learned on calmer water and not on monster waves like the pros from Nazar\u00e9. Nevertheless, it was more strenuous than it looks, which is always the case. The time on the beach was exhausting, but above all super - super awesome.<\/p>\n<p>At the end of the world, also known as Cabo de Rocas, we explore the coast. Of course, there are no raging abysses here, but impressively beautiful cliffs on which the waves of the Atlantic dance. Once again we meet friendly fellow travelers. In general, we can say that there is a very positive exchange \"on the road\". People who feel more comfortable on the road than at home. You always get tips and tricks along the way. The \"Park4Night\" app is particularly popular, and we come across it again and again in such conversations. And it has really proved its worth for finding parking spaces.<\/p>\n<p>&nbsp;<\/p>\n<h2><strong>Misty ravens in the Sintra Mountains<\/strong><\/h2>\n<p>&nbsp;<\/p>\n<p>Before we get to Sintra, we take the opportunity to drive towards the Pal\u00e1cio Nacional da Pena. We pass the Quinta da Regaleira and make a short stop at the Pal\u00e1cio de Seteais. The Sintra Mountains are well known for their many myths and legends about supernatural activity. Not only mountaineers and climbers can be found here, but also culture lovers who want to admire the Portuguese castles. Castelo dos Mouros, Pal\u00e1cio da Pena or Pal\u00e1cio Nacional de Sintra are very popular. In keeping with the eerie atmosphere, we are surrounded by foggy days as we stand with Hector in the clearing at Santu\u00e1rio da Peninha in the Sintra Mountains.<\/p>\n<p>&nbsp;<\/p>\n<h2><strong>Lisbon forecast in October? <\/strong><\/h2>\n<p>&nbsp;<\/p>\n<p>Lisboa (Lisbon in the local language) offers a lot of sights. One of the most famous is the Ponte 25 de Abril, the 3.2 kilometer long suspension bridge that crosses the Tagus. The world's third longest suspension bridge with road and rail traffic is very reminiscent of the bridge in San Francisco. Not surprisingly, the Golden Gate Bridge not only served as a model, it was also designed by the same architect. If you want to discover the city of Lisbon on your own, you should plan your excursions well. For example, the streetcar or metro is a good way to get from place to place. We also use Uber for this purpose.<\/p>\n<p>The October weather in Lisbon does not disappoint us. The sun often comes out so that we can take great photos. Even though there has been a lot of rain recently, the temperatures and climate are great on this day. That's why we head to the promenade along the Tagus. From here, too, you can see the large Cristo Rei statue on the south bank of the Tagus with its arms outstretched over Lisbon. What else we encounter in the city is street art and graffiti. These are actually very common in Portugal, but more on that in a moment.<\/p>\n<p>&nbsp;<\/p>\n<h2><strong>Lagos street art and market<\/strong><\/h2>\n<p>&nbsp;<\/p>\n<p>In November, we are in Lagos, a city in the Algarve. Lagos was once considered a stronghold for brave seafarers. Numerous ships set sail from Lagos under \"Henry the Navigator\" to explore the African coast. Captain Gil Eanes dared to sail beyond Cape Bojador (Western Sahara) in 1433. His 14 predecessors had abandoned the voyage out of fear of the supposed end of the world. In the old town of Lagos, we again encounter the promised street art. We were completely amazed. You could almost think Banksy was here and had made a street art guide. At least the combination of a soldier and the armed Little Red Riding Hood reminded us a lot of him. We were particularly impressed by a mural that combines traditional Portuguese tiles with a portrait. - Surely a street art tour would have been worthwhile here, because we can't imagine that we discovered everything important by chance.<\/p>\n<p>[\/et_pb_text][\/et_pb_column][\/et_pb_row][\/et_pb_section]<\/p>","protected":false},"excerpt":{"rendered":"<p>[et_pb_section fb_built=&#8220;1&#8243; fullwidth=&#8220;on&#8220; admin_label=&#8220;Header&#8220; _builder_version=&#8220;4.5.1&#8243; background_color=&#8220;#273037&#8243; background_image=&#8220;https:\/\/planbwagen.de\/wp-content\/uploads\/2020\/08\/Portugal-1.jpg&#8220; custom_padding=&#8220;0px|0|0px|0px|false|false&#8220; locked=&#8220;off&#8220;][et_pb_fullwidth_header title=&#8220;Portugal&#8220; text_orientation=&#8220;right&#8220; header_fullscreen=&#8220;on&#8220; background_overlay_color=&#8220;rgba(0,0,0,0)&#8220; logo_image_url=&#8220;https:\/\/planbwagen.de\/wp-content\/uploads\/2020\/08\/Portugal-Ponte-Luis-I-Camouflagwerftgzhuje.png&#8220; _builder_version=&#8220;4.5.1&#8243; title_font=&#8220;DCC Ash|700|||||||&#8220; title_text_align=&#8220;center&#8220; title_font_size=&#8220;80px&#8220; title_line_height=&#8220;1.1em&#8220; content_font=&#8220;Montserrat||||||||&#8220; content_line_height=&#8220;2em&#8220; subhead_font=&#8220;Ash||||||||&#8220; subhead_text_align=&#8220;center&#8220; subhead_font_size=&#8220;40px&#8220; subhead_line_height=&#8220;2em&#8220; background_color=&#8220;rgba(255,255,255,0)&#8220; background_enable_image=&#8220;off&#8220; parallax=&#8220;on&#8220; parallax_method=&#8220;on&#8220; custom_button_one=&#8220;on&#8220; button_one_text_size=&#8220;17px&#8220; button_one_text_color=&#8220;#ffffff&#8220; button_one_bg_color=&#8220;#ff6b5a&#8220; button_one_border_width=&#8220;7px&#8220; button_one_border_color=&#8220;#ff6b5a&#8220; button_one_border_radius=&#8220;100px&#8220; button_one_font=&#8220;Noto Sans|700||on|||||&#8220; button_one_use_icon=&#8220;off&#8220; module_alignment=&#8220;center&#8220; custom_margin=&#8220;||||false|false&#8220; custom_padding=&#8220;0px||0px||true|&#8220; custom_padding_tablet=&#8220;100px|||&#8220; custom_padding_phone=&#8220;||20%||false|false&#8220; custom_padding_last_edited=&#8220;on|phone&#8220; animation_style=&#8220;slide&#8220; animation_direction=&#8220;top&#8220; title_font_size_tablet=&#8220;40px&#8220; title_font_size_phone=&#8220;&#8220; title_font_size_last_edited=&#8220;on|tablet&#8220; subhead_font_size_tablet=&#8220;&#8220; subhead_font_size_phone=&#8220;20px&#8220; subhead_font_size_last_edited=&#8220;on|desktop&#8220; subhead_line_height_tablet=&#8220;&#8220; [&hellip;]<\/p>","protected":false},"author":1,"featured_media":0,"parent":0,"menu_order":0,"comment_status":"closed","ping_status":"closed","template":"","meta":{"_et_pb_use_builder":"on","_et_pb_old_content":"","_et_gb_content_width":"","footnotes":""},"class_list":["post-2362","page","type-page","status-publish","hentry"],"_links":{"self":[{"href":"https:\/\/www.planbwagen.de\/en\/wp-json\/wp\/v2\/pages\/2362","targetHints":{"allow":["GET"]}}],"collection":[{"href":"https:\/\/www.planbwagen.de\/en\/wp-json\/wp\/v2\/pages"}],"about":[{"href":"https:\/\/www.planbwagen.de\/en\/wp-json\/wp\/v2\/types\/page"}],"author":[{"embeddable":true,"href":"https:\/\/www.planbwagen.de\/en\/wp-json\/wp\/v2\/users\/1"}],"replies":[{"embeddable":true,"href":"https:\/\/www.planbwagen.de\/en\/wp-json\/wp\/v2\/comments?post=2362"}],"version-history":[{"count":42,"href":"https:\/\/www.planbwagen.de\/en\/wp-json\/wp\/v2\/pages\/2362\/revisions"}],"predecessor-version":[{"id":13708,"href":"https:\/\/www.planbwagen.de\/en\/wp-json\/wp\/v2\/pages\/2362\/revisions\/13708"}],"wp:attachment":[{"href":"https:\/\/www.planbwagen.de\/en\/wp-json\/wp\/v2\/media?parent=2362"}],"curies":[{"name":"wp","href":"https:\/\/api.w.org\/{rel}","templated":true}]}}