{"id":2349,"date":"2020-07-30T10:36:25","date_gmt":"2020-07-30T10:36:25","guid":{"rendered":"https:\/\/planbwagen.de\/?page_id=2349"},"modified":"2021-07-10T13:41:35","modified_gmt":"2021-07-10T11:41:35","slug":"kroatien-croatia","status":"publish","type":"page","link":"https:\/\/www.planbwagen.de\/en\/croatia-croatia\/","title":{"rendered":"Croatia"},"content":{"rendered":"<p>[et_pb_section fb_built=&#8220;1&#8243; fullwidth=&#8220;on&#8220; admin_label=&#8220;Header&#8220; _builder_version=&#8220;4.5.1&#8243; background_enable_color=&#8220;off&#8220; background_image=&#8220;https:\/\/planbwagen.de\/wp-content\/uploads\/2020\/08\/Kroatien-1.jpg&#8220; custom_padding=&#8220;0px|0|0px|0px|false|false&#8220; locked=&#8220;off&#8220;][et_pb_fullwidth_header title=&#8220;Kroatien&#8220; text_orientation=&#8220;right&#8220; header_fullscreen=&#8220;on&#8220; background_overlay_color=&#8220;rgba(0,0,0,0)&#8220; logo_image_url=&#8220;https:\/\/planbwagen.de\/wp-content\/uploads\/2020\/08\/ertzu.png&#8220; _builder_version=&#8220;4.5.1&#8243; title_font=&#8220;DCC Ash|700|||||||&#8220; title_text_align=&#8220;center&#8220; title_font_size=&#8220;80px&#8220; title_line_height=&#8220;1.1em&#8220; content_font=&#8220;Montserrat||||||||&#8220; content_line_height=&#8220;2em&#8220; subhead_font=&#8220;Ash||||||||&#8220; subhead_text_align=&#8220;center&#8220; subhead_font_size=&#8220;40px&#8220; subhead_line_height=&#8220;2em&#8220; background_enable_color=&#8220;off&#8220; background_enable_image=&#8220;off&#8220; parallax=&#8220;on&#8220; parallax_method=&#8220;on&#8220; custom_button_one=&#8220;on&#8220; button_one_text_size=&#8220;17px&#8220; button_one_text_color=&#8220;#ffffff&#8220; button_one_bg_color=&#8220;#ff6b5a&#8220; button_one_border_width=&#8220;7px&#8220; button_one_border_color=&#8220;#ff6b5a&#8220; button_one_border_radius=&#8220;100px&#8220; button_one_font=&#8220;Noto Sans|700||on|||||&#8220; button_one_use_icon=&#8220;off&#8220; module_alignment=&#8220;center&#8220; custom_margin=&#8220;|||&#8220; custom_padding=&#8220;0px||0px||true|&#8220; custom_padding_tablet=&#8220;100px|||&#8220; custom_padding_phone=&#8220;||20%||false|false&#8220; custom_padding_last_edited=&#8220;on|phone&#8220; animation_style=&#8220;slide&#8220; animation_direction=&#8220;top&#8220; title_font_size_tablet=&#8220;40px&#8220; title_font_size_phone=&#8220;&#8220; title_font_size_last_edited=&#8220;on|tablet&#8220; subhead_font_size_tablet=&#8220;&#8220; subhead_font_size_phone=&#8220;20px&#8220; subhead_font_size_last_edited=&#8220;on|desktop&#8220; subhead_line_height_tablet=&#8220;&#8220; subhead_line_height_phone=&#8220;1.5em&#8220; subhead_line_height_last_edited=&#8220;on|phone&#8220; title_text_shadow_style=&#8220;preset2&#8243; subhead_text_shadow_style=&#8220;preset2&#8243; button_one_text_color_hover=&#8220;#ffffff&#8220; button_one_border_color_hover=&#8220;#ff9e59&#8243; button_one_border_radius_hover=&#8220;100px&#8220; button_one_bg_color_hover=&#8220;#ff9e59&#8243; button_one_text_size__hover_enabled=&#8220;off&#8220; button_two_text_size__hover_enabled=&#8220;off&#8220; button_one_text_color__hover_enabled=&#8220;on&#8220; button_one_text_color__hover=&#8220;#ffffff&#8220; button_two_text_color__hover_enabled=&#8220;off&#8220; button_one_border_width__hover_enabled=&#8220;off&#8220; button_two_border_width__hover_enabled=&#8220;off&#8220; button_one_border_color__hover_enabled=&#8220;on&#8220; button_one_border_color__hover=&#8220;#ff9e59&#8243; button_two_border_color__hover_enabled=&#8220;off&#8220; button_one_border_radius__hover_enabled=&#8220;on&#8220; button_one_border_radius__hover=&#8220;100px&#8220; button_two_border_radius__hover_enabled=&#8220;off&#8220; button_one_letter_spacing__hover_enabled=&#8220;off&#8220; button_two_letter_spacing__hover_enabled=&#8220;off&#8220; button_one_bg_color__hover_enabled=&#8220;on&#8220; button_one_bg_color__hover=&#8220;#ff9e59&#8243; button_two_bg_color__hover_enabled=&#8220;off&#8220;][\/et_pb_fullwidth_header][\/et_pb_section][et_pb_section fb_built=&#8220;1&#8243; admin_label=&#8220;Tour CTA &#038; Information Section&#8220; _builder_version=&#8220;4.5.1&#8243; background_color=&#8220;#949292&#8243; custom_padding=&#8220;100px|0px|54px|0px|false|false&#8220;][et_pb_row _builder_version=&#8220;4.5.1&#8243; _module_preset=&#8220;default&#8220; animation_style=&#8220;slide&#8220; animation_direction=&#8220;top&#8220;][et_pb_column type=&#8220;4_4&#8243; _builder_version=&#8220;4.5.1&#8243; _module_preset=&#8220;default&#8220;][et_pb_blog fullwidth=&#8220;off&#8220; posts_number=&#8220;1000&#8243; include_categories=&#8220;11&#8243; masonry_tile_background_color=&#8220;#273037&#8243; _builder_version=&#8220;4.5.1&#8243; _module_preset=&#8220;default&#8220; header_font=&#8220;Montserrat|700|||||||&#8220; header_text_align=&#8220;center&#8220; header_text_color=&#8220;#ffffff&#8220; header_font_size=&#8220;24px&#8220; header_line_height=&#8220;1.5em&#8220; body_font=&#8220;Montserrat||||||||&#8220; body_text_align=&#8220;center&#8220; body_text_color=&#8220;#ffffff&#8220; body_font_size=&#8220;17px&#8220; body_line_height=&#8220;1.9em&#8220; meta_font=&#8220;Montserrat|700|||||||&#8220; meta_text_align=&#8220;center&#8220; meta_text_color=&#8220;#949292&#8243; read_more_font=&#8220;Montserrat||||||||&#8220; pagination_font=&#8220;Montserrat||||||||&#8220; transform_scale=&#8220;97%|97%&#8220; text_orientation=&#8220;center&#8220; border_radii=&#8220;on|7px|7px|7px|7px&#8220; border_width_all=&#8220;0px&#8220; box_shadow_style=&#8220;preset1&#8243;][\/et_pb_blog][\/et_pb_column][\/et_pb_row][et_pb_row _builder_version=&#8220;4.5.1&#8243; _module_preset=&#8220;default&#8220;][et_pb_column type=&#8220;4_4&#8243; _builder_version=&#8220;4.5.1&#8243; _module_preset=&#8220;default&#8220;][et_pb_divider color=&#8220;#ffffff&#8220; _builder_version=&#8220;4.5.1&#8243; _module_preset=&#8220;default&#8220; min_height=&#8220;140px&#8220;][\/et_pb_divider][et_pb_text _builder_version=&#8220;4.5.1&#8243; _module_preset=&#8220;default&#8220; text_text_color=&#8220;#ffffff&#8220; header_text_color=&#8220;#ffffff&#8220; header_2_text_color=&#8220;#ffffff&#8220;]<\/p>\n<h1>Croatia - The start of a long journey<\/h1>\n<p>&nbsp;<\/p>\n<p>Anyone can go on vacation in Croatia. But Torgit and I wanted more. Above all, more sea. The coast is as anchored in our hearts as the Cologne Cathedral - and that's exactly why we were so attracted to Croatia. Encouraged by a recommendation of a colleague, we wanted to make our own picture of the regions and beaches of Croatia and decided to start our trip here. But of course not like normal tourists - with our VW California \"Hector\" we started our journey from Cologne. Of course we spent the night in our van - and since we enjoy traveling and camping so much, we would like to share this with you of course. We report about our experiences on campsites, experiences with the service and what you do when you can't find a place. By the way - \"Hector\" is now sorely missed, because he is the predecessor of Space Camper \"Butch\" - a SpaceCamper VW T6.1, which accompanies us since June 2020 and was converted by the company Terranger. Since we also drive many routes offroad and our journey often leads over various steep climbs and descents, inclined positions, rutted paths and especially through immense amounts of dirt, an upgrade in this regard was also needed. After all, we want our Butch to stay with us for a long time!<\/p>\n<p>You can also find more details about the two vans in the Vanlife category. We have also listed there exact information about which conversions we have made.<\/p>\n<p>&nbsp;<\/p>\n<h2>The artistic city of Zadar<\/h2>\n<p>Our further journey takes us to Zadar and its beautiful old town. One of the sights of Zadar that impressed us here is the sea organ by architect Nikola Ba\u0161i\u0107. In addition, we could also admire an exhibition of Salvador Dal\u00ed. And even if we didn't visit Dubrovnik, the picturesque sunset in Zadar made up for it.<\/p>\n<p>&nbsp;<\/p>\n<h2>Bypass tourism at Krka waterfalls<\/h2>\n<p>The Croatian island of Krk is not only known for the small airport in the national park, but also for the gorgeous Krka waterfalls. We decide to explore the waterfalls on our own and thus avoid the tourists. Those who know the old Winnetou movies will know why we feel a corresponding enthusiasm for the Krka waterfalls. By the way, \"The Treasure in Silver Lake\" was filmed at the Plitvice Lakes. Scenes for the Winnetou movies \"Old Shatterhand\", \"Among Vultures\", \"The Oil Prince\" and \"Winnetou and Shatterhand in the Valley of the Dead\" were shot at the Krka Waterfalls. If that is not reason enough to travel there once!<\/p>\n<p>&nbsp;<\/p>\n<h2>The islands of Pag and Rab<\/h2>\n<p>Our further journey leads us to the island of Pag, where we found a bit of peace from all the hustle and bustle. The charming island also greeted us with the most beautiful weather, so camping on Pag also really brought relaxation. Whereby, who knows us, knows that actually no weather can cloud us.<\/p>\n<p>The island of Rab is located north of Pag and is, despite the short distance, quite different. Densely populated, a lot of nature and a beautiful old town make Rab and we decide to rest there. We can really recommend it there. Due to the history of Rab, this town is also full of sights to admire.<\/p>\n<p>&nbsp;<\/p>\n<h2>Camping on Krk<\/h2>\n<p>At the end of our stay in Croatia we go to the island of Krk again. Here we explore the town of Vrbnik and also Krk itself once again. There we try local delicacies, but initially have problems finding a campsite on Krk - at least, late in the evening. But that does not take away our joy. One thing that you can always enjoy in Croatia, besides great walks in nice weather along the coast, are the breathtaking sunsets.<\/p>\n<p>&nbsp;<\/p>\n<p>But we also know that texts alone cannot describe the whole beauty of Croatia, so of course you will also find pictures of our experiences in our blog posts.<\/p>\n<p>[\/et_pb_text][\/et_pb_column][\/et_pb_row][\/et_pb_section]<\/p>","protected":false},"excerpt":{"rendered":"<p>[et_pb_section fb_built=&#8220;1&#8243; fullwidth=&#8220;on&#8220; admin_label=&#8220;Header&#8220; _builder_version=&#8220;4.5.1&#8243; background_enable_color=&#8220;off&#8220; background_image=&#8220;https:\/\/planbwagen.de\/wp-content\/uploads\/2020\/08\/Kroatien-1.jpg&#8220; custom_padding=&#8220;0px|0|0px|0px|false|false&#8220; locked=&#8220;off&#8220;][et_pb_fullwidth_header title=&#8220;Kroatien&#8220; text_orientation=&#8220;right&#8220; header_fullscreen=&#8220;on&#8220; background_overlay_color=&#8220;rgba(0,0,0,0)&#8220; logo_image_url=&#8220;https:\/\/planbwagen.de\/wp-content\/uploads\/2020\/08\/ertzu.png&#8220; _builder_version=&#8220;4.5.1&#8243; title_font=&#8220;DCC Ash|700|||||||&#8220; title_text_align=&#8220;center&#8220; title_font_size=&#8220;80px&#8220; title_line_height=&#8220;1.1em&#8220; content_font=&#8220;Montserrat||||||||&#8220; content_line_height=&#8220;2em&#8220; subhead_font=&#8220;Ash||||||||&#8220; subhead_text_align=&#8220;center&#8220; subhead_font_size=&#8220;40px&#8220; subhead_line_height=&#8220;2em&#8220; background_enable_color=&#8220;off&#8220; background_enable_image=&#8220;off&#8220; parallax=&#8220;on&#8220; parallax_method=&#8220;on&#8220; custom_button_one=&#8220;on&#8220; button_one_text_size=&#8220;17px&#8220; button_one_text_color=&#8220;#ffffff&#8220; button_one_bg_color=&#8220;#ff6b5a&#8220; button_one_border_width=&#8220;7px&#8220; button_one_border_color=&#8220;#ff6b5a&#8220; button_one_border_radius=&#8220;100px&#8220; button_one_font=&#8220;Noto Sans|700||on|||||&#8220; button_one_use_icon=&#8220;off&#8220; module_alignment=&#8220;center&#8220; custom_margin=&#8220;|||&#8220; custom_padding=&#8220;0px||0px||true|&#8220; custom_padding_tablet=&#8220;100px|||&#8220; custom_padding_phone=&#8220;||20%||false|false&#8220; custom_padding_last_edited=&#8220;on|phone&#8220; animation_style=&#8220;slide&#8220; animation_direction=&#8220;top&#8220; title_font_size_tablet=&#8220;40px&#8220; title_font_size_phone=&#8220;&#8220; title_font_size_last_edited=&#8220;on|tablet&#8220; subhead_font_size_tablet=&#8220;&#8220; subhead_font_size_phone=&#8220;20px&#8220; subhead_font_size_last_edited=&#8220;on|desktop&#8220; subhead_line_height_tablet=&#8220;&#8220; [&hellip;]<\/p>","protected":false},"author":1,"featured_media":0,"parent":0,"menu_order":0,"comment_status":"closed","ping_status":"closed","template":"","meta":{"_et_pb_use_builder":"on","_et_pb_old_content":"","_et_gb_content_width":"","footnotes":""},"class_list":["post-2349","page","type-page","status-publish","hentry"],"_links":{"self":[{"href":"https:\/\/www.planbwagen.de\/en\/wp-json\/wp\/v2\/pages\/2349","targetHints":{"allow":["GET"]}}],"collection":[{"href":"https:\/\/www.planbwagen.de\/en\/wp-json\/wp\/v2\/pages"}],"about":[{"href":"https:\/\/www.planbwagen.de\/en\/wp-json\/wp\/v2\/types\/page"}],"author":[{"embeddable":true,"href":"https:\/\/www.planbwagen.de\/en\/wp-json\/wp\/v2\/users\/1"}],"replies":[{"embeddable":true,"href":"https:\/\/www.planbwagen.de\/en\/wp-json\/wp\/v2\/comments?post=2349"}],"version-history":[{"count":24,"href":"https:\/\/www.planbwagen.de\/en\/wp-json\/wp\/v2\/pages\/2349\/revisions"}],"predecessor-version":[{"id":13710,"href":"https:\/\/www.planbwagen.de\/en\/wp-json\/wp\/v2\/pages\/2349\/revisions\/13710"}],"wp:attachment":[{"href":"https:\/\/www.planbwagen.de\/en\/wp-json\/wp\/v2\/media?parent=2349"}],"curies":[{"name":"wp","href":"https:\/\/api.w.org\/{rel}","templated":true}]}}