{"id":2324,"date":"2020-07-30T09:44:08","date_gmt":"2020-07-30T09:44:08","guid":{"rendered":"https:\/\/planbwagen.de\/?page_id=2324"},"modified":"2020-12-04T19:05:16","modified_gmt":"2020-12-04T19:05:16","slug":"tipps-tricks","status":"publish","type":"page","link":"https:\/\/www.planbwagen.de\/en\/tips-tricks\/","title":{"rendered":"Tips &amp; Tricks"},"content":{"rendered":"<p>[et_pb_section fb_built=&#8220;1&#8243; custom_padding_last_edited=&#8220;on|desktop&#8220; next_background_color=&#8220;#949292&#8243; admin_label=&#8220;Header&#8220; _builder_version=&#8220;4.5.1&#8243; background_color=&#8220;#4c4c50&#8243; background_image=&#8220;https:\/\/planbwagen.de\/wp-content\/uploads\/2020\/08\/sight-seeing-49.png&#8220; background_size=&#8220;contain&#8220; background_position=&#8220;bottom_center&#8220; custom_padding=&#8220;||225px|||&#8220; custom_padding_tablet=&#8220;0px||5vw&#8220; custom_padding_phone=&#8220;&#8220; bottom_divider_style=&#8220;asymmetric&#8220; box_shadow_vertical_tablet=&#8220;&#8220; box_shadow_vertical_phone=&#8220;&#8220; box_shadow_vertical_last_edited=&#8220;on|tablet&#8220; locked=&#8220;off&#8220;][et_pb_row column_structure=&#8220;1_2,1_2&#8243; _builder_version=&#8220;4.5.1&#8243; module_alignment=&#8220;center&#8220; animation_style=&#8220;slide&#8220; animation_direction=&#8220;top&#8220; locked=&#8220;off&#8220;][et_pb_column type=&#8220;1_2&#8243; _builder_version=&#8220;3.25&#8243; custom_padding=&#8220;|||&#8220; custom_padding__hover=&#8220;|||&#8220;][et_pb_text _builder_version=&#8220;4.5.1&#8243; text_font=&#8220;Lato||||||||&#8220; text_font_size=&#8220;22px&#8220; text_line_height=&#8220;1.8em&#8220; header_font=&#8220;DCC Ash|700|||||||&#8220; header_font_size=&#8220;80px&#8220; header_line_height=&#8220;1.2em&#8220; background_layout=&#8220;dark&#8220; text_font_size_tablet=&#8220;&#8220; text_font_size_phone=&#8220;18px&#8220; text_font_size_last_edited=&#8220;on|phone&#8220; header_font_size_tablet=&#8220;60px&#8220; header_font_size_phone=&#8220;60px&#8220; header_font_size_last_edited=&#8220;on|phone&#8220;]<\/p>\n<h1 style=\"text-align: left;\">Tips &amp; Tricks<\/h1>\n<p>[\/et_pb_text][et_pb_text _builder_version=&#8220;4.5.1&#8243; _module_preset=&#8220;default&#8220; text_font=&#8220;Montserrat||||||||&#8220; text_font_size=&#8220;30px&#8220; header_2_font=&#8220;Ash||||||||&#8220;]<\/p>\n<p style=\"text-align: left;\"><span style=\"color: #ffffff;\">&#8222;Zwischen Wahnsinn und Verstand,<\/span><\/p>\n<p style=\"text-align: left;\"><span style=\"color: #ffffff;\">ist oft nur eine d\u00fcnne Wand&#8220;<\/span><\/p>\n<p style=\"text-align: left;\"><span style=\"color: #ffffff;\"><span style=\"font-size: small;\">- Daniel Gyro Gearloose<\/span><\/span><\/p>\n<p style=\"text-align: left;\"><span style=\"color: #ffffff;\"><\/span><\/p>\n<p>[\/et_pb_text][et_pb_divider color=&#8220;#ffffff&#8220; divider_weight=&#8220;5px&#8220; _builder_version=&#8220;3.23.3&#8243; max_width=&#8220;100px&#8220; locked=&#8220;off&#8220;][\/et_pb_divider][\/et_pb_column][et_pb_column type=&#8220;1_2&#8243; _builder_version=&#8220;3.25&#8243; custom_padding=&#8220;|||&#8220; custom_padding__hover=&#8220;|||&#8220;][et_pb_image src=&#8220;https:\/\/planbwagen.de\/wp-content\/uploads\/2020\/08\/Tip-and-Tricks-Camouflage.png&#8220; title_text=&#8220;Tip and Tricks &#8211; Camouflage&#8220; _builder_version=&#8220;4.5.1&#8243; _module_preset=&#8220;default&#8220; width=&#8220;60%&#8220; module_alignment=&#8220;center&#8220; custom_padding=&#8220;|||30%|false|false&#8220;][\/et_pb_image][\/et_pb_column][\/et_pb_row][\/et_pb_section][et_pb_section fb_built=&#8220;1&#8243; custom_padding_last_edited=&#8220;off|desktop&#8220; admin_label=&#8220;Blog&#8220; _builder_version=&#8220;4.5.1&#8243; background_color=&#8220;#949292&#8243; min_height=&#8220;1560px&#8220; custom_padding=&#8220;100px||2px|||&#8220; custom_padding_phone=&#8220;0px||&#8220;][et_pb_row _builder_version=&#8220;4.5.1&#8243; background_color=&#8220;#949292&#8243; animation_style=&#8220;slide&#8220; animation_direction=&#8220;top&#8220;][et_pb_column type=&#8220;4_4&#8243; _builder_version=&#8220;3.25&#8243; custom_padding=&#8220;|||&#8220; custom_padding__hover=&#8220;|||&#8220;][et_pb_blog fullwidth=&#8220;off&#8220; posts_number=&#8220;10000&#8243; include_categories=&#8220;16&#8243; show_author=&#8220;off&#8220; show_date=&#8220;off&#8220; masonry_tile_background_color=&#8220;#273037&#8243; _builder_version=&#8220;4.5.1&#8243; header_font=&#8220;Montserrat|700|||||||&#8220; header_text_color=&#8220;#ffffff&#8220; header_font_size=&#8220;16px&#8220; header_line_height=&#8220;1.6em&#8220; body_text_color=&#8220;#ffffff&#8220; meta_font=&#8220;Lato|700||on|||||&#8220; meta_text_color=&#8220;#949292&#8243; meta_font_size=&#8220;12px&#8220; meta_letter_spacing=&#8220;1px&#8220; meta_line_height=&#8220;1.8em&#8220; pagination_font=&#8220;PT Serif|700|||||||&#8220; pagination_text_color=&#8220;#ff3314&#8243; pagination_font_size=&#8220;16px&#8220; background_color=&#8220;#949292&#8243; border_width_all=&#8220;0px&#8220; box_shadow_style=&#8220;preset1&#8243;][\/et_pb_blog][\/et_pb_column][\/et_pb_row][et_pb_row _builder_version=&#8220;4.5.1&#8243; _module_preset=&#8220;default&#8220;][et_pb_column type=&#8220;4_4&#8243; _builder_version=&#8220;4.5.1&#8243; _module_preset=&#8220;default&#8220;][et_pb_divider color=&#8220;#ffffff&#8220; _builder_version=&#8220;4.5.1&#8243; _module_preset=&#8220;default&#8220; min_height=&#8220;140px&#8220;][\/et_pb_divider][et_pb_text _builder_version=&#8220;4.5.1&#8243; _module_preset=&#8220;default&#8220; text_text_color=&#8220;#ffffff&#8220; header_text_color=&#8220;#ffffff&#8220; header_2_text_color=&#8220;#ffffff&#8220; header_3_text_color=&#8220;#ffffff&#8220;]<\/p>\n<h1><strong>Tips &amp; tricks for camping<\/strong><\/h1>\n<p><strong><\/strong><\/p>\n<h2>Vacation fun for families, couples and singles<\/h2>\n<p>Camping bietet f\u00fcr jeden etwas. F\u00fcr uns bedeutet es Leben. Besonders mit unserem BUTCH haben wir erneut festgestellt, dass das Motto von SpaceCamper &#8222;wir leben das&#8220; perfekt auf uns passt. Denn das tun wir mit unserem VanLife wahrhaftig. Inzwischen haben wir etliche Erfahrungen gesammelt, die f\u00fcr Anf\u00e4nger mit Wohnmobil, sowie Camper Profis interessant sein k\u00f6nnen. Hier findet ihr einige Tipps und Tricks f\u00fcr euren Urlaub im Camper.<\/p>\n<p>There are a few helpful tricks when choosing a campsite. If you are on the road to the campsite for a very long time, you will feel the urge to stop at a rest area. But there are much more pleasant and, above all, safer alternatives than squeezing between trucks. In residential areas, there are usually lots of campers and family caravans. You are guaranteed not to stand out between them. Another trick is to stop near a cemetery - if in doubt, there will be water and a quiet neighborhood. You can find electricity at e-bike charging stations. You can find more tips &amp; tricks in the blog posts.<\/p>\n<p>&nbsp;<\/p>\n<h2>Which SpaceCamper furniture should be added to the equipment?<\/h2>\n<p>Optimizing your camping experience starts with choosing the right camper and the right accessories. Our SpaceCamper, for example, is characterized by a particularly high pop-up roof. Its many different versions can be seen in the SpaceCamper store. From grey to orange, blue, white and black, the camper is available in every color. There are also numerous accessories in the store to make your camping trip even more pleasant and uncomplicated. Of course, a camping stove and barbecue are a must. But even if some pocket knives already come with camping cutlery, an additional set is necessary, especially for families. A crockery bag is the right choice for stowing it away to save the limited space on the camping shelves. Yes, even in the SpaceCamper there is not infinite space. However, with camping shelves from the SpaceCamper store, this space can be extended. If you like it particularly dark when you sleep, you can get the SpaceCamper blackout blinds for the front and side windows. These darkeners also help to regulate the heat in the camper.<\/p>\n<p>&nbsp;<\/p>\n<h2>What should you pack for camping?<\/h2>\n<p>When packing for camping, there are two essential keywords that you should follow - minimalist and pragmatic. After all, enjoying personal freedom involves getting rid of useless things. However, things that are useful for camping should definitely be on your checklist. Of course, a flashlight, umbrella and penknife are part of the basic equipment. Clothes and food and the like are of course on your packing list. So that you can sit outside when it gets warm, it makes sense to take a kitchen box and camping furniture with you. You can use a garden water sprayer as a rinsing aid. Especially in summer, there's nothing better than sitting in front of your camper under an awning or in an awning, having a barbecue and playing games. There is some very handy camping furniture for this. However, you often get the receipt the next morning - it itches and scratches. That's why one thing is essential for camping: a mosquito net. The little insects are a nuisance and won't stop at motorhomes if they are not properly secured. Of course, it is important to always close the doors of the camper in summer after you have passed through them. However, this tactic is usually not entirely successful in the fight against mosquitoes. In addition to a mosquito net around the beds and countless deterrent candles for outside, there are other tricks. For example, it is helpful to put another mosquito net around the entrance to the camper. If you are sitting outside with friends in the evening and have an umbrella with you, you can stretch a net around it and build a kind of tent to keep the mosquitoes out. If the net is big enough, it can also be placed over the umbrella. For the best protection, however, you should get a front or rear tent. It is also advisable to buy an anti-mosquito spray for your body.<\/p>\n<p>&nbsp;<\/p>\n<h2>The switch to camping<\/h2>\n<p>If you have already gained experience in a camper or caravan, you might even have the confidence to book a campsite for camping. There is hardly a more adventurous and cheaper form of vacation than camping in a tent. Nevertheless, it is important to plan your vacation in advance, as wild camping is a criminal offense. One of the exciting things about camping is that it requires a very simple and pragmatic way of life. You have to do without all kinds of luxuries. In order to be able to sleep as comfortably as possible under these conditions, there are thick insulating and air mattresses as well as thick sleeping bags for outdoors. By the way: Did you know that it makes more sense to use additional blankets or put clothes on top of your sleeping bag to keep warm than to put on warmer clothes to sleep in?<\/p>\n<p>If you don't want to go camping in a completely traditional way, you are more dependent on portable power sources when camping than ever before. For this purpose, SpaceCamper offers car charging cables and power sockets. If you want to be on the safe side, you also have the choice between various camping lamps and power banks with a particularly high capacity.<\/p>\n<p>[\/et_pb_text][\/et_pb_column][\/et_pb_row][\/et_pb_section]<\/p>","protected":false},"excerpt":{"rendered":"<p>[et_pb_section fb_built=&#8220;1&#8243; custom_padding_last_edited=&#8220;on|desktop&#8220; next_background_color=&#8220;#949292&#8243; admin_label=&#8220;Header&#8220; _builder_version=&#8220;4.5.1&#8243; background_color=&#8220;#4c4c50&#8243; background_image=&#8220;https:\/\/planbwagen.de\/wp-content\/uploads\/2020\/08\/sight-seeing-49.png&#8220; background_size=&#8220;contain&#8220; background_position=&#8220;bottom_center&#8220; custom_padding=&#8220;||225px|||&#8220; custom_padding_tablet=&#8220;0px||5vw&#8220; custom_padding_phone=&#8220;&#8220; bottom_divider_style=&#8220;asymmetric&#8220; box_shadow_vertical_tablet=&#8220;&#8220; box_shadow_vertical_phone=&#8220;&#8220; box_shadow_vertical_last_edited=&#8220;on|tablet&#8220; locked=&#8220;off&#8220;][et_pb_row column_structure=&#8220;1_2,1_2&#8243; _builder_version=&#8220;4.5.1&#8243; module_alignment=&#8220;center&#8220; animation_style=&#8220;slide&#8220; animation_direction=&#8220;top&#8220; locked=&#8220;off&#8220;][et_pb_column type=&#8220;1_2&#8243; _builder_version=&#8220;3.25&#8243; custom_padding=&#8220;|||&#8220; custom_padding__hover=&#8220;|||&#8220;][et_pb_text _builder_version=&#8220;4.5.1&#8243; text_font=&#8220;Lato||||||||&#8220; text_font_size=&#8220;22px&#8220; text_line_height=&#8220;1.8em&#8220; header_font=&#8220;DCC Ash|700|||||||&#8220; header_font_size=&#8220;80px&#8220; header_line_height=&#8220;1.2em&#8220; background_layout=&#8220;dark&#8220; text_font_size_tablet=&#8220;&#8220; text_font_size_phone=&#8220;18px&#8220; text_font_size_last_edited=&#8220;on|phone&#8220; header_font_size_tablet=&#8220;60px&#8220; header_font_size_phone=&#8220;60px&#8220; header_font_size_last_edited=&#8220;on|phone&#8220;] Tipps &amp; Tricks [\/et_pb_text][et_pb_text _builder_version=&#8220;4.5.1&#8243; _module_preset=&#8220;default&#8220; text_font=&#8220;Montserrat||||||||&#8220; text_font_size=&#8220;30px&#8220; header_2_font=&#8220;Ash||||||||&#8220;] &#8222;Zwischen Wahnsinn und [&hellip;]<\/p>","protected":false},"author":1,"featured_media":0,"parent":0,"menu_order":0,"comment_status":"closed","ping_status":"closed","template":"","meta":{"_et_pb_use_builder":"on","_et_pb_old_content":"","_et_gb_content_width":"","footnotes":""},"class_list":["post-2324","page","type-page","status-publish","hentry"],"_links":{"self":[{"href":"https:\/\/www.planbwagen.de\/en\/wp-json\/wp\/v2\/pages\/2324","targetHints":{"allow":["GET"]}}],"collection":[{"href":"https:\/\/www.planbwagen.de\/en\/wp-json\/wp\/v2\/pages"}],"about":[{"href":"https:\/\/www.planbwagen.de\/en\/wp-json\/wp\/v2\/types\/page"}],"author":[{"embeddable":true,"href":"https:\/\/www.planbwagen.de\/en\/wp-json\/wp\/v2\/users\/1"}],"replies":[{"embeddable":true,"href":"https:\/\/www.planbwagen.de\/en\/wp-json\/wp\/v2\/comments?post=2324"}],"version-history":[{"count":38,"href":"https:\/\/www.planbwagen.de\/en\/wp-json\/wp\/v2\/pages\/2324\/revisions"}],"predecessor-version":[{"id":10001,"href":"https:\/\/www.planbwagen.de\/en\/wp-json\/wp\/v2\/pages\/2324\/revisions\/10001"}],"wp:attachment":[{"href":"https:\/\/www.planbwagen.de\/en\/wp-json\/wp\/v2\/media?parent=2324"}],"curies":[{"name":"wp","href":"https:\/\/api.w.org\/{rel}","templated":true}]}}